{"id":979,"date":"2018-01-31T15:50:49","date_gmt":"2018-01-31T15:50:49","guid":{"rendered":"https:\/\/www.dimins.com\/no\/?page_id=979"},"modified":"2018-04-18T14:06:12","modified_gmt":"2018-04-18T14:06:12","slug":"i-soluciones","status":"publish","type":"page","link":"https:\/\/www.dimins.com\/no\/bedrift\/internasjonal\/i-soluciones\/","title":{"rendered":"I Soluciones"},"content":{"rendered":"<p>[et_pb_section bb_built=&raquo;1&#8243;][et_pb_row][et_pb_column type=&raquo;4_4&#8243;][et_pb_text admin_label=&raquo;Name of Country and Company&raquo; background_layout=&raquo;light&raquo; text_orientation=&raquo;left&raquo; background_position=&raquo;top_left&raquo; background_repeat=&raquo;repeat&raquo; background_size=&raquo;initial&raquo;]<\/p>\n<p>&nbsp;<\/p>\n<h1>MEXICO<\/h1>\n<h2>I-Solutions<\/h2>\n<p>&nbsp;<\/p>\n<p>[\/et_pb_text][\/et_pb_column][\/et_pb_row][et_pb_row][et_pb_column type=&raquo;1_2&#8243;][et_pb_text admin_label=&raquo;Company Profile and Website&raquo; background_layout=&raquo;light&raquo; text_orientation=&raquo;left&raquo; background_position=&raquo;top_left&raquo; background_repeat=&raquo;repeat&raquo; background_size=&raquo;initial&raquo;]<\/p>\n<p>Company Profile<\/p>\n<p>I-Solutions es una empresa 100 % Mexicana que inici\u00f3 sus operaciones producto de la aportaci\u00f3n de varias empresas con mas de 12 a\u00f1os de experiencia cada una, que decidieron complementar sus fortalezas en las \u00e1reas de ventas al detalle, modelado y construcci\u00f3n de aplicaciones cr\u00edticas de negocios e Internet, para formar una organizaci\u00f3n cuyo giro principal se centra en la automatizaci\u00f3n de negocios en l\u00ednea.<\/p>\n<p>[\/et_pb_text][\/et_pb_column][et_pb_column type=&raquo;1_2&#8243;][et_pb_text admin_label=&raquo;Address and Contact Information&raquo; background_layout=&raquo;light&raquo; text_orientation=&raquo;left&raquo; background_position=&raquo;top_left&raquo; background_repeat=&raquo;repeat&raquo; background_size=&raquo;initial&raquo;]<\/p>\n<p>Mexico<\/p>\n<p>I-Solutions, S.A. de C.V.<br \/>\nGregorio Lopez y F 332<br \/>\nCol. Villa de Cortes<br \/>\nMexico, D.F. 03530<\/p>\n<p>Contact:<br \/>\nVictor Ramirez, G.M.<br \/>\nEmail: vramirez@i-solution.com.mx<br \/>\nTelephone: + (52)55-85-90-86-99<\/p>\n<p>[\/et_pb_text][\/et_pb_column][\/et_pb_row][\/et_pb_section]<\/p>\n","protected":false},"excerpt":{"rendered":"<p><div class=\"et_pb_row et_pb_row_0 et_pb_row_empty\">\n\t\t\t\t\n\t\t\t\t\n\t\t\t\t\n\t\t\t\t\n\t\t\t\t\n\t\t\t<\/div> &nbsp; MEXICO I-Solutions &nbsp; <div class=\"et_pb_row et_pb_row_1 et_pb_row_empty\">\n\t\t\t\t\n\t\t\t\t\n\t\t\t\t\n\t\t\t\t\n\t\t\t\t\n\t\t\t<\/div> Company Profile I-Solutions es una empresa 100 % Mexicana que inici\u00f3 sus operaciones producto de la aportaci\u00f3n de varias empresas con mas de 12 a\u00f1os de experiencia cada una, que decidieron complementar sus fortalezas en las \u00e1reas de ventas al detalle, modelado y construcci\u00f3n de aplicaciones cr\u00edticas de negocios [&hellip;]<\/p>\n","protected":false},"author":65,"featured_media":0,"parent":507,"menu_order":0,"comment_status":"closed","ping_status":"closed","template":"","meta":{"_et_pb_use_builder":"on","_et_pb_old_content":"","_et_gb_content_width":"","footnotes":""},"class_list":["post-979","page","type-page","status-publish","hentry"],"yoast_head":"<!-- This site is optimized with the Yoast SEO Premium plugin v27.5 (Yoast SEO v27.5) - https:\/\/yoast.com\/product\/yoast-seo-premium-wordpress\/ -->\n<title>I Soluciones - DI Norway<\/title>\n<meta name=\"robots\" content=\"index, follow, max-snippet:-1, max-image-preview:large, max-video-preview:-1\" \/>\n<link rel=\"canonical\" href=\"https:\/\/www.dimins.com\/no\/bedrift\/internasjonal\/i-soluciones\/\" \/>\n<meta property=\"og:locale\" content=\"nb_NO\" \/>\n<meta property=\"og:type\" content=\"article\" \/>\n<meta property=\"og:title\" content=\"I Soluciones\" \/>\n<meta property=\"og:description\" content=\"&nbsp; MEXICO I-Solutions &nbsp; Company Profile I-Solutions es una empresa 100 % Mexicana que inici\u00f3 sus operaciones producto de la aportaci\u00f3n de varias empresas con mas de 12 a\u00f1os de experiencia cada una, que decidieron complementar sus fortalezas en las \u00e1reas de ventas al detalle, modelado y construcci\u00f3n de aplicaciones cr\u00edticas de negocios [&hellip;]\" \/>\n<meta property=\"og:url\" content=\"https:\/\/www.dimins.com\/no\/bedrift\/internasjonal\/i-soluciones\/\" \/>\n<meta property=\"og:site_name\" content=\"DI Norway\" \/>\n<meta property=\"article:modified_time\" content=\"2018-04-18T14:06:12+00:00\" \/>\n<meta name=\"twitter:card\" content=\"summary_large_image\" \/>\n<meta name=\"twitter:label1\" content=\"Ansl. lesetid\" \/>\n\t<meta name=\"twitter:data1\" content=\"1 minutt\" \/>\n<script type=\"application\/ld+json\" class=\"yoast-schema-graph\">{\"@context\":\"https:\\\/\\\/schema.org\",\"@graph\":[{\"@type\":\"WebPage\",\"@id\":\"https:\\\/\\\/www.dimins.com\\\/no\\\/bedrift\\\/internasjonal\\\/i-soluciones\\\/\",\"url\":\"https:\\\/\\\/www.dimins.com\\\/no\\\/bedrift\\\/internasjonal\\\/i-soluciones\\\/\",\"name\":\"I Soluciones - DI Norway\",\"isPartOf\":{\"@id\":\"https:\\\/\\\/www.dimins.com\\\/no\\\/#website\"},\"datePublished\":\"2018-01-31T15:50:49+00:00\",\"dateModified\":\"2018-04-18T14:06:12+00:00\",\"breadcrumb\":{\"@id\":\"https:\\\/\\\/www.dimins.com\\\/no\\\/bedrift\\\/internasjonal\\\/i-soluciones\\\/#breadcrumb\"},\"inLanguage\":\"nb-NO\",\"potentialAction\":[{\"@type\":\"ReadAction\",\"target\":[\"https:\\\/\\\/www.dimins.com\\\/no\\\/bedrift\\\/internasjonal\\\/i-soluciones\\\/\"]}]},{\"@type\":\"BreadcrumbList\",\"@id\":\"https:\\\/\\\/www.dimins.com\\\/no\\\/bedrift\\\/internasjonal\\\/i-soluciones\\\/#breadcrumb\",\"itemListElement\":[{\"@type\":\"ListItem\",\"position\":1,\"name\":\"Home\",\"item\":\"https:\\\/\\\/www.dimins.com\\\/no\\\/\"},{\"@type\":\"ListItem\",\"position\":2,\"name\":\"Bedrift\",\"item\":\"https:\\\/\\\/www.dimins.com\\\/no\\\/bedrift\\\/\"},{\"@type\":\"ListItem\",\"position\":3,\"name\":\"Internasjonal\",\"item\":\"https:\\\/\\\/www.dimins.com\\\/no\\\/bedrift\\\/internasjonal\\\/\"},{\"@type\":\"ListItem\",\"position\":4,\"name\":\"I Soluciones\"}]},{\"@type\":\"WebSite\",\"@id\":\"https:\\\/\\\/www.dimins.com\\\/no\\\/#website\",\"url\":\"https:\\\/\\\/www.dimins.com\\\/no\\\/\",\"name\":\"DI Norway\",\"description\":\"Analytics, data management, and performance management solutions\",\"publisher\":{\"@id\":\"https:\\\/\\\/www.dimins.com\\\/no\\\/#organization\"},\"potentialAction\":[{\"@type\":\"SearchAction\",\"target\":{\"@type\":\"EntryPoint\",\"urlTemplate\":\"https:\\\/\\\/www.dimins.com\\\/no\\\/?s={search_term_string}\"},\"query-input\":{\"@type\":\"PropertyValueSpecification\",\"valueRequired\":true,\"valueName\":\"search_term_string\"}}],\"inLanguage\":\"nb-NO\"},{\"@type\":\"Organization\",\"@id\":\"https:\\\/\\\/www.dimins.com\\\/no\\\/#organization\",\"name\":\"DI Norway\",\"url\":\"https:\\\/\\\/www.dimins.com\\\/no\\\/\",\"logo\":{\"@type\":\"ImageObject\",\"inLanguage\":\"nb-NO\",\"@id\":\"https:\\\/\\\/www.dimins.com\\\/no\\\/#\\\/schema\\\/logo\\\/image\\\/\",\"url\":\"https:\\\/\\\/www.dimins.com\\\/no\\\/wp-content\\\/uploads\\\/sites\\\/23\\\/2017\\\/11\\\/3-inch-wide-di-logo.png\",\"contentUrl\":\"https:\\\/\\\/www.dimins.com\\\/no\\\/wp-content\\\/uploads\\\/sites\\\/23\\\/2017\\\/11\\\/3-inch-wide-di-logo.png\",\"width\":216,\"height\":50,\"caption\":\"DI Norway\"},\"image\":{\"@id\":\"https:\\\/\\\/www.dimins.com\\\/no\\\/#\\\/schema\\\/logo\\\/image\\\/\"}}]}<\/script>\n<!-- \/ Yoast SEO Premium plugin. -->","yoast_head_json":{"title":"I Soluciones - DI Norway","robots":{"index":"index","follow":"follow","max-snippet":"max-snippet:-1","max-image-preview":"max-image-preview:large","max-video-preview":"max-video-preview:-1"},"canonical":"https:\/\/www.dimins.com\/no\/bedrift\/internasjonal\/i-soluciones\/","og_locale":"nb_NO","og_type":"article","og_title":"I Soluciones","og_description":"&nbsp; MEXICO I-Solutions &nbsp; Company Profile I-Solutions es una empresa 100 % Mexicana que inici\u00f3 sus operaciones producto de la aportaci\u00f3n de varias empresas con mas de 12 a\u00f1os de experiencia cada una, que decidieron complementar sus fortalezas en las \u00e1reas de ventas al detalle, modelado y construcci\u00f3n de aplicaciones cr\u00edticas de negocios [&hellip;]","og_url":"https:\/\/www.dimins.com\/no\/bedrift\/internasjonal\/i-soluciones\/","og_site_name":"DI Norway","article_modified_time":"2018-04-18T14:06:12+00:00","twitter_card":"summary_large_image","twitter_misc":{"Ansl. lesetid":"1 minutt"},"schema":{"@context":"https:\/\/schema.org","@graph":[{"@type":"WebPage","@id":"https:\/\/www.dimins.com\/no\/bedrift\/internasjonal\/i-soluciones\/","url":"https:\/\/www.dimins.com\/no\/bedrift\/internasjonal\/i-soluciones\/","name":"I Soluciones - DI Norway","isPartOf":{"@id":"https:\/\/www.dimins.com\/no\/#website"},"datePublished":"2018-01-31T15:50:49+00:00","dateModified":"2018-04-18T14:06:12+00:00","breadcrumb":{"@id":"https:\/\/www.dimins.com\/no\/bedrift\/internasjonal\/i-soluciones\/#breadcrumb"},"inLanguage":"nb-NO","potentialAction":[{"@type":"ReadAction","target":["https:\/\/www.dimins.com\/no\/bedrift\/internasjonal\/i-soluciones\/"]}]},{"@type":"BreadcrumbList","@id":"https:\/\/www.dimins.com\/no\/bedrift\/internasjonal\/i-soluciones\/#breadcrumb","itemListElement":[{"@type":"ListItem","position":1,"name":"Home","item":"https:\/\/www.dimins.com\/no\/"},{"@type":"ListItem","position":2,"name":"Bedrift","item":"https:\/\/www.dimins.com\/no\/bedrift\/"},{"@type":"ListItem","position":3,"name":"Internasjonal","item":"https:\/\/www.dimins.com\/no\/bedrift\/internasjonal\/"},{"@type":"ListItem","position":4,"name":"I Soluciones"}]},{"@type":"WebSite","@id":"https:\/\/www.dimins.com\/no\/#website","url":"https:\/\/www.dimins.com\/no\/","name":"DI Norway","description":"Analytics, data management, and performance management solutions","publisher":{"@id":"https:\/\/www.dimins.com\/no\/#organization"},"potentialAction":[{"@type":"SearchAction","target":{"@type":"EntryPoint","urlTemplate":"https:\/\/www.dimins.com\/no\/?s={search_term_string}"},"query-input":{"@type":"PropertyValueSpecification","valueRequired":true,"valueName":"search_term_string"}}],"inLanguage":"nb-NO"},{"@type":"Organization","@id":"https:\/\/www.dimins.com\/no\/#organization","name":"DI Norway","url":"https:\/\/www.dimins.com\/no\/","logo":{"@type":"ImageObject","inLanguage":"nb-NO","@id":"https:\/\/www.dimins.com\/no\/#\/schema\/logo\/image\/","url":"https:\/\/www.dimins.com\/no\/wp-content\/uploads\/sites\/23\/2017\/11\/3-inch-wide-di-logo.png","contentUrl":"https:\/\/www.dimins.com\/no\/wp-content\/uploads\/sites\/23\/2017\/11\/3-inch-wide-di-logo.png","width":216,"height":50,"caption":"DI Norway"},"image":{"@id":"https:\/\/www.dimins.com\/no\/#\/schema\/logo\/image\/"}}]}},"_links":{"self":[{"href":"https:\/\/www.dimins.com\/no\/wp-json\/wp\/v2\/pages\/979","targetHints":{"allow":["GET"]}}],"collection":[{"href":"https:\/\/www.dimins.com\/no\/wp-json\/wp\/v2\/pages"}],"about":[{"href":"https:\/\/www.dimins.com\/no\/wp-json\/wp\/v2\/types\/page"}],"author":[{"embeddable":true,"href":"https:\/\/www.dimins.com\/no\/wp-json\/wp\/v2\/users\/65"}],"replies":[{"embeddable":true,"href":"https:\/\/www.dimins.com\/no\/wp-json\/wp\/v2\/comments?post=979"}],"version-history":[{"count":0,"href":"https:\/\/www.dimins.com\/no\/wp-json\/wp\/v2\/pages\/979\/revisions"}],"up":[{"embeddable":true,"href":"https:\/\/www.dimins.com\/no\/wp-json\/wp\/v2\/pages\/507"}],"wp:attachment":[{"href":"https:\/\/www.dimins.com\/no\/wp-json\/wp\/v2\/media?parent=979"}],"curies":[{"name":"wp","href":"https:\/\/api.w.org\/{rel}","templated":true}]}}