{"id":964,"date":"2018-01-31T15:34:10","date_gmt":"2018-01-31T15:34:10","guid":{"rendered":"https:\/\/www.dimins.com\/no\/?page_id=964"},"modified":"2019-06-19T18:21:44","modified_gmt":"2019-06-19T18:21:44","slug":"ixias-software-belgium","status":"publish","type":"page","link":"https:\/\/www.dimins.com\/no\/bedrift\/internasjonal\/ixias-software-belgium\/","title":{"rendered":"iXias Software &#8211; Belgium"},"content":{"rendered":"<p>[et_pb_section bb_built=&raquo;1&#8243;][et_pb_row][et_pb_column type=&raquo;4_4&#8243;][et_pb_text admin_label=&raquo;Name of Country and Company&raquo; background_layout=&raquo;light&raquo; text_orientation=&raquo;left&raquo; background_position=&raquo;top_left&raquo; background_repeat=&raquo;repeat&raquo; background_size=&raquo;initial&raquo;]<\/p>\n<h1>iXias Software &#8211; Belgium<\/h1>\n<p>[\/et_pb_text][\/et_pb_column][\/et_pb_row][et_pb_row][et_pb_column type=&raquo;1_2&#8243;][et_pb_text admin_label=&raquo;Company Profile and Website&raquo; background_layout=&raquo;light&raquo; text_orientation=&raquo;left&raquo; background_position=&raquo;top_left&raquo; background_repeat=&raquo;repeat&raquo; background_size=&raquo;initial&raquo;]<\/p>\n<p><strong>Company Profile<\/strong><\/p>\n<p>Etabli en 1989, aux USA, Dimensional Insight Inc. est pionnier et leader dans le d\u00e9veloppement et le marketing de solution d&#8217;analyse, de reporting et de visualisation des donn\u00e9es pour une meilleure prise de d\u00e9cision. Les entreprises utilisent la technologie DI dans le monde entier pour la recherche de nouvelles opportunit\u00e9s, pour l&#8217;analyse et l&#8217;optimisation de la performance et pour maximiser la rentabilit\u00e9.<\/p>\n<p>[\/et_pb_text][\/et_pb_column][et_pb_column type=&raquo;1_2&#8243;][et_pb_text admin_label=&raquo;Address and Contact Information&raquo; background_layout=&raquo;light&raquo; background_position=&raquo;top_left&raquo; background_repeat=&raquo;repeat&raquo; background_size=&raquo;initial&raquo; _builder_version=&raquo;3.0.106&#8243;]<\/p>\n<p>iXias Software &#8211; Belgium<br \/>\nc\/o Dimensional Insight France \/ iXias Software<br \/>\n118 rue de Picpus<br \/>\n75012<br \/>\nParis<br \/>\nFrance<\/p>\n<p><strong>Phone:<\/strong> +33 1.49.49.02.23<br \/>\n<strong>Fax:<\/strong> +33 1.49.49.02.26<br \/>\n<strong>Contact:<\/strong> Philippe Lattard, GM<br \/>\n<strong>Email:<\/strong> <a href=\"mailto:ph.lattard@difrance.com\">ph.lattard@difrance.com<\/a><br \/>\n<strong>Skype:<\/strong> philippe.lattard<br \/>\n<strong>Twitter:<\/strong> Twitter.com\/ixias<br \/>\n<strong>Blog:<\/strong>&nbsp;<a href=\"http:\/\/blog.difrance.com\/\">http:\/\/blog.difrance.com\/<br \/>\n<\/a><strong>Website:<\/strong>&nbsp;<a href=\"https:\/\/www.difrance.com\/\" target=\"_blank\" rel=\"noopener noreferrer\">https:\/\/www.difrance.com\/<\/a><\/p>\n<p>[\/et_pb_text][\/et_pb_column][\/et_pb_row][\/et_pb_section]<\/p>\n","protected":false},"excerpt":{"rendered":"<p><div class=\"et_pb_row et_pb_row_0 et_pb_row_empty\">\n\t\t\t\t\n\t\t\t\t\n\t\t\t\t\n\t\t\t\t\n\t\t\t\t\n\t\t\t<\/div> iXias Software &#8211; Belgium <div class=\"et_pb_row et_pb_row_1 et_pb_row_empty\">\n\t\t\t\t\n\t\t\t\t\n\t\t\t\t\n\t\t\t\t\n\t\t\t\t\n\t\t\t<\/div> Company Profile Etabli en 1989, aux USA, Dimensional Insight Inc. est pionnier et leader dans le d\u00e9veloppement et le marketing de solution d&#8217;analyse, de reporting et de visualisation des donn\u00e9es pour une meilleure prise de d\u00e9cision. Les entreprises utilisent la technologie DI dans le monde entier pour la recherche [&hellip;]<\/p>\n","protected":false},"author":65,"featured_media":0,"parent":507,"menu_order":0,"comment_status":"closed","ping_status":"closed","template":"","meta":{"_et_pb_use_builder":"on","_et_pb_old_content":"","_et_gb_content_width":"","footnotes":""},"class_list":["post-964","page","type-page","status-publish","hentry"],"yoast_head":"<!-- This site is optimized with the Yoast SEO Premium plugin v27.0 (Yoast SEO v27.2) - https:\/\/yoast.com\/product\/yoast-seo-premium-wordpress\/ -->\n<title>iXias Software - Belgium - DI Norway<\/title>\n<meta name=\"robots\" content=\"index, follow, max-snippet:-1, max-image-preview:large, max-video-preview:-1\" \/>\n<link rel=\"canonical\" href=\"https:\/\/www.dimins.com\/no\/bedrift\/internasjonal\/di-franceixias\/\" \/>\n<meta property=\"og:locale\" content=\"nb_NO\" \/>\n<meta property=\"og:type\" content=\"article\" \/>\n<meta property=\"og:title\" content=\"iXias Software - Belgium\" \/>\n<meta property=\"og:description\" content=\"iXias Software - Belgium Company Profile Etabli en 1989, aux USA, Dimensional Insight Inc. est pionnier et leader dans le d\u00e9veloppement et le marketing de solution d&#039;analyse, de reporting et de visualisation des donn\u00e9es pour une meilleure prise de d\u00e9cision. Les entreprises utilisent la technologie DI dans le monde entier pour la recherche [&hellip;]\" \/>\n<meta property=\"og:url\" content=\"https:\/\/www.dimins.com\/no\/bedrift\/internasjonal\/di-franceixias\/\" \/>\n<meta property=\"og:site_name\" content=\"DI Norway\" \/>\n<meta property=\"article:modified_time\" content=\"2019-06-19T18:21:44+00:00\" \/>\n<meta name=\"twitter:card\" content=\"summary_large_image\" \/>\n<meta name=\"twitter:label1\" content=\"Ansl. lesetid\" \/>\n\t<meta name=\"twitter:data1\" content=\"1 minutt\" \/>\n<script type=\"application\/ld+json\" class=\"yoast-schema-graph\">{\"@context\":\"https:\/\/schema.org\",\"@graph\":[{\"@type\":\"WebPage\",\"@id\":\"https:\/\/www.dimins.com\/no\/bedrift\/internasjonal\/ixias-software-belgium\/\",\"url\":\"https:\/\/www.dimins.com\/no\/bedrift\/internasjonal\/di-franceixias\/\",\"name\":\"iXias Software - Belgium - DI Norway\",\"isPartOf\":{\"@id\":\"https:\/\/www.dimins.com\/no\/#website\"},\"datePublished\":\"2018-01-31T15:34:10+00:00\",\"dateModified\":\"2019-06-19T18:21:44+00:00\",\"breadcrumb\":{\"@id\":\"https:\/\/www.dimins.com\/no\/bedrift\/internasjonal\/di-franceixias\/#breadcrumb\"},\"inLanguage\":\"nb-NO\",\"potentialAction\":[{\"@type\":\"ReadAction\",\"target\":[\"https:\/\/www.dimins.com\/no\/bedrift\/internasjonal\/di-franceixias\/\"]}]},{\"@type\":\"BreadcrumbList\",\"@id\":\"https:\/\/www.dimins.com\/no\/bedrift\/internasjonal\/di-franceixias\/#breadcrumb\",\"itemListElement\":[{\"@type\":\"ListItem\",\"position\":1,\"name\":\"Home\",\"item\":\"https:\/\/www.dimins.com\/no\/\"},{\"@type\":\"ListItem\",\"position\":2,\"name\":\"Bedrift\",\"item\":\"https:\/\/www.dimins.com\/no\/bedrift\/\"},{\"@type\":\"ListItem\",\"position\":3,\"name\":\"Internasjonal\",\"item\":\"https:\/\/www.dimins.com\/no\/bedrift\/internasjonal\/\"},{\"@type\":\"ListItem\",\"position\":4,\"name\":\"iXias Software &#8211; Belgium\"}]},{\"@type\":\"WebSite\",\"@id\":\"https:\/\/www.dimins.com\/no\/#website\",\"url\":\"https:\/\/www.dimins.com\/no\/\",\"name\":\"DI Norway\",\"description\":\"Analytics, data management, and performance management solutions\",\"publisher\":{\"@id\":\"https:\/\/www.dimins.com\/no\/#organization\"},\"potentialAction\":[{\"@type\":\"SearchAction\",\"target\":{\"@type\":\"EntryPoint\",\"urlTemplate\":\"https:\/\/www.dimins.com\/no\/?s={search_term_string}\"},\"query-input\":{\"@type\":\"PropertyValueSpecification\",\"valueRequired\":true,\"valueName\":\"search_term_string\"}}],\"inLanguage\":\"nb-NO\"},{\"@type\":\"Organization\",\"@id\":\"https:\/\/www.dimins.com\/no\/#organization\",\"name\":\"DI Norway\",\"url\":\"https:\/\/www.dimins.com\/no\/\",\"logo\":{\"@type\":\"ImageObject\",\"inLanguage\":\"nb-NO\",\"@id\":\"https:\/\/www.dimins.com\/no\/#\/schema\/logo\/image\/\",\"url\":\"https:\/\/www.dimins.com\/no\/wp-content\/uploads\/sites\/23\/2017\/11\/3-inch-wide-di-logo.png\",\"contentUrl\":\"https:\/\/www.dimins.com\/no\/wp-content\/uploads\/sites\/23\/2017\/11\/3-inch-wide-di-logo.png\",\"width\":216,\"height\":50,\"caption\":\"DI Norway\"},\"image\":{\"@id\":\"https:\/\/www.dimins.com\/no\/#\/schema\/logo\/image\/\"}}]}<\/script>\n<!-- \/ Yoast SEO Premium plugin. -->","yoast_head_json":{"title":"iXias Software - Belgium - DI Norway","robots":{"index":"index","follow":"follow","max-snippet":"max-snippet:-1","max-image-preview":"max-image-preview:large","max-video-preview":"max-video-preview:-1"},"canonical":"https:\/\/www.dimins.com\/no\/bedrift\/internasjonal\/di-franceixias\/","og_locale":"nb_NO","og_type":"article","og_title":"iXias Software - Belgium","og_description":"iXias Software - Belgium Company Profile Etabli en 1989, aux USA, Dimensional Insight Inc. est pionnier et leader dans le d\u00e9veloppement et le marketing de solution d'analyse, de reporting et de visualisation des donn\u00e9es pour une meilleure prise de d\u00e9cision. Les entreprises utilisent la technologie DI dans le monde entier pour la recherche [&hellip;]","og_url":"https:\/\/www.dimins.com\/no\/bedrift\/internasjonal\/di-franceixias\/","og_site_name":"DI Norway","article_modified_time":"2019-06-19T18:21:44+00:00","twitter_card":"summary_large_image","twitter_misc":{"Ansl. lesetid":"1 minutt"},"schema":{"@context":"https:\/\/schema.org","@graph":[{"@type":"WebPage","@id":"https:\/\/www.dimins.com\/no\/bedrift\/internasjonal\/ixias-software-belgium\/","url":"https:\/\/www.dimins.com\/no\/bedrift\/internasjonal\/di-franceixias\/","name":"iXias Software - Belgium - DI Norway","isPartOf":{"@id":"https:\/\/www.dimins.com\/no\/#website"},"datePublished":"2018-01-31T15:34:10+00:00","dateModified":"2019-06-19T18:21:44+00:00","breadcrumb":{"@id":"https:\/\/www.dimins.com\/no\/bedrift\/internasjonal\/di-franceixias\/#breadcrumb"},"inLanguage":"nb-NO","potentialAction":[{"@type":"ReadAction","target":["https:\/\/www.dimins.com\/no\/bedrift\/internasjonal\/di-franceixias\/"]}]},{"@type":"BreadcrumbList","@id":"https:\/\/www.dimins.com\/no\/bedrift\/internasjonal\/di-franceixias\/#breadcrumb","itemListElement":[{"@type":"ListItem","position":1,"name":"Home","item":"https:\/\/www.dimins.com\/no\/"},{"@type":"ListItem","position":2,"name":"Bedrift","item":"https:\/\/www.dimins.com\/no\/bedrift\/"},{"@type":"ListItem","position":3,"name":"Internasjonal","item":"https:\/\/www.dimins.com\/no\/bedrift\/internasjonal\/"},{"@type":"ListItem","position":4,"name":"iXias Software &#8211; Belgium"}]},{"@type":"WebSite","@id":"https:\/\/www.dimins.com\/no\/#website","url":"https:\/\/www.dimins.com\/no\/","name":"DI Norway","description":"Analytics, data management, and performance management solutions","publisher":{"@id":"https:\/\/www.dimins.com\/no\/#organization"},"potentialAction":[{"@type":"SearchAction","target":{"@type":"EntryPoint","urlTemplate":"https:\/\/www.dimins.com\/no\/?s={search_term_string}"},"query-input":{"@type":"PropertyValueSpecification","valueRequired":true,"valueName":"search_term_string"}}],"inLanguage":"nb-NO"},{"@type":"Organization","@id":"https:\/\/www.dimins.com\/no\/#organization","name":"DI Norway","url":"https:\/\/www.dimins.com\/no\/","logo":{"@type":"ImageObject","inLanguage":"nb-NO","@id":"https:\/\/www.dimins.com\/no\/#\/schema\/logo\/image\/","url":"https:\/\/www.dimins.com\/no\/wp-content\/uploads\/sites\/23\/2017\/11\/3-inch-wide-di-logo.png","contentUrl":"https:\/\/www.dimins.com\/no\/wp-content\/uploads\/sites\/23\/2017\/11\/3-inch-wide-di-logo.png","width":216,"height":50,"caption":"DI Norway"},"image":{"@id":"https:\/\/www.dimins.com\/no\/#\/schema\/logo\/image\/"}}]}},"_links":{"self":[{"href":"https:\/\/www.dimins.com\/no\/wp-json\/wp\/v2\/pages\/964","targetHints":{"allow":["GET"]}}],"collection":[{"href":"https:\/\/www.dimins.com\/no\/wp-json\/wp\/v2\/pages"}],"about":[{"href":"https:\/\/www.dimins.com\/no\/wp-json\/wp\/v2\/types\/page"}],"author":[{"embeddable":true,"href":"https:\/\/www.dimins.com\/no\/wp-json\/wp\/v2\/users\/65"}],"replies":[{"embeddable":true,"href":"https:\/\/www.dimins.com\/no\/wp-json\/wp\/v2\/comments?post=964"}],"version-history":[{"count":0,"href":"https:\/\/www.dimins.com\/no\/wp-json\/wp\/v2\/pages\/964\/revisions"}],"up":[{"embeddable":true,"href":"https:\/\/www.dimins.com\/no\/wp-json\/wp\/v2\/pages\/507"}],"wp:attachment":[{"href":"https:\/\/www.dimins.com\/no\/wp-json\/wp\/v2\/media?parent=964"}],"curies":[{"name":"wp","href":"https:\/\/api.w.org\/{rel}","templated":true}]}}