{"id":962,"date":"2018-01-31T15:32:02","date_gmt":"2018-01-31T15:32:02","guid":{"rendered":"https:\/\/www.dimins.com\/no\/?page_id=962"},"modified":"2018-04-18T14:01:10","modified_gmt":"2018-04-18T14:01:10","slug":"infotool-sweden","status":"publish","type":"page","link":"https:\/\/www.dimins.com\/no\/bedrift\/internasjonal\/infotool-sweden\/","title":{"rendered":"Infotool &#8211; Sweden"},"content":{"rendered":"<p>[et_pb_section bb_built=&raquo;1&#8243; admin_label=&raquo;section&raquo;][et_pb_row admin_label=&raquo;row&raquo; background_position=&raquo;top_left&raquo; background_repeat=&raquo;repeat&raquo; background_size=&raquo;initial&raquo;][et_pb_column type=&raquo;4_4&#8243;][et_pb_text admin_label=&raquo;Name of Country and Company&raquo; background_layout=&raquo;light&raquo; text_orientation=&raquo;left&raquo; use_border_color=&raquo;off&raquo; border_color=&raquo;#ffffff&raquo; border_style=&raquo;solid&raquo; background_position=&raquo;top_left&raquo; background_repeat=&raquo;repeat&raquo; background_size=&raquo;initial&raquo;]<\/p>\n<h1>Infotool Data AB<\/h1>\n<h4>Located in Sweden<\/h4>\n<p>[\/et_pb_text][\/et_pb_column][\/et_pb_row][et_pb_row admin_label=&raquo;row&raquo; background_position=&raquo;top_left&raquo; background_repeat=&raquo;repeat&raquo; background_size=&raquo;initial&raquo;][et_pb_column type=&raquo;1_2&#8243;][et_pb_text admin_label=&raquo;Company Profile and Website&raquo; background_layout=&raquo;light&raquo; text_orientation=&raquo;left&raquo; use_border_color=&raquo;off&raquo; border_color=&raquo;#ffffff&raquo; border_style=&raquo;solid&raquo; background_position=&raquo;top_left&raquo; background_repeat=&raquo;repeat&raquo; background_size=&raquo;initial&raquo;]<\/p>\n<h4>Company Profile<\/h4>\n<p>Infotool tillhandah\u00e5ller anv\u00e4ndarv\u00e4nliga och kostnadseffektiva systeml\u00f6sningar f\u00f6r beslutsst\u00f6d, planering och service management. V\u00e5ra l\u00f6sningar ger dig m\u00f6jlighet att planera, analysera och kontrollera verksamheten, vilket hj\u00e4lper dig att fatta b\u00e4ttre beslut och uppn\u00e5 dina aff\u00e4rsm\u00e5l samt \u00f6ka l\u00f6nsamheten.<\/p>\n<p><strong>Website:<\/strong> <a href=\"http:\/\/www.infotool.se\" target=\"_blank\" rel=\"noopener\">www.infotool.se<\/a><\/p>\n<p>[\/et_pb_text][\/et_pb_column][et_pb_column type=&raquo;1_2&#8243;][et_pb_text admin_label=&raquo;Address and Contact Information&raquo; background_layout=&raquo;light&raquo; text_orientation=&raquo;left&raquo; use_border_color=&raquo;off&raquo; border_color=&raquo;#ffffff&raquo; border_style=&raquo;solid&raquo; background_position=&raquo;top_left&raquo; background_repeat=&raquo;repeat&raquo; background_size=&raquo;initial&raquo;]<\/p>\n<h2>Sweden<\/h2>\n<p>Infotool Data AB<br \/>\nBirger Jarlsgatan 33<br \/>\nSe-102 41 Stockholm Sweden<\/p>\n<p><strong>Contact<\/strong><\/p>\n<p><strong>Name:<\/strong> Per Nyberg<br \/>\n<strong>Email:<\/strong> <a href=\"mailto:per.nyberg@infotool.se\" target=\"_blank\" rel=\"noopener\">per.nyberg@infotool.se<\/a><br \/>\n<strong>Telephone:<\/strong> +46 8 753 4980<br \/>\n<strong>Fax:<\/strong> +46 8 753 3623<\/p>\n<p>[\/et_pb_text][\/et_pb_column][\/et_pb_row][\/et_pb_section]<\/p>\n","protected":false},"excerpt":{"rendered":"<p>Infotool Data AB Located in Sweden Company Profile Infotool tillhandah\u00e5ller anv\u00e4ndarv\u00e4nliga och kostnadseffektiva systeml\u00f6sningar f\u00f6r beslutsst\u00f6d, planering och service management. V\u00e5ra l\u00f6sningar ger dig m\u00f6jlighet att planera, analysera och kontrollera verksamheten, vilket hj\u00e4lper dig att fatta b\u00e4ttre beslut och uppn\u00e5 dina aff\u00e4rsm\u00e5l samt \u00f6ka l\u00f6nsamheten. Website: www.infotool.se Sweden Infotool Data AB Birger Jarlsgatan 33 Se-102 [&hellip;]<\/p>\n","protected":false},"author":65,"featured_media":0,"parent":507,"menu_order":0,"comment_status":"closed","ping_status":"closed","template":"","meta":{"_et_pb_use_builder":"on","_et_pb_old_content":"","_et_gb_content_width":"","footnotes":""},"class_list":["post-962","page","type-page","status-publish","hentry"],"yoast_head":"<!-- This site is optimized with the Yoast SEO Premium plugin v27.4 (Yoast SEO v27.4) - https:\/\/yoast.com\/product\/yoast-seo-premium-wordpress\/ -->\n<title>Infotool - Sweden - DI Norway<\/title>\n<meta name=\"robots\" content=\"index, follow, max-snippet:-1, max-image-preview:large, max-video-preview:-1\" \/>\n<link rel=\"canonical\" href=\"https:\/\/www.dimins.com\/no\/bedrift\/internasjonal\/infotool-sweden\/\" \/>\n<meta property=\"og:locale\" content=\"nb_NO\" \/>\n<meta property=\"og:type\" content=\"article\" \/>\n<meta property=\"og:title\" content=\"Infotool - Sweden\" \/>\n<meta property=\"og:description\" content=\"Infotool Data AB Located in Sweden Company Profile Infotool tillhandah\u00e5ller anv\u00e4ndarv\u00e4nliga och kostnadseffektiva systeml\u00f6sningar f\u00f6r beslutsst\u00f6d, planering och service management. V\u00e5ra l\u00f6sningar ger dig m\u00f6jlighet att planera, analysera och kontrollera verksamheten, vilket hj\u00e4lper dig att fatta b\u00e4ttre beslut och uppn\u00e5 dina aff\u00e4rsm\u00e5l samt \u00f6ka l\u00f6nsamheten. Website: www.infotool.se Sweden Infotool Data AB Birger Jarlsgatan 33 Se-102 [&hellip;]\" \/>\n<meta property=\"og:url\" content=\"https:\/\/www.dimins.com\/no\/bedrift\/internasjonal\/infotool-sweden\/\" \/>\n<meta property=\"og:site_name\" content=\"DI Norway\" \/>\n<meta property=\"article:modified_time\" content=\"2018-04-18T14:01:10+00:00\" \/>\n<meta name=\"twitter:card\" content=\"summary_large_image\" \/>\n<meta name=\"twitter:label1\" content=\"Ansl. lesetid\" \/>\n\t<meta name=\"twitter:data1\" content=\"1 minutt\" \/>\n<script type=\"application\/ld+json\" class=\"yoast-schema-graph\">{\"@context\":\"https:\\\/\\\/schema.org\",\"@graph\":[{\"@type\":\"WebPage\",\"@id\":\"https:\\\/\\\/www.dimins.com\\\/no\\\/bedrift\\\/internasjonal\\\/infotool-sweden\\\/\",\"url\":\"https:\\\/\\\/www.dimins.com\\\/no\\\/bedrift\\\/internasjonal\\\/infotool-sweden\\\/\",\"name\":\"Infotool - Sweden - DI Norway\",\"isPartOf\":{\"@id\":\"https:\\\/\\\/www.dimins.com\\\/no\\\/#website\"},\"datePublished\":\"2018-01-31T15:32:02+00:00\",\"dateModified\":\"2018-04-18T14:01:10+00:00\",\"breadcrumb\":{\"@id\":\"https:\\\/\\\/www.dimins.com\\\/no\\\/bedrift\\\/internasjonal\\\/infotool-sweden\\\/#breadcrumb\"},\"inLanguage\":\"nb-NO\",\"potentialAction\":[{\"@type\":\"ReadAction\",\"target\":[\"https:\\\/\\\/www.dimins.com\\\/no\\\/bedrift\\\/internasjonal\\\/infotool-sweden\\\/\"]}]},{\"@type\":\"BreadcrumbList\",\"@id\":\"https:\\\/\\\/www.dimins.com\\\/no\\\/bedrift\\\/internasjonal\\\/infotool-sweden\\\/#breadcrumb\",\"itemListElement\":[{\"@type\":\"ListItem\",\"position\":1,\"name\":\"Home\",\"item\":\"https:\\\/\\\/www.dimins.com\\\/no\\\/\"},{\"@type\":\"ListItem\",\"position\":2,\"name\":\"Bedrift\",\"item\":\"https:\\\/\\\/www.dimins.com\\\/no\\\/bedrift\\\/\"},{\"@type\":\"ListItem\",\"position\":3,\"name\":\"Internasjonal\",\"item\":\"https:\\\/\\\/www.dimins.com\\\/no\\\/bedrift\\\/internasjonal\\\/\"},{\"@type\":\"ListItem\",\"position\":4,\"name\":\"Infotool &#8211; Sweden\"}]},{\"@type\":\"WebSite\",\"@id\":\"https:\\\/\\\/www.dimins.com\\\/no\\\/#website\",\"url\":\"https:\\\/\\\/www.dimins.com\\\/no\\\/\",\"name\":\"DI Norway\",\"description\":\"Analytics, data management, and performance management solutions\",\"publisher\":{\"@id\":\"https:\\\/\\\/www.dimins.com\\\/no\\\/#organization\"},\"potentialAction\":[{\"@type\":\"SearchAction\",\"target\":{\"@type\":\"EntryPoint\",\"urlTemplate\":\"https:\\\/\\\/www.dimins.com\\\/no\\\/?s={search_term_string}\"},\"query-input\":{\"@type\":\"PropertyValueSpecification\",\"valueRequired\":true,\"valueName\":\"search_term_string\"}}],\"inLanguage\":\"nb-NO\"},{\"@type\":\"Organization\",\"@id\":\"https:\\\/\\\/www.dimins.com\\\/no\\\/#organization\",\"name\":\"DI Norway\",\"url\":\"https:\\\/\\\/www.dimins.com\\\/no\\\/\",\"logo\":{\"@type\":\"ImageObject\",\"inLanguage\":\"nb-NO\",\"@id\":\"https:\\\/\\\/www.dimins.com\\\/no\\\/#\\\/schema\\\/logo\\\/image\\\/\",\"url\":\"https:\\\/\\\/www.dimins.com\\\/no\\\/wp-content\\\/uploads\\\/sites\\\/23\\\/2017\\\/11\\\/3-inch-wide-di-logo.png\",\"contentUrl\":\"https:\\\/\\\/www.dimins.com\\\/no\\\/wp-content\\\/uploads\\\/sites\\\/23\\\/2017\\\/11\\\/3-inch-wide-di-logo.png\",\"width\":216,\"height\":50,\"caption\":\"DI Norway\"},\"image\":{\"@id\":\"https:\\\/\\\/www.dimins.com\\\/no\\\/#\\\/schema\\\/logo\\\/image\\\/\"}}]}<\/script>\n<!-- \/ Yoast SEO Premium plugin. -->","yoast_head_json":{"title":"Infotool - Sweden - DI Norway","robots":{"index":"index","follow":"follow","max-snippet":"max-snippet:-1","max-image-preview":"max-image-preview:large","max-video-preview":"max-video-preview:-1"},"canonical":"https:\/\/www.dimins.com\/no\/bedrift\/internasjonal\/infotool-sweden\/","og_locale":"nb_NO","og_type":"article","og_title":"Infotool - Sweden","og_description":"Infotool Data AB Located in Sweden Company Profile Infotool tillhandah\u00e5ller anv\u00e4ndarv\u00e4nliga och kostnadseffektiva systeml\u00f6sningar f\u00f6r beslutsst\u00f6d, planering och service management. V\u00e5ra l\u00f6sningar ger dig m\u00f6jlighet att planera, analysera och kontrollera verksamheten, vilket hj\u00e4lper dig att fatta b\u00e4ttre beslut och uppn\u00e5 dina aff\u00e4rsm\u00e5l samt \u00f6ka l\u00f6nsamheten. Website: www.infotool.se Sweden Infotool Data AB Birger Jarlsgatan 33 Se-102 [&hellip;]","og_url":"https:\/\/www.dimins.com\/no\/bedrift\/internasjonal\/infotool-sweden\/","og_site_name":"DI Norway","article_modified_time":"2018-04-18T14:01:10+00:00","twitter_card":"summary_large_image","twitter_misc":{"Ansl. lesetid":"1 minutt"},"schema":{"@context":"https:\/\/schema.org","@graph":[{"@type":"WebPage","@id":"https:\/\/www.dimins.com\/no\/bedrift\/internasjonal\/infotool-sweden\/","url":"https:\/\/www.dimins.com\/no\/bedrift\/internasjonal\/infotool-sweden\/","name":"Infotool - Sweden - DI Norway","isPartOf":{"@id":"https:\/\/www.dimins.com\/no\/#website"},"datePublished":"2018-01-31T15:32:02+00:00","dateModified":"2018-04-18T14:01:10+00:00","breadcrumb":{"@id":"https:\/\/www.dimins.com\/no\/bedrift\/internasjonal\/infotool-sweden\/#breadcrumb"},"inLanguage":"nb-NO","potentialAction":[{"@type":"ReadAction","target":["https:\/\/www.dimins.com\/no\/bedrift\/internasjonal\/infotool-sweden\/"]}]},{"@type":"BreadcrumbList","@id":"https:\/\/www.dimins.com\/no\/bedrift\/internasjonal\/infotool-sweden\/#breadcrumb","itemListElement":[{"@type":"ListItem","position":1,"name":"Home","item":"https:\/\/www.dimins.com\/no\/"},{"@type":"ListItem","position":2,"name":"Bedrift","item":"https:\/\/www.dimins.com\/no\/bedrift\/"},{"@type":"ListItem","position":3,"name":"Internasjonal","item":"https:\/\/www.dimins.com\/no\/bedrift\/internasjonal\/"},{"@type":"ListItem","position":4,"name":"Infotool &#8211; Sweden"}]},{"@type":"WebSite","@id":"https:\/\/www.dimins.com\/no\/#website","url":"https:\/\/www.dimins.com\/no\/","name":"DI Norway","description":"Analytics, data management, and performance management solutions","publisher":{"@id":"https:\/\/www.dimins.com\/no\/#organization"},"potentialAction":[{"@type":"SearchAction","target":{"@type":"EntryPoint","urlTemplate":"https:\/\/www.dimins.com\/no\/?s={search_term_string}"},"query-input":{"@type":"PropertyValueSpecification","valueRequired":true,"valueName":"search_term_string"}}],"inLanguage":"nb-NO"},{"@type":"Organization","@id":"https:\/\/www.dimins.com\/no\/#organization","name":"DI Norway","url":"https:\/\/www.dimins.com\/no\/","logo":{"@type":"ImageObject","inLanguage":"nb-NO","@id":"https:\/\/www.dimins.com\/no\/#\/schema\/logo\/image\/","url":"https:\/\/www.dimins.com\/no\/wp-content\/uploads\/sites\/23\/2017\/11\/3-inch-wide-di-logo.png","contentUrl":"https:\/\/www.dimins.com\/no\/wp-content\/uploads\/sites\/23\/2017\/11\/3-inch-wide-di-logo.png","width":216,"height":50,"caption":"DI Norway"},"image":{"@id":"https:\/\/www.dimins.com\/no\/#\/schema\/logo\/image\/"}}]}},"_links":{"self":[{"href":"https:\/\/www.dimins.com\/no\/wp-json\/wp\/v2\/pages\/962","targetHints":{"allow":["GET"]}}],"collection":[{"href":"https:\/\/www.dimins.com\/no\/wp-json\/wp\/v2\/pages"}],"about":[{"href":"https:\/\/www.dimins.com\/no\/wp-json\/wp\/v2\/types\/page"}],"author":[{"embeddable":true,"href":"https:\/\/www.dimins.com\/no\/wp-json\/wp\/v2\/users\/65"}],"replies":[{"embeddable":true,"href":"https:\/\/www.dimins.com\/no\/wp-json\/wp\/v2\/comments?post=962"}],"version-history":[{"count":0,"href":"https:\/\/www.dimins.com\/no\/wp-json\/wp\/v2\/pages\/962\/revisions"}],"up":[{"embeddable":true,"href":"https:\/\/www.dimins.com\/no\/wp-json\/wp\/v2\/pages\/507"}],"wp:attachment":[{"href":"https:\/\/www.dimins.com\/no\/wp-json\/wp\/v2\/media?parent=962"}],"curies":[{"name":"wp","href":"https:\/\/api.w.org\/{rel}","templated":true}]}}