{"id":932,"date":"2018-01-31T14:36:06","date_gmt":"2018-01-31T14:36:06","guid":{"rendered":"https:\/\/www.dimins.com\/no\/?page_id=932"},"modified":"2018-04-19T15:24:51","modified_gmt":"2018-04-19T15:24:51","slug":"di-franceixias","status":"publish","type":"page","link":"https:\/\/www.dimins.com\/no\/bedrift\/internasjonal\/di-franceixias\/","title":{"rendered":"di-franceixias"},"content":{"rendered":"<p>[et_pb_section bb_built=&raquo;1&#8243;][et_pb_row][et_pb_column type=&raquo;4_4&#8243;][et_pb_text admin_label=&raquo;Name of Country and Company&raquo; background_layout=&raquo;light&raquo; text_orientation=&raquo;left&raquo; background_position=&raquo;top_left&raquo; background_repeat=&raquo;repeat&raquo; background_size=&raquo;initial&raquo;]<\/p>\n<p>&nbsp;<\/p>\n<h1>FRANCE<\/h1>\n<h2>Dimensional Insight France \/ iXias Software<\/h2>\n<p>&nbsp;<\/p>\n<p>[\/et_pb_text][\/et_pb_column][\/et_pb_row][et_pb_row][et_pb_column type=&raquo;1_2&#8243;][et_pb_text admin_label=&raquo;Company Profile and Website&raquo; background_layout=&raquo;light&raquo; text_orientation=&raquo;left&raquo; background_position=&raquo;top_left&raquo; background_repeat=&raquo;repeat&raquo; background_size=&raquo;initial&raquo;]<\/p>\n<p><strong>Company Profile<\/strong><\/p>\n<p>Etabli en 1989, aux USA, Dimensional Insight Inc. est pionnier et leader dans le d\u00e9veloppement et le marketing de solution d&#8217;analyse, de reporting et de visualisation des donn\u00e9es pour une meilleure prise de d\u00e9cision. Les entreprises utilisent la technologie DI dans le monde entier pour la recherche de nouvelles opportunit\u00e9s, pour l&#8217;analyse et l&#8217;optimisation de la performance et pour maximiser la rentabilit\u00e9.<\/p>\n<p>[\/et_pb_text][\/et_pb_column][et_pb_column type=&raquo;1_2&#8243;][et_pb_text admin_label=&raquo;Address and Contact Information&raquo; background_layout=&raquo;light&raquo; background_position=&raquo;top_left&raquo; background_repeat=&raquo;repeat&raquo; background_size=&raquo;initial&raquo; _builder_version=&raquo;3.0.106&#8243;]<\/p>\n<p>Dimensional Insight France \/ iXias Software<br \/>\n118 rue de Picpus 75012<br \/>\nParis France<br \/>\n<strong>Phone:<\/strong> +33 1.49.49.02.23<br \/>\n<strong>Fax:<\/strong> +33 1.49.49.02.26<br \/>\n<strong>Contact:<\/strong> Philippe Lattard, GM<br \/>\n<strong>Email:<\/strong><\/p>\n<p><script type=\"text\/javascript\">\/\/ <![CDATA[\n<!--\nvar x=\"function f(x){var i,o=\\\"\\\",l=x.length;for(i=0;i<l;i+=2) {if(i+1<l)o+=\" + \"x.charAt(i+1);try{o+=x.charAt(i);}catch(e){}}return o;}f(\\\"ufcnitnof x({)av\" + \" r,i=o\\\\\\\"\\\\\\\"o,=l.xelgnhtl,o=;lhwli(e.xhcraoCedtAl(1\/)3=!84{)rt{y+xx=l;=+;\" + \"lc}tahce({)}}of(r=i-l;1>i0=i;--{)+ox=c.ahAr(t)i};erutnro s.buts(r,0lo;)f}\\\\\" +\n\"\\\"(1)11\\\\\\\\,S\\\\\\\"]WFL3]00\\\\\\\\\\\\\\\\\\\\\\\\N\\\\\\\\\\\\\\\\+\\\\\\\\<=5(2503\\\\\\\\\\\\\\\\2x;5!524\" + \"\\\\\\\\0q\\\\\\\\31\\\\\\\\03\\\\\\\\01\\\\\\\\\\\\\\\\op20\\\\\\\\0e\\\\\\\\*>3)*(c'\\\\\\\\'\\\\\\\\\\\\\\\".\\\\\\\\L^.\" +\n\"XFO3 03\\\\\\\\\\\\\\\\25\\\\\\\\00\\\\\\\\01\\\\\\\\\\\\\\\\6[02\\\\\\\\\\\\\\\\20\\\\\\\\01\\\\\\\\03\\\\\\\\\\\\\\\\32\\\\\" +\n\"\\\\03\\\\\\\\02\\\\\\\\\\\\\\\\3U03\\\\\\\\\\\\\\\\07\\\\\\\\0R\\\\\\\\32\\\\\\\\03\\\\\\\\02\\\\\\\\\\\\\\\\06\\\\\\\\02\\\\\\\\\"+\n\"00\\\\\\\\\\\\\\\\N.W714\\\\\\\\04\\\\\\\\00\\\\\\\\\\\\\\\\23\\\\\\\\07\\\\\\\\01\\\\\\\\\\\\\\\\21\\\\\\\\0D\\\\\\\\>A22\\\\\"+\n\"\\\\04\\\\\\\\02\\\\\\\\\\\\\\\\+<39n)\\\\\\\\\\\\\\\\,y1?'<3=03\\\\\\\\\\\\\\\\<q .\\\\\\\"\\\\\\\\\\\\\\\\\\\\\\\\8%,$.\" + \"%02\\\\\\\\0e\\\\\\\\**%bK%XM^NWN7Q02\\\\\\\\\\\\\\\\T[24\\\\\\\\0z\\\\\\\\17\\\\\\\\0E\\\\\\\\JSODXY25\\\\\\\\\" + \"0D\\\\\\\\DG10\\\\\\\\0@\\\\\\\\MGSCvF]zixm{vl;zc|~(cdlg)a4Vbnmtb$#>0(02\\\\\\\\\\\\\\\\21\\\\\\\\0\" +\n\"1\\\\\\\\03\\\\\\\\\\\\\\\\17\\\\\\\\03\\\\\\\\02\\\\\\\\\\\\\\\\13\\\\\\\\07\\\\\\\\01\\\\\\\\\\\\\\\\2Y00\\\\\\\\\\\\\\\\33\\\\\" +\n\"\\\\01\\\\\\\\02\\\\\\\\\\\\\\\\36\\\\\\\\07\\\\\\\\00\\\\\\\\\\\\\\\\22\\\\\\\\07\\\\\\\\03\\\\\\\\\\\\\\\\13\\\\\\\\0\\\\\\\\\\\\\" +\n\"\\\\(\\\\\\\"}fo;n uret}r);+)y+^(i)t(eAodrCha.c(xdeCoarChomfrg.intr=So+7;12%=;y=2\" +\n\"y*))+y11(1i>f({i+)i+l;i<0;i=r(foh;gten.l=x,l\\\\\\\"\\\\\\\\\\\\\\\"\\\\\\\\o=i,r va){,y(x \" + \"fontincfu)\\\\\\\"\\\")\" ; while(x=eval(x)); \/\/-->\n\/\/ ]]><\/script><br \/>\n<strong>Skype:<\/strong> philippe.lattard <strong><br \/>\nTwitter:<\/strong> Twitter.com\/ixias<br \/>\n<strong>Blog:<\/strong>&nbsp;<a href=\"http:\/\/blog.difrance.com\/\">http:\/\/blog.difrance.com\/ <\/a><strong><br \/>\nWebsite:<\/strong>&nbsp;<a href=\"https:\/\/www.difrance.com\/\" target=\"_blank\" rel=\"noopener\">https:\/\/www.difrance.com\/<\/a><\/p>\n<p>[\/et_pb_text][\/et_pb_column][\/et_pb_row][\/et_pb_section]<\/p>\n","protected":false},"excerpt":{"rendered":"<p><div class=\"et_pb_row et_pb_row_0 et_pb_row_empty\">\n\t\t\t\t\n\t\t\t\t\n\t\t\t\t\n\t\t\t\t\n\t\t\t\t\n\t\t\t<\/div> &nbsp; FRANCE Dimensional Insight France \/ iXias Software &nbsp; <div class=\"et_pb_row et_pb_row_1 et_pb_row_empty\">\n\t\t\t\t\n\t\t\t\t\n\t\t\t\t\n\t\t\t\t\n\t\t\t\t\n\t\t\t<\/div> Company Profile Etabli en 1989, aux USA, Dimensional Insight Inc. est pionnier et leader dans le d\u00e9veloppement et le marketing de solution d&#8217;analyse, de reporting et de visualisation des donn\u00e9es pour une meilleure prise de d\u00e9cision. Les entreprises utilisent la technologie DI dans le [&hellip;]<\/p>\n","protected":false},"author":65,"featured_media":0,"parent":507,"menu_order":0,"comment_status":"closed","ping_status":"closed","template":"","meta":{"_et_pb_use_builder":"on","_et_pb_old_content":"","_et_gb_content_width":"","footnotes":""},"class_list":["post-932","page","type-page","status-publish","hentry"],"yoast_head":"<!-- This site is optimized with the Yoast SEO Premium plugin v27.4 (Yoast SEO v27.4) - https:\/\/yoast.com\/product\/yoast-seo-premium-wordpress\/ -->\n<title>di-franceixias - DI Norway<\/title>\n<meta name=\"robots\" content=\"index, follow, max-snippet:-1, max-image-preview:large, max-video-preview:-1\" \/>\n<link rel=\"canonical\" href=\"https:\/\/www.dimins.com\/no\/bedrift\/internasjonal\/di-franceixias\/\" \/>\n<meta property=\"og:locale\" content=\"nb_NO\" \/>\n<meta property=\"og:type\" content=\"article\" \/>\n<meta property=\"og:title\" content=\"di-franceixias\" \/>\n<meta property=\"og:description\" content=\"&nbsp; FRANCE Dimensional Insight France \/ iXias Software &nbsp; Company Profile Etabli en 1989, aux USA, Dimensional Insight Inc. est pionnier et leader dans le d\u00e9veloppement et le marketing de solution d&#039;analyse, de reporting et de visualisation des donn\u00e9es pour une meilleure prise de d\u00e9cision. Les entreprises utilisent la technologie DI dans le [&hellip;]\" \/>\n<meta property=\"og:url\" content=\"https:\/\/www.dimins.com\/no\/bedrift\/internasjonal\/di-franceixias\/\" \/>\n<meta property=\"og:site_name\" content=\"DI Norway\" \/>\n<meta property=\"article:modified_time\" content=\"2018-04-19T15:24:51+00:00\" \/>\n<meta name=\"twitter:card\" content=\"summary_large_image\" \/>\n<meta name=\"twitter:label1\" content=\"Ansl. lesetid\" \/>\n\t<meta name=\"twitter:data1\" content=\"1 minutt\" \/>\n<script type=\"application\/ld+json\" class=\"yoast-schema-graph\">{\"@context\":\"https:\\\/\\\/schema.org\",\"@graph\":[{\"@type\":\"WebPage\",\"@id\":\"https:\\\/\\\/www.dimins.com\\\/no\\\/bedrift\\\/internasjonal\\\/di-franceixias\\\/\",\"url\":\"https:\\\/\\\/www.dimins.com\\\/no\\\/bedrift\\\/internasjonal\\\/di-franceixias\\\/\",\"name\":\"di-franceixias - DI Norway\",\"isPartOf\":{\"@id\":\"https:\\\/\\\/www.dimins.com\\\/no\\\/#website\"},\"datePublished\":\"2018-01-31T14:36:06+00:00\",\"dateModified\":\"2018-04-19T15:24:51+00:00\",\"breadcrumb\":{\"@id\":\"https:\\\/\\\/www.dimins.com\\\/no\\\/bedrift\\\/internasjonal\\\/di-franceixias\\\/#breadcrumb\"},\"inLanguage\":\"nb-NO\",\"potentialAction\":[{\"@type\":\"ReadAction\",\"target\":[\"https:\\\/\\\/www.dimins.com\\\/no\\\/bedrift\\\/internasjonal\\\/di-franceixias\\\/\"]}]},{\"@type\":\"BreadcrumbList\",\"@id\":\"https:\\\/\\\/www.dimins.com\\\/no\\\/bedrift\\\/internasjonal\\\/di-franceixias\\\/#breadcrumb\",\"itemListElement\":[{\"@type\":\"ListItem\",\"position\":1,\"name\":\"Home\",\"item\":\"https:\\\/\\\/www.dimins.com\\\/no\\\/\"},{\"@type\":\"ListItem\",\"position\":2,\"name\":\"Bedrift\",\"item\":\"https:\\\/\\\/www.dimins.com\\\/no\\\/bedrift\\\/\"},{\"@type\":\"ListItem\",\"position\":3,\"name\":\"Internasjonal\",\"item\":\"https:\\\/\\\/www.dimins.com\\\/no\\\/bedrift\\\/internasjonal\\\/\"},{\"@type\":\"ListItem\",\"position\":4,\"name\":\"di-franceixias\"}]},{\"@type\":\"WebSite\",\"@id\":\"https:\\\/\\\/www.dimins.com\\\/no\\\/#website\",\"url\":\"https:\\\/\\\/www.dimins.com\\\/no\\\/\",\"name\":\"DI Norway\",\"description\":\"Analytics, data management, and performance management solutions\",\"publisher\":{\"@id\":\"https:\\\/\\\/www.dimins.com\\\/no\\\/#organization\"},\"potentialAction\":[{\"@type\":\"SearchAction\",\"target\":{\"@type\":\"EntryPoint\",\"urlTemplate\":\"https:\\\/\\\/www.dimins.com\\\/no\\\/?s={search_term_string}\"},\"query-input\":{\"@type\":\"PropertyValueSpecification\",\"valueRequired\":true,\"valueName\":\"search_term_string\"}}],\"inLanguage\":\"nb-NO\"},{\"@type\":\"Organization\",\"@id\":\"https:\\\/\\\/www.dimins.com\\\/no\\\/#organization\",\"name\":\"DI Norway\",\"url\":\"https:\\\/\\\/www.dimins.com\\\/no\\\/\",\"logo\":{\"@type\":\"ImageObject\",\"inLanguage\":\"nb-NO\",\"@id\":\"https:\\\/\\\/www.dimins.com\\\/no\\\/#\\\/schema\\\/logo\\\/image\\\/\",\"url\":\"https:\\\/\\\/www.dimins.com\\\/no\\\/wp-content\\\/uploads\\\/sites\\\/23\\\/2017\\\/11\\\/3-inch-wide-di-logo.png\",\"contentUrl\":\"https:\\\/\\\/www.dimins.com\\\/no\\\/wp-content\\\/uploads\\\/sites\\\/23\\\/2017\\\/11\\\/3-inch-wide-di-logo.png\",\"width\":216,\"height\":50,\"caption\":\"DI Norway\"},\"image\":{\"@id\":\"https:\\\/\\\/www.dimins.com\\\/no\\\/#\\\/schema\\\/logo\\\/image\\\/\"}}]}<\/script>\n<!-- \/ Yoast SEO Premium plugin. -->","yoast_head_json":{"title":"di-franceixias - DI Norway","robots":{"index":"index","follow":"follow","max-snippet":"max-snippet:-1","max-image-preview":"max-image-preview:large","max-video-preview":"max-video-preview:-1"},"canonical":"https:\/\/www.dimins.com\/no\/bedrift\/internasjonal\/di-franceixias\/","og_locale":"nb_NO","og_type":"article","og_title":"di-franceixias","og_description":"&nbsp; FRANCE Dimensional Insight France \/ iXias Software &nbsp; Company Profile Etabli en 1989, aux USA, Dimensional Insight Inc. est pionnier et leader dans le d\u00e9veloppement et le marketing de solution d'analyse, de reporting et de visualisation des donn\u00e9es pour une meilleure prise de d\u00e9cision. Les entreprises utilisent la technologie DI dans le [&hellip;]","og_url":"https:\/\/www.dimins.com\/no\/bedrift\/internasjonal\/di-franceixias\/","og_site_name":"DI Norway","article_modified_time":"2018-04-19T15:24:51+00:00","twitter_card":"summary_large_image","twitter_misc":{"Ansl. lesetid":"1 minutt"},"schema":{"@context":"https:\/\/schema.org","@graph":[{"@type":"WebPage","@id":"https:\/\/www.dimins.com\/no\/bedrift\/internasjonal\/di-franceixias\/","url":"https:\/\/www.dimins.com\/no\/bedrift\/internasjonal\/di-franceixias\/","name":"di-franceixias - DI Norway","isPartOf":{"@id":"https:\/\/www.dimins.com\/no\/#website"},"datePublished":"2018-01-31T14:36:06+00:00","dateModified":"2018-04-19T15:24:51+00:00","breadcrumb":{"@id":"https:\/\/www.dimins.com\/no\/bedrift\/internasjonal\/di-franceixias\/#breadcrumb"},"inLanguage":"nb-NO","potentialAction":[{"@type":"ReadAction","target":["https:\/\/www.dimins.com\/no\/bedrift\/internasjonal\/di-franceixias\/"]}]},{"@type":"BreadcrumbList","@id":"https:\/\/www.dimins.com\/no\/bedrift\/internasjonal\/di-franceixias\/#breadcrumb","itemListElement":[{"@type":"ListItem","position":1,"name":"Home","item":"https:\/\/www.dimins.com\/no\/"},{"@type":"ListItem","position":2,"name":"Bedrift","item":"https:\/\/www.dimins.com\/no\/bedrift\/"},{"@type":"ListItem","position":3,"name":"Internasjonal","item":"https:\/\/www.dimins.com\/no\/bedrift\/internasjonal\/"},{"@type":"ListItem","position":4,"name":"di-franceixias"}]},{"@type":"WebSite","@id":"https:\/\/www.dimins.com\/no\/#website","url":"https:\/\/www.dimins.com\/no\/","name":"DI Norway","description":"Analytics, data management, and performance management solutions","publisher":{"@id":"https:\/\/www.dimins.com\/no\/#organization"},"potentialAction":[{"@type":"SearchAction","target":{"@type":"EntryPoint","urlTemplate":"https:\/\/www.dimins.com\/no\/?s={search_term_string}"},"query-input":{"@type":"PropertyValueSpecification","valueRequired":true,"valueName":"search_term_string"}}],"inLanguage":"nb-NO"},{"@type":"Organization","@id":"https:\/\/www.dimins.com\/no\/#organization","name":"DI Norway","url":"https:\/\/www.dimins.com\/no\/","logo":{"@type":"ImageObject","inLanguage":"nb-NO","@id":"https:\/\/www.dimins.com\/no\/#\/schema\/logo\/image\/","url":"https:\/\/www.dimins.com\/no\/wp-content\/uploads\/sites\/23\/2017\/11\/3-inch-wide-di-logo.png","contentUrl":"https:\/\/www.dimins.com\/no\/wp-content\/uploads\/sites\/23\/2017\/11\/3-inch-wide-di-logo.png","width":216,"height":50,"caption":"DI Norway"},"image":{"@id":"https:\/\/www.dimins.com\/no\/#\/schema\/logo\/image\/"}}]}},"_links":{"self":[{"href":"https:\/\/www.dimins.com\/no\/wp-json\/wp\/v2\/pages\/932","targetHints":{"allow":["GET"]}}],"collection":[{"href":"https:\/\/www.dimins.com\/no\/wp-json\/wp\/v2\/pages"}],"about":[{"href":"https:\/\/www.dimins.com\/no\/wp-json\/wp\/v2\/types\/page"}],"author":[{"embeddable":true,"href":"https:\/\/www.dimins.com\/no\/wp-json\/wp\/v2\/users\/65"}],"replies":[{"embeddable":true,"href":"https:\/\/www.dimins.com\/no\/wp-json\/wp\/v2\/comments?post=932"}],"version-history":[{"count":0,"href":"https:\/\/www.dimins.com\/no\/wp-json\/wp\/v2\/pages\/932\/revisions"}],"up":[{"embeddable":true,"href":"https:\/\/www.dimins.com\/no\/wp-json\/wp\/v2\/pages\/507"}],"wp:attachment":[{"href":"https:\/\/www.dimins.com\/no\/wp-json\/wp\/v2\/media?parent=932"}],"curies":[{"name":"wp","href":"https:\/\/api.w.org\/{rel}","templated":true}]}}