{"id":604,"date":"2018-01-11T22:03:29","date_gmt":"2018-01-11T22:03:29","guid":{"rendered":"https:\/\/www.dimins.com\/no\/?page_id=604"},"modified":"2019-06-20T14:55:49","modified_gmt":"2019-06-20T14:55:49","slug":"business-intelligence-jobs","status":"publish","type":"page","link":"https:\/\/www.dimins.com\/no\/bedrift\/business-intelligence-jobs\/","title":{"rendered":"Karriere"},"content":{"rendered":"<p>[et_pb_section bb_built=&raquo;1&#8243; specialty=&raquo;off&raquo; next_background_color=&raquo;#000000&#8243; _builder_version=&raquo;3.17.3&#8243; top_divider_style=&raquo;slant&raquo; top_divider_color=&raquo;rgba(61,151,211,0.11)&raquo; bottom_divider_color=&raquo;rgba(61,151,211,0.11)&raquo; top_divider_flip=&raquo;horizontal&raquo; custom_padding=&raquo;30px||30px|&raquo; custom_padding_phone=&raquo;25px||0px|&raquo; custom_padding_last_edited=&raquo;on|phone&raquo;][et_pb_row][et_pb_column type=&raquo;4_4&#8243;][et_pb_text admin_label=&raquo;Careers with Dimensional Insight&raquo; _builder_version=&raquo;3.17.3&#8243; header_text_align=&raquo;center&raquo; header_text_color=&raquo;#164e8b&raquo; header_font=&raquo;|600|||||||&raquo; header_font_size=&raquo;46px&raquo;]<\/p>\n<h1 style=\"text-align: center\">Karriere med Dimensional Insight<\/h1>\n<p>[\/et_pb_text][\/et_pb_column][\/et_pb_row][\/et_pb_section][et_pb_section bb_built=&raquo;1&#8243; _builder_version=&raquo;3.0.47&#8243; prev_background_color=&raquo;#000000&#8243;][et_pb_row _builder_version=&raquo;3.0.47&#8243; background_size=&raquo;initial&raquo; background_position=&raquo;top_left&raquo; background_repeat=&raquo;repeat&raquo;][et_pb_column type=&raquo;4_4&#8243;][et_pb_text admin_label=&raquo;text&raquo; _builder_version=&raquo;3.17.3&#8243; text_font=&raquo;|300|||||||&raquo;]<\/p>\n<p><span style=\"font-size: 16px; line-height: 150%;\">Hos Dimensional Insight har vi de siste 27 \u00e5rene utviklet og distribuert business intelligence (BI) l\u00f8sninger for komplekse, h\u00f8yt regulerte og compliance-drevne bransjer som helsevesen, logistikk og produksjon. Da v\u00e5re grunnleggere startet Dimensional Insight i 1989, \u00f8nsket de \u00e5 skape et selskap som gjorde en positiv forskjell i verden. Vi ser etter ansatte som f\u00f8ler det samme.<\/span><\/p>\n<p><span style=\"font-size: 16px; line-height: 150%;\">Vi \u00f8nsker drevne personer som samarbeider godt, til \u00e5 bli med i teamet v\u00e5rt. En lidenskap og forst\u00e5else for teknologi er viktig om man skal jobbe i Dimensional Insight, samt en evne til \u00e5 ta jobben din seri\u00f8st og f\u00e5 jobben gjort.<\/span><\/p>\n<p><span style=\"font-size: 16px; line-height: 150%;\">V\u00e5re medstiftere mener at deres ansvar er \u00e5 ta vare p\u00e5 sine ansatte og kunder, og til gjengjeld vil ansatte og kunder ta vare p\u00e5 Dimensional Insight. De ansatte i v\u00e5rt firma er virkelig en \u00abfamilie\u00bb. Vi tror ikke p\u00e5 kontorpolitikk. Vi tror bare p\u00e5 \u00e5 f\u00e5 jobben gjort, og til gjengjeld f\u00e5r du jobbe med personer som f\u00f8ler det samme. Det skal v\u00e6re g\u00f8y \u00e5 jobbe i Dimensional Insight.<\/span><\/p>\n<p><span style=\"font-size: 16px; line-height: 150%;\">Er du motivert, teknisk interessert og vil v\u00e6re med \u00e5 gj\u00f8re en forskjell?<\/span><\/p>\n<p><span style=\"font-size: 16px; line-height: 150%;\">Ta kontakt med Inge Hanssen <a href=\"mailto:inge@dimins.com\">inge@dimins.no<\/a><\/span><\/p>\n<p>[\/et_pb_text][\/et_pb_column][\/et_pb_row][\/et_pb_section]<\/p>\n","protected":false},"excerpt":{"rendered":"<p><div class=\"et_pb_row et_pb_row_0 et_pb_row_empty\">\n\t\t\t\t\n\t\t\t\t\n\t\t\t\t\n\t\t\t\t\n\t\t\t\t\n\t\t\t<\/div> Karriere med Dimensional Insight Hos Dimensional Insight har vi de siste 27 \u00e5rene utviklet og distribuert business intelligence (BI) l\u00f8sninger for komplekse, h\u00f8yt regulerte og compliance-drevne bransjer som helsevesen, logistikk og produksjon. Da v\u00e5re grunnleggere startet Dimensional Insight i 1989, \u00f8nsket de \u00e5 skape et selskap som gjorde en positiv forskjell i verden. Vi [&hellip;]<\/p>\n","protected":false},"author":65,"featured_media":0,"parent":406,"menu_order":0,"comment_status":"closed","ping_status":"closed","template":"","meta":{"_et_pb_use_builder":"on","_et_pb_old_content":"","_et_gb_content_width":"","footnotes":""},"class_list":["post-604","page","type-page","status-publish","hentry"],"yoast_head":"<!-- This site is optimized with the Yoast SEO Premium plugin v27.5 (Yoast SEO v27.5) - https:\/\/yoast.com\/product\/yoast-seo-premium-wordpress\/ -->\n<title>Business intelligence jobs - karriere med Dimensional Insight<\/title>\n<meta name=\"description\" content=\"Vi \u00f8nsker drevne personer som samarbeider godt, til \u00e5 bli med i teamet v\u00e5rt. En lidenskap og forst\u00e5else for teknologi er viktig om man skal jobbe i DI\" \/>\n<meta name=\"robots\" content=\"index, follow, max-snippet:-1, max-image-preview:large, max-video-preview:-1\" \/>\n<link rel=\"canonical\" href=\"https:\/\/www.dimins.com\/no\/bedrift\/business-intelligence-jobs\/\" \/>\n<meta property=\"og:locale\" content=\"nb_NO\" \/>\n<meta property=\"og:type\" content=\"article\" \/>\n<meta property=\"og:title\" content=\"Karriere\" \/>\n<meta property=\"og:description\" content=\"Vi \u00f8nsker drevne personer som samarbeider godt, til \u00e5 bli med i teamet v\u00e5rt. En lidenskap og forst\u00e5else for teknologi er viktig om man skal jobbe i DI\" \/>\n<meta property=\"og:url\" content=\"https:\/\/www.dimins.com\/no\/bedrift\/business-intelligence-jobs\/\" \/>\n<meta property=\"og:site_name\" content=\"DI Norway\" \/>\n<meta property=\"article:modified_time\" content=\"2019-06-20T14:55:49+00:00\" \/>\n<meta name=\"twitter:card\" content=\"summary_large_image\" \/>\n<meta name=\"twitter:label1\" content=\"Ansl. lesetid\" \/>\n\t<meta name=\"twitter:data1\" content=\"2 minutter\" \/>\n<script type=\"application\/ld+json\" class=\"yoast-schema-graph\">{\"@context\":\"https:\\\/\\\/schema.org\",\"@graph\":[{\"@type\":\"WebPage\",\"@id\":\"https:\\\/\\\/www.dimins.com\\\/no\\\/bedrift\\\/business-intelligence-jobs\\\/\",\"url\":\"https:\\\/\\\/www.dimins.com\\\/no\\\/bedrift\\\/business-intelligence-jobs\\\/\",\"name\":\"Business intelligence jobs - karriere med Dimensional Insight\",\"isPartOf\":{\"@id\":\"https:\\\/\\\/www.dimins.com\\\/no\\\/#website\"},\"datePublished\":\"2018-01-11T22:03:29+00:00\",\"dateModified\":\"2019-06-20T14:55:49+00:00\",\"description\":\"Vi \u00f8nsker drevne personer som samarbeider godt, til \u00e5 bli med i teamet v\u00e5rt. En lidenskap og forst\u00e5else for teknologi er viktig om man skal jobbe i DI\",\"breadcrumb\":{\"@id\":\"https:\\\/\\\/www.dimins.com\\\/no\\\/bedrift\\\/business-intelligence-jobs\\\/#breadcrumb\"},\"inLanguage\":\"nb-NO\",\"potentialAction\":[{\"@type\":\"ReadAction\",\"target\":[\"https:\\\/\\\/www.dimins.com\\\/no\\\/bedrift\\\/business-intelligence-jobs\\\/\"]}]},{\"@type\":\"BreadcrumbList\",\"@id\":\"https:\\\/\\\/www.dimins.com\\\/no\\\/bedrift\\\/business-intelligence-jobs\\\/#breadcrumb\",\"itemListElement\":[{\"@type\":\"ListItem\",\"position\":1,\"name\":\"Home\",\"item\":\"https:\\\/\\\/www.dimins.com\\\/no\\\/\"},{\"@type\":\"ListItem\",\"position\":2,\"name\":\"Bedrift\",\"item\":\"https:\\\/\\\/www.dimins.com\\\/no\\\/bedrift\\\/\"},{\"@type\":\"ListItem\",\"position\":3,\"name\":\"Karriere\"}]},{\"@type\":\"WebSite\",\"@id\":\"https:\\\/\\\/www.dimins.com\\\/no\\\/#website\",\"url\":\"https:\\\/\\\/www.dimins.com\\\/no\\\/\",\"name\":\"DI Norway\",\"description\":\"Analytics, data management, and performance management solutions\",\"publisher\":{\"@id\":\"https:\\\/\\\/www.dimins.com\\\/no\\\/#organization\"},\"potentialAction\":[{\"@type\":\"SearchAction\",\"target\":{\"@type\":\"EntryPoint\",\"urlTemplate\":\"https:\\\/\\\/www.dimins.com\\\/no\\\/?s={search_term_string}\"},\"query-input\":{\"@type\":\"PropertyValueSpecification\",\"valueRequired\":true,\"valueName\":\"search_term_string\"}}],\"inLanguage\":\"nb-NO\"},{\"@type\":\"Organization\",\"@id\":\"https:\\\/\\\/www.dimins.com\\\/no\\\/#organization\",\"name\":\"DI Norway\",\"url\":\"https:\\\/\\\/www.dimins.com\\\/no\\\/\",\"logo\":{\"@type\":\"ImageObject\",\"inLanguage\":\"nb-NO\",\"@id\":\"https:\\\/\\\/www.dimins.com\\\/no\\\/#\\\/schema\\\/logo\\\/image\\\/\",\"url\":\"https:\\\/\\\/www.dimins.com\\\/no\\\/wp-content\\\/uploads\\\/sites\\\/23\\\/2017\\\/11\\\/3-inch-wide-di-logo.png\",\"contentUrl\":\"https:\\\/\\\/www.dimins.com\\\/no\\\/wp-content\\\/uploads\\\/sites\\\/23\\\/2017\\\/11\\\/3-inch-wide-di-logo.png\",\"width\":216,\"height\":50,\"caption\":\"DI Norway\"},\"image\":{\"@id\":\"https:\\\/\\\/www.dimins.com\\\/no\\\/#\\\/schema\\\/logo\\\/image\\\/\"}}]}<\/script>\n<!-- \/ Yoast SEO Premium plugin. -->","yoast_head_json":{"title":"Business intelligence jobs - karriere med Dimensional Insight","description":"Vi \u00f8nsker drevne personer som samarbeider godt, til \u00e5 bli med i teamet v\u00e5rt. En lidenskap og forst\u00e5else for teknologi er viktig om man skal jobbe i DI","robots":{"index":"index","follow":"follow","max-snippet":"max-snippet:-1","max-image-preview":"max-image-preview:large","max-video-preview":"max-video-preview:-1"},"canonical":"https:\/\/www.dimins.com\/no\/bedrift\/business-intelligence-jobs\/","og_locale":"nb_NO","og_type":"article","og_title":"Karriere","og_description":"Vi \u00f8nsker drevne personer som samarbeider godt, til \u00e5 bli med i teamet v\u00e5rt. En lidenskap og forst\u00e5else for teknologi er viktig om man skal jobbe i DI","og_url":"https:\/\/www.dimins.com\/no\/bedrift\/business-intelligence-jobs\/","og_site_name":"DI Norway","article_modified_time":"2019-06-20T14:55:49+00:00","twitter_card":"summary_large_image","twitter_misc":{"Ansl. lesetid":"2 minutter"},"schema":{"@context":"https:\/\/schema.org","@graph":[{"@type":"WebPage","@id":"https:\/\/www.dimins.com\/no\/bedrift\/business-intelligence-jobs\/","url":"https:\/\/www.dimins.com\/no\/bedrift\/business-intelligence-jobs\/","name":"Business intelligence jobs - karriere med Dimensional Insight","isPartOf":{"@id":"https:\/\/www.dimins.com\/no\/#website"},"datePublished":"2018-01-11T22:03:29+00:00","dateModified":"2019-06-20T14:55:49+00:00","description":"Vi \u00f8nsker drevne personer som samarbeider godt, til \u00e5 bli med i teamet v\u00e5rt. En lidenskap og forst\u00e5else for teknologi er viktig om man skal jobbe i DI","breadcrumb":{"@id":"https:\/\/www.dimins.com\/no\/bedrift\/business-intelligence-jobs\/#breadcrumb"},"inLanguage":"nb-NO","potentialAction":[{"@type":"ReadAction","target":["https:\/\/www.dimins.com\/no\/bedrift\/business-intelligence-jobs\/"]}]},{"@type":"BreadcrumbList","@id":"https:\/\/www.dimins.com\/no\/bedrift\/business-intelligence-jobs\/#breadcrumb","itemListElement":[{"@type":"ListItem","position":1,"name":"Home","item":"https:\/\/www.dimins.com\/no\/"},{"@type":"ListItem","position":2,"name":"Bedrift","item":"https:\/\/www.dimins.com\/no\/bedrift\/"},{"@type":"ListItem","position":3,"name":"Karriere"}]},{"@type":"WebSite","@id":"https:\/\/www.dimins.com\/no\/#website","url":"https:\/\/www.dimins.com\/no\/","name":"DI Norway","description":"Analytics, data management, and performance management solutions","publisher":{"@id":"https:\/\/www.dimins.com\/no\/#organization"},"potentialAction":[{"@type":"SearchAction","target":{"@type":"EntryPoint","urlTemplate":"https:\/\/www.dimins.com\/no\/?s={search_term_string}"},"query-input":{"@type":"PropertyValueSpecification","valueRequired":true,"valueName":"search_term_string"}}],"inLanguage":"nb-NO"},{"@type":"Organization","@id":"https:\/\/www.dimins.com\/no\/#organization","name":"DI Norway","url":"https:\/\/www.dimins.com\/no\/","logo":{"@type":"ImageObject","inLanguage":"nb-NO","@id":"https:\/\/www.dimins.com\/no\/#\/schema\/logo\/image\/","url":"https:\/\/www.dimins.com\/no\/wp-content\/uploads\/sites\/23\/2017\/11\/3-inch-wide-di-logo.png","contentUrl":"https:\/\/www.dimins.com\/no\/wp-content\/uploads\/sites\/23\/2017\/11\/3-inch-wide-di-logo.png","width":216,"height":50,"caption":"DI Norway"},"image":{"@id":"https:\/\/www.dimins.com\/no\/#\/schema\/logo\/image\/"}}]}},"_links":{"self":[{"href":"https:\/\/www.dimins.com\/no\/wp-json\/wp\/v2\/pages\/604","targetHints":{"allow":["GET"]}}],"collection":[{"href":"https:\/\/www.dimins.com\/no\/wp-json\/wp\/v2\/pages"}],"about":[{"href":"https:\/\/www.dimins.com\/no\/wp-json\/wp\/v2\/types\/page"}],"author":[{"embeddable":true,"href":"https:\/\/www.dimins.com\/no\/wp-json\/wp\/v2\/users\/65"}],"replies":[{"embeddable":true,"href":"https:\/\/www.dimins.com\/no\/wp-json\/wp\/v2\/comments?post=604"}],"version-history":[{"count":0,"href":"https:\/\/www.dimins.com\/no\/wp-json\/wp\/v2\/pages\/604\/revisions"}],"up":[{"embeddable":true,"href":"https:\/\/www.dimins.com\/no\/wp-json\/wp\/v2\/pages\/406"}],"wp:attachment":[{"href":"https:\/\/www.dimins.com\/no\/wp-json\/wp\/v2\/media?parent=604"}],"curies":[{"name":"wp","href":"https:\/\/api.w.org\/{rel}","templated":true}]}}