{"id":319,"date":"2017-12-15T22:09:06","date_gmt":"2017-12-15T22:09:06","guid":{"rendered":"https:\/\/www.dimins.com\/no\/?page_id=319"},"modified":"2019-03-13T18:20:47","modified_gmt":"2019-03-13T18:20:47","slug":"blogg","status":"publish","type":"page","link":"https:\/\/www.dimins.com\/no\/blogg\/","title":{"rendered":"Blogg"},"content":{"rendered":"<p>[et_pb_section bb_built=&raquo;1&#8243; fullwidth=&raquo;on&raquo; specialty=&raquo;off&raquo; next_background_color=&raquo;#000000&#8243; disabled_on=&raquo;off|off|off&raquo; disabled=&raquo;off&raquo; _builder_version=&raquo;3.19.14&#8243;][et_pb_fullwidth_post_slider _builder_version=&raquo;3.19.14&#8243; posts_number=&raquo;3&#8243; include_categories=&raquo;505,554,2253,2251,2252,1&#8243; use_text_overlay=&raquo;off&raquo; button_alignment=&raquo;center&raquo; more_text=&raquo;Les mer&raquo; excerpt_length=&raquo;100&#8243; show_meta=&raquo;off&raquo; bg_overlay_color=&raquo;rgba(0,0,0,0.72)&raquo; header_font_size=&raquo;30&#8243; header_line_height=&raquo;1.5em&raquo; background_color=&raquo;rgba(126,190,197,0)&raquo; \/][\/et_pb_section][et_pb_section bb_built=&raquo;1&#8243; _builder_version=&raquo;3.17.3&#8243; custom_padding=&raquo;24px|0px|0px|0px&raquo; custom_css_main_element=&raquo;z-index: 10;&raquo; prev_background_color=&raquo;#000000&#8243; next_background_color=&raquo;#000000&#8243;][et_pb_row _builder_version=&raquo;3.17.3&#8243; background_size=&raquo;initial&raquo; background_position=&raquo;top_left&raquo; background_repeat=&raquo;repeat&raquo;][et_pb_column type=&raquo;4_4&#8243;][et_pb_search exclude_pages=&raquo;off&raquo; exclude_posts=&raquo;off&raquo; show_button=&raquo;off&raquo; placeholder=&raquo;S\u00f8k p\u00e5 bloggen v\u00e5r&raquo; _builder_version=&raquo;3.17.3&#8243; input_font=&raquo;||||||||&raquo; input_text_color=&raquo;#666666&#8243; max_width=&raquo;300px&raquo; custom_css_main_element=&raquo;margin: 0 auto;&raquo; button_text_size__hover_enabled=&raquo;off&raquo; button_text_size__hover=&raquo;null&raquo; button_one_text_size__hover_enabled=&raquo;off&raquo; button_one_text_size__hover=&raquo;null&raquo; button_two_text_size__hover_enabled=&raquo;off&raquo; button_two_text_size__hover=&raquo;null&raquo; button_text_color__hover_enabled=&raquo;off&raquo; button_text_color__hover=&raquo;null&raquo; button_one_text_color__hover_enabled=&raquo;off&raquo; button_one_text_color__hover=&raquo;null&raquo; button_two_text_color__hover_enabled=&raquo;off&raquo; button_two_text_color__hover=&raquo;null&raquo; button_border_width__hover_enabled=&raquo;off&raquo; button_border_width__hover=&raquo;null&raquo; button_one_border_width__hover_enabled=&raquo;off&raquo; button_one_border_width__hover=&raquo;null&raquo; button_two_border_width__hover_enabled=&raquo;off&raquo; button_two_border_width__hover=&raquo;null&raquo; button_border_color__hover_enabled=&raquo;off&raquo; button_border_color__hover=&raquo;null&raquo; button_one_border_color__hover_enabled=&raquo;off&raquo; button_one_border_color__hover=&raquo;null&raquo; button_two_border_color__hover_enabled=&raquo;off&raquo; button_two_border_color__hover=&raquo;null&raquo; button_border_radius__hover_enabled=&raquo;off&raquo; button_border_radius__hover=&raquo;null&raquo; button_one_border_radius__hover_enabled=&raquo;off&raquo; button_one_border_radius__hover=&raquo;null&raquo; button_two_border_radius__hover_enabled=&raquo;off&raquo; button_two_border_radius__hover=&raquo;null&raquo; button_letter_spacing__hover_enabled=&raquo;off&raquo; button_letter_spacing__hover=&raquo;null&raquo; button_one_letter_spacing__hover_enabled=&raquo;off&raquo; button_one_letter_spacing__hover=&raquo;null&raquo; button_two_letter_spacing__hover_enabled=&raquo;off&raquo; button_two_letter_spacing__hover=&raquo;null&raquo; button_bg_color__hover_enabled=&raquo;off&raquo; button_bg_color__hover=&raquo;null&raquo; button_one_bg_color__hover_enabled=&raquo;off&raquo; button_one_bg_color__hover=&raquo;null&raquo; button_two_bg_color__hover_enabled=&raquo;off&raquo; button_two_bg_color__hover=&raquo;null&raquo; \/][\/et_pb_column][\/et_pb_row][\/et_pb_section][et_pb_section bb_built=&raquo;1&#8243; module_id=&raquo;skew&raquo; module_class=&raquo;elegantdesign&raquo; _builder_version=&raquo;3.7&#8243; custom_padding=&raquo;13px|0px|54px|0px&raquo; prev_background_color=&raquo;#000000&#8243;][et_pb_row _builder_version=&raquo;3.7&#8243; background_size=&raquo;initial&raquo; background_position=&raquo;top_left&raquo; background_repeat=&raquo;repeat&raquo; module_class=&raquo;blog-flex-row-wrapper&raquo;][et_pb_column type=&raquo;4_4&#8243;][et_pb_blog fullwidth=&raquo;off&raquo; posts_number=&raquo;6&#8243; show_more=&raquo;on&raquo; show_author=&raquo;off&raquo; _builder_version=&raquo;3.17.3&#8243; pagination_font_size=&raquo;13&#8243; pagination_font_size_tablet=&raquo;51&#8243; pagination_line_height_tablet=&raquo;2&#8243; module_class=&raquo;custom_blog&raquo; overlay_icon_color=&raquo;rgba(255,255,255,0.95)&raquo; hover_overlay_color=&raquo;rgba(20,20,20,0.73)&raquo; header_line_height=&raquo;1.2em&raquo; header_text_color=&raquo;#164e8b&raquo; meta_text_align=&raquo;left&raquo; header_font_size=&raquo;16&#8243; meta_line_height=&raquo;1.3em&raquo; meta_text_color=&raquo;#9e9e9e&raquo; body_line_height=&raquo;1.5em&raquo; pagination_font=&raquo;|100||on|on|||#666666|&raquo; pagination_text_color=&raquo;#666666&#8243; meta_font_size=&raquo;10&#8243; box_shadow_style=&raquo;preset1&#8243; border_width_all=&raquo;0px&raquo; box_shadow_color=&raquo;rgba(61,151,211,0.11)&raquo; \/][\/et_pb_column][\/et_pb_row][\/et_pb_section]<\/p>\n","protected":false},"excerpt":{"rendered":"","protected":false},"author":65,"featured_media":0,"parent":0,"menu_order":0,"comment_status":"closed","ping_status":"closed","template":"","meta":{"_et_pb_use_builder":"on","_et_pb_old_content":"","_et_gb_content_width":"","footnotes":""},"class_list":["post-319","page","type-page","status-publish","hentry"],"yoast_head":"<!-- This site is optimized with the Yoast SEO Premium plugin v27.0 (Yoast SEO v27.2) - https:\/\/yoast.com\/product\/yoast-seo-premium-wordpress\/ -->\n<title>Blogg - DI Norway<\/title>\n<meta name=\"robots\" content=\"index, follow, max-snippet:-1, max-image-preview:large, max-video-preview:-1\" \/>\n<link rel=\"canonical\" href=\"https:\/\/www.dimins.com\/no\/blogg\/\" \/>\n<meta property=\"og:locale\" content=\"nb_NO\" \/>\n<meta property=\"og:type\" content=\"article\" \/>\n<meta property=\"og:title\" content=\"Blogg\" \/>\n<meta property=\"og:url\" content=\"https:\/\/www.dimins.com\/no\/blogg\/\" \/>\n<meta property=\"og:site_name\" content=\"DI Norway\" \/>\n<meta property=\"article:modified_time\" content=\"2019-03-13T18:20:47+00:00\" \/>\n<meta name=\"twitter:card\" content=\"summary_large_image\" \/>\n<meta name=\"twitter:label1\" content=\"Ansl. lesetid\" \/>\n\t<meta name=\"twitter:data1\" content=\"3 minutter\" \/>\n<script type=\"application\/ld+json\" class=\"yoast-schema-graph\">{\"@context\":\"https:\/\/schema.org\",\"@graph\":[{\"@type\":\"WebPage\",\"@id\":\"https:\/\/www.dimins.com\/no\/blogg\/\",\"url\":\"https:\/\/www.dimins.com\/no\/blogg\/\",\"name\":\"Blogg - DI Norway\",\"isPartOf\":{\"@id\":\"https:\/\/www.dimins.com\/no\/#website\"},\"datePublished\":\"2017-12-15T22:09:06+00:00\",\"dateModified\":\"2019-03-13T18:20:47+00:00\",\"breadcrumb\":{\"@id\":\"https:\/\/www.dimins.com\/no\/blogg\/#breadcrumb\"},\"inLanguage\":\"nb-NO\",\"potentialAction\":[{\"@type\":\"ReadAction\",\"target\":[\"https:\/\/www.dimins.com\/no\/blogg\/\"]}]},{\"@type\":\"BreadcrumbList\",\"@id\":\"https:\/\/www.dimins.com\/no\/blogg\/#breadcrumb\",\"itemListElement\":[{\"@type\":\"ListItem\",\"position\":1,\"name\":\"Home\",\"item\":\"https:\/\/www.dimins.com\/no\/\"},{\"@type\":\"ListItem\",\"position\":2,\"name\":\"Blogg\"}]},{\"@type\":\"WebSite\",\"@id\":\"https:\/\/www.dimins.com\/no\/#website\",\"url\":\"https:\/\/www.dimins.com\/no\/\",\"name\":\"DI Norway\",\"description\":\"Analytics, data management, and performance management solutions\",\"publisher\":{\"@id\":\"https:\/\/www.dimins.com\/no\/#organization\"},\"potentialAction\":[{\"@type\":\"SearchAction\",\"target\":{\"@type\":\"EntryPoint\",\"urlTemplate\":\"https:\/\/www.dimins.com\/no\/?s={search_term_string}\"},\"query-input\":{\"@type\":\"PropertyValueSpecification\",\"valueRequired\":true,\"valueName\":\"search_term_string\"}}],\"inLanguage\":\"nb-NO\"},{\"@type\":\"Organization\",\"@id\":\"https:\/\/www.dimins.com\/no\/#organization\",\"name\":\"DI Norway\",\"url\":\"https:\/\/www.dimins.com\/no\/\",\"logo\":{\"@type\":\"ImageObject\",\"inLanguage\":\"nb-NO\",\"@id\":\"https:\/\/www.dimins.com\/no\/#\/schema\/logo\/image\/\",\"url\":\"https:\/\/www.dimins.com\/no\/wp-content\/uploads\/sites\/23\/2017\/11\/3-inch-wide-di-logo.png\",\"contentUrl\":\"https:\/\/www.dimins.com\/no\/wp-content\/uploads\/sites\/23\/2017\/11\/3-inch-wide-di-logo.png\",\"width\":216,\"height\":50,\"caption\":\"DI Norway\"},\"image\":{\"@id\":\"https:\/\/www.dimins.com\/no\/#\/schema\/logo\/image\/\"}}]}<\/script>\n<!-- \/ Yoast SEO Premium plugin. -->","yoast_head_json":{"title":"Blogg - DI Norway","robots":{"index":"index","follow":"follow","max-snippet":"max-snippet:-1","max-image-preview":"max-image-preview:large","max-video-preview":"max-video-preview:-1"},"canonical":"https:\/\/www.dimins.com\/no\/blogg\/","og_locale":"nb_NO","og_type":"article","og_title":"Blogg","og_url":"https:\/\/www.dimins.com\/no\/blogg\/","og_site_name":"DI Norway","article_modified_time":"2019-03-13T18:20:47+00:00","twitter_card":"summary_large_image","twitter_misc":{"Ansl. lesetid":"3 minutter"},"schema":{"@context":"https:\/\/schema.org","@graph":[{"@type":"WebPage","@id":"https:\/\/www.dimins.com\/no\/blogg\/","url":"https:\/\/www.dimins.com\/no\/blogg\/","name":"Blogg - DI Norway","isPartOf":{"@id":"https:\/\/www.dimins.com\/no\/#website"},"datePublished":"2017-12-15T22:09:06+00:00","dateModified":"2019-03-13T18:20:47+00:00","breadcrumb":{"@id":"https:\/\/www.dimins.com\/no\/blogg\/#breadcrumb"},"inLanguage":"nb-NO","potentialAction":[{"@type":"ReadAction","target":["https:\/\/www.dimins.com\/no\/blogg\/"]}]},{"@type":"BreadcrumbList","@id":"https:\/\/www.dimins.com\/no\/blogg\/#breadcrumb","itemListElement":[{"@type":"ListItem","position":1,"name":"Home","item":"https:\/\/www.dimins.com\/no\/"},{"@type":"ListItem","position":2,"name":"Blogg"}]},{"@type":"WebSite","@id":"https:\/\/www.dimins.com\/no\/#website","url":"https:\/\/www.dimins.com\/no\/","name":"DI Norway","description":"Analytics, data management, and performance management solutions","publisher":{"@id":"https:\/\/www.dimins.com\/no\/#organization"},"potentialAction":[{"@type":"SearchAction","target":{"@type":"EntryPoint","urlTemplate":"https:\/\/www.dimins.com\/no\/?s={search_term_string}"},"query-input":{"@type":"PropertyValueSpecification","valueRequired":true,"valueName":"search_term_string"}}],"inLanguage":"nb-NO"},{"@type":"Organization","@id":"https:\/\/www.dimins.com\/no\/#organization","name":"DI Norway","url":"https:\/\/www.dimins.com\/no\/","logo":{"@type":"ImageObject","inLanguage":"nb-NO","@id":"https:\/\/www.dimins.com\/no\/#\/schema\/logo\/image\/","url":"https:\/\/www.dimins.com\/no\/wp-content\/uploads\/sites\/23\/2017\/11\/3-inch-wide-di-logo.png","contentUrl":"https:\/\/www.dimins.com\/no\/wp-content\/uploads\/sites\/23\/2017\/11\/3-inch-wide-di-logo.png","width":216,"height":50,"caption":"DI Norway"},"image":{"@id":"https:\/\/www.dimins.com\/no\/#\/schema\/logo\/image\/"}}]}},"_links":{"self":[{"href":"https:\/\/www.dimins.com\/no\/wp-json\/wp\/v2\/pages\/319","targetHints":{"allow":["GET"]}}],"collection":[{"href":"https:\/\/www.dimins.com\/no\/wp-json\/wp\/v2\/pages"}],"about":[{"href":"https:\/\/www.dimins.com\/no\/wp-json\/wp\/v2\/types\/page"}],"author":[{"embeddable":true,"href":"https:\/\/www.dimins.com\/no\/wp-json\/wp\/v2\/users\/65"}],"replies":[{"embeddable":true,"href":"https:\/\/www.dimins.com\/no\/wp-json\/wp\/v2\/comments?post=319"}],"version-history":[{"count":0,"href":"https:\/\/www.dimins.com\/no\/wp-json\/wp\/v2\/pages\/319\/revisions"}],"wp:attachment":[{"href":"https:\/\/www.dimins.com\/no\/wp-json\/wp\/v2\/media?parent=319"}],"curies":[{"name":"wp","href":"https:\/\/api.w.org\/{rel}","templated":true}]}}