{"id":2226,"date":"2018-12-04T15:15:42","date_gmt":"2018-12-04T15:15:42","guid":{"rendered":"https:\/\/www.dimins.com\/no\/?page_id=2226"},"modified":"2018-12-04T15:19:44","modified_gmt":"2018-12-04T15:19:44","slug":"measure-factory-poc-demo","status":"publish","type":"page","link":"https:\/\/www.dimins.com\/no\/bi\/measure-factory\/measure-factory-poc-demo\/","title":{"rendered":"measure factory poc demo"},"content":{"rendered":"<p>[et_pb_section bb_built=&raquo;1&#8243; use_custom_width=&raquo;on&raquo; width_unit=&raquo;off&raquo; custom_width_percent=&raquo;100%&raquo; make_equal=&raquo;on&raquo; use_custom_gutter=&raquo;on&raquo; gutter_width=&raquo;1&#8243; specialty=&raquo;on&raquo; custom_padding_last_edited=&raquo;on|&raquo; background_color_1=&raquo;rgba(0,57,102,0.67)&raquo; padding_top_1=&raquo;15%&raquo; padding_top_2=&raquo;2em&raquo; padding_right_1=&raquo;2em&raquo; padding_right_2=&raquo;2em&raquo; padding_bottom_1=&raquo;2em&raquo; padding_bottom_2=&raquo;2em&raquo; padding_left_1=&raquo;2em&raquo; padding_left_2=&raquo;2em&raquo; padding_1_tablet=&raquo;8%|2em|8%|2em&raquo; padding_1_last_edited=&raquo;on|tablet&raquo; module_class_1=&raquo; tdm-full-special-section-sidebar&raquo; module_class_2=&raquo;tdm-full-special-section-main&raquo; module_class=&raquo;tdm-full-special-section&raquo; _builder_version=&raquo;3.17.3&#8243; background_color=&raquo;rgba(0,0,0,0.69)&raquo; background_image=&raquo;https:\/\/www.dimins.com\/no\/wp-content\/uploads\/sites\/23\/2018\/11\/physicians-performance-advisor-top-photo-min.jpg&raquo; background_blend=&raquo;overlay&raquo; module_alignment=&raquo;center&raquo; custom_padding=&raquo;0px||0px|&raquo; next_background_color=&raquo;#ffffff&raquo;][et_pb_column type=&raquo;1_2&#8243;][et_pb_text admin_label=&raquo;Measure Factory automates data governance for faster, more accurate, decision-making capabilities.&raquo; _builder_version=&raquo;3.17.3&#8243; text_font_size=&raquo;30&#8243; header_font_size=&raquo;28&#8243; header_font_size_tablet=&raquo;25&#8243; header_font_size_phone=&raquo;20&#8243; header_font_size_last_edited=&raquo;on|phone&raquo; header_line_height=&raquo;1.7em&raquo; background_size=&raquo;initial&raquo; background_position=&raquo;top_left&raquo; background_repeat=&raquo;repeat&raquo; text_orientation=&raquo;center&raquo; background_layout=&raquo;dark&raquo; max_width=&raquo;75%&raquo; module_alignment=&raquo;center&raquo; use_border_color=&raquo;off&raquo; border_color=&raquo;#ffffff&raquo; border_style=&raquo;solid&raquo;]<\/p>\n<h1 style=\"line-height: 120%;font-weight: 400;text-align: center\">Measure Factory<sup><span style=\"font-size: 16px\">\u00ae<\/span><\/sup> automatiserer data governance for raskere og mer n\u00f8yaktig beslutningsmuligheter.<\/h1>\n<p>[\/et_pb_text][\/et_pb_column][et_pb_column type=&raquo;1_2&#8243; specialty_columns=&raquo;2&#8243;][et_pb_row_inner admin_label=&raquo;Row&raquo; custom_padding=&raquo;0px|||&raquo; _builder_version=&raquo;3.11.1&#8243; max_width=&raquo;85%&raquo; module_alignment=&raquo;center&raquo;][et_pb_column_inner type=&raquo;4_4&#8243; saved_specialty_column_type=&raquo;1_2&#8243;][et_pb_contact_form admin_label=&raquo;Request demo form&raquo; captcha=&raquo;off&raquo; email=&raquo;marketing@dimins.com&raquo; title=&raquo;Vennligst fyll inn skjemaet for \u00e5 be om en software demonstrasjon.&raquo; custom_message=&raquo;The following person has requested a demonstration of our Diver Platform software via DI Norway website. Please contact him\/her as soon as possible to set up an appointment:||et_pb_line_break_holder||||et_pb_line_break_holder||First: %%First-Name%%||et_pb_line_break_holder||Last: %%Last-Name%%||et_pb_line_break_holder||Job Title: %%Job-Title%%||et_pb_line_break_holder||Company: %%Company%%||et_pb_line_break_holder||Email: %%Email%%||et_pb_line_break_holder||Phone:%%Phone%%&raquo; success_message=&raquo;Thank you for your request. We will be in contact with you shortly.&raquo; submit_button_text=&raquo;Send&raquo; form_background_color=&raquo;#ffffff&raquo; module_id=&raquo;et_pb_contact_form_0&#8243; _builder_version=&raquo;3.17.3&#8243; title_level=&raquo;h6&#8243; title_text_align=&raquo;left&raquo; title_text_color=&raquo;#ffffff&raquo; title_font_size=&raquo;18&#8243; title_line_height=&raquo;1.2em&raquo; form_field_text_align=&raquo;left&raquo; form_field_font_size=&raquo;12&#8243; form_field_line_height=&raquo;1em&raquo; border_radii=&raquo;on|3px|3px|3px|3px&raquo; border_width_all=&raquo;1px&raquo; border_color_all=&raquo;rgba(61,151,211,0.11)&raquo; custom_button=&raquo;on&raquo; button_text_color=&raquo;#ffffff&raquo; button_bg_color=&raquo;#e65847&#8243; button_border_width=&raquo;1&#8243; button_border_color=&raquo;#e65847&#8243; button_use_icon=&raquo;off&raquo; box_shadow_style=&raquo;preset1&#8243; box_shadow_color=&raquo;rgba(61,151,211,0.11)&raquo; text_orientation=&raquo;left&raquo; button_text_color_hover=&raquo;#e65847&#8243; button_border_color_hover=&raquo;#e65847&#8243; button_bg_color_hover=&raquo;#ffffff&raquo;][et_pb_contact_field field_id=&raquo;First-Name&raquo; field_title=&raquo;Fornavn&raquo; fullwidth_field=&raquo;on&raquo; _builder_version=&raquo;3.17.3&#8243; border_radii=&raquo;on||||&raquo;][\/et_pb_contact_field][et_pb_contact_field field_id=&raquo;Last-Name&raquo; field_title=&raquo;Etternavn&raquo; fullwidth_field=&raquo;on&raquo; _builder_version=&raquo;3.17.3&#8243; border_radii=&raquo;on||||&raquo;][\/et_pb_contact_field][et_pb_contact_field field_id=&raquo;Job-Title&raquo; field_title=&raquo;Jobbtittel&raquo; fullwidth_field=&raquo;on&raquo; _builder_version=&raquo;3.17.3&#8243; border_radii=&raquo;on||||&raquo;][\/et_pb_contact_field][et_pb_contact_field field_id=&raquo;Company&raquo; field_title=&raquo;Bedrift&raquo; fullwidth_field=&raquo;on&raquo; _builder_version=&raquo;3.17.3&#8243; border_radii=&raquo;on||||&raquo;][\/et_pb_contact_field][et_pb_contact_field field_id=&raquo;Email&raquo; field_title=&raquo;E-post&raquo; field_type=&raquo;email&raquo; fullwidth_field=&raquo;on&raquo; _builder_version=&raquo;3.17.3&#8243; border_radii=&raquo;on||||&raquo;][\/et_pb_contact_field][et_pb_contact_field field_id=&raquo;Phone&raquo; field_title=&raquo;Tlf&raquo; max_length=&raquo;15&#8243; allowed_symbols=&raquo;numbers&raquo; fullwidth_field=&raquo;on&raquo; _builder_version=&raquo;3.17.3&#8243; border_radii=&raquo;on||||&raquo;][\/et_pb_contact_field][\/et_pb_contact_form][\/et_pb_column_inner][\/et_pb_row_inner][\/et_pb_column][\/et_pb_section][et_pb_section bb_built=&raquo;1&#8243; custom_padding_last_edited=&raquo;on|desktop&raquo; module_id=&raquo;quadrant_demo&raquo; _builder_version=&raquo;3.17.3&#8243; custom_padding=&raquo;50px|0px|50px|0px|true|false&raquo; custom_padding_tablet=&raquo;50px|0|50px|0&#8243; transparent_background=&raquo;off&raquo; prev_background_color=&raquo;rgba(0,0,0,0.69)&raquo; next_background_color=&raquo;#003966&#8243;][et_pb_row padding_mobile=&raquo;off&raquo; column_padding_mobile=&raquo;on&raquo; parallax_method_1=&raquo;off&raquo; parallax_method_2=&raquo;off&raquo; _builder_version=&raquo;3.11.1&#8243; background_size=&raquo;initial&raquo; background_position=&raquo;top_left&raquo; background_repeat=&raquo;repeat&raquo;][et_pb_column type=&raquo;1_2&#8243;][et_pb_code _builder_version=&raquo;3.17.3&#8243; saved_tabs=&raquo;all&raquo;]<\/p>\n<div><iframe loading=\"lazy\" width=\"560\" height=\"315\" src=\"https:\/\/www.youtube-nocookie.com\/embed\/hpK-PG2c1eg?rel=0\" frameborder=\"0\" allow=\"autoplay; encrypted-media\" allowfullscreen><\/iframe><\/div>\n<p>[\/et_pb_code][\/et_pb_column][et_pb_column type=&raquo;1_2&#8243;][et_pb_text admin_label=&raquo;Engage with your data through Diver\u2019s fully interactive dashboards&raquo; _builder_version=&raquo;3.17.3&#8243; text_font=&raquo;||||||||&raquo; text_text_color=&raquo;#0699a8&#8243; text_font_size=&raquo;23&#8243; text_font_size_phone=&raquo;20&#8243; text_font_size_last_edited=&raquo;on|phone&raquo; text_line_height=&raquo;1.3em&raquo; background_size=&raquo;initial&raquo; background_position=&raquo;top_left&raquo; background_repeat=&raquo;repeat&raquo; module_alignment=&raquo;left&raquo; custom_css_main_element=&raquo;padding-top: 0px;||Padding-bottom: 0px;||padding-right: 0px;||padding-left: 0px;||&raquo; border_style=&raquo;solid&raquo;]<\/p>\n<p><em><strong>Dykk ned i din data med Divers interaktive dashboards\u00a0<\/strong><\/em><\/p>\n<p>[\/et_pb_text][et_pb_text admin_label=&raquo;As a data-driven modern healthcare executive, &#8230;&raquo; _builder_version=&raquo;3.17.3&#8243; text_font=&raquo;|300|||||||&raquo; text_font_size=&raquo;16&#8243; text_font_size_last_edited=&raquo;on|desktop&raquo; header_text_color=&raquo;#878787&#8243; header_font_size_phone=&raquo;23px&raquo; header_font_size_last_edited=&raquo;on|phone&raquo; background_size=&raquo;initial&raquo; background_position=&raquo;top_left&raquo; background_repeat=&raquo;repeat&raquo; module_alignment=&raquo;left&raquo; custom_padding=&raquo;|20px||&raquo; border_style=&raquo;solid&raquo;]<\/p>\n<p>I dagens data-drevne samfunn trenger du ikke bare \u00e5 kjenne statusen til KPIene dine, men du trenger ogs\u00e5 muligheten til \u00e5 raskt dykke ned i informasjon for \u00e5 f\u00e5 et tydeligere bilde av hva som skjer n\u00e5r et sp\u00f8rsm\u00e5l dukker opp. Diver sitt interaktive dashboard gir deg alt du trenger for \u00e5 enkelt finne svar i dataene.\u00a0<\/p>\n<p>[\/et_pb_text][\/et_pb_column][\/et_pb_row][\/et_pb_section][et_pb_section bb_built=&raquo;1&#8243; _builder_version=&raquo;3.0.74&#8243; background_color=&raquo;#003966&#8243; custom_padding=&raquo;50px|0px|50px|0px|true|false&raquo; prev_background_color=&raquo;#ffffff&raquo; next_background_color=&raquo;#ffffff&raquo;][et_pb_row custom_padding_tablet=&raquo;||0px|&raquo; custom_padding_last_edited=&raquo;on|tablet&raquo; _builder_version=&raquo;3.11.1&#8243;][et_pb_column type=&raquo;4_4&#8243;][et_pb_text admin_label=&raquo;Identify measurable insights with the Best-In-KLAS Diver Platform&raquo; _builder_version=&raquo;3.11.1&#8243; header_2_line_height=&raquo;1.5em&raquo; text_orientation=&raquo;center&raquo; background_layout=&raquo;dark&raquo; module_alignment=&raquo;center&raquo; border_style=&raquo;solid&raquo;]<\/p>\n<h2 style=\"text-align: center\">Identifiser m\u00e5lbar innsikt med Best-In-KLAS Diver Platform\u2122<\/h2>\n<p>[\/et_pb_text][\/et_pb_column][\/et_pb_row][et_pb_row _builder_version=&raquo;3.0.47&#8243; background_size=&raquo;initial&raquo; background_position=&raquo;top_left&raquo; background_repeat=&raquo;repeat&raquo;][et_pb_column type=&raquo;1_2&#8243;][et_pb_text _builder_version=&raquo;3.17.3&#8243; text_font_size=&raquo;16&#8243; text_line_height=&raquo;1.5em&raquo; header_font_size=&raquo;18&#8243; header_5_font=&raquo;|300|||||||&raquo; header_5_line_height=&raquo;1.5em&raquo; background_size=&raquo;initial&raquo; background_position=&raquo;top_left&raquo; background_repeat=&raquo;repeat&raquo; background_layout=&raquo;dark&raquo; module_alignment=&raquo;left&raquo; custom_padding=&raquo;||0px|&raquo; border_style=&raquo;solid&raquo;]<\/p>\n<h5>Gj\u00f8r dataanalyser for organisasjonen tilgjengelig og fordelaktig for analytikere, linjebrukere og ledelsen. Alle kan f\u00e5 den informasjonen de trenger for \u00e5 ta informerte, fakta-baserte beslutninger. Diver sl\u00e5r enkelt sammen alle dataene dine som kommer fra forskjellige systemer og kilder.<\/h5>\n<p>[\/et_pb_text][\/et_pb_column][et_pb_column type=&raquo;1_2&#8243;][et_pb_text _builder_version=&raquo;3.17.3&#8243; text_font_size=&raquo;16&#8243; text_line_height=&raquo;1.5em&raquo; header_font_size=&raquo;18&#8243; header_5_font=&raquo;|300|||||||&raquo; header_5_line_height=&raquo;1.5em&raquo; background_size=&raquo;initial&raquo; background_position=&raquo;top_left&raquo; background_repeat=&raquo;repeat&raquo; background_layout=&raquo;dark&raquo; module_alignment=&raquo;left&raquo; border_style=&raquo;solid&raquo;]<\/p>\n<h5>Diver gir deg raskt viktig informasjon, i et format du kan bruke umiddelbart. Dette gir deg en mer fullstendig forst\u00e5else av dataene dine, slik at du kan ta bedre beslutninger for din organisasjon.<\/h5>\n<p>[\/et_pb_text][\/et_pb_column][\/et_pb_row][\/et_pb_section][et_pb_section bb_built=&raquo;1&#8243; custom_padding_last_edited=&raquo;on|phone&raquo; disabled_on=&raquo;off||&raquo; _builder_version=&raquo;3.11.1&#8243; background_color=&raquo;#ffffff&raquo; custom_padding=&raquo;50px||50px|&raquo; custom_padding_phone=&raquo;25px||25px|&raquo; prev_background_color=&raquo;#003966&#8243; next_background_color=&raquo;rgba(61,151,211,0.11)&raquo;][et_pb_row custom_width_px=&raquo;90%&raquo; padding_mobile=&raquo;off&raquo; column_padding_mobile=&raquo;on&raquo; parallax_method_1=&raquo;off&raquo; parallax_method_2=&raquo;off&raquo; background_position_1=&raquo;top_left&raquo; background_position_2=&raquo;top_left&raquo; background_repeat_1=&raquo;no-repeat&raquo; background_repeat_2=&raquo;no-repeat&raquo; _builder_version=&raquo;3.0.69&#8243; background_size=&raquo;initial&raquo; background_position=&raquo;top_left&raquo; background_repeat=&raquo;repeat&raquo;][et_pb_column type=&raquo;1_2&#8243;][et_pb_text admin_label=&raquo;168 Report Items at Your Disposal&raquo; _builder_version=&raquo;3.17.3&#8243; text_font=&raquo;|300|||||||&raquo; text_font_size=&raquo;16&#8243; text_font_size_phone=&raquo;20&#8243; text_font_size_last_edited=&raquo;on|desktop&raquo; ul_font_size=&raquo;16px&raquo; ul_line_height=&raquo;1.5em&raquo; header_text_color=&raquo;#ffffff&raquo; header_font_size=&raquo;20px&raquo; header_font_size_last_edited=&raquo;on|phone&raquo; header_3_text_color=&raquo;#164e8b&raquo; header_5_font=&raquo;|300|||||||&raquo; background_size=&raquo;initial&raquo; background_position=&raquo;top_left&raquo; background_repeat=&raquo;repeat&raquo; module_alignment=&raquo;left&raquo;]<\/p>\n<h3 style=\"font-weight: 600;text-align: left\"><em>168 Rapportobjekter til din disposisjon<\/em><\/h3>\n<ul>\n<li style=\"text-align: left\">\n<h5><strong>Kvadranter: \u00a0<\/strong>4 interaktive kvadranter i et dashboard<\/h5>\n<\/li>\n<li style=\"text-align: left\">\n<h5><strong>KPIer:<\/strong> 7 forskjellige KPI-visninger innenfor hver kvadrant<\/h5>\n<\/li>\n<li style=\"text-align: left\">\n<h5><strong>Datapunkter:<\/strong> 6 datapunkter i hver KPI<\/h5>\n<\/li>\n<\/ul>\n<h5 style=\"line-height: 150%\">Det er\u00a0<strong>168<\/strong>\u00a0rapportobjekter som st\u00e5r til din disposisjon med et enkelt museklikk. Ingen ekstra rapportskriving. Ingen foresp\u00f8rsler om ytterligere data. Ingen venting. Enkel og intuitiv.\u00a0<\/h5>\n<p>[\/et_pb_text][\/et_pb_column][et_pb_column type=&raquo;1_2&#8243;][et_pb_image src=&raquo;https:\/\/www.dimins.com\/no\/wp-content\/uploads\/sites\/23\/2018\/11\/Hospital-Operations-Dashboard-min.png&raquo; show_in_lightbox=&raquo;on&raquo; _builder_version=&raquo;3.17.3&#8243;]<\/p>\n<p><\/p>\n<p>[\/et_pb_image][\/et_pb_column][\/et_pb_row][\/et_pb_section][et_pb_section bb_built=&raquo;1&#8243; custom_padding_last_edited=&raquo;on|phone&raquo; _builder_version=&raquo;3.11.1&#8243; background_color=&raquo;rgba(61,151,211,0.11)&raquo; custom_padding=&raquo;50px||50px|&raquo; custom_padding_tablet=&raquo;50px|0|50px|0&#8243; custom_padding_phone=&raquo;25px|0px|25px|0px&raquo; transparent_background=&raquo;off&raquo; prev_background_color=&raquo;#ffffff&raquo;][et_pb_row _builder_version=&raquo;3.0.69&#8243; background_size=&raquo;initial&raquo; background_position=&raquo;top_left&raquo; background_repeat=&raquo;repeat&raquo;][et_pb_column type=&raquo;4_4&#8243;][et_pb_text admin_label=&raquo;Learn the power of Diver&raquo; _builder_version=&raquo;3.17.3&#8243; text_font=&raquo;|300|||||||&raquo; text_font_size=&raquo;16&#8243; text_font_size_tablet=&raquo;20&#8243; text_font_size_last_edited=&raquo;on|phone&raquo; text_line_height=&raquo;1.5em&raquo; header_line_height=&raquo;1.5em&raquo; header_2_text_color=&raquo;#164e8b&raquo; header_2_font_size_phone=&raquo;30px&raquo; header_2_font_size_last_edited=&raquo;on|phone&raquo; background_size=&raquo;initial&raquo; background_position=&raquo;top_left&raquo; background_repeat=&raquo;repeat&raquo; module_alignment=&raquo;left&raquo; use_border_color=&raquo;off&raquo; border_color=&raquo;#ffffff&raquo; border_style=&raquo;solid&raquo;]<\/p>\n<h2>Kraften av Diver<\/h2>\n<p>Mens andre analysel\u00f8sninger bare gir et h\u00f8yt niv\u00e5 av presentasjonen av data, gir Diver deg mye mer. Her ser du en presentasjon av m\u00e5leindikatorer og KPIer. Herfra kan du dykke videre ned til mer detaljer, i dette eksempelet, helt ned til pasientniv\u00e5 &#8212; for \u00e5 forst\u00e5 hvilke omr\u00e5der som trenger forbedring eller bedre forst\u00e5 prestasjonen.\u00a0<\/p>\n<p>[\/et_pb_text][et_pb_image src=&raquo;https:\/\/www.dimins.com\/no\/wp-content\/uploads\/sites\/23\/2018\/11\/diving-down-into-encounter-level-detail-min.png&raquo; align=&raquo;center&raquo; _builder_version=&raquo;3.17.3&#8243; max_width=&raquo;1280px&raquo; use_border_color=&raquo;off&raquo; border_color=&raquo;#ffffff&raquo; border_style=&raquo;solid&raquo; animation=&raquo;off&raquo; sticky=&raquo;off&raquo;]<\/p>\n<p><\/p>\n<p>[\/et_pb_image][\/et_pb_column][\/et_pb_row][\/et_pb_section]<\/p>\n","protected":false},"excerpt":{"rendered":"<p>Measure Factory\u00ae automatiserer data governance for raskere og mer n\u00f8yaktig beslutningsmuligheter. Dykk ned i din data med Divers interaktive dashboards\u00a0 I dagens data-drevne samfunn trenger du ikke bare \u00e5 kjenne statusen til KPIene dine, men du trenger ogs\u00e5 muligheten til \u00e5 raskt dykke ned i informasjon for \u00e5 f\u00e5 et tydeligere bilde av hva som [&hellip;]<\/p>\n","protected":false},"author":65,"featured_media":0,"parent":171,"menu_order":0,"comment_status":"closed","ping_status":"closed","template":"","meta":{"_et_pb_use_builder":"on","_et_pb_old_content":"","_et_gb_content_width":"","footnotes":""},"class_list":["post-2226","page","type-page","status-publish","hentry"],"yoast_head":"<!-- This site is optimized with the Yoast SEO Premium plugin v27.4 (Yoast SEO v27.4) - https:\/\/yoast.com\/product\/yoast-seo-premium-wordpress\/ -->\n<title>measure factory poc demo - DI Norway<\/title>\n<meta name=\"robots\" content=\"index, follow, max-snippet:-1, max-image-preview:large, max-video-preview:-1\" \/>\n<link rel=\"canonical\" href=\"https:\/\/www.dimins.com\/no\/bi\/measure-factory\/measure-factory-poc-demo\/\" \/>\n<meta property=\"og:locale\" content=\"nb_NO\" \/>\n<meta property=\"og:type\" content=\"article\" \/>\n<meta property=\"og:title\" content=\"measure factory poc demo\" \/>\n<meta property=\"og:description\" content=\"Measure Factory\u00ae automatiserer data governance for raskere og mer n\u00f8yaktig beslutningsmuligheter. Dykk ned i din data med Divers interaktive dashboards\u00a0 I dagens data-drevne samfunn trenger du ikke bare \u00e5 kjenne statusen til KPIene dine, men du trenger ogs\u00e5 muligheten til \u00e5 raskt dykke ned i informasjon for \u00e5 f\u00e5 et tydeligere bilde av hva som [&hellip;]\" \/>\n<meta property=\"og:url\" content=\"https:\/\/www.dimins.com\/no\/bi\/measure-factory\/measure-factory-poc-demo\/\" \/>\n<meta property=\"og:site_name\" content=\"DI Norway\" \/>\n<meta property=\"article:modified_time\" content=\"2018-12-04T15:19:44+00:00\" \/>\n<meta name=\"twitter:card\" content=\"summary_large_image\" \/>\n<meta name=\"twitter:label1\" content=\"Ansl. lesetid\" \/>\n\t<meta name=\"twitter:data1\" content=\"9 minutter\" \/>\n<script type=\"application\/ld+json\" class=\"yoast-schema-graph\">{\"@context\":\"https:\\\/\\\/schema.org\",\"@graph\":[{\"@type\":\"WebPage\",\"@id\":\"https:\\\/\\\/www.dimins.com\\\/no\\\/bi\\\/measure-factory\\\/measure-factory-poc-demo\\\/\",\"url\":\"https:\\\/\\\/www.dimins.com\\\/no\\\/bi\\\/measure-factory\\\/measure-factory-poc-demo\\\/\",\"name\":\"measure factory poc demo - DI Norway\",\"isPartOf\":{\"@id\":\"https:\\\/\\\/www.dimins.com\\\/no\\\/#website\"},\"datePublished\":\"2018-12-04T15:15:42+00:00\",\"dateModified\":\"2018-12-04T15:19:44+00:00\",\"breadcrumb\":{\"@id\":\"https:\\\/\\\/www.dimins.com\\\/no\\\/bi\\\/measure-factory\\\/measure-factory-poc-demo\\\/#breadcrumb\"},\"inLanguage\":\"nb-NO\",\"potentialAction\":[{\"@type\":\"ReadAction\",\"target\":[\"https:\\\/\\\/www.dimins.com\\\/no\\\/bi\\\/measure-factory\\\/measure-factory-poc-demo\\\/\"]}]},{\"@type\":\"BreadcrumbList\",\"@id\":\"https:\\\/\\\/www.dimins.com\\\/no\\\/bi\\\/measure-factory\\\/measure-factory-poc-demo\\\/#breadcrumb\",\"itemListElement\":[{\"@type\":\"ListItem\",\"position\":1,\"name\":\"Home\",\"item\":\"https:\\\/\\\/www.dimins.com\\\/no\\\/\"},{\"@type\":\"ListItem\",\"position\":2,\"name\":\"BI\",\"item\":\"https:\\\/\\\/www.dimins.com\\\/no\\\/bi\\\/\"},{\"@type\":\"ListItem\",\"position\":3,\"name\":\"Measure Factory\",\"item\":\"https:\\\/\\\/www.dimins.com\\\/no\\\/bi\\\/measure-factory\\\/\"},{\"@type\":\"ListItem\",\"position\":4,\"name\":\"measure factory poc demo\"}]},{\"@type\":\"WebSite\",\"@id\":\"https:\\\/\\\/www.dimins.com\\\/no\\\/#website\",\"url\":\"https:\\\/\\\/www.dimins.com\\\/no\\\/\",\"name\":\"DI Norway\",\"description\":\"Analytics, data management, and performance management solutions\",\"publisher\":{\"@id\":\"https:\\\/\\\/www.dimins.com\\\/no\\\/#organization\"},\"potentialAction\":[{\"@type\":\"SearchAction\",\"target\":{\"@type\":\"EntryPoint\",\"urlTemplate\":\"https:\\\/\\\/www.dimins.com\\\/no\\\/?s={search_term_string}\"},\"query-input\":{\"@type\":\"PropertyValueSpecification\",\"valueRequired\":true,\"valueName\":\"search_term_string\"}}],\"inLanguage\":\"nb-NO\"},{\"@type\":\"Organization\",\"@id\":\"https:\\\/\\\/www.dimins.com\\\/no\\\/#organization\",\"name\":\"DI Norway\",\"url\":\"https:\\\/\\\/www.dimins.com\\\/no\\\/\",\"logo\":{\"@type\":\"ImageObject\",\"inLanguage\":\"nb-NO\",\"@id\":\"https:\\\/\\\/www.dimins.com\\\/no\\\/#\\\/schema\\\/logo\\\/image\\\/\",\"url\":\"https:\\\/\\\/www.dimins.com\\\/no\\\/wp-content\\\/uploads\\\/sites\\\/23\\\/2017\\\/11\\\/3-inch-wide-di-logo.png\",\"contentUrl\":\"https:\\\/\\\/www.dimins.com\\\/no\\\/wp-content\\\/uploads\\\/sites\\\/23\\\/2017\\\/11\\\/3-inch-wide-di-logo.png\",\"width\":216,\"height\":50,\"caption\":\"DI Norway\"},\"image\":{\"@id\":\"https:\\\/\\\/www.dimins.com\\\/no\\\/#\\\/schema\\\/logo\\\/image\\\/\"}}]}<\/script>\n<!-- \/ Yoast SEO Premium plugin. -->","yoast_head_json":{"title":"measure factory poc demo - DI Norway","robots":{"index":"index","follow":"follow","max-snippet":"max-snippet:-1","max-image-preview":"max-image-preview:large","max-video-preview":"max-video-preview:-1"},"canonical":"https:\/\/www.dimins.com\/no\/bi\/measure-factory\/measure-factory-poc-demo\/","og_locale":"nb_NO","og_type":"article","og_title":"measure factory poc demo","og_description":"Measure Factory\u00ae automatiserer data governance for raskere og mer n\u00f8yaktig beslutningsmuligheter. Dykk ned i din data med Divers interaktive dashboards\u00a0 I dagens data-drevne samfunn trenger du ikke bare \u00e5 kjenne statusen til KPIene dine, men du trenger ogs\u00e5 muligheten til \u00e5 raskt dykke ned i informasjon for \u00e5 f\u00e5 et tydeligere bilde av hva som [&hellip;]","og_url":"https:\/\/www.dimins.com\/no\/bi\/measure-factory\/measure-factory-poc-demo\/","og_site_name":"DI Norway","article_modified_time":"2018-12-04T15:19:44+00:00","twitter_card":"summary_large_image","twitter_misc":{"Ansl. lesetid":"9 minutter"},"schema":{"@context":"https:\/\/schema.org","@graph":[{"@type":"WebPage","@id":"https:\/\/www.dimins.com\/no\/bi\/measure-factory\/measure-factory-poc-demo\/","url":"https:\/\/www.dimins.com\/no\/bi\/measure-factory\/measure-factory-poc-demo\/","name":"measure factory poc demo - DI Norway","isPartOf":{"@id":"https:\/\/www.dimins.com\/no\/#website"},"datePublished":"2018-12-04T15:15:42+00:00","dateModified":"2018-12-04T15:19:44+00:00","breadcrumb":{"@id":"https:\/\/www.dimins.com\/no\/bi\/measure-factory\/measure-factory-poc-demo\/#breadcrumb"},"inLanguage":"nb-NO","potentialAction":[{"@type":"ReadAction","target":["https:\/\/www.dimins.com\/no\/bi\/measure-factory\/measure-factory-poc-demo\/"]}]},{"@type":"BreadcrumbList","@id":"https:\/\/www.dimins.com\/no\/bi\/measure-factory\/measure-factory-poc-demo\/#breadcrumb","itemListElement":[{"@type":"ListItem","position":1,"name":"Home","item":"https:\/\/www.dimins.com\/no\/"},{"@type":"ListItem","position":2,"name":"BI","item":"https:\/\/www.dimins.com\/no\/bi\/"},{"@type":"ListItem","position":3,"name":"Measure Factory","item":"https:\/\/www.dimins.com\/no\/bi\/measure-factory\/"},{"@type":"ListItem","position":4,"name":"measure factory poc demo"}]},{"@type":"WebSite","@id":"https:\/\/www.dimins.com\/no\/#website","url":"https:\/\/www.dimins.com\/no\/","name":"DI Norway","description":"Analytics, data management, and performance management solutions","publisher":{"@id":"https:\/\/www.dimins.com\/no\/#organization"},"potentialAction":[{"@type":"SearchAction","target":{"@type":"EntryPoint","urlTemplate":"https:\/\/www.dimins.com\/no\/?s={search_term_string}"},"query-input":{"@type":"PropertyValueSpecification","valueRequired":true,"valueName":"search_term_string"}}],"inLanguage":"nb-NO"},{"@type":"Organization","@id":"https:\/\/www.dimins.com\/no\/#organization","name":"DI Norway","url":"https:\/\/www.dimins.com\/no\/","logo":{"@type":"ImageObject","inLanguage":"nb-NO","@id":"https:\/\/www.dimins.com\/no\/#\/schema\/logo\/image\/","url":"https:\/\/www.dimins.com\/no\/wp-content\/uploads\/sites\/23\/2017\/11\/3-inch-wide-di-logo.png","contentUrl":"https:\/\/www.dimins.com\/no\/wp-content\/uploads\/sites\/23\/2017\/11\/3-inch-wide-di-logo.png","width":216,"height":50,"caption":"DI Norway"},"image":{"@id":"https:\/\/www.dimins.com\/no\/#\/schema\/logo\/image\/"}}]}},"_links":{"self":[{"href":"https:\/\/www.dimins.com\/no\/wp-json\/wp\/v2\/pages\/2226","targetHints":{"allow":["GET"]}}],"collection":[{"href":"https:\/\/www.dimins.com\/no\/wp-json\/wp\/v2\/pages"}],"about":[{"href":"https:\/\/www.dimins.com\/no\/wp-json\/wp\/v2\/types\/page"}],"author":[{"embeddable":true,"href":"https:\/\/www.dimins.com\/no\/wp-json\/wp\/v2\/users\/65"}],"replies":[{"embeddable":true,"href":"https:\/\/www.dimins.com\/no\/wp-json\/wp\/v2\/comments?post=2226"}],"version-history":[{"count":0,"href":"https:\/\/www.dimins.com\/no\/wp-json\/wp\/v2\/pages\/2226\/revisions"}],"up":[{"embeddable":true,"href":"https:\/\/www.dimins.com\/no\/wp-json\/wp\/v2\/pages\/171"}],"wp:attachment":[{"href":"https:\/\/www.dimins.com\/no\/wp-json\/wp\/v2\/media?parent=2226"}],"curies":[{"name":"wp","href":"https:\/\/api.w.org\/{rel}","templated":true}]}}