{"id":1863,"date":"2018-09-13T08:24:01","date_gmt":"2018-09-13T08:24:01","guid":{"rendered":"https:\/\/www.dimins.com\/no\/?page_id=1863"},"modified":"2018-09-27T06:51:54","modified_gmt":"2018-09-27T06:51:54","slug":"last-ned-ebok-visualisering","status":"publish","type":"page","link":"https:\/\/www.dimins.com\/no\/last-ned-ebok-visualisering\/","title":{"rendered":"&#8211; &#8211; Last ned eBok om visualisering"},"content":{"rendered":"<p>[et_pb_section bb_built=&raquo;1&#8243; custom_padding_last_edited=&raquo;on|phone&raquo; _builder_version=&raquo;3.7&#8243; custom_margin=&raquo;||0px|&raquo; custom_padding=&raquo;0px|||&raquo; next_background_color=&raquo;#164e8b&raquo;][et_pb_row padding_top_1=&raquo;30px&raquo; padding_top_2=&raquo;30px&raquo; padding_right_1=&raquo;30px&raquo; padding_right_2=&raquo;30px&raquo; padding_bottom_1=&raquo;30px&raquo; padding_bottom_2=&raquo;30px&raquo; padding_left_1=&raquo;30px&raquo; padding_left_2=&raquo;30px&raquo; padding_2_phone=&raquo;0px|0px|0px|0px&raquo; padding_2_last_edited=&raquo;on|phone&raquo; _builder_version=&raquo;3.7&#8243; background_size=&raquo;initial&raquo; background_position=&raquo;top_left&raquo; background_repeat=&raquo;repeat&raquo;][et_pb_column type=&raquo;1_2&#8243;][et_pb_text ul_item_indent=&raquo;50px&raquo; _builder_version=&raquo;3.11.1&#8243; ul_text_align=&raquo;left&raquo; ul_line_height=&raquo;1.7em&raquo; header_font=&raquo;|300|||||||&raquo; header_text_color=&raquo;#164e8b&raquo; header_font_size=&raquo;20px&raquo; header_line_height=&raquo;1.1em&raquo;]<\/p>\n<h1>Visualiseringer ved bruk av Diver Platform<\/h1>\n<p>Visualiseringer er nyttige verkt\u00f8y for personer som jobber med dataanalyser. Nei, der er ikke bare fine.<\/p>\n<p>[\/et_pb_text][\/et_pb_column][et_pb_column type=&raquo;1_2&#8243;][et_pb_contact_form admin_label=&raquo;Form Download eBook Visualizations &raquo; captcha=&raquo;off&raquo; email=&raquo;marketing@dimins.com&raquo; title=&raquo;Last ned eBok om visualiseringer&raquo; custom_message=&raquo;The following person has filled out a form to download eBook about visualizations on DI Norway site. Please make note of it:||et_pb_line_break_holder||||et_pb_line_break_holder||*** Natalie! Please forward this to Tonje Hanssen at tonje@dimins.no ***||et_pb_line_break_holder||||et_pb_line_break_holder||First: %%First-Name%%||et_pb_line_break_holder||Last: %%Last-Name%%||et_pb_line_break_holder||Company: %%Company%%||et_pb_line_break_holder||Email: %%Email%%&raquo; use_redirect=&raquo;on&raquo; redirect_url=&raquo;https:\/\/www.dimins.com\/no\/wp-content\/uploads\/sites\/23\/2018\/09\/v6-K_Visualizations-Using-Diver-Platform-060618-min.pdf&raquo; success_message=&raquo;Takk for din foresp\u00f8rsel. Vi vil ta kontakt.&raquo; submit_button_text=&raquo;Last ned&raquo; form_background_color=&raquo;#ffffff&raquo; _builder_version=&raquo;3.11.1&#8243; title_level=&raquo;h6&#8243; title_font=&raquo;|300|||||||&raquo; title_text_color=&raquo;#164e8b&raquo; title_font_size=&raquo;18&#8243; title_line_height=&raquo;1.2em&raquo; form_field_text_align=&raquo;left&raquo; form_field_line_height=&raquo;1em&raquo; border_radii=&raquo;on|10px|10px|10px|10px&raquo; border_width_all=&raquo;1px&raquo; border_color_all=&raquo;#e65847&#8243; custom_button=&raquo;on&raquo; button_text_size=&raquo;15&#8243; button_text_color=&raquo;#ffffff&raquo; button_bg_color=&raquo;#e65847&#8243; button_border_width=&raquo;1&#8243; button_border_color=&raquo;#e65847&#8243; button_border_radius=&raquo;10&#8243; button_icon=&raquo;%%28%%&raquo; button_on_hover=&raquo;off&raquo; button_text_color_hover=&raquo;rgba(230,88,71,0.92)&raquo; button_bg_color_hover=&raquo;#ffffff&raquo; button_border_color_hover=&raquo;#e65847&#8243; button_border_radius_hover=&raquo;10&#8243; text_orientation=&raquo;left&raquo; custom_margin_tablet=&raquo;0px|||&raquo; custom_margin_last_edited=&raquo;on|tablet&raquo; custom_css_main_element=&raquo;padding: 40px;||box-shadow: 0 0 20px rgba(0,0,0,.1);||margin-bottom: -250px !important;||border-radius: 5px;||background: #ffffff !important;||position: relative !important;||z-index: 1;||&raquo; module_id=&raquo;et_pb_contact_form_1&#8243;][et_pb_contact_field field_id=&raquo;First-Name&raquo; field_title=&raquo;Fornavn&raquo; fullwidth_field=&raquo;on&raquo; _builder_version=&raquo;3.3.1&#8243;][\/et_pb_contact_field][et_pb_contact_field field_id=&raquo;Last-Name&raquo; field_title=&raquo;Etternavn&raquo; fullwidth_field=&raquo;on&raquo; _builder_version=&raquo;3.3.1&#8243;][\/et_pb_contact_field][et_pb_contact_field field_id=&raquo;Company&raquo; field_title=&raquo;Firma&raquo; fullwidth_field=&raquo;on&raquo; _builder_version=&raquo;3.3.1&#8243;][\/et_pb_contact_field][et_pb_contact_field field_id=&raquo;Email&raquo; field_title=&raquo;Email addresse&raquo; field_type=&raquo;email&raquo; fullwidth_field=&raquo;on&raquo; _builder_version=&raquo;3.3.1&#8243;][\/et_pb_contact_field][\/et_pb_contact_form][\/et_pb_column][\/et_pb_row][\/et_pb_section][et_pb_section bb_built=&raquo;1&#8243; _builder_version=&raquo;3.11.1&#8243; background_color=&raquo;#164e8b&raquo; background_image=&raquo;https:\/\/www.dimins.com\/no\/wp-content\/uploads\/sites\/23\/2018\/07\/Pattern-tile-repeat-min.png&raquo; background_size=&raquo;initial&raquo; background_position=&raquo;top_left&raquo; background_repeat=&raquo;repeat&raquo; background_blend=&raquo;multiply&raquo; custom_padding=&raquo;15px||0px|&raquo; custom_css_main_element=&raquo;position: relative;||z-index: 0;&raquo; prev_background_color=&raquo;#ffffff&raquo;][et_pb_row padding_1_tablet=&raquo;150px|||&raquo; padding_1_last_edited=&raquo;on|tablet&raquo; _builder_version=&raquo;3.7&#8243;][et_pb_column type=&raquo;1_2&#8243;][et_pb_text admin_label=&raquo;Text2&#8243; _builder_version=&raquo;3.11.1&#8243; ul_text_color=&raquo;#ffffff&raquo; text_text_color=&raquo;#ffffff&raquo;]<\/p>\n<p>Visualiseringer kommuniserer ogs\u00e5 informasjon raskt og hjelper for \u00e5 identifisere m\u00f8nstre og trender som kanskje ikke er s\u00e5 enkelt \u00e5 se n\u00e5r man ser p\u00e5 tabeller med tall.<\/p>\n<p>Det er mange forskjellige typer visualiseringer som kan opprettes med DivePort. Visualiseringene faller i flere kategorier av hvordan de blir opprettet.<\/p>\n<p>La oss utforske noen av disse visualiseringene, med utgangspunkt i de som ble opprettet med Chart portlet.<\/p>\n<p>[\/et_pb_text][\/et_pb_column][et_pb_column type=&raquo;1_2&#8243;][\/et_pb_column][\/et_pb_row][\/et_pb_section]<\/p>\n","protected":false},"excerpt":{"rendered":"<p>Visualiseringer ved bruk av Diver Platform Visualiseringer er nyttige verkt\u00f8y for personer som jobber med dataanalyser. Nei, der er ikke bare fine. Visualiseringer kommuniserer ogs\u00e5 informasjon raskt og hjelper for \u00e5 identifisere m\u00f8nstre og trender som kanskje ikke er s\u00e5 enkelt \u00e5 se n\u00e5r man ser p\u00e5 tabeller med tall. Det er mange forskjellige typer [&hellip;]<\/p>\n","protected":false},"author":79,"featured_media":0,"parent":0,"menu_order":0,"comment_status":"closed","ping_status":"closed","template":"","meta":{"_et_pb_use_builder":"on","_et_pb_old_content":"","_et_gb_content_width":"","footnotes":""},"class_list":["post-1863","page","type-page","status-publish","hentry"],"yoast_head":"<!-- This site is optimized with the Yoast SEO Premium plugin v27.5 (Yoast SEO v27.5) - https:\/\/yoast.com\/product\/yoast-seo-premium-wordpress\/ -->\n<title>eBok om visualisering I Last ned eBoken her - DI Norway<\/title>\n<meta name=\"description\" content=\"Last ned eBok om visualisering. Visualiseringer er nyttige verkt\u00f8y og kan kommunisere informasjon raskt og hjelper \u00e5 identifisere trender.\" \/>\n<meta name=\"robots\" content=\"index, follow, max-snippet:-1, max-image-preview:large, max-video-preview:-1\" \/>\n<link rel=\"canonical\" href=\"https:\/\/www.dimins.com\/no\/last-ned-ebok-visualisering\/\" \/>\n<meta property=\"og:locale\" content=\"nb_NO\" \/>\n<meta property=\"og:type\" content=\"article\" \/>\n<meta property=\"og:title\" content=\"- - Last ned eBok om visualisering\" \/>\n<meta property=\"og:description\" content=\"Last ned eBok om visualisering. Visualiseringer er nyttige verkt\u00f8y og kan kommunisere informasjon raskt og hjelper \u00e5 identifisere trender.\" \/>\n<meta property=\"og:url\" content=\"https:\/\/www.dimins.com\/no\/last-ned-ebok-visualisering\/\" \/>\n<meta property=\"og:site_name\" content=\"DI Norway\" \/>\n<meta property=\"article:modified_time\" content=\"2018-09-27T06:51:54+00:00\" \/>\n<meta name=\"twitter:card\" content=\"summary_large_image\" \/>\n<meta name=\"twitter:label1\" content=\"Ansl. lesetid\" \/>\n\t<meta name=\"twitter:data1\" content=\"3 minutter\" \/>\n<script type=\"application\/ld+json\" class=\"yoast-schema-graph\">{\"@context\":\"https:\\\/\\\/schema.org\",\"@graph\":[{\"@type\":\"WebPage\",\"@id\":\"https:\\\/\\\/www.dimins.com\\\/no\\\/last-ned-ebok-visualisering\\\/\",\"url\":\"https:\\\/\\\/www.dimins.com\\\/no\\\/last-ned-ebok-visualisering\\\/\",\"name\":\"eBok om visualisering I Last ned eBoken her - DI Norway\",\"isPartOf\":{\"@id\":\"https:\\\/\\\/www.dimins.com\\\/no\\\/#website\"},\"datePublished\":\"2018-09-13T08:24:01+00:00\",\"dateModified\":\"2018-09-27T06:51:54+00:00\",\"description\":\"Last ned eBok om visualisering. Visualiseringer er nyttige verkt\u00f8y og kan kommunisere informasjon raskt og hjelper \u00e5 identifisere trender.\",\"breadcrumb\":{\"@id\":\"https:\\\/\\\/www.dimins.com\\\/no\\\/last-ned-ebok-visualisering\\\/#breadcrumb\"},\"inLanguage\":\"nb-NO\",\"potentialAction\":[{\"@type\":\"ReadAction\",\"target\":[\"https:\\\/\\\/www.dimins.com\\\/no\\\/last-ned-ebok-visualisering\\\/\"]}]},{\"@type\":\"BreadcrumbList\",\"@id\":\"https:\\\/\\\/www.dimins.com\\\/no\\\/last-ned-ebok-visualisering\\\/#breadcrumb\",\"itemListElement\":[{\"@type\":\"ListItem\",\"position\":1,\"name\":\"Home\",\"item\":\"https:\\\/\\\/www.dimins.com\\\/no\\\/\"},{\"@type\":\"ListItem\",\"position\":2,\"name\":\"&#8211; &#8211; Last ned eBok om visualisering\"}]},{\"@type\":\"WebSite\",\"@id\":\"https:\\\/\\\/www.dimins.com\\\/no\\\/#website\",\"url\":\"https:\\\/\\\/www.dimins.com\\\/no\\\/\",\"name\":\"DI Norway\",\"description\":\"Analytics, data management, and performance management solutions\",\"publisher\":{\"@id\":\"https:\\\/\\\/www.dimins.com\\\/no\\\/#organization\"},\"potentialAction\":[{\"@type\":\"SearchAction\",\"target\":{\"@type\":\"EntryPoint\",\"urlTemplate\":\"https:\\\/\\\/www.dimins.com\\\/no\\\/?s={search_term_string}\"},\"query-input\":{\"@type\":\"PropertyValueSpecification\",\"valueRequired\":true,\"valueName\":\"search_term_string\"}}],\"inLanguage\":\"nb-NO\"},{\"@type\":\"Organization\",\"@id\":\"https:\\\/\\\/www.dimins.com\\\/no\\\/#organization\",\"name\":\"DI Norway\",\"url\":\"https:\\\/\\\/www.dimins.com\\\/no\\\/\",\"logo\":{\"@type\":\"ImageObject\",\"inLanguage\":\"nb-NO\",\"@id\":\"https:\\\/\\\/www.dimins.com\\\/no\\\/#\\\/schema\\\/logo\\\/image\\\/\",\"url\":\"https:\\\/\\\/www.dimins.com\\\/no\\\/wp-content\\\/uploads\\\/sites\\\/23\\\/2017\\\/11\\\/3-inch-wide-di-logo.png\",\"contentUrl\":\"https:\\\/\\\/www.dimins.com\\\/no\\\/wp-content\\\/uploads\\\/sites\\\/23\\\/2017\\\/11\\\/3-inch-wide-di-logo.png\",\"width\":216,\"height\":50,\"caption\":\"DI Norway\"},\"image\":{\"@id\":\"https:\\\/\\\/www.dimins.com\\\/no\\\/#\\\/schema\\\/logo\\\/image\\\/\"}}]}<\/script>\n<!-- \/ Yoast SEO Premium plugin. -->","yoast_head_json":{"title":"eBok om visualisering I Last ned eBoken her - DI Norway","description":"Last ned eBok om visualisering. Visualiseringer er nyttige verkt\u00f8y og kan kommunisere informasjon raskt og hjelper \u00e5 identifisere trender.","robots":{"index":"index","follow":"follow","max-snippet":"max-snippet:-1","max-image-preview":"max-image-preview:large","max-video-preview":"max-video-preview:-1"},"canonical":"https:\/\/www.dimins.com\/no\/last-ned-ebok-visualisering\/","og_locale":"nb_NO","og_type":"article","og_title":"- - Last ned eBok om visualisering","og_description":"Last ned eBok om visualisering. Visualiseringer er nyttige verkt\u00f8y og kan kommunisere informasjon raskt og hjelper \u00e5 identifisere trender.","og_url":"https:\/\/www.dimins.com\/no\/last-ned-ebok-visualisering\/","og_site_name":"DI Norway","article_modified_time":"2018-09-27T06:51:54+00:00","twitter_card":"summary_large_image","twitter_misc":{"Ansl. lesetid":"3 minutter"},"schema":{"@context":"https:\/\/schema.org","@graph":[{"@type":"WebPage","@id":"https:\/\/www.dimins.com\/no\/last-ned-ebok-visualisering\/","url":"https:\/\/www.dimins.com\/no\/last-ned-ebok-visualisering\/","name":"eBok om visualisering I Last ned eBoken her - DI Norway","isPartOf":{"@id":"https:\/\/www.dimins.com\/no\/#website"},"datePublished":"2018-09-13T08:24:01+00:00","dateModified":"2018-09-27T06:51:54+00:00","description":"Last ned eBok om visualisering. Visualiseringer er nyttige verkt\u00f8y og kan kommunisere informasjon raskt og hjelper \u00e5 identifisere trender.","breadcrumb":{"@id":"https:\/\/www.dimins.com\/no\/last-ned-ebok-visualisering\/#breadcrumb"},"inLanguage":"nb-NO","potentialAction":[{"@type":"ReadAction","target":["https:\/\/www.dimins.com\/no\/last-ned-ebok-visualisering\/"]}]},{"@type":"BreadcrumbList","@id":"https:\/\/www.dimins.com\/no\/last-ned-ebok-visualisering\/#breadcrumb","itemListElement":[{"@type":"ListItem","position":1,"name":"Home","item":"https:\/\/www.dimins.com\/no\/"},{"@type":"ListItem","position":2,"name":"&#8211; &#8211; Last ned eBok om visualisering"}]},{"@type":"WebSite","@id":"https:\/\/www.dimins.com\/no\/#website","url":"https:\/\/www.dimins.com\/no\/","name":"DI Norway","description":"Analytics, data management, and performance management solutions","publisher":{"@id":"https:\/\/www.dimins.com\/no\/#organization"},"potentialAction":[{"@type":"SearchAction","target":{"@type":"EntryPoint","urlTemplate":"https:\/\/www.dimins.com\/no\/?s={search_term_string}"},"query-input":{"@type":"PropertyValueSpecification","valueRequired":true,"valueName":"search_term_string"}}],"inLanguage":"nb-NO"},{"@type":"Organization","@id":"https:\/\/www.dimins.com\/no\/#organization","name":"DI Norway","url":"https:\/\/www.dimins.com\/no\/","logo":{"@type":"ImageObject","inLanguage":"nb-NO","@id":"https:\/\/www.dimins.com\/no\/#\/schema\/logo\/image\/","url":"https:\/\/www.dimins.com\/no\/wp-content\/uploads\/sites\/23\/2017\/11\/3-inch-wide-di-logo.png","contentUrl":"https:\/\/www.dimins.com\/no\/wp-content\/uploads\/sites\/23\/2017\/11\/3-inch-wide-di-logo.png","width":216,"height":50,"caption":"DI Norway"},"image":{"@id":"https:\/\/www.dimins.com\/no\/#\/schema\/logo\/image\/"}}]}},"_links":{"self":[{"href":"https:\/\/www.dimins.com\/no\/wp-json\/wp\/v2\/pages\/1863","targetHints":{"allow":["GET"]}}],"collection":[{"href":"https:\/\/www.dimins.com\/no\/wp-json\/wp\/v2\/pages"}],"about":[{"href":"https:\/\/www.dimins.com\/no\/wp-json\/wp\/v2\/types\/page"}],"author":[{"embeddable":true,"href":"https:\/\/www.dimins.com\/no\/wp-json\/wp\/v2\/users\/79"}],"replies":[{"embeddable":true,"href":"https:\/\/www.dimins.com\/no\/wp-json\/wp\/v2\/comments?post=1863"}],"version-history":[{"count":0,"href":"https:\/\/www.dimins.com\/no\/wp-json\/wp\/v2\/pages\/1863\/revisions"}],"wp:attachment":[{"href":"https:\/\/www.dimins.com\/no\/wp-json\/wp\/v2\/media?parent=1863"}],"curies":[{"name":"wp","href":"https:\/\/api.w.org\/{rel}","templated":true}]}}