{"id":1583,"date":"2018-07-25T10:46:27","date_gmt":"2018-07-25T10:46:27","guid":{"rendered":"https:\/\/www.dimins.com\/no\/?page_id=1583"},"modified":"2018-08-09T14:05:19","modified_gmt":"2018-08-09T14:05:19","slug":"last-ned-simulation-ebook","status":"publish","type":"page","link":"https:\/\/www.dimins.com\/no\/last-ned-simulation-ebook\/","title":{"rendered":"&#8211; &#8211; Last ned Simulation eBook"},"content":{"rendered":"<p>[et_pb_section bb_built=&raquo;1&#8243; custom_padding_last_edited=&raquo;on|phone&raquo; _builder_version=&raquo;3.7&#8243; custom_margin=&raquo;||0px|&raquo; custom_padding=&raquo;0px|||&raquo; next_background_color=&raquo;#164e8b&raquo;][et_pb_row padding_top_1=&raquo;30px&raquo; padding_top_2=&raquo;30px&raquo; padding_right_1=&raquo;30px&raquo; padding_right_2=&raquo;30px&raquo; padding_bottom_1=&raquo;30px&raquo; padding_bottom_2=&raquo;30px&raquo; padding_left_1=&raquo;30px&raquo; padding_left_2=&raquo;30px&raquo; padding_2_phone=&raquo;0px|0px|0px|0px&raquo; padding_2_last_edited=&raquo;on|phone&raquo; _builder_version=&raquo;3.7&#8243; background_size=&raquo;initial&raquo; background_position=&raquo;top_left&raquo; background_repeat=&raquo;repeat&raquo;][et_pb_column type=&raquo;1_2&#8243;][et_pb_text ul_item_indent=&raquo;50px&raquo; _builder_version=&raquo;3.7&#8243; ul_text_align=&raquo;left&raquo; ul_line_height=&raquo;1.7em&raquo; header_font=&raquo;|300|||||||&raquo; header_text_color=&raquo;#164e8b&raquo; header_font_size=&raquo;20px&raquo; header_line_height=&raquo;1.1em&raquo;]<\/p>\n<h1>Simulering: Modellering av \u00e5rsak og effekt for kraftfull prediktiv analyse<\/h1>\n<p>Det er to hovedmetoder for \u00e5 implementere prediktiv analyse: m\u00f8nstergjenkjenning og simulering.<\/p>\n<p>[\/et_pb_text][\/et_pb_column][et_pb_column type=&raquo;1_2&#8243;][et_pb_contact_form admin_label=&raquo;Form Download eBook Simulation&raquo; captcha=&raquo;off&raquo; email=&raquo;marketing@dimins.com&raquo; title=&raquo;Last ned eBok om simulering&raquo; custom_message=&raquo;The following person has filled out a form to download 2018 Dresner Market Study on DI Norway site. Please make note of it:||et_pb_line_break_holder||||et_pb_line_break_holder||*** Natalie! Please forward this to Tonje Hanssen at tonje@dimins.no ***||et_pb_line_break_holder||||et_pb_line_break_holder||First: %%First-Name%%||et_pb_line_break_holder||Last: %%Last-Name%%||et_pb_line_break_holder||Company: %%Company%%||et_pb_line_break_holder||Email: %%Email%%&raquo; use_redirect=&raquo;on&raquo; redirect_url=&raquo;https:\/\/www.dimins.com\/no\/wp-content\/uploads\/sites\/23\/2018\/07\/Simulation-Modeling-Cause-and-Effect-for-Powerful-Predictive-Analytics-min.pdf&raquo; success_message=&raquo;Takk for din foresp\u00f8rsel. Vi vil ta kontakt.&raquo; submit_button_text=&raquo;Last ned&raquo; form_background_color=&raquo;#ffffff&raquo; _builder_version=&raquo;3.7&#8243; title_level=&raquo;h6&#8243; title_font=&raquo;|300|||||||&raquo; title_text_color=&raquo;#164e8b&raquo; title_font_size=&raquo;18&#8243; title_line_height=&raquo;1.2em&raquo; form_field_text_align=&raquo;left&raquo; form_field_line_height=&raquo;1em&raquo; border_radii=&raquo;on|10px|10px|10px|10px&raquo; border_width_all=&raquo;1px&raquo; border_color_all=&raquo;#e65847&#8243; custom_button=&raquo;on&raquo; button_text_size=&raquo;15&#8243; button_text_color=&raquo;#ffffff&raquo; button_bg_color=&raquo;#e65847&#8243; button_border_width=&raquo;1&#8243; button_border_color=&raquo;#e65847&#8243; button_border_radius=&raquo;10&#8243; button_icon=&raquo;%%28%%&raquo; button_on_hover=&raquo;off&raquo; button_text_color_hover=&raquo;rgba(230,88,71,0.92)&raquo; button_bg_color_hover=&raquo;#ffffff&raquo; button_border_color_hover=&raquo;#e65847&#8243; button_border_radius_hover=&raquo;10&#8243; text_orientation=&raquo;left&raquo; custom_margin_tablet=&raquo;0px|||&raquo; custom_margin_last_edited=&raquo;on|tablet&raquo; custom_css_main_element=&raquo;padding: 40px;||box-shadow: 0 0 20px rgba(0,0,0,.1);||margin-bottom: -250px !important;||border-radius: 5px;||background: #ffffff !important;||position: relative !important;||z-index: 1;||&raquo; module_id=&raquo;et_pb_contact_form_1&#8243;][et_pb_contact_field field_id=&raquo;First-Name&raquo; field_title=&raquo;Fornavn&raquo; fullwidth_field=&raquo;on&raquo; _builder_version=&raquo;3.3.1&#8243;][\/et_pb_contact_field][et_pb_contact_field field_id=&raquo;Last-Name&raquo; field_title=&raquo;Etternavn&raquo; fullwidth_field=&raquo;on&raquo; _builder_version=&raquo;3.3.1&#8243;][\/et_pb_contact_field][et_pb_contact_field field_id=&raquo;Company&raquo; field_title=&raquo;Firma&raquo; fullwidth_field=&raquo;on&raquo; _builder_version=&raquo;3.3.1&#8243;][\/et_pb_contact_field][et_pb_contact_field field_id=&raquo;Email&raquo; field_title=&raquo;Email addresse&raquo; field_type=&raquo;email&raquo; fullwidth_field=&raquo;on&raquo; _builder_version=&raquo;3.3.1&#8243;][\/et_pb_contact_field][\/et_pb_contact_form][\/et_pb_column][\/et_pb_row][\/et_pb_section][et_pb_section bb_built=&raquo;1&#8243; _builder_version=&raquo;3.11.1&#8243; background_color=&raquo;#164e8b&raquo; background_image=&raquo;https:\/\/www.dimins.com\/no\/wp-content\/uploads\/sites\/23\/2018\/07\/Pattern-tile-repeat-min.png&raquo; background_size=&raquo;initial&raquo; background_position=&raquo;top_left&raquo; background_repeat=&raquo;repeat&raquo; background_blend=&raquo;multiply&raquo; custom_padding=&raquo;15px||0px|&raquo; custom_css_main_element=&raquo;position: relative;||z-index: 0;&raquo; prev_background_color=&raquo;#ffffff&raquo; next_background_color=&raquo;#ffffff&raquo;][et_pb_row padding_1_tablet=&raquo;150px|||&raquo; padding_1_last_edited=&raquo;on|tablet&raquo; _builder_version=&raquo;3.7&#8243;][et_pb_column type=&raquo;1_2&#8243;][et_pb_text admin_label=&raquo;Text2&#8243; _builder_version=&raquo;3.7&#8243; ul_text_color=&raquo;#ffffff&raquo; text_text_color=&raquo;#ffffff&raquo;]<\/p>\n<p>Kunstig intelligens og maskinl\u00e6re har f\u00e5tt mye fokus i ulike bransjer. M\u00f8nstergjenkjenning er kanskje den mest vanligste tiln\u00e6rmingen, mens simulering er et annet, mer menneskelig alternativ. Simulering er en kraftfull tiln\u00e6rming for \u00e5 forst\u00e5 \u00e5rsakene til forretningsproblemer, forutsi fremtidige trender, og anbefale optimale beslutninger.\u00a0Denne eBoken forklarer simulering &#8211; hvor det kommer fra, hvordan det vil utvikle seg, 5 stadier for \u00e5 utvikle en simulering &#8211; og viktigst, hvordan utnytte store datamengder til \u00e5 gi handlekraftig prediksjoner.<\/p>\n<p>[\/et_pb_text][\/et_pb_column][et_pb_column type=&raquo;1_2&#8243;][\/et_pb_column][\/et_pb_row][\/et_pb_section][et_pb_section bb_built=&raquo;1&#8243; _builder_version=&raquo;3.11.1&#8243; custom_padding=&raquo;0px||0px|&raquo; prev_background_color=&raquo;#164e8b&raquo;][et_pb_row make_fullwidth=&raquo;on&raquo; use_custom_gutter=&raquo;on&raquo; gutter_width=&raquo;1&#8243; custom_padding=&raquo;0px||0px|&raquo; module_class=&raquo;ds-carousel&raquo; _builder_version=&raquo;3.11.1&#8243;][et_pb_column type=&raquo;4_4&#8243;][et_pb_image admin_label=&raquo;New Balance&raquo; src=&raquo;https:\/\/www.dimins.com\/no\/wp-content\/uploads\/sites\/23\/2018\/08\/new-balance-1.png&raquo; _builder_version=&raquo;3.11.1&#8243; custom_padding=&raquo;|10px||10px&raquo;]<\/p>\n<p>&nbsp;<\/p>\n<p>[\/et_pb_image][et_pb_image admin_label=&raquo;Wilhelmsen&raquo; src=&raquo;https:\/\/www.dimins.com\/no\/wp-content\/uploads\/sites\/23\/2018\/08\/wilhelmsen-1.png&raquo; _builder_version=&raquo;3.11.1&#8243; custom_padding=&raquo;|10px||10px&raquo;]<\/p>\n<p>&nbsp;<\/p>\n<p>[\/et_pb_image][et_pb_image admin_label=&raquo;Mestergruppen&raquo; src=&raquo;https:\/\/www.dimins.com\/no\/wp-content\/uploads\/sites\/23\/2018\/08\/mestergruppen-1.png&raquo; _builder_version=&raquo;3.11.1&#8243; custom_padding=&raquo;|10px||10px&raquo;]<\/p>\n<p>&nbsp;<\/p>\n<p>[\/et_pb_image][et_pb_image admin_label=&raquo;Bring&raquo; src=&raquo;https:\/\/www.dimins.com\/no\/wp-content\/uploads\/sites\/23\/2018\/08\/bring-1.png&raquo; _builder_version=&raquo;3.11.1&#8243; custom_padding=&raquo;|10px||10px&raquo;]<\/p>\n<p>&nbsp;<\/p>\n<p>[\/et_pb_image][et_pb_image admin_label=&raquo;Campari Group&raquo; src=&raquo;https:\/\/www.dimins.com\/no\/wp-content\/uploads\/sites\/23\/2018\/08\/campari-group-1.png&raquo; _builder_version=&raquo;3.11.1&#8243; custom_padding=&raquo;|10px||10px&raquo;]<\/p>\n<p>&nbsp;<\/p>\n<p>[\/et_pb_image][et_pb_image admin_label=&raquo;Ghent&raquo; src=&raquo;https:\/\/www.dimins.com\/no\/wp-content\/uploads\/sites\/23\/2018\/08\/ghent-1.png&raquo; _builder_version=&raquo;3.11.1&#8243; custom_padding=&raquo;|10px||10px&raquo;]<\/p>\n<p>&nbsp;<\/p>\n<p>[\/et_pb_image][et_pb_image admin_label=&raquo;Whistl&raquo; src=&raquo;https:\/\/www.dimins.com\/no\/wp-content\/uploads\/sites\/23\/2018\/08\/whistl-1.png&raquo; _builder_version=&raquo;3.11.1&#8243; custom_padding=&raquo;|10px||10px&raquo;]<\/p>\n<p>&nbsp;<\/p>\n<p>[\/et_pb_image][et_pb_image admin_label=&raquo;New Balance&raquo; src=&raquo;https:\/\/www.dimins.com\/no\/wp-content\/uploads\/sites\/23\/2018\/08\/new-balance-1.png&raquo; _builder_version=&raquo;3.11.1&#8243; custom_padding=&raquo;|10px||10px&raquo;]<\/p>\n<p>&nbsp;<\/p>\n<p>[\/et_pb_image][et_pb_image admin_label=&raquo;Wilhelmsen&raquo; src=&raquo;https:\/\/www.dimins.com\/no\/wp-content\/uploads\/sites\/23\/2018\/08\/wilhelmsen-1.png&raquo; _builder_version=&raquo;3.11.1&#8243; custom_padding=&raquo;|10px||10px&raquo;]<\/p>\n<p>&nbsp;<\/p>\n<p>[\/et_pb_image][et_pb_image admin_label=&raquo;Mestergruppen&raquo; src=&raquo;https:\/\/www.dimins.com\/no\/wp-content\/uploads\/sites\/23\/2018\/08\/mestergruppen-1.png&raquo; _builder_version=&raquo;3.11.1&#8243; custom_padding=&raquo;|10px||10px&raquo;]<\/p>\n<p>&nbsp;<\/p>\n<p>[\/et_pb_image][et_pb_image admin_label=&raquo;Bring&raquo; src=&raquo;https:\/\/www.dimins.com\/no\/wp-content\/uploads\/sites\/23\/2018\/08\/bring-1.png&raquo; _builder_version=&raquo;3.11.1&#8243; custom_padding=&raquo;|10px||10px&raquo;]<\/p>\n<p>&nbsp;<\/p>\n<p>[\/et_pb_image][et_pb_image admin_label=&raquo;Campari Group&raquo; src=&raquo;https:\/\/www.dimins.com\/no\/wp-content\/uploads\/sites\/23\/2018\/08\/campari-group-1.png&raquo; _builder_version=&raquo;3.11.1&#8243; custom_padding=&raquo;|10px||10px&raquo;]<\/p>\n<p>&nbsp;<\/p>\n<p>[\/et_pb_image][et_pb_image admin_label=&raquo;Ghent&raquo; src=&raquo;https:\/\/www.dimins.com\/no\/wp-content\/uploads\/sites\/23\/2018\/08\/ghent-1.png&raquo; _builder_version=&raquo;3.11.1&#8243; custom_padding=&raquo;|10px||10px&raquo;]<\/p>\n<p>&nbsp;<\/p>\n<p>[\/et_pb_image][et_pb_image admin_label=&raquo;Whistl&raquo; src=&raquo;https:\/\/www.dimins.com\/no\/wp-content\/uploads\/sites\/23\/2018\/08\/whistl-1.png&raquo; _builder_version=&raquo;3.11.1&#8243; custom_padding=&raquo;|10px||10px&raquo;]<\/p>\n<p>&nbsp;<\/p>\n<p>[\/et_pb_image][\/et_pb_column][\/et_pb_row][\/et_pb_section]<\/p>\n","protected":false},"excerpt":{"rendered":"<p>Simulering: Modellering av \u00e5rsak og effekt for kraftfull prediktiv analyse Det er to hovedmetoder for \u00e5 implementere prediktiv analyse: m\u00f8nstergjenkjenning og simulering. Kunstig intelligens og maskinl\u00e6re har f\u00e5tt mye fokus i ulike bransjer. M\u00f8nstergjenkjenning er kanskje den mest vanligste tiln\u00e6rmingen, mens simulering er et annet, mer menneskelig alternativ. Simulering er en kraftfull tiln\u00e6rming for \u00e5 [&hellip;]<\/p>\n","protected":false},"author":79,"featured_media":0,"parent":0,"menu_order":0,"comment_status":"closed","ping_status":"closed","template":"","meta":{"_et_pb_use_builder":"on","_et_pb_old_content":"","_et_gb_content_width":"","footnotes":""},"class_list":["post-1583","page","type-page","status-publish","hentry"],"yoast_head":"<!-- This site is optimized with the Yoast SEO Premium plugin v27.5 (Yoast SEO v27.5) - https:\/\/yoast.com\/product\/yoast-seo-premium-wordpress\/ -->\n<title>- Last ned Simulation eBook - DI Norway<\/title>\n<meta name=\"robots\" content=\"index, follow, max-snippet:-1, max-image-preview:large, max-video-preview:-1\" \/>\n<link rel=\"canonical\" href=\"https:\/\/www.dimins.com\/no\/last-ned-simulation-ebook\/\" \/>\n<meta property=\"og:locale\" content=\"nb_NO\" \/>\n<meta property=\"og:type\" content=\"article\" \/>\n<meta property=\"og:title\" content=\"- - Last ned Simulation eBook\" \/>\n<meta property=\"og:description\" content=\"Simulering: Modellering av \u00e5rsak og effekt for kraftfull prediktiv analyse Det er to hovedmetoder for \u00e5 implementere prediktiv analyse: m\u00f8nstergjenkjenning og simulering. Kunstig intelligens og maskinl\u00e6re har f\u00e5tt mye fokus i ulike bransjer. M\u00f8nstergjenkjenning er kanskje den mest vanligste tiln\u00e6rmingen, mens simulering er et annet, mer menneskelig alternativ. Simulering er en kraftfull tiln\u00e6rming for \u00e5 [&hellip;]\" \/>\n<meta property=\"og:url\" content=\"https:\/\/www.dimins.com\/no\/last-ned-simulation-ebook\/\" \/>\n<meta property=\"og:site_name\" content=\"DI Norway\" \/>\n<meta property=\"article:modified_time\" content=\"2018-08-09T14:05:19+00:00\" \/>\n<meta name=\"twitter:card\" content=\"summary_large_image\" \/>\n<meta name=\"twitter:label1\" content=\"Ansl. lesetid\" \/>\n\t<meta name=\"twitter:data1\" content=\"6 minutter\" \/>\n<script type=\"application\/ld+json\" class=\"yoast-schema-graph\">{\"@context\":\"https:\\\/\\\/schema.org\",\"@graph\":[{\"@type\":\"WebPage\",\"@id\":\"https:\\\/\\\/www.dimins.com\\\/no\\\/last-ned-simulation-ebook\\\/\",\"url\":\"https:\\\/\\\/www.dimins.com\\\/no\\\/last-ned-simulation-ebook\\\/\",\"name\":\"- Last ned Simulation eBook - DI Norway\",\"isPartOf\":{\"@id\":\"https:\\\/\\\/www.dimins.com\\\/no\\\/#website\"},\"datePublished\":\"2018-07-25T10:46:27+00:00\",\"dateModified\":\"2018-08-09T14:05:19+00:00\",\"breadcrumb\":{\"@id\":\"https:\\\/\\\/www.dimins.com\\\/no\\\/last-ned-simulation-ebook\\\/#breadcrumb\"},\"inLanguage\":\"nb-NO\",\"potentialAction\":[{\"@type\":\"ReadAction\",\"target\":[\"https:\\\/\\\/www.dimins.com\\\/no\\\/last-ned-simulation-ebook\\\/\"]}]},{\"@type\":\"BreadcrumbList\",\"@id\":\"https:\\\/\\\/www.dimins.com\\\/no\\\/last-ned-simulation-ebook\\\/#breadcrumb\",\"itemListElement\":[{\"@type\":\"ListItem\",\"position\":1,\"name\":\"Home\",\"item\":\"https:\\\/\\\/www.dimins.com\\\/no\\\/\"},{\"@type\":\"ListItem\",\"position\":2,\"name\":\"&#8211; &#8211; Last ned Simulation eBook\"}]},{\"@type\":\"WebSite\",\"@id\":\"https:\\\/\\\/www.dimins.com\\\/no\\\/#website\",\"url\":\"https:\\\/\\\/www.dimins.com\\\/no\\\/\",\"name\":\"DI Norway\",\"description\":\"Analytics, data management, and performance management solutions\",\"publisher\":{\"@id\":\"https:\\\/\\\/www.dimins.com\\\/no\\\/#organization\"},\"potentialAction\":[{\"@type\":\"SearchAction\",\"target\":{\"@type\":\"EntryPoint\",\"urlTemplate\":\"https:\\\/\\\/www.dimins.com\\\/no\\\/?s={search_term_string}\"},\"query-input\":{\"@type\":\"PropertyValueSpecification\",\"valueRequired\":true,\"valueName\":\"search_term_string\"}}],\"inLanguage\":\"nb-NO\"},{\"@type\":\"Organization\",\"@id\":\"https:\\\/\\\/www.dimins.com\\\/no\\\/#organization\",\"name\":\"DI Norway\",\"url\":\"https:\\\/\\\/www.dimins.com\\\/no\\\/\",\"logo\":{\"@type\":\"ImageObject\",\"inLanguage\":\"nb-NO\",\"@id\":\"https:\\\/\\\/www.dimins.com\\\/no\\\/#\\\/schema\\\/logo\\\/image\\\/\",\"url\":\"https:\\\/\\\/www.dimins.com\\\/no\\\/wp-content\\\/uploads\\\/sites\\\/23\\\/2017\\\/11\\\/3-inch-wide-di-logo.png\",\"contentUrl\":\"https:\\\/\\\/www.dimins.com\\\/no\\\/wp-content\\\/uploads\\\/sites\\\/23\\\/2017\\\/11\\\/3-inch-wide-di-logo.png\",\"width\":216,\"height\":50,\"caption\":\"DI Norway\"},\"image\":{\"@id\":\"https:\\\/\\\/www.dimins.com\\\/no\\\/#\\\/schema\\\/logo\\\/image\\\/\"}}]}<\/script>\n<!-- \/ Yoast SEO Premium plugin. -->","yoast_head_json":{"title":"- Last ned Simulation eBook - DI Norway","robots":{"index":"index","follow":"follow","max-snippet":"max-snippet:-1","max-image-preview":"max-image-preview:large","max-video-preview":"max-video-preview:-1"},"canonical":"https:\/\/www.dimins.com\/no\/last-ned-simulation-ebook\/","og_locale":"nb_NO","og_type":"article","og_title":"- - Last ned Simulation eBook","og_description":"Simulering: Modellering av \u00e5rsak og effekt for kraftfull prediktiv analyse Det er to hovedmetoder for \u00e5 implementere prediktiv analyse: m\u00f8nstergjenkjenning og simulering. Kunstig intelligens og maskinl\u00e6re har f\u00e5tt mye fokus i ulike bransjer. M\u00f8nstergjenkjenning er kanskje den mest vanligste tiln\u00e6rmingen, mens simulering er et annet, mer menneskelig alternativ. Simulering er en kraftfull tiln\u00e6rming for \u00e5 [&hellip;]","og_url":"https:\/\/www.dimins.com\/no\/last-ned-simulation-ebook\/","og_site_name":"DI Norway","article_modified_time":"2018-08-09T14:05:19+00:00","twitter_card":"summary_large_image","twitter_misc":{"Ansl. lesetid":"6 minutter"},"schema":{"@context":"https:\/\/schema.org","@graph":[{"@type":"WebPage","@id":"https:\/\/www.dimins.com\/no\/last-ned-simulation-ebook\/","url":"https:\/\/www.dimins.com\/no\/last-ned-simulation-ebook\/","name":"- Last ned Simulation eBook - DI Norway","isPartOf":{"@id":"https:\/\/www.dimins.com\/no\/#website"},"datePublished":"2018-07-25T10:46:27+00:00","dateModified":"2018-08-09T14:05:19+00:00","breadcrumb":{"@id":"https:\/\/www.dimins.com\/no\/last-ned-simulation-ebook\/#breadcrumb"},"inLanguage":"nb-NO","potentialAction":[{"@type":"ReadAction","target":["https:\/\/www.dimins.com\/no\/last-ned-simulation-ebook\/"]}]},{"@type":"BreadcrumbList","@id":"https:\/\/www.dimins.com\/no\/last-ned-simulation-ebook\/#breadcrumb","itemListElement":[{"@type":"ListItem","position":1,"name":"Home","item":"https:\/\/www.dimins.com\/no\/"},{"@type":"ListItem","position":2,"name":"&#8211; &#8211; Last ned Simulation eBook"}]},{"@type":"WebSite","@id":"https:\/\/www.dimins.com\/no\/#website","url":"https:\/\/www.dimins.com\/no\/","name":"DI Norway","description":"Analytics, data management, and performance management solutions","publisher":{"@id":"https:\/\/www.dimins.com\/no\/#organization"},"potentialAction":[{"@type":"SearchAction","target":{"@type":"EntryPoint","urlTemplate":"https:\/\/www.dimins.com\/no\/?s={search_term_string}"},"query-input":{"@type":"PropertyValueSpecification","valueRequired":true,"valueName":"search_term_string"}}],"inLanguage":"nb-NO"},{"@type":"Organization","@id":"https:\/\/www.dimins.com\/no\/#organization","name":"DI Norway","url":"https:\/\/www.dimins.com\/no\/","logo":{"@type":"ImageObject","inLanguage":"nb-NO","@id":"https:\/\/www.dimins.com\/no\/#\/schema\/logo\/image\/","url":"https:\/\/www.dimins.com\/no\/wp-content\/uploads\/sites\/23\/2017\/11\/3-inch-wide-di-logo.png","contentUrl":"https:\/\/www.dimins.com\/no\/wp-content\/uploads\/sites\/23\/2017\/11\/3-inch-wide-di-logo.png","width":216,"height":50,"caption":"DI Norway"},"image":{"@id":"https:\/\/www.dimins.com\/no\/#\/schema\/logo\/image\/"}}]}},"_links":{"self":[{"href":"https:\/\/www.dimins.com\/no\/wp-json\/wp\/v2\/pages\/1583","targetHints":{"allow":["GET"]}}],"collection":[{"href":"https:\/\/www.dimins.com\/no\/wp-json\/wp\/v2\/pages"}],"about":[{"href":"https:\/\/www.dimins.com\/no\/wp-json\/wp\/v2\/types\/page"}],"author":[{"embeddable":true,"href":"https:\/\/www.dimins.com\/no\/wp-json\/wp\/v2\/users\/79"}],"replies":[{"embeddable":true,"href":"https:\/\/www.dimins.com\/no\/wp-json\/wp\/v2\/comments?post=1583"}],"version-history":[{"count":0,"href":"https:\/\/www.dimins.com\/no\/wp-json\/wp\/v2\/pages\/1583\/revisions"}],"wp:attachment":[{"href":"https:\/\/www.dimins.com\/no\/wp-json\/wp\/v2\/media?parent=1583"}],"curies":[{"name":"wp","href":"https:\/\/api.w.org\/{rel}","templated":true}]}}