{"id":1475,"date":"2018-06-25T14:58:38","date_gmt":"2018-06-25T14:58:38","guid":{"rendered":"https:\/\/www.dimins.com\/no\/?page_id=1475"},"modified":"2018-12-07T20:58:52","modified_gmt":"2018-12-07T20:58:52","slug":"be-om-demonstrasjon-diver-platform","status":"publish","type":"page","link":"https:\/\/www.dimins.com\/no\/be-om-demonstrasjon-diver-platform\/","title":{"rendered":"be-om-demonstrasjon-diver-platform"},"content":{"rendered":"<p>[et_pb_section bb_built=&raquo;1&#8243; _builder_version=&raquo;3.11.1&#8243; custom_margin=&raquo;||-180px|&raquo; next_background_color=&raquo;#000000&#8243;][et_pb_row custom_margin=&raquo;||-150px|&raquo; make_equal=&raquo;on&raquo; background_position_1=&raquo;top_left&raquo; background_position_2=&raquo;top_left&raquo; background_repeat_1=&raquo;no-repeat&raquo; background_repeat_2=&raquo;no-repeat&raquo; padding_left_1=&raquo;4px&raquo; _builder_version=&raquo;3.11.1&#8243; custom_padding_last_edited=&raquo;on|tablet&raquo;][et_pb_column type=&raquo;1_2&#8243;][et_pb_text admin_label=&raquo;Please complete the form to request a FREE Diver dashboard software demonstration.&raquo; _builder_version=&raquo;3.11.1&#8243; text_line_height=&raquo;1.5em&raquo; header_font=&raquo;|300|||||||&raquo; header_text_color=&raquo;#164e8b&raquo; header_font_size=&raquo;20px&raquo; header_line_height=&raquo;1.1em&raquo; background_size=&raquo;initial&raquo; background_position=&raquo;top_left&raquo; background_repeat=&raquo;repeat&raquo; module_alignment=&raquo;left&raquo; custom_css_main_element=&raquo;margin-bottom: -200px;&raquo;]<\/p>\n<h1>Vennligst fyll ut skjemaet for en gratis demonstrasjon av Diver Platform.<\/h1>\n<p>Er du klar til \u00e5 ta din virksomhetsstyring til neste niv\u00e5?<br \/>\nHos Dimensional Insight har vi de siste 25 \u00e5rene utviklet kraftfulle l\u00f8sninger, for kravstore kunder med komplekse problemstillinger, i bransjer som supply chain, produksjon, transport og retail.<\/p>\n<p>Vi gj\u00f8r analyser tilgjengelige fra operativ til strategisk niv\u00e5, slik at brukere kan f\u00e5 de dataene de trenger, n\u00e5r de trenger det og der de trenger det.<\/p>\n<p>[\/et_pb_text][\/et_pb_column][et_pb_column type=&raquo;1_2&#8243;][et_pb_contact_form admin_label=&raquo;Request demo form NO&raquo; captcha=&raquo;off&raquo; email=&raquo;marketing@dimins.com&raquo; title=&raquo;Vennligst fyll ut skjemaet og klikk p\u00e5 %22Send%22 for \u00e5 be om en demonstrasjon.&raquo; custom_message=&raquo;The following person has requested a Diver Platform demonstration through DI Norway site. Please contact him\/her as soon as possible to set up an appointment:||et_pb_line_break_holder||||et_pb_line_break_holder||*** Natalie! Please forward this to Tonje Hanssen at tonje@dimins.no ***||et_pb_line_break_holder||||et_pb_line_break_holder||First: %%First-Name%%||et_pb_line_break_holder||Last: %%Last-Name%%||et_pb_line_break_holder||Company: %%Company%%||et_pb_line_break_holder||E-post: %%Email%%&raquo; success_message=&raquo;Thank you for your request. We will be in contact with you shortly.&raquo; submit_button_text=&raquo;Send&raquo; form_background_color=&raquo;#ffffff&raquo; _builder_version=&raquo;3.11.1&#8243; title_level=&raquo;h6&#8243; title_font=&raquo;|300|||||||&raquo; title_text_color=&raquo;#164e8b&raquo; title_font_size=&raquo;18&#8243; title_font_size_last_edited=&raquo;on|desktop&raquo; title_line_height=&raquo;1.2em&raquo; form_field_text_align=&raquo;left&raquo; form_field_font_size=&raquo;12&#8243; form_field_line_height=&raquo;1.5em&raquo; border_radii=&raquo;on|10px|10px|10px|10px&raquo; border_width_all=&raquo;1px&raquo; border_color_all=&raquo;#e65847&#8243; custom_button=&raquo;on&raquo; button_text_size=&raquo;17&#8243; button_text_color=&raquo;#ffffff&raquo; button_bg_color=&raquo;#e65847&#8243; button_border_width=&raquo;1&#8243; button_border_color=&raquo;#e65847&#8243; button_border_radius=&raquo;10&#8243; button_icon=&raquo;%%28%%&raquo; button_on_hover=&raquo;off&raquo; button_text_color_hover=&raquo;#ffffff&raquo; button_bg_color_hover=&raquo;rgba(230,88,71,0.9)&raquo; button_border_color_hover=&raquo;#e65847&#8243; button_border_radius_hover=&raquo;10&#8243; text_orientation=&raquo;left&raquo; custom_css_main_element=&raquo;padding: 40px;||box-shadow: 0 0 20px rgba(0,0,0,.1);||margin-bottom: -200px;||border-radius: 5px;||background: #ffffff !important;||position: relative !important;||z-index: 1;||&raquo; custom_css_contact_button=&raquo;width: 200%;||float: right;&raquo; module_id=&raquo;et_pb_contact_form_1&#8243;][et_pb_contact_field field_id=&raquo;First-Name&raquo; field_title=&raquo;Fornavn&raquo; fullwidth_field=&raquo;on&raquo; _builder_version=&raquo;3.0.87&#8243;][\/et_pb_contact_field][et_pb_contact_field field_id=&raquo;Last-Name&raquo; field_title=&raquo;Etternavn&raquo; fullwidth_field=&raquo;on&raquo; _builder_version=&raquo;3.0.87&#8243;][\/et_pb_contact_field][et_pb_contact_field field_id=&raquo;Company&raquo; field_title=&raquo;Firma&raquo; fullwidth_field=&raquo;on&raquo; _builder_version=&raquo;3.0.87&#8243;][\/et_pb_contact_field][et_pb_contact_field field_id=&raquo;Email&raquo; field_title=&raquo;E-post&raquo; field_type=&raquo;email&raquo; fullwidth_field=&raquo;on&raquo; _builder_version=&raquo;3.0.87&#8243;][\/et_pb_contact_field][et_pb_contact_field field_id=&raquo;Phone&raquo; field_title=&raquo;Tlf&raquo; max_length=&raquo;8&#8243; required_mark=&raquo;off&raquo; fullwidth_field=&raquo;on&raquo; _builder_version=&raquo;3.0.87&#8243;][\/et_pb_contact_field][\/et_pb_contact_form][et_pb_text admin_label=&raquo;Privacy Message&raquo; _builder_version=&raquo;3.11.1&#8243; text_text_color=&raquo;#ffffff&raquo; text_font_size=&raquo;12&#8243; text_line_height=&raquo;1.4em&raquo; background_size=&raquo;initial&raquo; background_position=&raquo;top_left&raquo; background_repeat=&raquo;repeat&raquo; module_alignment=&raquo;left&raquo; border_style=&raquo;solid&raquo;]<\/p>\n<p>E-postadresser og kontaktinformasjon blir aldri solgt eller utlevert. Ditt personvern er sikret.<\/p>\n<p>[\/et_pb_text][\/et_pb_column][\/et_pb_row][\/et_pb_section][et_pb_section bb_built=&raquo;1&#8243; _builder_version=&raquo;3.17.3&#8243; background_image=&raquo;https:\/\/www.dimins.com\/no\/wp-content\/uploads\/sites\/23\/2018\/12\/Pattern-tile-repeat-blue-overlay-min.png&raquo; background_size=&raquo;initial&raquo; background_position=&raquo;top_left&raquo; background_repeat=&raquo;repeat&raquo; custom_css_main_element=&raquo;position: relative;||z-index: 0;&raquo; prev_background_color=&raquo;#ffffff&raquo; next_background_color=&raquo;#ffffff&raquo;][et_pb_row custom_padding_phone=&raquo;280px||0px|&raquo; custom_padding_last_edited=&raquo;on|phone&raquo; padding_1_phone=&raquo;30px||0px|&raquo; padding_1_last_edited=&raquo;on|phone&raquo; _builder_version=&raquo;3.11.1&#8243; custom_padding_tablet=&raquo;280px|||&raquo;][et_pb_column type=&raquo;1_2&#8243;][et_pb_text admin_label=&raquo;Dimensional Insight\u2019s purpose-built technologies&raquo; _builder_version=&raquo;3.17.3&#8243; text_line_height=&raquo;1.5em&raquo; ul_text_color=&raquo;#ffffff&raquo; ul_line_height=&raquo;1.7em&raquo; header_text_color=&raquo;#3c97d3&#8243; header_font_size=&raquo;20px&raquo; header_line_height=&raquo;1.3em&raquo; header_3_font=&raquo;|600|||||||&raquo; header_3_text_color=&raquo;#ffffff&raquo; header_3_font_size=&raquo;18px&raquo; module_alignment=&raquo;left&raquo; header_3_line_height=&raquo;1.5em&raquo;]<\/p>\n<h3>Dimensional Insight sin patentbeskyttet teknologi \u00f8ker din nytteverdi!<\/h3>\n<ul>\n<li>V\u00e5re business intelligence l\u00f8sninger og analyseprodukter er bygget p\u00e5 den prisbel\u00f8nte Diver Platform.<\/li>\n<li>Diver sine kraftige analyser, dashboard funksjoner, robuste sikkerhet og dataintegrasjon, gj\u00f8r den utrolig kraftfull og fleksibel \u2013 som gir deg intelligent analyse i sanntid.<\/li>\n<li>Diver sine modeller integrerer data fra ulike datakilder, slik at du kan sammenligne data fra en rekke kilder samt f\u00e5 best mulig innsyn.<\/li>\n<li>Diver sitt unike design gir deg frihet til \u00e5 velge om du vil benytte eget datalager eller Diver sin patentbeskyttet kolonnebasert database.<\/li>\n<\/ul>\n<p>[\/et_pb_text][\/et_pb_column][et_pb_column type=&raquo;1_2&#8243;][\/et_pb_column][\/et_pb_row][\/et_pb_section][et_pb_section bb_built=&raquo;1&#8243; specialty=&raquo;off&raquo; prev_background_color=&raquo;#000000&#8243; next_background_color=&raquo;#000000&#8243; _builder_version=&raquo;3.17.3&#8243; custom_padding=&raquo;||0px|&raquo;][et_pb_row][et_pb_column type=&raquo;4_4&#8243;][et_pb_text admin_label=&raquo;Consistency brings clarity&raquo; _builder_version=&raquo;3.17.3&#8243; module_alignment=&raquo;left&raquo; border_style=&raquo;solid&raquo; header_3_text_color=&raquo;#164e8b&raquo;]<\/p>\n<h3>Kraftfull l\u00f8sning<\/h3>\n<p>Gi de ansatte de verkt\u00f8yene de trenger, for \u00e5 fokusere p\u00e5 virksomheten i stedet for \u00e5 bruke timer p\u00e5 \u00e5 pr\u00f8ve \u00e5 fange opp, organisere og analysere data. Om din bransje er supply chain, produksjon, transport eller retail, har Dimensional Insight en kraftfull l\u00f8sning for deg.<\/p>\n<p>Evnen til \u00e5 tolke data og til \u00e5 ta faktabaserte beslutninger er avgj\u00f8rende for din suksess. Kvaliteten p\u00e5 din beslutningsprosess er avhengig av kvaliteten p\u00e5 dataene dine. Benytt deg av v\u00e5r kompetanse. Ta det neste trinnet og be om en demonstrasjon av Diver Platform i dag.<\/p>\n<p>[\/et_pb_text][\/et_pb_column][\/et_pb_row][\/et_pb_section][et_pb_section bb_built=&raquo;1&#8243; fullwidth=&raquo;off&raquo; specialty=&raquo;off&raquo; prev_background_color=&raquo;#000000&#8243; next_background_color=&raquo;#000000&#8243;][et_pb_row][et_pb_column type=&raquo;1_5&#8243;][et_pb_image admin_label=&raquo;new balance logo&raquo; _builder_version=&raquo;3.17.3&#8243; src=&raquo;https:\/\/www.dimins.com\/no\/wp-content\/uploads\/sites\/23\/2018\/12\/new-balance.png&raquo; \/][\/et_pb_column][et_pb_column type=&raquo;1_5&#8243;][et_pb_image admin_label=&raquo;michelin logo&raquo; _builder_version=&raquo;3.17.3&#8243; src=&raquo;https:\/\/www.dimins.com\/no\/wp-content\/uploads\/sites\/23\/2018\/12\/michelin.png&raquo; \/][\/et_pb_column][et_pb_column type=&raquo;1_5&#8243;][et_pb_image admin_label=&raquo;Ventistal&raquo; _builder_version=&raquo;3.17.3&#8243; src=&raquo;https:\/\/www.dimins.com\/no\/wp-content\/uploads\/sites\/23\/2018\/12\/Ventist\u00e5l_.png&raquo; \/][\/et_pb_column][et_pb_column type=&raquo;1_5&#8243;][et_pb_image admin_label=&raquo;Ulefos logo&raquo; _builder_version=&raquo;3.17.3&#8243; src=&raquo;https:\/\/www.dimins.com\/no\/wp-content\/uploads\/sites\/23\/2018\/12\/ulefos_.png&raquo; \/][\/et_pb_column][et_pb_column type=&raquo;1_5&#8243;][et_pb_image admin_label=&raquo;TESS logo&raquo; _builder_version=&raquo;3.17.3&#8243; src=&raquo;https:\/\/www.dimins.com\/no\/wp-content\/uploads\/sites\/23\/2018\/12\/TESS_.png&raquo; \/][\/et_pb_column][\/et_pb_row][\/et_pb_section][et_pb_section bb_built=&raquo;1&#8243; _builder_version=&raquo;3.11.1&#8243; custom_padding=&raquo;0px||0px|&raquo; prev_background_color=&raquo;#000000&#8243; disabled_on=&raquo;on|on|on&raquo; disabled=&raquo;on&raquo;][et_pb_row make_fullwidth=&raquo;on&raquo; use_custom_gutter=&raquo;on&raquo; gutter_width=&raquo;1&#8243; custom_padding=&raquo;0px||0px|&raquo; module_class=&raquo;ds-carousel&raquo; _builder_version=&raquo;3.11.1&#8243;][et_pb_column type=&raquo;4_4&#8243;][et_pb_image admin_label=&raquo;New Balance&raquo; src=&raquo;https:\/\/www.dimins.com\/no\/wp-content\/uploads\/sites\/23\/2018\/08\/new-balance-1.png&raquo; _builder_version=&raquo;3.11.1&#8243; custom_padding=&raquo;|10px||10px&raquo;]<\/p>\n<p>&nbsp;<\/p>\n<p>[\/et_pb_image][et_pb_image admin_label=&raquo;Wilhelmsen&raquo; src=&raquo;https:\/\/www.dimins.com\/no\/wp-content\/uploads\/sites\/23\/2018\/08\/wilhelmsen-1.png&raquo; _builder_version=&raquo;3.11.1&#8243; custom_padding=&raquo;|10px||10px&raquo;]<\/p>\n<p>&nbsp;<\/p>\n<p>[\/et_pb_image][et_pb_image admin_label=&raquo;Mestergruppen&raquo; src=&raquo;https:\/\/www.dimins.com\/no\/wp-content\/uploads\/sites\/23\/2018\/08\/mestergruppen-1.png&raquo; _builder_version=&raquo;3.11.1&#8243; custom_padding=&raquo;|10px||10px&raquo;]<\/p>\n<p>&nbsp;<\/p>\n<p>[\/et_pb_image][et_pb_image admin_label=&raquo;Bring&raquo; src=&raquo;https:\/\/www.dimins.com\/no\/wp-content\/uploads\/sites\/23\/2018\/08\/bring-1.png&raquo; _builder_version=&raquo;3.11.1&#8243; custom_padding=&raquo;|10px||10px&raquo;]<\/p>\n<p>&nbsp;<\/p>\n<p>[\/et_pb_image][et_pb_image admin_label=&raquo;Campari Group&raquo; src=&raquo;https:\/\/www.dimins.com\/no\/wp-content\/uploads\/sites\/23\/2018\/08\/campari-group-1.png&raquo; _builder_version=&raquo;3.11.1&#8243; custom_padding=&raquo;|10px||10px&raquo;]<\/p>\n<p>&nbsp;<\/p>\n<p>[\/et_pb_image][et_pb_image admin_label=&raquo;Ghent&raquo; src=&raquo;https:\/\/www.dimins.com\/no\/wp-content\/uploads\/sites\/23\/2018\/08\/ghent-1.png&raquo; _builder_version=&raquo;3.11.1&#8243; custom_padding=&raquo;|10px||10px&raquo;]<\/p>\n<p>&nbsp;<\/p>\n<p>[\/et_pb_image][et_pb_image admin_label=&raquo;Whistl&raquo; src=&raquo;https:\/\/www.dimins.com\/no\/wp-content\/uploads\/sites\/23\/2018\/08\/whistl-1.png&raquo; _builder_version=&raquo;3.11.1&#8243; custom_padding=&raquo;|10px||10px&raquo;]<\/p>\n<p>&nbsp;<\/p>\n<p>[\/et_pb_image][et_pb_image admin_label=&raquo;New Balance&raquo; src=&raquo;https:\/\/www.dimins.com\/no\/wp-content\/uploads\/sites\/23\/2018\/08\/new-balance-1.png&raquo; _builder_version=&raquo;3.11.1&#8243; custom_padding=&raquo;|10px||10px&raquo;]<\/p>\n<p>&nbsp;<\/p>\n<p>[\/et_pb_image][et_pb_image admin_label=&raquo;Wilhelmsen&raquo; src=&raquo;https:\/\/www.dimins.com\/no\/wp-content\/uploads\/sites\/23\/2018\/08\/wilhelmsen-1.png&raquo; _builder_version=&raquo;3.11.1&#8243; custom_padding=&raquo;|10px||10px&raquo;]<\/p>\n<p>&nbsp;<\/p>\n<p>[\/et_pb_image][et_pb_image admin_label=&raquo;Mestergruppen&raquo; src=&raquo;https:\/\/www.dimins.com\/no\/wp-content\/uploads\/sites\/23\/2018\/08\/mestergruppen-1.png&raquo; _builder_version=&raquo;3.11.1&#8243; custom_padding=&raquo;|10px||10px&raquo;]<\/p>\n<p>&nbsp;<\/p>\n<p>[\/et_pb_image][et_pb_image admin_label=&raquo;Bring&raquo; src=&raquo;https:\/\/www.dimins.com\/no\/wp-content\/uploads\/sites\/23\/2018\/08\/bring-1.png&raquo; _builder_version=&raquo;3.11.1&#8243; custom_padding=&raquo;|10px||10px&raquo;]<\/p>\n<p>&nbsp;<\/p>\n<p>[\/et_pb_image][et_pb_image admin_label=&raquo;Campari Group&raquo; src=&raquo;https:\/\/www.dimins.com\/no\/wp-content\/uploads\/sites\/23\/2018\/08\/campari-group-1.png&raquo; _builder_version=&raquo;3.11.1&#8243; custom_padding=&raquo;|10px||10px&raquo;]<\/p>\n<p>&nbsp;<\/p>\n<p>[\/et_pb_image][et_pb_image admin_label=&raquo;Ghent&raquo; src=&raquo;https:\/\/www.dimins.com\/no\/wp-content\/uploads\/sites\/23\/2018\/08\/ghent-1.png&raquo; _builder_version=&raquo;3.11.1&#8243; custom_padding=&raquo;|10px||10px&raquo;]<\/p>\n<p>&nbsp;<\/p>\n<p>[\/et_pb_image][et_pb_image admin_label=&raquo;Whistl&raquo; src=&raquo;https:\/\/www.dimins.com\/no\/wp-content\/uploads\/sites\/23\/2018\/08\/whistl-1.png&raquo; _builder_version=&raquo;3.11.1&#8243; custom_padding=&raquo;|10px||10px&raquo;]<\/p>\n<p>&nbsp;<\/p>\n<p>[\/et_pb_image][\/et_pb_column][\/et_pb_row][\/et_pb_section]<\/p>\n","protected":false},"excerpt":{"rendered":"<p>Vennligst fyll ut skjemaet for en gratis demonstrasjon av Diver Platform. Er du klar til \u00e5 ta din virksomhetsstyring til neste niv\u00e5? Hos Dimensional Insight har vi de siste 25 \u00e5rene utviklet kraftfulle l\u00f8sninger, for kravstore kunder med komplekse problemstillinger, i bransjer som supply chain, produksjon, transport og retail. Vi gj\u00f8r analyser tilgjengelige fra operativ [&hellip;]<\/p>\n","protected":false},"author":65,"featured_media":0,"parent":0,"menu_order":0,"comment_status":"closed","ping_status":"closed","template":"","meta":{"_et_pb_use_builder":"on","_et_pb_old_content":"","_et_gb_content_width":"","footnotes":""},"class_list":["post-1475","page","type-page","status-publish","hentry"],"yoast_head":"<!-- This site is optimized with the Yoast SEO Premium plugin v27.5 (Yoast SEO v27.5) - https:\/\/yoast.com\/product\/yoast-seo-premium-wordpress\/ -->\n<title>be-om-demonstrasjon-diver-platform - DI Norway<\/title>\n<meta name=\"robots\" content=\"index, follow, max-snippet:-1, max-image-preview:large, max-video-preview:-1\" \/>\n<link rel=\"canonical\" href=\"https:\/\/www.dimins.com\/no\/be-om-demonstrasjon-diver-platform\/\" \/>\n<meta property=\"og:locale\" content=\"nb_NO\" \/>\n<meta property=\"og:type\" content=\"article\" \/>\n<meta property=\"og:title\" content=\"be-om-demonstrasjon-diver-platform\" \/>\n<meta property=\"og:description\" content=\"Vennligst fyll ut skjemaet for en gratis demonstrasjon av Diver Platform. Er du klar til \u00e5 ta din virksomhetsstyring til neste niv\u00e5? Hos Dimensional Insight har vi de siste 25 \u00e5rene utviklet kraftfulle l\u00f8sninger, for kravstore kunder med komplekse problemstillinger, i bransjer som supply chain, produksjon, transport og retail. Vi gj\u00f8r analyser tilgjengelige fra operativ [&hellip;]\" \/>\n<meta property=\"og:url\" content=\"https:\/\/www.dimins.com\/no\/be-om-demonstrasjon-diver-platform\/\" \/>\n<meta property=\"og:site_name\" content=\"DI Norway\" \/>\n<meta property=\"article:modified_time\" content=\"2018-12-07T20:58:52+00:00\" \/>\n<meta name=\"twitter:card\" content=\"summary_large_image\" \/>\n<meta name=\"twitter:label1\" content=\"Ansl. lesetid\" \/>\n\t<meta name=\"twitter:data1\" content=\"8 minutter\" \/>\n<script type=\"application\/ld+json\" class=\"yoast-schema-graph\">{\"@context\":\"https:\\\/\\\/schema.org\",\"@graph\":[{\"@type\":\"WebPage\",\"@id\":\"https:\\\/\\\/www.dimins.com\\\/no\\\/be-om-demonstrasjon-diver-platform\\\/\",\"url\":\"https:\\\/\\\/www.dimins.com\\\/no\\\/be-om-demonstrasjon-diver-platform\\\/\",\"name\":\"be-om-demonstrasjon-diver-platform - DI Norway\",\"isPartOf\":{\"@id\":\"https:\\\/\\\/www.dimins.com\\\/no\\\/#website\"},\"datePublished\":\"2018-06-25T14:58:38+00:00\",\"dateModified\":\"2018-12-07T20:58:52+00:00\",\"breadcrumb\":{\"@id\":\"https:\\\/\\\/www.dimins.com\\\/no\\\/be-om-demonstrasjon-diver-platform\\\/#breadcrumb\"},\"inLanguage\":\"nb-NO\",\"potentialAction\":[{\"@type\":\"ReadAction\",\"target\":[\"https:\\\/\\\/www.dimins.com\\\/no\\\/be-om-demonstrasjon-diver-platform\\\/\"]}]},{\"@type\":\"BreadcrumbList\",\"@id\":\"https:\\\/\\\/www.dimins.com\\\/no\\\/be-om-demonstrasjon-diver-platform\\\/#breadcrumb\",\"itemListElement\":[{\"@type\":\"ListItem\",\"position\":1,\"name\":\"Home\",\"item\":\"https:\\\/\\\/www.dimins.com\\\/no\\\/\"},{\"@type\":\"ListItem\",\"position\":2,\"name\":\"be-om-demonstrasjon-diver-platform\"}]},{\"@type\":\"WebSite\",\"@id\":\"https:\\\/\\\/www.dimins.com\\\/no\\\/#website\",\"url\":\"https:\\\/\\\/www.dimins.com\\\/no\\\/\",\"name\":\"DI Norway\",\"description\":\"Analytics, data management, and performance management solutions\",\"publisher\":{\"@id\":\"https:\\\/\\\/www.dimins.com\\\/no\\\/#organization\"},\"potentialAction\":[{\"@type\":\"SearchAction\",\"target\":{\"@type\":\"EntryPoint\",\"urlTemplate\":\"https:\\\/\\\/www.dimins.com\\\/no\\\/?s={search_term_string}\"},\"query-input\":{\"@type\":\"PropertyValueSpecification\",\"valueRequired\":true,\"valueName\":\"search_term_string\"}}],\"inLanguage\":\"nb-NO\"},{\"@type\":\"Organization\",\"@id\":\"https:\\\/\\\/www.dimins.com\\\/no\\\/#organization\",\"name\":\"DI Norway\",\"url\":\"https:\\\/\\\/www.dimins.com\\\/no\\\/\",\"logo\":{\"@type\":\"ImageObject\",\"inLanguage\":\"nb-NO\",\"@id\":\"https:\\\/\\\/www.dimins.com\\\/no\\\/#\\\/schema\\\/logo\\\/image\\\/\",\"url\":\"https:\\\/\\\/www.dimins.com\\\/no\\\/wp-content\\\/uploads\\\/sites\\\/23\\\/2017\\\/11\\\/3-inch-wide-di-logo.png\",\"contentUrl\":\"https:\\\/\\\/www.dimins.com\\\/no\\\/wp-content\\\/uploads\\\/sites\\\/23\\\/2017\\\/11\\\/3-inch-wide-di-logo.png\",\"width\":216,\"height\":50,\"caption\":\"DI Norway\"},\"image\":{\"@id\":\"https:\\\/\\\/www.dimins.com\\\/no\\\/#\\\/schema\\\/logo\\\/image\\\/\"}}]}<\/script>\n<!-- \/ Yoast SEO Premium plugin. -->","yoast_head_json":{"title":"be-om-demonstrasjon-diver-platform - DI Norway","robots":{"index":"index","follow":"follow","max-snippet":"max-snippet:-1","max-image-preview":"max-image-preview:large","max-video-preview":"max-video-preview:-1"},"canonical":"https:\/\/www.dimins.com\/no\/be-om-demonstrasjon-diver-platform\/","og_locale":"nb_NO","og_type":"article","og_title":"be-om-demonstrasjon-diver-platform","og_description":"Vennligst fyll ut skjemaet for en gratis demonstrasjon av Diver Platform. Er du klar til \u00e5 ta din virksomhetsstyring til neste niv\u00e5? Hos Dimensional Insight har vi de siste 25 \u00e5rene utviklet kraftfulle l\u00f8sninger, for kravstore kunder med komplekse problemstillinger, i bransjer som supply chain, produksjon, transport og retail. Vi gj\u00f8r analyser tilgjengelige fra operativ [&hellip;]","og_url":"https:\/\/www.dimins.com\/no\/be-om-demonstrasjon-diver-platform\/","og_site_name":"DI Norway","article_modified_time":"2018-12-07T20:58:52+00:00","twitter_card":"summary_large_image","twitter_misc":{"Ansl. lesetid":"8 minutter"},"schema":{"@context":"https:\/\/schema.org","@graph":[{"@type":"WebPage","@id":"https:\/\/www.dimins.com\/no\/be-om-demonstrasjon-diver-platform\/","url":"https:\/\/www.dimins.com\/no\/be-om-demonstrasjon-diver-platform\/","name":"be-om-demonstrasjon-diver-platform - DI Norway","isPartOf":{"@id":"https:\/\/www.dimins.com\/no\/#website"},"datePublished":"2018-06-25T14:58:38+00:00","dateModified":"2018-12-07T20:58:52+00:00","breadcrumb":{"@id":"https:\/\/www.dimins.com\/no\/be-om-demonstrasjon-diver-platform\/#breadcrumb"},"inLanguage":"nb-NO","potentialAction":[{"@type":"ReadAction","target":["https:\/\/www.dimins.com\/no\/be-om-demonstrasjon-diver-platform\/"]}]},{"@type":"BreadcrumbList","@id":"https:\/\/www.dimins.com\/no\/be-om-demonstrasjon-diver-platform\/#breadcrumb","itemListElement":[{"@type":"ListItem","position":1,"name":"Home","item":"https:\/\/www.dimins.com\/no\/"},{"@type":"ListItem","position":2,"name":"be-om-demonstrasjon-diver-platform"}]},{"@type":"WebSite","@id":"https:\/\/www.dimins.com\/no\/#website","url":"https:\/\/www.dimins.com\/no\/","name":"DI Norway","description":"Analytics, data management, and performance management solutions","publisher":{"@id":"https:\/\/www.dimins.com\/no\/#organization"},"potentialAction":[{"@type":"SearchAction","target":{"@type":"EntryPoint","urlTemplate":"https:\/\/www.dimins.com\/no\/?s={search_term_string}"},"query-input":{"@type":"PropertyValueSpecification","valueRequired":true,"valueName":"search_term_string"}}],"inLanguage":"nb-NO"},{"@type":"Organization","@id":"https:\/\/www.dimins.com\/no\/#organization","name":"DI Norway","url":"https:\/\/www.dimins.com\/no\/","logo":{"@type":"ImageObject","inLanguage":"nb-NO","@id":"https:\/\/www.dimins.com\/no\/#\/schema\/logo\/image\/","url":"https:\/\/www.dimins.com\/no\/wp-content\/uploads\/sites\/23\/2017\/11\/3-inch-wide-di-logo.png","contentUrl":"https:\/\/www.dimins.com\/no\/wp-content\/uploads\/sites\/23\/2017\/11\/3-inch-wide-di-logo.png","width":216,"height":50,"caption":"DI Norway"},"image":{"@id":"https:\/\/www.dimins.com\/no\/#\/schema\/logo\/image\/"}}]}},"_links":{"self":[{"href":"https:\/\/www.dimins.com\/no\/wp-json\/wp\/v2\/pages\/1475","targetHints":{"allow":["GET"]}}],"collection":[{"href":"https:\/\/www.dimins.com\/no\/wp-json\/wp\/v2\/pages"}],"about":[{"href":"https:\/\/www.dimins.com\/no\/wp-json\/wp\/v2\/types\/page"}],"author":[{"embeddable":true,"href":"https:\/\/www.dimins.com\/no\/wp-json\/wp\/v2\/users\/65"}],"replies":[{"embeddable":true,"href":"https:\/\/www.dimins.com\/no\/wp-json\/wp\/v2\/comments?post=1475"}],"version-history":[{"count":0,"href":"https:\/\/www.dimins.com\/no\/wp-json\/wp\/v2\/pages\/1475\/revisions"}],"wp:attachment":[{"href":"https:\/\/www.dimins.com\/no\/wp-json\/wp\/v2\/media?parent=1475"}],"curies":[{"name":"wp","href":"https:\/\/api.w.org\/{rel}","templated":true}]}}