{"id":1403,"date":"2018-06-18T19:21:15","date_gmt":"2018-06-18T19:21:15","guid":{"rendered":"https:\/\/www.dimins.com\/no\/?page_id=1403"},"modified":"2020-06-23T12:29:01","modified_gmt":"2020-06-23T12:29:01","slug":"2018-dresner-study","status":"publish","type":"page","link":"https:\/\/www.dimins.com\/no\/bedrift\/priser-og-utmerkelser\/2018-dresner-study\/","title":{"rendered":"2018 Dresner Market Study"},"content":{"rendered":"<p>[et_pb_section bb_built=&raquo;1&#8243; custom_padding_last_edited=&raquo;on|phone&raquo; _builder_version=&raquo;3.7&#8243; custom_margin=&raquo;||0px|&raquo; custom_padding=&raquo;0px|||&raquo; next_background_color=&raquo;#164e8b&raquo; inner_width=&raquo;auto&raquo; inner_max_width=&raquo;960px&raquo;][et_pb_row _builder_version=&raquo;3.7&#8243; background_size=&raquo;initial&raquo; background_position=&raquo;top_left&raquo; background_repeat=&raquo;repeat&raquo; width=&raquo;80%&raquo; max_width=&raquo;960px&raquo;][et_pb_column type=&raquo;1_2&#8243; custom_padding__hover=&raquo;|||&raquo; custom_padding=&raquo;30px|30px|30px|30px&raquo;][et_pb_text ul_item_indent=&raquo;50px&raquo; _builder_version=&raquo;3.7&#8243; ul_text_align=&raquo;left&raquo; ul_line_height=&raquo;1.7em&raquo; header_font=&raquo;|300|||||||&raquo; header_text_color=&raquo;#164e8b&raquo; header_font_size=&raquo;20px&raquo; header_line_height=&raquo;1.1em&raquo; text_orientation=&raquo;left&raquo;]<\/p>\n<h1>L\u00e6r mer om de siste BI trendene og se hvilke leverand\u00f8rer som fikk de h\u00f8yeste rangeringene av kunder<\/h1>\n<p>&nbsp;<\/p>\n<p><strong>2018 Wisdom of Crowds Business Intelligence Market Study<\/strong> ser p\u00e5 BI tilstanden i organisasjoner. Rapporten inneholder ogs\u00e5 tilbakemeldinger fra business intelligence brukere om teknologier de benytter.<\/p>\n<p>[\/et_pb_text][\/et_pb_column][et_pb_column type=&raquo;1_2&#8243; custom_padding__hover=&raquo;|||&raquo; custom_padding=&raquo;30px|30px|30px|30px&raquo; custom_padding_phone=&raquo;0px|0px|0px|0px&raquo; custom_padding_last_edited=&raquo;on|phone&raquo;][et_pb_contact_form admin_label=&raquo;Form 2018 Dresner Market study&raquo; captcha=&raquo;off&raquo; email=&raquo;marketing@dimins.com&raquo; title=&raquo;Last ned Dresner 2018 markedsunders\u00f8kelse&raquo; custom_message=&raquo;The following person has filled out a form to download 2018 Dresner Market Study on DI Norway site. Please make note of it:||et_pb_line_break_holder||||et_pb_line_break_holder||*** Natalie! Please forward this to Tonje Hanssen at tonje@dimins.no ***||et_pb_line_break_holder||||et_pb_line_break_holder||First: %%First-Name%%||et_pb_line_break_holder||Last: %%Last-Name%%||et_pb_line_break_holder||Company: %%Company%%||et_pb_line_break_holder||Email: %%Email%%&raquo; use_redirect=&raquo;on&raquo; redirect_url=&raquo;https:\/\/www.dimins.com\/no\/wp-content\/uploads\/sites\/23\/2018\/06\/Dimensional_Insight_-_Copyright_2018_Dresner_Advisory_S__-ervices.pdf&raquo; success_message=&raquo;Thank you for your request. We will be in contact with you shortly.&raquo; submit_button_text=&raquo;Last ned Dresner 2018 markedsunders\u00f8kelse&raquo; form_background_color=&raquo;#ffffff&raquo; _builder_version=&raquo;3.7&#8243; title_level=&raquo;h6&#8243; title_font=&raquo;|300|||||||&raquo; title_text_color=&raquo;#164e8b&raquo; title_font_size=&raquo;18&#8243; title_line_height=&raquo;1.2em&raquo; form_field_text_align=&raquo;left&raquo; form_field_line_height=&raquo;1em&raquo; border_radii=&raquo;on|10px|10px|10px|10px&raquo; border_width_all=&raquo;1px&raquo; border_color_all=&raquo;#e65847&#8243; custom_button=&raquo;on&raquo; button_text_size=&raquo;15&#8243; button_text_color=&raquo;#ffffff&raquo; button_bg_color=&raquo;#e65847&#8243; button_border_width=&raquo;1&#8243; button_border_color=&raquo;#e65847&#8243; button_border_radius=&raquo;10&#8243; button_icon=&raquo;%%28%%&raquo; button_on_hover=&raquo;off&raquo; button_text_color_hover=&raquo;rgba(230,88,71,0.92)&raquo; button_bg_color_hover=&raquo;#ffffff&raquo; button_border_color_hover=&raquo;#e65847&#8243; button_border_radius_hover=&raquo;10&#8243; text_orientation=&raquo;left&raquo; custom_margin_tablet=&raquo;0px|||&raquo; custom_margin_last_edited=&raquo;on|tablet&raquo; custom_css_main_element=&raquo;padding: 40px;||box-shadow: 0 0 20px rgba(0,0,0,.1);||margin-bottom: -250px !important;||border-radius: 5px;||background: #ffffff !important;||position: relative !important;||z-index: 1;||&raquo; module_id=&raquo;et_pb_contact_form_1&#8243; form_field_background_color=&raquo;#ffffff&raquo;][et_pb_contact_field field_id=&raquo;First-Name&raquo; field_title=&raquo;Fornavn&raquo; fullwidth_field=&raquo;on&raquo; _builder_version=&raquo;3.3.1&#8243;][\/et_pb_contact_field][et_pb_contact_field field_id=&raquo;Last-Name&raquo; field_title=&raquo;Etternavn&raquo; fullwidth_field=&raquo;on&raquo; _builder_version=&raquo;3.3.1&#8243;][\/et_pb_contact_field][et_pb_contact_field field_id=&raquo;Company&raquo; field_title=&raquo;Firma&raquo; fullwidth_field=&raquo;on&raquo; _builder_version=&raquo;3.3.1&#8243;][\/et_pb_contact_field][et_pb_contact_field field_id=&raquo;Email&raquo; field_title=&raquo;Email addresse&raquo; field_type=&raquo;email&raquo; fullwidth_field=&raquo;on&raquo; _builder_version=&raquo;3.3.1&#8243;][\/et_pb_contact_field][\/et_pb_contact_form][\/et_pb_column][\/et_pb_row][\/et_pb_section][et_pb_section bb_built=&raquo;1&#8243; _builder_version=&raquo;3.7&#8243; background_color=&raquo;#164e8b&raquo; background_image=&raquo;https:\/\/www.dimins.com\/no\/wp-content\/uploads\/sites\/23\/2017\/12\/Pattern-tile-repeat-min.png&raquo; background_size=&raquo;initial&raquo; background_position=&raquo;top_left&raquo; background_repeat=&raquo;repeat&raquo; background_blend=&raquo;multiply&raquo; custom_padding=&raquo;15px||0px|&raquo; custom_css_main_element=&raquo;position: relative;||z-index: 0;&raquo; prev_background_color=&raquo;#ffffff&raquo; next_background_color=&raquo;#ffffff&raquo; inner_width=&raquo;auto&raquo; inner_max_width=&raquo;960px&raquo;][et_pb_row _builder_version=&raquo;3.7&#8243; width=&raquo;80%&raquo; max_width=&raquo;960px&raquo;][et_pb_column type=&raquo;1_2&#8243; custom_padding__hover=&raquo;|||&raquo; custom_padding=&raquo;|||&raquo; custom_padding_phone=&raquo;0px|0px|0px|0px&raquo; custom_padding_last_edited=&raquo;on|tablet&raquo; custom_padding_tablet=&raquo;150px|||&raquo;][et_pb_text admin_label=&raquo;List&raquo; _builder_version=&raquo;4.4.7&#8243; ul_text_color=&raquo;#ffffff&raquo; text_text_shadow_horizontal_length=&raquo;text_text_shadow_style,%91object Object%93&#8243; text_text_shadow_horizontal_length_tablet=&raquo;0px&raquo; text_text_shadow_vertical_length=&raquo;text_text_shadow_style,%91object Object%93&#8243; text_text_shadow_vertical_length_tablet=&raquo;0px&raquo; text_text_shadow_blur_strength=&raquo;text_text_shadow_style,%91object Object%93&#8243; text_text_shadow_blur_strength_tablet=&raquo;1px&raquo; link_text_shadow_horizontal_length=&raquo;link_text_shadow_style,%91object Object%93&#8243; link_text_shadow_horizontal_length_tablet=&raquo;0px&raquo; link_text_shadow_vertical_length=&raquo;link_text_shadow_style,%91object Object%93&#8243; link_text_shadow_vertical_length_tablet=&raquo;0px&raquo; link_text_shadow_blur_strength=&raquo;link_text_shadow_style,%91object Object%93&#8243; link_text_shadow_blur_strength_tablet=&raquo;1px&raquo; ul_text_shadow_horizontal_length=&raquo;ul_text_shadow_style,%91object Object%93&#8243; ul_text_shadow_horizontal_length_tablet=&raquo;0px&raquo; ul_text_shadow_vertical_length=&raquo;ul_text_shadow_style,%91object Object%93&#8243; ul_text_shadow_vertical_length_tablet=&raquo;0px&raquo; ul_text_shadow_blur_strength=&raquo;ul_text_shadow_style,%91object Object%93&#8243; ul_text_shadow_blur_strength_tablet=&raquo;1px&raquo; ol_text_shadow_horizontal_length=&raquo;ol_text_shadow_style,%91object Object%93&#8243; ol_text_shadow_horizontal_length_tablet=&raquo;0px&raquo; ol_text_shadow_vertical_length=&raquo;ol_text_shadow_style,%91object Object%93&#8243; ol_text_shadow_vertical_length_tablet=&raquo;0px&raquo; ol_text_shadow_blur_strength=&raquo;ol_text_shadow_style,%91object Object%93&#8243; ol_text_shadow_blur_strength_tablet=&raquo;1px&raquo; quote_text_shadow_horizontal_length=&raquo;quote_text_shadow_style,%91object Object%93&#8243; quote_text_shadow_horizontal_length_tablet=&raquo;0px&raquo; quote_text_shadow_vertical_length=&raquo;quote_text_shadow_style,%91object Object%93&#8243; quote_text_shadow_vertical_length_tablet=&raquo;0px&raquo; quote_text_shadow_blur_strength=&raquo;quote_text_shadow_style,%91object Object%93&#8243; quote_text_shadow_blur_strength_tablet=&raquo;1px&raquo; header_text_shadow_horizontal_length=&raquo;header_text_shadow_style,%91object Object%93&#8243; header_text_shadow_horizontal_length_tablet=&raquo;0px&raquo; header_text_shadow_vertical_length=&raquo;header_text_shadow_style,%91object Object%93&#8243; header_text_shadow_vertical_length_tablet=&raquo;0px&raquo; header_text_shadow_blur_strength=&raquo;header_text_shadow_style,%91object Object%93&#8243; header_text_shadow_blur_strength_tablet=&raquo;1px&raquo; header_2_text_shadow_horizontal_length=&raquo;header_2_text_shadow_style,%91object Object%93&#8243; header_2_text_shadow_horizontal_length_tablet=&raquo;0px&raquo; header_2_text_shadow_vertical_length=&raquo;header_2_text_shadow_style,%91object Object%93&#8243; header_2_text_shadow_vertical_length_tablet=&raquo;0px&raquo; header_2_text_shadow_blur_strength=&raquo;header_2_text_shadow_style,%91object Object%93&#8243; header_2_text_shadow_blur_strength_tablet=&raquo;1px&raquo; header_3_text_shadow_horizontal_length=&raquo;header_3_text_shadow_style,%91object Object%93&#8243; header_3_text_shadow_horizontal_length_tablet=&raquo;0px&raquo; header_3_text_shadow_vertical_length=&raquo;header_3_text_shadow_style,%91object Object%93&#8243; header_3_text_shadow_vertical_length_tablet=&raquo;0px&raquo; header_3_text_shadow_blur_strength=&raquo;header_3_text_shadow_style,%91object Object%93&#8243; header_3_text_shadow_blur_strength_tablet=&raquo;1px&raquo; header_4_text_shadow_horizontal_length=&raquo;header_4_text_shadow_style,%91object Object%93&#8243; header_4_text_shadow_horizontal_length_tablet=&raquo;0px&raquo; header_4_text_shadow_vertical_length=&raquo;header_4_text_shadow_style,%91object Object%93&#8243; header_4_text_shadow_vertical_length_tablet=&raquo;0px&raquo; header_4_text_shadow_blur_strength=&raquo;header_4_text_shadow_style,%91object Object%93&#8243; header_4_text_shadow_blur_strength_tablet=&raquo;1px&raquo; header_5_text_shadow_horizontal_length=&raquo;header_5_text_shadow_style,%91object Object%93&#8243; header_5_text_shadow_horizontal_length_tablet=&raquo;0px&raquo; header_5_text_shadow_vertical_length=&raquo;header_5_text_shadow_style,%91object Object%93&#8243; header_5_text_shadow_vertical_length_tablet=&raquo;0px&raquo; header_5_text_shadow_blur_strength=&raquo;header_5_text_shadow_style,%91object Object%93&#8243; header_5_text_shadow_blur_strength_tablet=&raquo;1px&raquo; header_6_text_shadow_horizontal_length=&raquo;header_6_text_shadow_style,%91object Object%93&#8243; header_6_text_shadow_horizontal_length_tablet=&raquo;0px&raquo; header_6_text_shadow_vertical_length=&raquo;header_6_text_shadow_style,%91object Object%93&#8243; header_6_text_shadow_vertical_length_tablet=&raquo;0px&raquo; header_6_text_shadow_blur_strength=&raquo;header_6_text_shadow_style,%91object Object%93&#8243; header_6_text_shadow_blur_strength_tablet=&raquo;1px&raquo; box_shadow_horizontal_tablet=&raquo;0px&raquo; box_shadow_vertical_tablet=&raquo;0px&raquo; box_shadow_blur_tablet=&raquo;40px&raquo; box_shadow_spread_tablet=&raquo;0px&raquo; vertical_offset_tablet=&raquo;0&#8243; horizontal_offset_tablet=&raquo;0&#8243; z_index_tablet=&raquo;0&#8243;]<\/p>\n<ul>\n<li>Gratis rapport p\u00e5 187-sider<\/li>\n<li>Detaljert rangering av 27 leverand\u00f8rer<\/li>\n<li>Leverand\u00f8rene er scoret p\u00e5 33 dimensjoner<\/li>\n<li>Markedsmodellen for kundeservice m\u00e5ler leverand\u00f8rer p\u00e5 &laquo;salg og service&raquo; vs. &laquo;kundeopplevelse&raquo;<\/li>\n<li>Troverdighetsmodellen for leverand\u00f8rene m\u00e5ler &laquo;verdi for pris betalt&raquo; vs. &laquo;tillit&raquo;<\/li>\n<\/ul>\n<p>[\/et_pb_text][\/et_pb_column][et_pb_column type=&raquo;1_2&#8243; custom_padding__hover=&raquo;|||&raquo; custom_padding=&raquo;|||&raquo; custom_padding_phone=&raquo;0px|0px|0px|0px&raquo; custom_padding_last_edited=&raquo;on|tablet&raquo; custom_padding_tablet=&raquo;150px|||&raquo;][\/et_pb_column][\/et_pb_row][\/et_pb_section][et_pb_section bb_built=&raquo;1&#8243; specialty=&raquo;off&raquo; prev_background_color=&raquo;#164e8b&raquo; _builder_version=&raquo;3.11.1&#8243; custom_padding=&raquo;0px||0px|&raquo; inner_width=&raquo;auto&raquo; inner_max_width=&raquo;960px&raquo;][et_pb_row _builder_version=&raquo;3.11.1&#8243; make_fullwidth=&raquo;on&raquo; use_custom_gutter=&raquo;on&raquo; gutter_width=&raquo;1&#8243; module_class=&raquo;ds-carousel et_pb_row_fullwidth et_pb_row_fullwidth&raquo; custom_padding=&raquo;0px||0px|&raquo; width=&raquo;100%&raquo; width_tablet=&raquo;100%&raquo; width_last_edited=&raquo;on|desktop&raquo; max_width=&raquo;100%&raquo; max_width_tablet=&raquo;100%&raquo; max_width_last_edited=&raquo;on|desktop&raquo;][et_pb_column type=&raquo;4_4&#8243; custom_padding__hover=&raquo;|||&raquo; custom_padding=&raquo;|||&raquo;][et_pb_image admin_label=&raquo;New Balance&raquo; _builder_version=&raquo;3.11.1&#8243; custom_padding=&raquo;|10px||10px&raquo; src=&raquo;https:\/\/www.dimins.com\/no\/wp-content\/uploads\/sites\/23\/2018\/08\/new-balance-1.png&raquo; align_last_edited=&raquo;on|desktop&raquo; align_tablet=&raquo;center&raquo; \/][et_pb_image admin_label=&raquo;Mestergruppen&raquo; _builder_version=&raquo;3.11.1&#8243; custom_padding=&raquo;|10px||10px&raquo; src=&raquo;https:\/\/www.dimins.com\/no\/wp-content\/uploads\/sites\/23\/2018\/08\/mestergruppen-1.png&raquo; align_last_edited=&raquo;on|desktop&raquo; align_tablet=&raquo;center&raquo; \/][et_pb_image admin_label=&raquo;Bring&raquo; _builder_version=&raquo;3.11.1&#8243; custom_padding=&raquo;|10px||10px&raquo; src=&raquo;https:\/\/www.dimins.com\/no\/wp-content\/uploads\/sites\/23\/2018\/08\/bring-1.png&raquo; align_last_edited=&raquo;on|desktop&raquo; align_tablet=&raquo;center&raquo; \/][et_pb_image admin_label=&raquo;Campari Group&raquo; _builder_version=&raquo;3.11.1&#8243; custom_padding=&raquo;|10px||10px&raquo; src=&raquo;https:\/\/www.dimins.com\/no\/wp-content\/uploads\/sites\/23\/2018\/08\/campari-group-1.png&raquo; align_last_edited=&raquo;on|desktop&raquo; align_tablet=&raquo;center&raquo; \/][et_pb_image admin_label=&raquo;Ghent&raquo; _builder_version=&raquo;3.11.1&#8243; custom_padding=&raquo;|10px||10px&raquo; src=&raquo;https:\/\/www.dimins.com\/no\/wp-content\/uploads\/sites\/23\/2018\/08\/ghent-1.png&raquo; align_last_edited=&raquo;on|desktop&raquo; align_tablet=&raquo;center&raquo; \/][et_pb_image admin_label=&raquo;Whistl&raquo; _builder_version=&raquo;3.11.1&#8243; custom_padding=&raquo;|10px||10px&raquo; src=&raquo;https:\/\/www.dimins.com\/no\/wp-content\/uploads\/sites\/23\/2018\/08\/whistl-1.png&raquo; align_last_edited=&raquo;on|desktop&raquo; align_tablet=&raquo;center&raquo; \/][et_pb_image admin_label=&raquo;New Balance&raquo; _builder_version=&raquo;3.11.1&#8243; custom_padding=&raquo;|10px||10px&raquo; src=&raquo;https:\/\/www.dimins.com\/no\/wp-content\/uploads\/sites\/23\/2018\/08\/new-balance-1.png&raquo; align_last_edited=&raquo;on|desktop&raquo; align_tablet=&raquo;center&raquo; \/][et_pb_image admin_label=&raquo;Mestergruppen&raquo; _builder_version=&raquo;3.11.1&#8243; custom_padding=&raquo;|10px||10px&raquo; src=&raquo;https:\/\/www.dimins.com\/no\/wp-content\/uploads\/sites\/23\/2018\/08\/mestergruppen-1.png&raquo; align_last_edited=&raquo;on|desktop&raquo; align_tablet=&raquo;center&raquo; \/][et_pb_image admin_label=&raquo;Bring&raquo; _builder_version=&raquo;3.11.1&#8243; custom_padding=&raquo;|10px||10px&raquo; src=&raquo;https:\/\/www.dimins.com\/no\/wp-content\/uploads\/sites\/23\/2018\/08\/bring-1.png&raquo; align_last_edited=&raquo;on|desktop&raquo; align_tablet=&raquo;center&raquo; \/][et_pb_image admin_label=&raquo;Campari Group&raquo; _builder_version=&raquo;3.11.1&#8243; custom_padding=&raquo;|10px||10px&raquo; src=&raquo;https:\/\/www.dimins.com\/no\/wp-content\/uploads\/sites\/23\/2018\/08\/campari-group-1.png&raquo; align_last_edited=&raquo;on|desktop&raquo; align_tablet=&raquo;center&raquo; \/][et_pb_image admin_label=&raquo;Ghent&raquo; _builder_version=&raquo;3.11.1&#8243; custom_padding=&raquo;|10px||10px&raquo; src=&raquo;https:\/\/www.dimins.com\/no\/wp-content\/uploads\/sites\/23\/2018\/08\/ghent-1.png&raquo; align_last_edited=&raquo;on|desktop&raquo; align_tablet=&raquo;center&raquo; \/][et_pb_image admin_label=&raquo;Whistl&raquo; _builder_version=&raquo;3.11.1&#8243; custom_padding=&raquo;|10px||10px&raquo; src=&raquo;https:\/\/www.dimins.com\/no\/wp-content\/uploads\/sites\/23\/2018\/08\/whistl-1.png&raquo; align_last_edited=&raquo;on|desktop&raquo; align_tablet=&raquo;center&raquo; \/][\/et_pb_column][\/et_pb_row][\/et_pb_section]<\/p>\n","protected":false},"excerpt":{"rendered":"<p>L\u00e6r mer om de siste BI trendene og se hvilke leverand\u00f8rer som fikk de h\u00f8yeste rangeringene av kunder &nbsp; 2018 Wisdom of Crowds Business Intelligence Market Study ser p\u00e5 BI tilstanden i organisasjoner. Rapporten inneholder ogs\u00e5 tilbakemeldinger fra business intelligence brukere om teknologier de benytter. Gratis rapport p\u00e5 187-siderDetaljert rangering av 27 leverand\u00f8rerLeverand\u00f8rene er scoret [&hellip;]<\/p>\n","protected":false},"author":65,"featured_media":0,"parent":566,"menu_order":0,"comment_status":"closed","ping_status":"closed","template":"","meta":{"_et_pb_use_builder":"on","_et_pb_old_content":"","_et_gb_content_width":"","footnotes":""},"class_list":["post-1403","page","type-page","status-publish","hentry"],"yoast_head":"<!-- This site is optimized with the Yoast SEO Premium plugin v27.3 (Yoast SEO v27.3) - https:\/\/yoast.com\/product\/yoast-seo-premium-wordpress\/ -->\n<title>2018 Dresner Market Study - DI Norway<\/title>\n<meta name=\"robots\" content=\"index, follow, max-snippet:-1, max-image-preview:large, max-video-preview:-1\" \/>\n<link rel=\"canonical\" href=\"https:\/\/www.dimins.com\/no\/bedrift\/priser-og-utmerkelser\/2018-dresner-study\/\" \/>\n<meta property=\"og:locale\" content=\"nb_NO\" \/>\n<meta property=\"og:type\" content=\"article\" \/>\n<meta property=\"og:title\" content=\"2018 Dresner Market Study\" \/>\n<meta property=\"og:description\" content=\"L\u00e6r mer om de siste BI trendene og se hvilke leverand\u00f8rer som fikk de h\u00f8yeste rangeringene av kunder &nbsp; 2018 Wisdom of Crowds Business Intelligence Market Study ser p\u00e5 BI tilstanden i organisasjoner. Rapporten inneholder ogs\u00e5 tilbakemeldinger fra business intelligence brukere om teknologier de benytter. Gratis rapport p\u00e5 187-siderDetaljert rangering av 27 leverand\u00f8rerLeverand\u00f8rene er scoret [&hellip;]\" \/>\n<meta property=\"og:url\" content=\"https:\/\/www.dimins.com\/no\/bedrift\/priser-og-utmerkelser\/2018-dresner-study\/\" \/>\n<meta property=\"og:site_name\" content=\"DI Norway\" \/>\n<meta property=\"article:modified_time\" content=\"2020-06-23T12:29:01+00:00\" \/>\n<meta name=\"twitter:card\" content=\"summary_large_image\" \/>\n<meta name=\"twitter:label1\" content=\"Ansl. lesetid\" \/>\n\t<meta name=\"twitter:data1\" content=\"9 minutter\" \/>\n<script type=\"application\/ld+json\" class=\"yoast-schema-graph\">{\"@context\":\"https:\\\/\\\/schema.org\",\"@graph\":[{\"@type\":\"WebPage\",\"@id\":\"https:\\\/\\\/www.dimins.com\\\/no\\\/bedrift\\\/priser-og-utmerkelser\\\/2018-dresner-study\\\/\",\"url\":\"https:\\\/\\\/www.dimins.com\\\/no\\\/bedrift\\\/priser-og-utmerkelser\\\/2018-dresner-study\\\/\",\"name\":\"2018 Dresner Market Study - DI Norway\",\"isPartOf\":{\"@id\":\"https:\\\/\\\/www.dimins.com\\\/no\\\/#website\"},\"datePublished\":\"2018-06-18T19:21:15+00:00\",\"dateModified\":\"2020-06-23T12:29:01+00:00\",\"breadcrumb\":{\"@id\":\"https:\\\/\\\/www.dimins.com\\\/no\\\/bedrift\\\/priser-og-utmerkelser\\\/2018-dresner-study\\\/#breadcrumb\"},\"inLanguage\":\"nb-NO\",\"potentialAction\":[{\"@type\":\"ReadAction\",\"target\":[\"https:\\\/\\\/www.dimins.com\\\/no\\\/bedrift\\\/priser-og-utmerkelser\\\/2018-dresner-study\\\/\"]}]},{\"@type\":\"BreadcrumbList\",\"@id\":\"https:\\\/\\\/www.dimins.com\\\/no\\\/bedrift\\\/priser-og-utmerkelser\\\/2018-dresner-study\\\/#breadcrumb\",\"itemListElement\":[{\"@type\":\"ListItem\",\"position\":1,\"name\":\"Home\",\"item\":\"https:\\\/\\\/www.dimins.com\\\/no\\\/\"},{\"@type\":\"ListItem\",\"position\":2,\"name\":\"Bedrift\",\"item\":\"https:\\\/\\\/www.dimins.com\\\/no\\\/bedrift\\\/\"},{\"@type\":\"ListItem\",\"position\":3,\"name\":\"Priser og utmerkelser\",\"item\":\"https:\\\/\\\/www.dimins.com\\\/no\\\/bedrift\\\/priser-og-utmerkelser\\\/\"},{\"@type\":\"ListItem\",\"position\":4,\"name\":\"2018 Dresner Market Study\"}]},{\"@type\":\"WebSite\",\"@id\":\"https:\\\/\\\/www.dimins.com\\\/no\\\/#website\",\"url\":\"https:\\\/\\\/www.dimins.com\\\/no\\\/\",\"name\":\"DI Norway\",\"description\":\"Analytics, data management, and performance management solutions\",\"publisher\":{\"@id\":\"https:\\\/\\\/www.dimins.com\\\/no\\\/#organization\"},\"potentialAction\":[{\"@type\":\"SearchAction\",\"target\":{\"@type\":\"EntryPoint\",\"urlTemplate\":\"https:\\\/\\\/www.dimins.com\\\/no\\\/?s={search_term_string}\"},\"query-input\":{\"@type\":\"PropertyValueSpecification\",\"valueRequired\":true,\"valueName\":\"search_term_string\"}}],\"inLanguage\":\"nb-NO\"},{\"@type\":\"Organization\",\"@id\":\"https:\\\/\\\/www.dimins.com\\\/no\\\/#organization\",\"name\":\"DI Norway\",\"url\":\"https:\\\/\\\/www.dimins.com\\\/no\\\/\",\"logo\":{\"@type\":\"ImageObject\",\"inLanguage\":\"nb-NO\",\"@id\":\"https:\\\/\\\/www.dimins.com\\\/no\\\/#\\\/schema\\\/logo\\\/image\\\/\",\"url\":\"https:\\\/\\\/www.dimins.com\\\/no\\\/wp-content\\\/uploads\\\/sites\\\/23\\\/2017\\\/11\\\/3-inch-wide-di-logo.png\",\"contentUrl\":\"https:\\\/\\\/www.dimins.com\\\/no\\\/wp-content\\\/uploads\\\/sites\\\/23\\\/2017\\\/11\\\/3-inch-wide-di-logo.png\",\"width\":216,\"height\":50,\"caption\":\"DI Norway\"},\"image\":{\"@id\":\"https:\\\/\\\/www.dimins.com\\\/no\\\/#\\\/schema\\\/logo\\\/image\\\/\"}}]}<\/script>\n<!-- \/ Yoast SEO Premium plugin. -->","yoast_head_json":{"title":"2018 Dresner Market Study - DI Norway","robots":{"index":"index","follow":"follow","max-snippet":"max-snippet:-1","max-image-preview":"max-image-preview:large","max-video-preview":"max-video-preview:-1"},"canonical":"https:\/\/www.dimins.com\/no\/bedrift\/priser-og-utmerkelser\/2018-dresner-study\/","og_locale":"nb_NO","og_type":"article","og_title":"2018 Dresner Market Study","og_description":"L\u00e6r mer om de siste BI trendene og se hvilke leverand\u00f8rer som fikk de h\u00f8yeste rangeringene av kunder &nbsp; 2018 Wisdom of Crowds Business Intelligence Market Study ser p\u00e5 BI tilstanden i organisasjoner. Rapporten inneholder ogs\u00e5 tilbakemeldinger fra business intelligence brukere om teknologier de benytter. Gratis rapport p\u00e5 187-siderDetaljert rangering av 27 leverand\u00f8rerLeverand\u00f8rene er scoret [&hellip;]","og_url":"https:\/\/www.dimins.com\/no\/bedrift\/priser-og-utmerkelser\/2018-dresner-study\/","og_site_name":"DI Norway","article_modified_time":"2020-06-23T12:29:01+00:00","twitter_card":"summary_large_image","twitter_misc":{"Ansl. lesetid":"9 minutter"},"schema":{"@context":"https:\/\/schema.org","@graph":[{"@type":"WebPage","@id":"https:\/\/www.dimins.com\/no\/bedrift\/priser-og-utmerkelser\/2018-dresner-study\/","url":"https:\/\/www.dimins.com\/no\/bedrift\/priser-og-utmerkelser\/2018-dresner-study\/","name":"2018 Dresner Market Study - DI Norway","isPartOf":{"@id":"https:\/\/www.dimins.com\/no\/#website"},"datePublished":"2018-06-18T19:21:15+00:00","dateModified":"2020-06-23T12:29:01+00:00","breadcrumb":{"@id":"https:\/\/www.dimins.com\/no\/bedrift\/priser-og-utmerkelser\/2018-dresner-study\/#breadcrumb"},"inLanguage":"nb-NO","potentialAction":[{"@type":"ReadAction","target":["https:\/\/www.dimins.com\/no\/bedrift\/priser-og-utmerkelser\/2018-dresner-study\/"]}]},{"@type":"BreadcrumbList","@id":"https:\/\/www.dimins.com\/no\/bedrift\/priser-og-utmerkelser\/2018-dresner-study\/#breadcrumb","itemListElement":[{"@type":"ListItem","position":1,"name":"Home","item":"https:\/\/www.dimins.com\/no\/"},{"@type":"ListItem","position":2,"name":"Bedrift","item":"https:\/\/www.dimins.com\/no\/bedrift\/"},{"@type":"ListItem","position":3,"name":"Priser og utmerkelser","item":"https:\/\/www.dimins.com\/no\/bedrift\/priser-og-utmerkelser\/"},{"@type":"ListItem","position":4,"name":"2018 Dresner Market Study"}]},{"@type":"WebSite","@id":"https:\/\/www.dimins.com\/no\/#website","url":"https:\/\/www.dimins.com\/no\/","name":"DI Norway","description":"Analytics, data management, and performance management solutions","publisher":{"@id":"https:\/\/www.dimins.com\/no\/#organization"},"potentialAction":[{"@type":"SearchAction","target":{"@type":"EntryPoint","urlTemplate":"https:\/\/www.dimins.com\/no\/?s={search_term_string}"},"query-input":{"@type":"PropertyValueSpecification","valueRequired":true,"valueName":"search_term_string"}}],"inLanguage":"nb-NO"},{"@type":"Organization","@id":"https:\/\/www.dimins.com\/no\/#organization","name":"DI Norway","url":"https:\/\/www.dimins.com\/no\/","logo":{"@type":"ImageObject","inLanguage":"nb-NO","@id":"https:\/\/www.dimins.com\/no\/#\/schema\/logo\/image\/","url":"https:\/\/www.dimins.com\/no\/wp-content\/uploads\/sites\/23\/2017\/11\/3-inch-wide-di-logo.png","contentUrl":"https:\/\/www.dimins.com\/no\/wp-content\/uploads\/sites\/23\/2017\/11\/3-inch-wide-di-logo.png","width":216,"height":50,"caption":"DI Norway"},"image":{"@id":"https:\/\/www.dimins.com\/no\/#\/schema\/logo\/image\/"}}]}},"_links":{"self":[{"href":"https:\/\/www.dimins.com\/no\/wp-json\/wp\/v2\/pages\/1403","targetHints":{"allow":["GET"]}}],"collection":[{"href":"https:\/\/www.dimins.com\/no\/wp-json\/wp\/v2\/pages"}],"about":[{"href":"https:\/\/www.dimins.com\/no\/wp-json\/wp\/v2\/types\/page"}],"author":[{"embeddable":true,"href":"https:\/\/www.dimins.com\/no\/wp-json\/wp\/v2\/users\/65"}],"replies":[{"embeddable":true,"href":"https:\/\/www.dimins.com\/no\/wp-json\/wp\/v2\/comments?post=1403"}],"version-history":[{"count":0,"href":"https:\/\/www.dimins.com\/no\/wp-json\/wp\/v2\/pages\/1403\/revisions"}],"up":[{"embeddable":true,"href":"https:\/\/www.dimins.com\/no\/wp-json\/wp\/v2\/pages\/566"}],"wp:attachment":[{"href":"https:\/\/www.dimins.com\/no\/wp-json\/wp\/v2\/media?parent=1403"}],"curies":[{"name":"wp","href":"https:\/\/api.w.org\/{rel}","templated":true}]}}