{"id":1316,"date":"2018-05-16T14:08:39","date_gmt":"2018-05-16T14:08:39","guid":{"rendered":"https:\/\/www.dimins.com\/no\/?page_id=1316"},"modified":"2018-05-25T16:32:53","modified_gmt":"2018-05-25T16:32:53","slug":"global-soft-soluciones-informaticas","status":"publish","type":"page","link":"https:\/\/www.dimins.com\/no\/bedrift\/internasjonal\/global-soft-soluciones-informaticas\/","title":{"rendered":"Global Soft Soluciones Informaticas"},"content":{"rendered":"<p>[et_pb_section bb_built=&raquo;1&#8243;][et_pb_row][et_pb_column type=&raquo;4_4&#8243;][et_pb_text admin_label=&raquo;Name of Country and Company&raquo; background_layout=&raquo;light&raquo; text_orientation=&raquo;left&raquo; background_position=&raquo;top_left&raquo; background_repeat=&raquo;repeat&raquo; background_size=&raquo;initial&raquo;]<\/p>\n<p>&nbsp;<\/p>\n<h1>SPAIN<\/h1>\n<h2>Global Soft, Soluciones Informaticas<\/h2>\n<p>&nbsp;<\/p>\n<p>[\/et_pb_text][\/et_pb_column][\/et_pb_row][et_pb_row][et_pb_column type=&raquo;1_2&#8243;][et_pb_text admin_label=&raquo;Company Profile and Website&raquo; background_position=&raquo;top_left&raquo; background_repeat=&raquo;repeat&raquo; background_size=&raquo;initial&raquo; _builder_version=&raquo;3.2.2&#8243;]<\/p>\n<p>Company Profile<\/p>\n<p>Global Soft, Soluciones Inform\u00e1ticas es una empresa fundada por profesionales con amplia experiencia en el sector de las Tecnolog\u00edas de Informaci\u00f3n.<\/p>\n<p>Valores de Global Soft<br \/>\nNuestros clientes<br \/>\nNuestro equipo humano<br \/>\nEl trabajo bien hecho<br \/>\nPresupuestos cerrados en precio y plazo<br \/>\nNo ponemos l\u00edmites: estamos abiertos a estudiar cualquier propuesta<\/p>\n<p>&nbsp;<\/p>\n<p>[\/et_pb_text][\/et_pb_column][et_pb_column type=&raquo;1_2&#8243;][et_pb_text admin_label=&raquo;Address and Contact Information&raquo; background_position=&raquo;top_left&raquo; background_repeat=&raquo;repeat&raquo; background_size=&raquo;initial&raquo; _builder_version=&raquo;3.3.1&#8243;]<\/p>\n<p>Website:\u00a0<a href=\"http:\/\/globalsoftware.es\/main.asp\">http:\/\/globalsoftware.es<\/a><\/p>\n<p>Global Soft, Soluciones Inform\u00e1ticas<br \/>\nSegundo Mata, 1 , Loc 14<br \/>\nPozuelo de Alarc\u00f3n<br \/>\n28224 Madrid<br \/>\nSpain<\/p>\n<p>Contact:<br \/>\nFernando Marcos, GM<br \/>\nTelephone: (+34) 913 512 476<br \/>\nMobile:\u00a0 (+ 34) 639 345 305<\/p>\n<p>Miguel Angel Marcos, Software Engineer Manager<br \/>\nTelephone: (+34) 913 512 476<br \/>\nMobile: (+34) 686 973 177<\/p>\n<p>[\/et_pb_text][\/et_pb_column][\/et_pb_row][\/et_pb_section]<\/p>\n","protected":false},"excerpt":{"rendered":"<p><div class=\"et_pb_row et_pb_row_0 et_pb_row_empty\">\n\t\t\t\t\n\t\t\t\t\n\t\t\t\t\n\t\t\t\t\n\t\t\t\t\n\t\t\t<\/div> &nbsp; SPAIN Global Soft, Soluciones Informaticas &nbsp; <div class=\"et_pb_row et_pb_row_1 et_pb_row_empty\">\n\t\t\t\t\n\t\t\t\t\n\t\t\t\t\n\t\t\t\t\n\t\t\t\t\n\t\t\t<\/div> Company Profile Global Soft, Soluciones Inform\u00e1ticas es una empresa fundada por profesionales con amplia experiencia en el sector de las Tecnolog\u00edas de Informaci\u00f3n. Valores de Global Soft Nuestros clientes Nuestro equipo humano El trabajo bien hecho Presupuestos cerrados en precio y plazo No ponemos l\u00edmites: estamos [&hellip;]<\/p>\n","protected":false},"author":2,"featured_media":0,"parent":507,"menu_order":0,"comment_status":"closed","ping_status":"closed","template":"","meta":{"_et_pb_use_builder":"on","_et_pb_old_content":"","_et_gb_content_width":"","footnotes":""},"class_list":["post-1316","page","type-page","status-publish","hentry"],"yoast_head":"<!-- This site is optimized with the Yoast SEO Premium plugin v27.4 (Yoast SEO v27.4) - https:\/\/yoast.com\/product\/yoast-seo-premium-wordpress\/ -->\n<title>Global Soft Soluciones Informaticas - DI Norway<\/title>\n<meta name=\"robots\" content=\"index, follow, max-snippet:-1, max-image-preview:large, max-video-preview:-1\" \/>\n<link rel=\"canonical\" href=\"https:\/\/www.dimins.com\/no\/bedrift\/internasjonal\/global-soft-soluciones-informaticas\/\" \/>\n<meta property=\"og:locale\" content=\"nb_NO\" \/>\n<meta property=\"og:type\" content=\"article\" \/>\n<meta property=\"og:title\" content=\"Global Soft Soluciones Informaticas\" \/>\n<meta property=\"og:description\" content=\"&nbsp; SPAIN Global Soft, Soluciones Informaticas &nbsp; Company Profile Global Soft, Soluciones Inform\u00e1ticas es una empresa fundada por profesionales con amplia experiencia en el sector de las Tecnolog\u00edas de Informaci\u00f3n. Valores de Global Soft Nuestros clientes Nuestro equipo humano El trabajo bien hecho Presupuestos cerrados en precio y plazo No ponemos l\u00edmites: estamos [&hellip;]\" \/>\n<meta property=\"og:url\" content=\"https:\/\/www.dimins.com\/no\/bedrift\/internasjonal\/global-soft-soluciones-informaticas\/\" \/>\n<meta property=\"og:site_name\" content=\"DI Norway\" \/>\n<meta property=\"article:modified_time\" content=\"2018-05-25T16:32:53+00:00\" \/>\n<meta name=\"twitter:card\" content=\"summary_large_image\" \/>\n<meta name=\"twitter:label1\" content=\"Ansl. lesetid\" \/>\n\t<meta name=\"twitter:data1\" content=\"1 minutt\" \/>\n<script type=\"application\/ld+json\" class=\"yoast-schema-graph\">{\"@context\":\"https:\\\/\\\/schema.org\",\"@graph\":[{\"@type\":\"WebPage\",\"@id\":\"https:\\\/\\\/www.dimins.com\\\/no\\\/bedrift\\\/internasjonal\\\/global-soft-soluciones-informaticas\\\/\",\"url\":\"https:\\\/\\\/www.dimins.com\\\/no\\\/bedrift\\\/internasjonal\\\/global-soft-soluciones-informaticas\\\/\",\"name\":\"Global Soft Soluciones Informaticas - DI Norway\",\"isPartOf\":{\"@id\":\"https:\\\/\\\/www.dimins.com\\\/no\\\/#website\"},\"datePublished\":\"2018-05-16T14:08:39+00:00\",\"dateModified\":\"2018-05-25T16:32:53+00:00\",\"breadcrumb\":{\"@id\":\"https:\\\/\\\/www.dimins.com\\\/no\\\/bedrift\\\/internasjonal\\\/global-soft-soluciones-informaticas\\\/#breadcrumb\"},\"inLanguage\":\"nb-NO\",\"potentialAction\":[{\"@type\":\"ReadAction\",\"target\":[\"https:\\\/\\\/www.dimins.com\\\/no\\\/bedrift\\\/internasjonal\\\/global-soft-soluciones-informaticas\\\/\"]}]},{\"@type\":\"BreadcrumbList\",\"@id\":\"https:\\\/\\\/www.dimins.com\\\/no\\\/bedrift\\\/internasjonal\\\/global-soft-soluciones-informaticas\\\/#breadcrumb\",\"itemListElement\":[{\"@type\":\"ListItem\",\"position\":1,\"name\":\"Home\",\"item\":\"https:\\\/\\\/www.dimins.com\\\/no\\\/\"},{\"@type\":\"ListItem\",\"position\":2,\"name\":\"Bedrift\",\"item\":\"https:\\\/\\\/www.dimins.com\\\/no\\\/bedrift\\\/\"},{\"@type\":\"ListItem\",\"position\":3,\"name\":\"Internasjonal\",\"item\":\"https:\\\/\\\/www.dimins.com\\\/no\\\/bedrift\\\/internasjonal\\\/\"},{\"@type\":\"ListItem\",\"position\":4,\"name\":\"Global Soft Soluciones Informaticas\"}]},{\"@type\":\"WebSite\",\"@id\":\"https:\\\/\\\/www.dimins.com\\\/no\\\/#website\",\"url\":\"https:\\\/\\\/www.dimins.com\\\/no\\\/\",\"name\":\"DI Norway\",\"description\":\"Analytics, data management, and performance management solutions\",\"publisher\":{\"@id\":\"https:\\\/\\\/www.dimins.com\\\/no\\\/#organization\"},\"potentialAction\":[{\"@type\":\"SearchAction\",\"target\":{\"@type\":\"EntryPoint\",\"urlTemplate\":\"https:\\\/\\\/www.dimins.com\\\/no\\\/?s={search_term_string}\"},\"query-input\":{\"@type\":\"PropertyValueSpecification\",\"valueRequired\":true,\"valueName\":\"search_term_string\"}}],\"inLanguage\":\"nb-NO\"},{\"@type\":\"Organization\",\"@id\":\"https:\\\/\\\/www.dimins.com\\\/no\\\/#organization\",\"name\":\"DI Norway\",\"url\":\"https:\\\/\\\/www.dimins.com\\\/no\\\/\",\"logo\":{\"@type\":\"ImageObject\",\"inLanguage\":\"nb-NO\",\"@id\":\"https:\\\/\\\/www.dimins.com\\\/no\\\/#\\\/schema\\\/logo\\\/image\\\/\",\"url\":\"https:\\\/\\\/www.dimins.com\\\/no\\\/wp-content\\\/uploads\\\/sites\\\/23\\\/2017\\\/11\\\/3-inch-wide-di-logo.png\",\"contentUrl\":\"https:\\\/\\\/www.dimins.com\\\/no\\\/wp-content\\\/uploads\\\/sites\\\/23\\\/2017\\\/11\\\/3-inch-wide-di-logo.png\",\"width\":216,\"height\":50,\"caption\":\"DI Norway\"},\"image\":{\"@id\":\"https:\\\/\\\/www.dimins.com\\\/no\\\/#\\\/schema\\\/logo\\\/image\\\/\"}}]}<\/script>\n<!-- \/ Yoast SEO Premium plugin. -->","yoast_head_json":{"title":"Global Soft Soluciones Informaticas - DI Norway","robots":{"index":"index","follow":"follow","max-snippet":"max-snippet:-1","max-image-preview":"max-image-preview:large","max-video-preview":"max-video-preview:-1"},"canonical":"https:\/\/www.dimins.com\/no\/bedrift\/internasjonal\/global-soft-soluciones-informaticas\/","og_locale":"nb_NO","og_type":"article","og_title":"Global Soft Soluciones Informaticas","og_description":"&nbsp; SPAIN Global Soft, Soluciones Informaticas &nbsp; Company Profile Global Soft, Soluciones Inform\u00e1ticas es una empresa fundada por profesionales con amplia experiencia en el sector de las Tecnolog\u00edas de Informaci\u00f3n. Valores de Global Soft Nuestros clientes Nuestro equipo humano El trabajo bien hecho Presupuestos cerrados en precio y plazo No ponemos l\u00edmites: estamos [&hellip;]","og_url":"https:\/\/www.dimins.com\/no\/bedrift\/internasjonal\/global-soft-soluciones-informaticas\/","og_site_name":"DI Norway","article_modified_time":"2018-05-25T16:32:53+00:00","twitter_card":"summary_large_image","twitter_misc":{"Ansl. lesetid":"1 minutt"},"schema":{"@context":"https:\/\/schema.org","@graph":[{"@type":"WebPage","@id":"https:\/\/www.dimins.com\/no\/bedrift\/internasjonal\/global-soft-soluciones-informaticas\/","url":"https:\/\/www.dimins.com\/no\/bedrift\/internasjonal\/global-soft-soluciones-informaticas\/","name":"Global Soft Soluciones Informaticas - DI Norway","isPartOf":{"@id":"https:\/\/www.dimins.com\/no\/#website"},"datePublished":"2018-05-16T14:08:39+00:00","dateModified":"2018-05-25T16:32:53+00:00","breadcrumb":{"@id":"https:\/\/www.dimins.com\/no\/bedrift\/internasjonal\/global-soft-soluciones-informaticas\/#breadcrumb"},"inLanguage":"nb-NO","potentialAction":[{"@type":"ReadAction","target":["https:\/\/www.dimins.com\/no\/bedrift\/internasjonal\/global-soft-soluciones-informaticas\/"]}]},{"@type":"BreadcrumbList","@id":"https:\/\/www.dimins.com\/no\/bedrift\/internasjonal\/global-soft-soluciones-informaticas\/#breadcrumb","itemListElement":[{"@type":"ListItem","position":1,"name":"Home","item":"https:\/\/www.dimins.com\/no\/"},{"@type":"ListItem","position":2,"name":"Bedrift","item":"https:\/\/www.dimins.com\/no\/bedrift\/"},{"@type":"ListItem","position":3,"name":"Internasjonal","item":"https:\/\/www.dimins.com\/no\/bedrift\/internasjonal\/"},{"@type":"ListItem","position":4,"name":"Global Soft Soluciones Informaticas"}]},{"@type":"WebSite","@id":"https:\/\/www.dimins.com\/no\/#website","url":"https:\/\/www.dimins.com\/no\/","name":"DI Norway","description":"Analytics, data management, and performance management solutions","publisher":{"@id":"https:\/\/www.dimins.com\/no\/#organization"},"potentialAction":[{"@type":"SearchAction","target":{"@type":"EntryPoint","urlTemplate":"https:\/\/www.dimins.com\/no\/?s={search_term_string}"},"query-input":{"@type":"PropertyValueSpecification","valueRequired":true,"valueName":"search_term_string"}}],"inLanguage":"nb-NO"},{"@type":"Organization","@id":"https:\/\/www.dimins.com\/no\/#organization","name":"DI Norway","url":"https:\/\/www.dimins.com\/no\/","logo":{"@type":"ImageObject","inLanguage":"nb-NO","@id":"https:\/\/www.dimins.com\/no\/#\/schema\/logo\/image\/","url":"https:\/\/www.dimins.com\/no\/wp-content\/uploads\/sites\/23\/2017\/11\/3-inch-wide-di-logo.png","contentUrl":"https:\/\/www.dimins.com\/no\/wp-content\/uploads\/sites\/23\/2017\/11\/3-inch-wide-di-logo.png","width":216,"height":50,"caption":"DI Norway"},"image":{"@id":"https:\/\/www.dimins.com\/no\/#\/schema\/logo\/image\/"}}]}},"_links":{"self":[{"href":"https:\/\/www.dimins.com\/no\/wp-json\/wp\/v2\/pages\/1316","targetHints":{"allow":["GET"]}}],"collection":[{"href":"https:\/\/www.dimins.com\/no\/wp-json\/wp\/v2\/pages"}],"about":[{"href":"https:\/\/www.dimins.com\/no\/wp-json\/wp\/v2\/types\/page"}],"author":[{"embeddable":true,"href":"https:\/\/www.dimins.com\/no\/wp-json\/wp\/v2\/users\/2"}],"replies":[{"embeddable":true,"href":"https:\/\/www.dimins.com\/no\/wp-json\/wp\/v2\/comments?post=1316"}],"version-history":[{"count":0,"href":"https:\/\/www.dimins.com\/no\/wp-json\/wp\/v2\/pages\/1316\/revisions"}],"up":[{"embeddable":true,"href":"https:\/\/www.dimins.com\/no\/wp-json\/wp\/v2\/pages\/507"}],"wp:attachment":[{"href":"https:\/\/www.dimins.com\/no\/wp-json\/wp\/v2\/media?parent=1316"}],"curies":[{"name":"wp","href":"https:\/\/api.w.org\/{rel}","templated":true}]}}