{"id":1268,"date":"2018-05-01T14:22:04","date_gmt":"2018-05-01T14:22:04","guid":{"rendered":"https:\/\/www.dimins.com\/no\/?page_id=1268"},"modified":"2018-11-30T21:19:22","modified_gmt":"2018-11-30T21:19:22","slug":"prediktiv-analyse","status":"publish","type":"page","link":"https:\/\/www.dimins.com\/no\/bi\/prediktiv-analyse\/","title":{"rendered":"Prediktiv Analyse"},"content":{"rendered":"<p>[et_pb_section bb_built=&raquo;1&#8243; custom_padding_last_edited=&raquo;on|tablet&raquo; _builder_version=&raquo;3.11.1&#8243; background_color_gradient_direction=&raquo;90deg&raquo; background_image=&raquo;https:\/\/www.dimins.com\/wp-content\/uploads\/2018\/10\/computer-users-overlay.jpg&raquo; custom_padding=&raquo;50px||50px|&raquo; custom_padding_phone=&raquo;25px||25px|&raquo; custom_css_main_element=&raquo;display: flex;||align-items: center;||flex-wrap: wrap;&raquo; next_background_color=&raquo;#003966&#8243;][et_pb_row use_custom_gutter=&raquo;on&raquo; gutter_width=&raquo;1&#8243; make_equal=&raquo;on&raquo; background_size_1=&raquo;contain&raquo; background_repeat_1=&raquo;no-repeat&raquo; _builder_version=&raquo;3.11.1&#8243; module_alignment=&raquo;center&raquo;][et_pb_column type=&raquo;4_4&#8243;][et_pb_text admin_label=&raquo;Diver Platform&raquo; _builder_version=&raquo;3.17.3&#8243; text_font_size=&raquo;16px&raquo; text_text_shadow_style=&raquo;preset2&#8243; text_text_shadow_color=&raquo;rgba(0,0,0,0.5)&raquo; header_font_size=&raquo;40px&raquo; header_font_size_phone=&raquo;24px&raquo; header_font_size_last_edited=&raquo;on|phone&raquo; header_text_shadow_style=&raquo;preset1&#8243; header_text_shadow_color=&raquo;rgba(0,0,0,0.5)&raquo; background_size=&raquo;initial&raquo; background_position=&raquo;top_left&raquo; background_repeat=&raquo;repeat&raquo; text_orientation=&raquo;center&raquo; background_layout=&raquo;dark&raquo; module_alignment=&raquo;center&raquo; custom_padding=&raquo;||20px|&raquo;]<\/p>\n<h1 style=\"font-size: 30px; font-weight: 300; line-height: 1.3em;\">Prediktiv Analyse<\/h1>\n<p style=\"font-size: 17px; line-height: 1.5em;\">Dataene dine kan fortelle mer enn hva som allerede har skjedd. F\u00e5 innsikt inn i fremtiden med Diver Platform.<\/p>\n<p>[\/et_pb_text][et_pb_button admin_label=&raquo;Request Demo Button&raquo; button_url=&raquo;https:\/\/www.dimins.com\/no\/diver-demonstrasjon\/&raquo; url_new_window=&raquo;on&raquo; button_text=&raquo;Be om demo&raquo; button_alignment=&raquo;center&raquo; module_class=&raquo;dl-hover-grow&raquo; _builder_version=&raquo;3.17.3&#8243; custom_button=&raquo;on&raquo; button_bg_color=&raquo;#e65847&#8243; button_border_width=&raquo;0&#8243; button_border_color=&raquo;#e65847&#8243; button_border_radius=&raquo;2&#8243; button_on_hover=&raquo;off&raquo; background_layout=&raquo;dark&raquo; custom_margin=&raquo;||20px|&raquo; button_text_size__hover_enabled=&raquo;off&raquo; button_text_size__hover=&raquo;null&raquo; button_one_text_size__hover_enabled=&raquo;off&raquo; button_one_text_size__hover=&raquo;null&raquo; button_two_text_size__hover_enabled=&raquo;off&raquo; button_two_text_size__hover=&raquo;null&raquo; button_text_color__hover_enabled=&raquo;on&raquo; button_text_color__hover=&raquo;#e65847&#8243; button_one_text_color__hover_enabled=&raquo;off&raquo; button_one_text_color__hover=&raquo;null&raquo; button_two_text_color__hover_enabled=&raquo;off&raquo; button_two_text_color__hover=&raquo;null&raquo; button_border_width__hover_enabled=&raquo;off&raquo; button_border_width__hover=&raquo;null&raquo; button_one_border_width__hover_enabled=&raquo;off&raquo; button_one_border_width__hover=&raquo;null&raquo; button_two_border_width__hover_enabled=&raquo;off&raquo; button_two_border_width__hover=&raquo;null&raquo; button_border_color__hover_enabled=&raquo;on&raquo; button_border_color__hover=&raquo;#e65847&#8243; button_one_border_color__hover_enabled=&raquo;off&raquo; button_one_border_color__hover=&raquo;null&raquo; button_two_border_color__hover_enabled=&raquo;off&raquo; button_two_border_color__hover=&raquo;null&raquo; button_border_radius__hover_enabled=&raquo;on&raquo; button_border_radius__hover=&raquo;2&#8243; button_one_border_radius__hover_enabled=&raquo;off&raquo; button_one_border_radius__hover=&raquo;null&raquo; button_two_border_radius__hover_enabled=&raquo;off&raquo; button_two_border_radius__hover=&raquo;null&raquo; button_letter_spacing__hover_enabled=&raquo;off&raquo; button_letter_spacing__hover=&raquo;null&raquo; button_one_letter_spacing__hover_enabled=&raquo;off&raquo; button_one_letter_spacing__hover=&raquo;null&raquo; button_two_letter_spacing__hover_enabled=&raquo;off&raquo; button_two_letter_spacing__hover=&raquo;null&raquo; button_bg_color__hover_enabled=&raquo;on&raquo; button_bg_color__hover=&raquo;rgba(255,255,255,0.84)&raquo; button_one_bg_color__hover_enabled=&raquo;off&raquo; button_one_bg_color__hover=&raquo;null&raquo; button_two_bg_color__hover_enabled=&raquo;off&raquo; button_two_bg_color__hover=&raquo;null&raquo;]<\/p>\n<p><\/p>\n<p>[\/et_pb_button][\/et_pb_column][\/et_pb_row][\/et_pb_section][et_pb_section bb_built=&raquo;1&#8243; fullwidth=&raquo;off&raquo; specialty=&raquo;off&raquo; background_color=&raquo;#003966&#8243; parallax_method=&raquo;off&raquo; custom_padding_tablet=&raquo;50px|0|50px|0&#8243; custom_padding_last_edited=&raquo;on|phone&raquo; _builder_version=&raquo;3.0.106&#8243; next_background_color=&raquo;#ffffff&raquo; custom_padding=&raquo;13px|0px|13px|0px&raquo; custom_padding_phone=&raquo;20px|0px|20px|0px&raquo; prev_background_color=&raquo;#ffffff&raquo; disabled_on=&raquo;on|on|on&raquo; disabled=&raquo;on&raquo;][et_pb_row background_position=&raquo;top_left&raquo; background_repeat=&raquo;repeat&raquo; background_size=&raquo;initial&raquo; _builder_version=&raquo;3.0.76&#8243;][et_pb_column type=&raquo;4_4&#8243;][et_pb_text admin_label=&raquo;Your data can tell you more &#8230;&raquo; background_layout=&raquo;dark&raquo; text_orientation=&raquo;center&raquo; header_font_size_last_edited=&raquo;on|desktop&raquo; text_font_size_phone=&raquo;20&#8243; text_font_size_last_edited=&raquo;on|desktop&raquo; text_line_height_last_edited=&raquo;on|desktop&raquo; header_font_size=&raquo;27px&raquo; header_font_size_phone=&raquo;33px&raquo; max_width_last_edited=&raquo;off|desktop&raquo; custom_padding_phone=&raquo;0px|0px|0px|0px&raquo; custom_padding_last_edited=&raquo;on|desktop&raquo; custom_css_main_element=&raquo;max-height: 250px||&raquo; header_line_height=&raquo;1.2em&raquo; header_text_color=&raquo;#ffffff&raquo; text_text_color=&raquo;#ffffff&raquo; module_class=&raquo;headline&raquo; saved_tabs=&raquo;all&raquo; background_position=&raquo;top_left&raquo; background_repeat=&raquo;repeat&raquo; background_size=&raquo;initial&raquo; module_alignment=&raquo;center&raquo; _builder_version=&raquo;3.17.3&#8243; max_width=&raquo;70%&raquo; text_font=&raquo;|300|||||||&raquo;]<\/p>\n<h1 style=\"font-size: 30px;font-weight: 300;line-height: 1.3em\">Prediktiv Analyse<\/h1>\n<p style=\"font-size: 17px;line-height: 1.5em\">Dataene dine kan fortelle mer enn hva som allerede har skjedd. F\u00e5 innsikt inn i fremtiden med Diver Platform.<\/p>\n<p>[\/et_pb_text][\/et_pb_column][\/et_pb_row][\/et_pb_section][et_pb_section bb_built=&raquo;1&#8243; admin_label=&raquo;section&raquo; parallax_method=&raquo;off&raquo; custom_padding_tablet=&raquo;20px|0px|20px|0px&raquo; custom_padding_last_edited=&raquo;on|tablet&raquo; _builder_version=&raquo;3.0.106&#8243; prev_background_color=&raquo;#003966&#8243; next_background_color=&raquo;#000000&#8243; custom_padding=&raquo;13px|0px|13px|0px&raquo;][et_pb_row admin_label=&raquo;row&raquo; background_position=&raquo;top_left&raquo; background_repeat=&raquo;repeat&raquo; background_size=&raquo;initial&raquo; _builder_version=&raquo;3.0.94&#8243;][et_pb_column type=&raquo;4_4&#8243;][et_pb_image src=&raquo;https:\/\/www.dimins.com\/wp-content\/uploads\/2018\/04\/Predictive-Analytics-bar-chart.jpg&raquo; show_in_lightbox=&raquo;on&raquo; url_new_window=&raquo;off&raquo; use_overlay=&raquo;off&raquo; align=&raquo;center&raquo; force_fullwidth=&raquo;off&raquo; always_center_on_mobile=&raquo;on&raquo; use_border_color=&raquo;off&raquo; show_bottom_space=&raquo;off&raquo; _builder_version=&raquo;3.0.106&#8243; max_width=&raquo;50%&raquo; \/][\/et_pb_column][\/et_pb_row][\/et_pb_section][et_pb_section bb_built=&raquo;1&#8243; _builder_version=&raquo;3.0.106&#8243; custom_css_main_element=&raquo;WIDTH: 100%;||margin-top: 30px;&raquo; prev_background_color=&raquo;#000000&#8243; custom_padding=&raquo;13px|0px|13px|0px&raquo; custom_padding_last_edited=&raquo;on|phone&raquo;][et_pb_row _builder_version=&raquo;3.0.47&#8243; background_size=&raquo;initial&raquo; background_position=&raquo;top_left&raquo; background_repeat=&raquo;repeat&raquo; _i=&raquo;6&#8243; _address=&raquo;4.6&#8243;][et_pb_column type=&raquo;1_2&#8243;][et_pb_text admin_label=&raquo;Predictive analytics, done right&raquo; _builder_version=&raquo;3.17.3&#8243; text_text_color=&raquo;#495b6e&raquo; background_size=&raquo;initial&raquo; background_position=&raquo;top_left&raquo; background_repeat=&raquo;repeat&raquo; module_alignment=&raquo;left&raquo; _i=&raquo;1&#8243; _address=&raquo;4.6.0.1&#8243; text_font=&raquo;|300|||||||&raquo;]<\/p>\n<p style=\"font-size: 17px;line-height: 1.5em\">Prediktiv analyse, gjort riktig, kan levere innsikt som g\u00e5r langt utover det menneskelige sinns evne og hastighet til \u00e5 prosessere p\u00e5 egen h\u00e5nd.<\/p>\n<p>[\/et_pb_text][\/et_pb_column][et_pb_column type=&raquo;1_2&#8243;][et_pb_text admin_label=&raquo;Healthcare organizations can benefit&raquo; _builder_version=&raquo;3.17.3&#8243; text_text_color=&raquo;#495b6e&raquo; background_size=&raquo;initial&raquo; background_position=&raquo;top_left&raquo; background_repeat=&raquo;repeat&raquo; module_alignment=&raquo;left&raquo; _i=&raquo;1&#8243; _address=&raquo;4.6.0.1&#8243; text_font=&raquo;|300|||||||&raquo;]<\/p>\n<p style=\"font-size: 17px;line-height: 1.5em\">Organisasjoner kan dra fordeler av dette i hele organisasjonen, med store muligheter for bedre utnyttelse av ressurser og proaktivt tilby tjenester til kunder.<\/p>\n<p>[\/et_pb_text][\/et_pb_column][\/et_pb_row][et_pb_row _builder_version=&raquo;3.0.106&#8243;][et_pb_column type=&raquo;4_4&#8243;][et_pb_text admin_label=&raquo;Examples of Predictive Analytics in Hospitals&raquo; _builder_version=&raquo;3.17.3&#8243; background_color=&raquo;#003966&#8243; background_layout=&raquo;dark&raquo; text_orientation=&raquo;center&raquo; header_text_align=&raquo;center&raquo; custom_padding=&raquo;20px||20px|&raquo; header_2_font=&raquo;|600|||||||&raquo;]<\/p>\n<h2 style=\"text-align: center;font-weight: 300;line-height: 1.2em\">Eksempler p\u00e5 prediktiv analyse ved sykehus<\/h2>\n<p>[\/et_pb_text][\/et_pb_column][\/et_pb_row][et_pb_row _builder_version=&raquo;3.0.106&#8243;][et_pb_column type=&raquo;1_2&#8243;][et_pb_text admin_label=&raquo;Operations&raquo; _builder_version=&raquo;3.17.3&#8243; background_color=&raquo;#0077a6&#8243; background_layout=&raquo;dark&raquo; custom_css_main_element=&raquo;width: 100%;||height: 140px;&raquo; custom_padding=&raquo;20px|20px|20px|20px&raquo; text_line_height=&raquo;1em&raquo; text_font=&raquo;|300|||||||&raquo;]<\/p>\n<h3 style=\"color: #ffffff;font-weight: 300\">Operasjoner<\/h3>\n<ul>\n<li style=\"font-weight: 300;font-size: 17px;line-height: 1.2em\">Pasientflyt og kapasitet<\/li>\n<li style=\"font-weight: 300;font-size: 17px;line-height: 1.2em\">Optimal bemanning, arbeidsflyt og logistikk<\/li>\n<\/ul>\n<p>[\/et_pb_text][et_pb_text admin_label=&raquo;Clinical&raquo; _builder_version=&raquo;3.0.106&#8243; background_color=&raquo;#0699a8&#8243; background_layout=&raquo;dark&raquo; custom_css_main_element=&raquo;width: 100%;||height: 140px;&raquo; custom_padding=&raquo;20px|20px|20px|20px&raquo; text_line_height=&raquo;1em&raquo;]<\/p>\n<h3 style=\"color: #ffffff;font-weight: 300\">Klinisk<\/h3>\n<ul>\n<li style=\"font-weight: 300;font-size: 17px;line-height: 1.3em\">Redusere gjeninnleggelse<\/li>\n<li style=\"font-weight: 300;font-size: 17px;line-height: 1.3em\">Forhindre infeksjoner som stammer fra sykehusoppholdet<\/li>\n<\/ul>\n<p>[\/et_pb_text][\/et_pb_column][et_pb_column type=&raquo;1_2&#8243;][et_pb_text admin_label=&raquo;Finance&raquo; _builder_version=&raquo;3.0.106&#8243; background_color=&raquo;#0077a6&#8243; background_layout=&raquo;dark&raquo; custom_css_main_element=&raquo;width: 100%;||height: 140px;&raquo; custom_padding=&raquo;20px|20px|20px|20px&raquo; text_line_height=&raquo;1em&raquo;]<\/p>\n<h3 style=\"color: #ffffff;font-weight: 300\">Finans<\/h3>\n<ul>\n<li style=\"font-weight: 300;font-size: 17px;line-height: 1.2em\">Redusere risiko ved \u00e5 forutse betalinger og frav\u00e6r<\/li>\n<\/ul>\n<p>[\/et_pb_text][et_pb_text admin_label=&raquo;Population Health&raquo; _builder_version=&raquo;3.17.3&#8243; background_color=&raquo;#0699a8&#8243; background_layout=&raquo;dark&raquo; custom_css_main_element=&raquo;width: 100%;||height: 140px;&raquo; custom_padding=&raquo;20px|20px|20px|20px&raquo; text_line_height=&raquo;1em&raquo; text_font=&raquo;|300|||||||&raquo;]<\/p>\n<h3 style=\"color: #ffffff;font-weight: 300\">Helse<\/h3>\n<ul>\n<li style=\"font-weight: 300;font-size: 17px;line-height: 1.2em\">Intervensjoner for kroniske sykdommer og rusmisbruk<\/li>\n<\/ul>\n<p>[\/et_pb_text][\/et_pb_column][\/et_pb_row][et_pb_row][et_pb_column type=&raquo;1_3&#8243;][et_pb_text admin_label=&raquo;Your predictions are only as good as your data.&raquo; _builder_version=&raquo;3.17.3&#8243; background_size=&raquo;initial&raquo; background_position=&raquo;top_left&raquo; background_repeat=&raquo;repeat&raquo; module_alignment=&raquo;left&raquo; _i=&raquo;1&#8243; _address=&raquo;4.6.0.1&#8243; text_font=&raquo;|300|||||||&raquo;]<\/p>\n<h4 style=\"color: #164e8b;line-height: 1.2em;font-weight: 400\">Dine forutsetninger er kun like gode som dine data.<\/h4>\n<p>Utgangspunktet for prediktiv analyse er solid og p\u00e5litelig data. Diver plattformens ETL verkt\u00f8y, kombinert med en grundig valideringsprosess, kan levere p\u00e5litelige data og distribuere effektiv prediktiv analyse.<\/p>\n<p>[\/et_pb_text][\/et_pb_column][et_pb_column type=&raquo;1_3&#8243;][et_pb_text admin_label=&raquo;Data integration for machine learning&raquo; _builder_version=&raquo;3.17.3&#8243; background_size=&raquo;initial&raquo; background_position=&raquo;top_left&raquo; background_repeat=&raquo;repeat&raquo; module_alignment=&raquo;left&raquo; _i=&raquo;1&#8243; _address=&raquo;4.6.0.1&#8243; text_font=&raquo;|300|||||||&raquo;]<\/p>\n<h4 style=\"color: #164e8b;line-height: 1.2em;font-weight: 400\">Dataintegrasjon for maskinl\u00e6re<\/h4>\n<p>Med bare noen f\u00e5 skritt kan du integrere Diver med R, et mye brukt og robust statistisk dataspr\u00e5k. Ved \u00e5 bruke R, i kombinasjon med solide og gyldige data, kan du f\u00e5 innsikt i trender, sesongvariasjoner og kontrollprosesser ved bruk av et utvalg statistiske metoder. Med innsikt fra fortiden, kan man gj\u00f8re forutsigelser om fremtiden.<\/p>\n<p>[\/et_pb_text][\/et_pb_column][et_pb_column type=&raquo;1_3&#8243;][et_pb_text admin_label=&raquo;Development Partnership&raquo; _builder_version=&raquo;3.17.3&#8243; background_size=&raquo;initial&raquo; background_position=&raquo;top_left&raquo; background_repeat=&raquo;repeat&raquo; module_alignment=&raquo;left&raquo; _i=&raquo;1&#8243; _address=&raquo;4.6.0.1&#8243; text_font=&raquo;|300|||||||&raquo;]<\/p>\n<h4 style=\"color: #164e8b;line-height: 1.2em;font-weight: 400\">Utviklingspartnere<\/h4>\n<p>Dimensional Insight utforsker muligheter for \u00e5 implementere prediktive funksjoner for helseorganisasjoner gjennom Diver. Vi jobber med Ventana Systems, et selskap med dype MIT-r\u00f8tter og over 30 \u00e5rs erfaring med \u00e5 levere prediktive l\u00f8sninger.<\/p>\n<p>[\/et_pb_text][\/et_pb_column][\/et_pb_row][\/et_pb_section]<\/p>\n","protected":false},"excerpt":{"rendered":"<p>Prediktiv Analyse Dataene dine kan fortelle mer enn hva som allerede har skjedd. F\u00e5 innsikt inn i fremtiden med Diver Platform. Prediktiv Analyse Dataene dine kan fortelle mer enn hva som allerede har skjedd. F\u00e5 innsikt inn i fremtiden med Diver Platform. Prediktiv analyse, gjort riktig, kan levere innsikt som g\u00e5r langt utover det menneskelige [&hellip;]<\/p>\n","protected":false},"author":65,"featured_media":0,"parent":250,"menu_order":0,"comment_status":"closed","ping_status":"closed","template":"","meta":{"_et_pb_use_builder":"on","_et_pb_old_content":"","_et_gb_content_width":"","footnotes":""},"class_list":["post-1268","page","type-page","status-publish","hentry"],"yoast_head":"<!-- This site is optimized with the Yoast SEO Premium plugin v27.0 (Yoast SEO v27.2) - https:\/\/yoast.com\/product\/yoast-seo-premium-wordpress\/ -->\n<title>Prediktiv Analyse - DI Norway<\/title>\n<meta name=\"description\" content=\"Dataene dine kan fortelle mer enn hva som allerede har skjedd. F\u00e5 innsikt inn i fremtiden med Diver og prediktiv analyse.\" \/>\n<meta name=\"robots\" content=\"index, follow, max-snippet:-1, max-image-preview:large, max-video-preview:-1\" \/>\n<link rel=\"canonical\" href=\"https:\/\/www.dimins.com\/no\/bi\/prediktiv-analyse\/\" \/>\n<meta property=\"og:locale\" content=\"nb_NO\" \/>\n<meta property=\"og:type\" content=\"article\" \/>\n<meta property=\"og:title\" content=\"Prediktiv Analyse\" \/>\n<meta property=\"og:description\" content=\"Dataene dine kan fortelle mer enn hva som allerede har skjedd. F\u00e5 innsikt inn i fremtiden med Diver og prediktiv analyse.\" \/>\n<meta property=\"og:url\" content=\"https:\/\/www.dimins.com\/no\/bi\/prediktiv-analyse\/\" \/>\n<meta property=\"og:site_name\" content=\"DI Norway\" \/>\n<meta property=\"article:modified_time\" content=\"2018-11-30T21:19:22+00:00\" \/>\n<meta name=\"twitter:card\" content=\"summary_large_image\" \/>\n<meta name=\"twitter:label1\" content=\"Ansl. lesetid\" \/>\n\t<meta name=\"twitter:data1\" content=\"8 minutter\" \/>\n<script type=\"application\/ld+json\" class=\"yoast-schema-graph\">{\"@context\":\"https:\/\/schema.org\",\"@graph\":[{\"@type\":\"WebPage\",\"@id\":\"https:\/\/www.dimins.com\/no\/bi\/prediktiv-analyse\/\",\"url\":\"https:\/\/www.dimins.com\/no\/bi\/prediktiv-analyse\/\",\"name\":\"Prediktiv Analyse - DI Norway\",\"isPartOf\":{\"@id\":\"https:\/\/www.dimins.com\/no\/#website\"},\"datePublished\":\"2018-05-01T14:22:04+00:00\",\"dateModified\":\"2018-11-30T21:19:22+00:00\",\"description\":\"Dataene dine kan fortelle mer enn hva som allerede har skjedd. F\u00e5 innsikt inn i fremtiden med Diver og prediktiv analyse.\",\"breadcrumb\":{\"@id\":\"https:\/\/www.dimins.com\/no\/bi\/prediktiv-analyse\/#breadcrumb\"},\"inLanguage\":\"nb-NO\",\"potentialAction\":[{\"@type\":\"ReadAction\",\"target\":[\"https:\/\/www.dimins.com\/no\/bi\/prediktiv-analyse\/\"]}]},{\"@type\":\"BreadcrumbList\",\"@id\":\"https:\/\/www.dimins.com\/no\/bi\/prediktiv-analyse\/#breadcrumb\",\"itemListElement\":[{\"@type\":\"ListItem\",\"position\":1,\"name\":\"Home\",\"item\":\"https:\/\/www.dimins.com\/no\/\"},{\"@type\":\"ListItem\",\"position\":2,\"name\":\"BI\",\"item\":\"https:\/\/www.dimins.com\/no\/bi\/\"},{\"@type\":\"ListItem\",\"position\":3,\"name\":\"Prediktiv Analyse\"}]},{\"@type\":\"WebSite\",\"@id\":\"https:\/\/www.dimins.com\/no\/#website\",\"url\":\"https:\/\/www.dimins.com\/no\/\",\"name\":\"DI Norway\",\"description\":\"Analytics, data management, and performance management solutions\",\"publisher\":{\"@id\":\"https:\/\/www.dimins.com\/no\/#organization\"},\"potentialAction\":[{\"@type\":\"SearchAction\",\"target\":{\"@type\":\"EntryPoint\",\"urlTemplate\":\"https:\/\/www.dimins.com\/no\/?s={search_term_string}\"},\"query-input\":{\"@type\":\"PropertyValueSpecification\",\"valueRequired\":true,\"valueName\":\"search_term_string\"}}],\"inLanguage\":\"nb-NO\"},{\"@type\":\"Organization\",\"@id\":\"https:\/\/www.dimins.com\/no\/#organization\",\"name\":\"DI Norway\",\"url\":\"https:\/\/www.dimins.com\/no\/\",\"logo\":{\"@type\":\"ImageObject\",\"inLanguage\":\"nb-NO\",\"@id\":\"https:\/\/www.dimins.com\/no\/#\/schema\/logo\/image\/\",\"url\":\"https:\/\/www.dimins.com\/no\/wp-content\/uploads\/sites\/23\/2017\/11\/3-inch-wide-di-logo.png\",\"contentUrl\":\"https:\/\/www.dimins.com\/no\/wp-content\/uploads\/sites\/23\/2017\/11\/3-inch-wide-di-logo.png\",\"width\":216,\"height\":50,\"caption\":\"DI Norway\"},\"image\":{\"@id\":\"https:\/\/www.dimins.com\/no\/#\/schema\/logo\/image\/\"}}]}<\/script>\n<!-- \/ Yoast SEO Premium plugin. -->","yoast_head_json":{"title":"Prediktiv Analyse - DI Norway","description":"Dataene dine kan fortelle mer enn hva som allerede har skjedd. F\u00e5 innsikt inn i fremtiden med Diver og prediktiv analyse.","robots":{"index":"index","follow":"follow","max-snippet":"max-snippet:-1","max-image-preview":"max-image-preview:large","max-video-preview":"max-video-preview:-1"},"canonical":"https:\/\/www.dimins.com\/no\/bi\/prediktiv-analyse\/","og_locale":"nb_NO","og_type":"article","og_title":"Prediktiv Analyse","og_description":"Dataene dine kan fortelle mer enn hva som allerede har skjedd. F\u00e5 innsikt inn i fremtiden med Diver og prediktiv analyse.","og_url":"https:\/\/www.dimins.com\/no\/bi\/prediktiv-analyse\/","og_site_name":"DI Norway","article_modified_time":"2018-11-30T21:19:22+00:00","twitter_card":"summary_large_image","twitter_misc":{"Ansl. lesetid":"8 minutter"},"schema":{"@context":"https:\/\/schema.org","@graph":[{"@type":"WebPage","@id":"https:\/\/www.dimins.com\/no\/bi\/prediktiv-analyse\/","url":"https:\/\/www.dimins.com\/no\/bi\/prediktiv-analyse\/","name":"Prediktiv Analyse - DI Norway","isPartOf":{"@id":"https:\/\/www.dimins.com\/no\/#website"},"datePublished":"2018-05-01T14:22:04+00:00","dateModified":"2018-11-30T21:19:22+00:00","description":"Dataene dine kan fortelle mer enn hva som allerede har skjedd. F\u00e5 innsikt inn i fremtiden med Diver og prediktiv analyse.","breadcrumb":{"@id":"https:\/\/www.dimins.com\/no\/bi\/prediktiv-analyse\/#breadcrumb"},"inLanguage":"nb-NO","potentialAction":[{"@type":"ReadAction","target":["https:\/\/www.dimins.com\/no\/bi\/prediktiv-analyse\/"]}]},{"@type":"BreadcrumbList","@id":"https:\/\/www.dimins.com\/no\/bi\/prediktiv-analyse\/#breadcrumb","itemListElement":[{"@type":"ListItem","position":1,"name":"Home","item":"https:\/\/www.dimins.com\/no\/"},{"@type":"ListItem","position":2,"name":"BI","item":"https:\/\/www.dimins.com\/no\/bi\/"},{"@type":"ListItem","position":3,"name":"Prediktiv Analyse"}]},{"@type":"WebSite","@id":"https:\/\/www.dimins.com\/no\/#website","url":"https:\/\/www.dimins.com\/no\/","name":"DI Norway","description":"Analytics, data management, and performance management solutions","publisher":{"@id":"https:\/\/www.dimins.com\/no\/#organization"},"potentialAction":[{"@type":"SearchAction","target":{"@type":"EntryPoint","urlTemplate":"https:\/\/www.dimins.com\/no\/?s={search_term_string}"},"query-input":{"@type":"PropertyValueSpecification","valueRequired":true,"valueName":"search_term_string"}}],"inLanguage":"nb-NO"},{"@type":"Organization","@id":"https:\/\/www.dimins.com\/no\/#organization","name":"DI Norway","url":"https:\/\/www.dimins.com\/no\/","logo":{"@type":"ImageObject","inLanguage":"nb-NO","@id":"https:\/\/www.dimins.com\/no\/#\/schema\/logo\/image\/","url":"https:\/\/www.dimins.com\/no\/wp-content\/uploads\/sites\/23\/2017\/11\/3-inch-wide-di-logo.png","contentUrl":"https:\/\/www.dimins.com\/no\/wp-content\/uploads\/sites\/23\/2017\/11\/3-inch-wide-di-logo.png","width":216,"height":50,"caption":"DI Norway"},"image":{"@id":"https:\/\/www.dimins.com\/no\/#\/schema\/logo\/image\/"}}]}},"_links":{"self":[{"href":"https:\/\/www.dimins.com\/no\/wp-json\/wp\/v2\/pages\/1268","targetHints":{"allow":["GET"]}}],"collection":[{"href":"https:\/\/www.dimins.com\/no\/wp-json\/wp\/v2\/pages"}],"about":[{"href":"https:\/\/www.dimins.com\/no\/wp-json\/wp\/v2\/types\/page"}],"author":[{"embeddable":true,"href":"https:\/\/www.dimins.com\/no\/wp-json\/wp\/v2\/users\/65"}],"replies":[{"embeddable":true,"href":"https:\/\/www.dimins.com\/no\/wp-json\/wp\/v2\/comments?post=1268"}],"version-history":[{"count":0,"href":"https:\/\/www.dimins.com\/no\/wp-json\/wp\/v2\/pages\/1268\/revisions"}],"up":[{"embeddable":true,"href":"https:\/\/www.dimins.com\/no\/wp-json\/wp\/v2\/pages\/250"}],"wp:attachment":[{"href":"https:\/\/www.dimins.com\/no\/wp-json\/wp\/v2\/media?parent=1268"}],"curies":[{"name":"wp","href":"https:\/\/api.w.org\/{rel}","templated":true}]}}