{"id":1088,"date":"2018-03-01T15:52:30","date_gmt":"2018-03-01T15:52:30","guid":{"rendered":"https:\/\/www.dimins.com\/no\/?page_id=1088"},"modified":"2018-12-04T21:31:16","modified_gmt":"2018-12-04T21:31:16","slug":"bankport","status":"publish","type":"page","link":"https:\/\/www.dimins.com\/no\/losninger\/oekonomi\/bankport\/","title":{"rendered":"BankPort"},"content":{"rendered":"<p>[et_pb_section bb_built=&raquo;1&#8243; specialty=&raquo;off&raquo; next_background_color=&raquo;#ffffff&raquo; _builder_version=&raquo;3.17.3&#8243; background_image=&raquo;https:\/\/www.dimins.com\/no\/wp-content\/uploads\/sites\/23\/2018\/12\/bankport-overlay.jpg&raquo; custom_css_main_element=&raquo;display: flex;||align-items: center;||flex-wrap: wrap;&raquo; background_color_gradient_start=&raquo;rgba(0,0,0,0)&raquo; background_color_gradient_end=&raquo;rgba(0,0,0,0.71)&raquo; background_color_gradient_direction=&raquo;90deg&raquo; background_color_gradient_start_position=&raquo;39%&raquo; background_color_gradient_overlays_image=&raquo;on&raquo; custom_padding=&raquo;50px||50px|&raquo; custom_padding_phone=&raquo;25px||25px|&raquo; custom_padding_last_edited=&raquo;on|phone&raquo; background_color=&raquo;rgba(0,0,0,0)&raquo;][et_pb_row _builder_version=&raquo;3.11.1&#8243; background_size_1=&raquo;contain&raquo; background_repeat_1=&raquo;no-repeat&raquo; module_alignment=&raquo;center&raquo; use_custom_gutter=&raquo;on&raquo; gutter_width=&raquo;1&#8243; make_equal=&raquo;on&raquo;][et_pb_column type=&raquo;3_5&#8243;][et_pb_text admin_label=&raquo;Bankport&raquo; background_layout=&raquo;dark&raquo; _builder_version=&raquo;3.17.3&#8243; background_size=&raquo;initial&raquo; background_position=&raquo;top_left&raquo; background_repeat=&raquo;repeat&raquo; text_orientation=&raquo;center&raquo; module_alignment=&raquo;center&raquo; header_font_size_phone=&raquo;24px&raquo; header_font_size_last_edited=&raquo;on|phone&raquo; header_font_size=&raquo;40px&raquo; custom_padding=&raquo;||20px|&raquo; text_text_shadow_style=&raquo;preset2&#8243; header_text_shadow_style=&raquo;preset1&#8243; text_font_size=&raquo;16px&raquo; text_text_shadow_color=&raquo;rgba(0,0,0,0.5)&raquo; header_text_shadow_color=&raquo;rgba(0,0,0,0.5)&raquo;]<\/p>\n<h1 style=\"text-align: center; padding-bottom: 20px;\">Bankport<\/h1>\n<p>Vi kjenner din virksomhet.<\/p>\n<p>[\/et_pb_text][et_pb_button admin_label=&raquo;Request Demo Button&raquo; button_url=&raquo;https:\/\/www.dimins.com\/no\/diver-demonstrasjon\/&raquo; button_text=&raquo;Be om demo&raquo; button_alignment=&raquo;center&raquo; background_layout=&raquo;dark&raquo; _builder_version=&raquo;3.17.3&#8243; custom_button=&raquo;on&raquo; button_border_radius=&raquo;2&#8243; button_border_radius_hover=&raquo;2&#8243; button_bg_color=&raquo;#e65847&#8243; button_border_width=&raquo;0&#8243; button_on_hover=&raquo;off&raquo; button_text_color_hover=&raquo;#e65847&#8243; button_bg_color_hover=&raquo;rgba(255,255,255,0.84)&raquo; button_border_color_hover=&raquo;#e65847&#8243; button_border_color=&raquo;#e65847&#8243; custom_margin=&raquo;||20px|&raquo; url_new_window=&raquo;on&raquo; module_class=&raquo;dl-hover-grow&raquo; button_text_size__hover_enabled=&raquo;off&raquo; button_text_size__hover=&raquo;null&raquo; button_one_text_size__hover_enabled=&raquo;off&raquo; button_one_text_size__hover=&raquo;null&raquo; button_two_text_size__hover_enabled=&raquo;off&raquo; button_two_text_size__hover=&raquo;null&raquo; button_text_color__hover_enabled=&raquo;on&raquo; button_text_color__hover=&raquo;#e65847&#8243; button_one_text_color__hover_enabled=&raquo;off&raquo; button_one_text_color__hover=&raquo;null&raquo; button_two_text_color__hover_enabled=&raquo;off&raquo; button_two_text_color__hover=&raquo;null&raquo; button_border_width__hover_enabled=&raquo;off&raquo; button_border_width__hover=&raquo;null&raquo; button_one_border_width__hover_enabled=&raquo;off&raquo; button_one_border_width__hover=&raquo;null&raquo; button_two_border_width__hover_enabled=&raquo;off&raquo; button_two_border_width__hover=&raquo;null&raquo; button_border_color__hover_enabled=&raquo;on&raquo; button_border_color__hover=&raquo;#e65847&#8243; button_one_border_color__hover_enabled=&raquo;off&raquo; button_one_border_color__hover=&raquo;null&raquo; button_two_border_color__hover_enabled=&raquo;off&raquo; button_two_border_color__hover=&raquo;null&raquo; button_border_radius__hover_enabled=&raquo;on&raquo; button_border_radius__hover=&raquo;2&#8243; button_one_border_radius__hover_enabled=&raquo;off&raquo; button_one_border_radius__hover=&raquo;null&raquo; button_two_border_radius__hover_enabled=&raquo;off&raquo; button_two_border_radius__hover=&raquo;null&raquo; button_letter_spacing__hover_enabled=&raquo;off&raquo; button_letter_spacing__hover=&raquo;null&raquo; button_one_letter_spacing__hover_enabled=&raquo;off&raquo; button_one_letter_spacing__hover=&raquo;null&raquo; button_two_letter_spacing__hover_enabled=&raquo;off&raquo; button_two_letter_spacing__hover=&raquo;null&raquo; button_bg_color__hover_enabled=&raquo;on&raquo; button_bg_color__hover=&raquo;rgba(255,255,255,0.84)&raquo; button_one_bg_color__hover_enabled=&raquo;off&raquo; button_one_bg_color__hover=&raquo;null&raquo; button_two_bg_color__hover_enabled=&raquo;off&raquo; button_two_bg_color__hover=&raquo;null&raquo; \/][\/et_pb_column][et_pb_column type=&raquo;2_5&#8243;][\/et_pb_column][\/et_pb_row][\/et_pb_section][et_pb_section bb_built=&raquo;1&#8243; _builder_version=&raquo;3.0.105&#8243; custom_padding=&raquo;40px|0px|13px|0px&raquo; prev_background_color=&raquo;rgba(0,0,0,0)&raquo; next_background_color=&raquo;#000000&#8243;][et_pb_row custom_padding=&raquo;0px|0px|13px|0px&raquo; _builder_version=&raquo;3.0.94&#8243;][et_pb_column type=&raquo;1_2&#8243;][et_pb_text admin_label=&raquo;BankPort er utviklet&raquo; _builder_version=&raquo;3.17.3&#8243; text_orientation=&raquo;center&raquo; module_alignment=&raquo;center&raquo; header_3_text_align=&raquo;left&raquo; header_3_line_height=&raquo;1.3em&raquo; header_3_font_size=&raquo;21px&raquo; header_3_font_size_tablet=&raquo;19px&raquo; header_3_font_size_phone=&raquo;17px&raquo; header_3_font_size_last_edited=&raquo;on|phone&raquo; header_3_text_color=&raquo;#164e8b&raquo; text_font=&raquo;|300|||||||&raquo; header_3_font=&raquo;|600|||||||&raquo;]<\/p>\n<h3>BankPort er utviklet for \u00e5 gi en unik mulighet for portef\u00f8ljestyring \u2013 helt ned til hver enkelt l\u00e5neavtale<\/h3>\n<p style=\"text-align: left\">BankPort er en komplett analysemodell utviklet spesielt for banker og finansieringsselskaper. Applikasjonen gir meget gode muligheter for kontroll og presentasjon av egen utl\u00e5nsportef\u00f8lje. Man kan enkelt gj\u00f8re analyser basert p\u00e5 geografi, samarbeidspartnere, risiko etc., og bryte tallene ned til \u00f8nsket niv\u00e5. Alle typer analyser lagres enkelt i et menysystem. Applikasjonen passer spesielt godt for bedrifter som har h\u00f8ye krav til presentasjonsform og fleksibilitet.<\/p>\n<p>[\/et_pb_text][\/et_pb_column][et_pb_column type=&raquo;1_2&#8243;][et_pb_text _builder_version=&raquo;3.17.3&#8243; header_4_text_color=&raquo;#1dbcbd&raquo; text_font=&raquo;|300|||||||&raquo; header_4_font=&raquo;|600|||||||&raquo;]<\/p>\n<h4>Fordeler ved BankPort<\/h4>\n<p>Integrasjonsmotorene og rapportl\u00f8sningene gir raskt merverdi, og bidrar p\u00e5 kort tid til bedre oversikt, bedre beslutninger og st\u00f8rre forst\u00e5else av data og forretningskritiske prosesser.<\/p>\n<p>[\/et_pb_text][et_pb_toggle admin_label=&raquo;Brukervennlig&raquo; _builder_version=&raquo;3.17.3&#8243; title=&raquo;Brukervennlig&raquo; closed_toggle_text_color=&raquo;#ffffff&raquo; closed_toggle_background_color=&raquo;#164e8b&raquo; icon_color=&raquo;#ffffff&raquo; open_toggle_background_color=&raquo;#164e8b&raquo; open_toggle_text_color=&raquo;#ffffff&raquo; title_font=&raquo;|600|||||||&raquo; body_text_color=&raquo;#ffffff&raquo; body_font=&raquo;|300|||||||&raquo;]<\/p>\n<p>\nBankPort tilbyr et integrert rapportering- og analyseverkt\u00f8y bygget p\u00e5 den prisvinnende Diver Platform. Du har alle n\u00f8kkeltall i en modell og muligheten for \u00e5 lage dine egne rapporter og grafiske presentasjoner. Du kan enkelt bryte ned tallene etter eget behov og lagre analysene dine i et menysystem.<\/p>\n<p>[\/et_pb_toggle][et_pb_toggle admin_label=&raquo;Hurtighet og fleksibilitet&raquo; _builder_version=&raquo;3.17.3&#8243; title=&raquo;Hurtighet og fleksibilitet&raquo; closed_toggle_text_color=&raquo;#ffffff&raquo; closed_toggle_background_color=&raquo;#164e8b&raquo; icon_color=&raquo;#ffffff&raquo; open_toggle_background_color=&raquo;#164e8b&raquo; open_toggle_text_color=&raquo;#ffffff&raquo; title_font=&raquo;|600|||||||&raquo; body_text_color=&raquo;#ffffff&raquo; body_font=&raquo;|300|||||||&raquo;]<\/p>\n<p>\nBankPort inneholder et menysystem med forh\u00e5ndsdefinerte rapporter og analyser, som enkelt kan tilpasses individuelle behov. Dette er med p\u00e5 \u00e5 minimere usikkerhetsmomenter knyttet til utviklingstid og kvalitet, og bidrar til at din bedrift kan ha en ferdig operativ applikasjon p\u00e5 meget kort tid.<\/p>\n<p>[\/et_pb_toggle][\/et_pb_column][\/et_pb_row][\/et_pb_section][et_pb_section bb_built=&raquo;1&#8243; specialty=&raquo;off&raquo; prev_background_color=&raquo;#000000&#8243; _builder_version=&raquo;3.17.3&#8243; custom_padding=&raquo;0px||50px|&raquo; custom_padding_tablet=&raquo;0px||30px|&raquo; custom_padding_phone=&raquo;0px||25px|&raquo; custom_padding_last_edited=&raquo;on|phone&raquo; next_background_color=&raquo;#000000&#8243;][et_pb_row _builder_version=&raquo;3.17.3&#8243; background_color_1=&raquo;#ffffff&raquo; background_color_2=&raquo;#ffffff&raquo; background_color_3=&raquo;#ffffff&raquo; module_alignment=&raquo;center&raquo; use_custom_gutter=&raquo;on&raquo; make_equal=&raquo;on&raquo; custom_css_main_1=&raquo;box-shadow: 0px 12px 18px -6px rgba(61,151,211,0.11);||border: 1px solid rgba(61,151,211,0.11);||border-radius: 10px;&raquo; custom_css_main_2=&raquo;box-shadow: 0px 12px 18px -6px rgba(61,151,211,0.11);||border: 1px solid rgba(61,151,211,0.11);||border-radius: 10px;&raquo; custom_css_main_3=&raquo;box-shadow: 0px 12px 18px -6px rgba(61,151,211,0.11);||border: 1px solid rgba(61,151,211,0.11);||border-radius: 10px;&raquo; gutter_width=&raquo;2&#8243;][et_pb_column type=&raquo;1_2&#8243;][et_pb_blurb admin_label=&raquo;Hva BankPort tilbyr deg&raquo; _builder_version=&raquo;3.17.3&#8243; font_icon=&raquo;%%40%%&raquo; header_text_align=&raquo;center&raquo; header_text_color=&raquo;#164e8b&raquo; body_text_align=&raquo;left&raquo; icon_color=&raquo;rgba(29,188,189,0.47)&raquo; custom_padding=&raquo;30px|15px|15px|15px&raquo; animation=&raquo;off&raquo; use_icon_font_size=&raquo;on&raquo; icon_font_size=&raquo;70px&raquo; header_font=&raquo;|600|||||||&raquo; body_font=&raquo;|300|||||||&raquo; header_line_height=&raquo;1.7em&raquo; disabled_on=&raquo;off|off|off&raquo; disabled=&raquo;off&raquo; custom_css_blurb_content=&raquo;display: flex;||flex-wrap: wrap;||justify-content: center;||align-items: center;&raquo; title=&raquo;Hva BankPort tilbyr deg&raquo;]<\/p>\n<ul>\n<li>Utbetalingsstatistikk p\u00e5 selvvalgt periodebegrep<\/li>\n<li>Integrert rapportering- og analyseverkt\u00f8y<\/li>\n<li>\u00c9n felles rapportbase<\/li>\n<li>Fleksibilitet og skal\u00e9rbarhet<\/li>\n<\/ul>\n<p>[\/et_pb_blurb][\/et_pb_column][et_pb_column type=&raquo;1_2&#8243;][et_pb_blurb admin_label=&raquo;Eksempler p\u00e5 hva BankPort kan hjelpe deg med \u00e5 finne svar p\u00e5:&raquo; _builder_version=&raquo;3.17.3&#8243; font_icon=&raquo;%%40%%&raquo; header_text_align=&raquo;center&raquo; header_text_color=&raquo;#164e8b&raquo; body_text_align=&raquo;left&raquo; icon_color=&raquo;rgba(29,188,189,0.47)&raquo; custom_padding=&raquo;30px|15px|15px|15px&raquo; animation=&raquo;off&raquo; use_icon_font_size=&raquo;on&raquo; icon_font_size=&raquo;70px&raquo; header_font=&raquo;|600|||||||&raquo; body_font=&raquo;|300|||||||&raquo; header_line_height=&raquo;1.7em&raquo; disabled_on=&raquo;off|off|off&raquo; disabled=&raquo;off&raquo; custom_css_blurb_content=&raquo;display: flex;||flex-wrap: wrap;||justify-content: center;||align-items: center;&raquo; title=&raquo;Eksempler p\u00e5 hva BankPort kan hjelpe deg med \u00e5 finne svar p\u00e5:&raquo;]<\/p>\n<ul>\n<li>Snittrente p\u00e5 fritt valgt niv\u00e5<\/li>\n<li>Produktutvikling over tid i grafiske presentasjoner<\/li>\n<li>Portef\u00f8ljen presentert i elektronisk kart<\/li>\n<li>Risiko-analyser pr forhandler<\/li>\n<\/ul>\n<p>[\/et_pb_blurb][\/et_pb_column][\/et_pb_row][\/et_pb_section][et_pb_section bb_built=&raquo;1&#8243; _builder_version=&raquo;3.0.94&#8243; background_image=&raquo;https:\/\/www.dimins.com\/no\/wp-content\/uploads\/sites\/23\/2017\/12\/Pattern-tile-repeat-min.png&raquo; background_size=&raquo;contain&raquo; background_position=&raquo;top_left&raquo; background_repeat=&raquo;repeat&raquo; custom_padding=&raquo;0px|0px|0px|0px&raquo; custom_css_main_element=&raquo;margin-bottom: 0;||padding-bottom: 30px;&raquo; next_background_color=&raquo;#164e8b&raquo; prev_background_color=&raquo;#ffffff&raquo; disabled_on=&raquo;on|on|on&raquo; disabled=&raquo;on&raquo;][et_pb_row custom_margin=&raquo;||0px|&raquo; _builder_version=&raquo;3.0.94&#8243; module_alignment=&raquo;center&raquo; make_equal=&raquo;on&raquo; custom_padding=&raquo;5%|||&raquo;][et_pb_column type=&raquo;4_4&#8243;][et_pb_text admin_label=&raquo;bankport&raquo; _builder_version=&raquo;3.0.105&#8243; background_layout=&raquo;light&raquo; header_text_align=&raquo;center&raquo; header_text_color=&raquo;#164e8b&raquo; header_line_height=&raquo;1.2em&raquo; header_font=&raquo;|700|||||||&raquo;]<\/p>\n<h1>BankPort<\/h1>\n<p>[\/et_pb_text][\/et_pb_column][\/et_pb_row][\/et_pb_section][et_pb_section bb_built=&raquo;1&#8243; fullwidth=&raquo;off&raquo; specialty=&raquo;off&raquo; prev_background_color=&raquo;#ffffff&raquo; _builder_version=&raquo;3.0.105&#8243; background_color=&raquo;#164e8b&raquo; disabled_on=&raquo;on|on|on&raquo; disabled=&raquo;on&raquo;][et_pb_row][et_pb_column type=&raquo;1_2&#8243;][et_pb_text _builder_version=&raquo;3.17.3&#8243; background_layout=&raquo;dark&raquo; header_4_text_color=&raquo;#ffffff&raquo;]<\/p>\n<h4>Hva BankPort tilbyr deg<\/h4>\n<ul>\n<li>Utbetalingsstatistikk p\u00e5 selvvalgt periodebegrep<\/li>\n<li>Integrert rapportering- og analyseverkt\u00f8y<\/li>\n<li>\u00c9n felles rapportbase<\/li>\n<li>Fleksibilitet og skal\u00e9rbarhet<\/li>\n<\/ul>\n<p>[\/et_pb_text][\/et_pb_column][et_pb_column type=&raquo;1_2&#8243;][et_pb_text _builder_version=&raquo;3.17.3&#8243; background_layout=&raquo;dark&raquo;]<\/p>\n<p>\n<span style=\"text-decoration: underline\">Eksempler p\u00e5 hva BankPort kan hjelpe deg med \u00e5 finne svar p\u00e5:<\/span><\/p>\n<ul>\n<li>Snittrente p\u00e5 fritt valgt niv\u00e5<\/li>\n<li>Produktutvikling over tid i grafiske presentasjoner<\/li>\n<li>Portef\u00f8ljen presentert i elektronisk kart<\/li>\n<li>Risiko-analyser pr forhandler<\/li>\n<\/ul>\n<p>[\/et_pb_text][\/et_pb_column][\/et_pb_row][\/et_pb_section]<\/p>\n","protected":false},"excerpt":{"rendered":"<p>Bankport Vi kjenner din virksomhet. BankPort er utviklet for \u00e5 gi en unik mulighet for portef\u00f8ljestyring \u2013 helt ned til hver enkelt l\u00e5neavtale BankPort er en komplett analysemodell utviklet spesielt for banker og finansieringsselskaper. Applikasjonen gir meget gode muligheter for kontroll og presentasjon av egen utl\u00e5nsportef\u00f8lje. Man kan enkelt gj\u00f8re analyser basert p\u00e5 geografi, samarbeidspartnere, [&hellip;]<\/p>\n","protected":false},"author":65,"featured_media":0,"parent":1069,"menu_order":0,"comment_status":"closed","ping_status":"closed","template":"","meta":{"_et_pb_use_builder":"on","_et_pb_old_content":"","_et_gb_content_width":"","footnotes":""},"class_list":["post-1088","page","type-page","status-publish","hentry"],"yoast_head":"<!-- This site is optimized with the Yoast SEO Premium plugin v27.0 (Yoast SEO v27.2) - https:\/\/yoast.com\/product\/yoast-seo-premium-wordpress\/ -->\n<title>Financial business intelligence I BankPort - DI Norway<\/title>\n<meta name=\"description\" content=\"BankPort er innenfor financial business intelligence og er utviklet for \u00e5 gi en unik mulighet for portef\u00f8ljestyring \u2013 helt ned til hver enkelt l\u00e5neavtale\" \/>\n<meta name=\"robots\" content=\"index, follow, max-snippet:-1, max-image-preview:large, max-video-preview:-1\" \/>\n<link rel=\"canonical\" href=\"https:\/\/www.dimins.com\/no\/losninger\/oekonomi\/bankport\/\" \/>\n<meta property=\"og:locale\" content=\"nb_NO\" \/>\n<meta property=\"og:type\" content=\"article\" \/>\n<meta property=\"og:title\" content=\"BankPort\" \/>\n<meta property=\"og:description\" content=\"BankPort er innenfor financial business intelligence og er utviklet for \u00e5 gi en unik mulighet for portef\u00f8ljestyring \u2013 helt ned til hver enkelt l\u00e5neavtale\" \/>\n<meta property=\"og:url\" content=\"https:\/\/www.dimins.com\/no\/losninger\/oekonomi\/bankport\/\" \/>\n<meta property=\"og:site_name\" content=\"DI Norway\" \/>\n<meta property=\"article:modified_time\" content=\"2018-12-04T21:31:16+00:00\" \/>\n<meta name=\"twitter:card\" content=\"summary_large_image\" \/>\n<meta name=\"twitter:label1\" content=\"Ansl. lesetid\" \/>\n\t<meta name=\"twitter:data1\" content=\"8 minutter\" \/>\n<script type=\"application\/ld+json\" class=\"yoast-schema-graph\">{\"@context\":\"https:\/\/schema.org\",\"@graph\":[{\"@type\":\"WebPage\",\"@id\":\"https:\/\/www.dimins.com\/no\/losninger\/oekonomi\/bankport\/\",\"url\":\"https:\/\/www.dimins.com\/no\/losninger\/oekonomi\/bankport\/\",\"name\":\"Financial business intelligence I BankPort - DI Norway\",\"isPartOf\":{\"@id\":\"https:\/\/www.dimins.com\/no\/#website\"},\"datePublished\":\"2018-03-01T15:52:30+00:00\",\"dateModified\":\"2018-12-04T21:31:16+00:00\",\"description\":\"BankPort er innenfor financial business intelligence og er utviklet for \u00e5 gi en unik mulighet for portef\u00f8ljestyring \u2013 helt ned til hver enkelt l\u00e5neavtale\",\"breadcrumb\":{\"@id\":\"https:\/\/www.dimins.com\/no\/losninger\/oekonomi\/bankport\/#breadcrumb\"},\"inLanguage\":\"nb-NO\",\"potentialAction\":[{\"@type\":\"ReadAction\",\"target\":[\"https:\/\/www.dimins.com\/no\/losninger\/oekonomi\/bankport\/\"]}]},{\"@type\":\"BreadcrumbList\",\"@id\":\"https:\/\/www.dimins.com\/no\/losninger\/oekonomi\/bankport\/#breadcrumb\",\"itemListElement\":[{\"@type\":\"ListItem\",\"position\":1,\"name\":\"Home\",\"item\":\"https:\/\/www.dimins.com\/no\/\"},{\"@type\":\"ListItem\",\"position\":2,\"name\":\"l\u00f8sninger\",\"item\":\"https:\/\/www.dimins.com\/no\/losninger\/\"},{\"@type\":\"ListItem\",\"position\":3,\"name\":\"Finans\",\"item\":\"https:\/\/www.dimins.com\/no\/losninger\/oekonomi\/\"},{\"@type\":\"ListItem\",\"position\":4,\"name\":\"BankPort\"}]},{\"@type\":\"WebSite\",\"@id\":\"https:\/\/www.dimins.com\/no\/#website\",\"url\":\"https:\/\/www.dimins.com\/no\/\",\"name\":\"DI Norway\",\"description\":\"Analytics, data management, and performance management solutions\",\"publisher\":{\"@id\":\"https:\/\/www.dimins.com\/no\/#organization\"},\"potentialAction\":[{\"@type\":\"SearchAction\",\"target\":{\"@type\":\"EntryPoint\",\"urlTemplate\":\"https:\/\/www.dimins.com\/no\/?s={search_term_string}\"},\"query-input\":{\"@type\":\"PropertyValueSpecification\",\"valueRequired\":true,\"valueName\":\"search_term_string\"}}],\"inLanguage\":\"nb-NO\"},{\"@type\":\"Organization\",\"@id\":\"https:\/\/www.dimins.com\/no\/#organization\",\"name\":\"DI Norway\",\"url\":\"https:\/\/www.dimins.com\/no\/\",\"logo\":{\"@type\":\"ImageObject\",\"inLanguage\":\"nb-NO\",\"@id\":\"https:\/\/www.dimins.com\/no\/#\/schema\/logo\/image\/\",\"url\":\"https:\/\/www.dimins.com\/no\/wp-content\/uploads\/sites\/23\/2017\/11\/3-inch-wide-di-logo.png\",\"contentUrl\":\"https:\/\/www.dimins.com\/no\/wp-content\/uploads\/sites\/23\/2017\/11\/3-inch-wide-di-logo.png\",\"width\":216,\"height\":50,\"caption\":\"DI Norway\"},\"image\":{\"@id\":\"https:\/\/www.dimins.com\/no\/#\/schema\/logo\/image\/\"}}]}<\/script>\n<!-- \/ Yoast SEO Premium plugin. -->","yoast_head_json":{"title":"Financial business intelligence I BankPort - DI Norway","description":"BankPort er innenfor financial business intelligence og er utviklet for \u00e5 gi en unik mulighet for portef\u00f8ljestyring \u2013 helt ned til hver enkelt l\u00e5neavtale","robots":{"index":"index","follow":"follow","max-snippet":"max-snippet:-1","max-image-preview":"max-image-preview:large","max-video-preview":"max-video-preview:-1"},"canonical":"https:\/\/www.dimins.com\/no\/losninger\/oekonomi\/bankport\/","og_locale":"nb_NO","og_type":"article","og_title":"BankPort","og_description":"BankPort er innenfor financial business intelligence og er utviklet for \u00e5 gi en unik mulighet for portef\u00f8ljestyring \u2013 helt ned til hver enkelt l\u00e5neavtale","og_url":"https:\/\/www.dimins.com\/no\/losninger\/oekonomi\/bankport\/","og_site_name":"DI Norway","article_modified_time":"2018-12-04T21:31:16+00:00","twitter_card":"summary_large_image","twitter_misc":{"Ansl. lesetid":"8 minutter"},"schema":{"@context":"https:\/\/schema.org","@graph":[{"@type":"WebPage","@id":"https:\/\/www.dimins.com\/no\/losninger\/oekonomi\/bankport\/","url":"https:\/\/www.dimins.com\/no\/losninger\/oekonomi\/bankport\/","name":"Financial business intelligence I BankPort - DI Norway","isPartOf":{"@id":"https:\/\/www.dimins.com\/no\/#website"},"datePublished":"2018-03-01T15:52:30+00:00","dateModified":"2018-12-04T21:31:16+00:00","description":"BankPort er innenfor financial business intelligence og er utviklet for \u00e5 gi en unik mulighet for portef\u00f8ljestyring \u2013 helt ned til hver enkelt l\u00e5neavtale","breadcrumb":{"@id":"https:\/\/www.dimins.com\/no\/losninger\/oekonomi\/bankport\/#breadcrumb"},"inLanguage":"nb-NO","potentialAction":[{"@type":"ReadAction","target":["https:\/\/www.dimins.com\/no\/losninger\/oekonomi\/bankport\/"]}]},{"@type":"BreadcrumbList","@id":"https:\/\/www.dimins.com\/no\/losninger\/oekonomi\/bankport\/#breadcrumb","itemListElement":[{"@type":"ListItem","position":1,"name":"Home","item":"https:\/\/www.dimins.com\/no\/"},{"@type":"ListItem","position":2,"name":"l\u00f8sninger","item":"https:\/\/www.dimins.com\/no\/losninger\/"},{"@type":"ListItem","position":3,"name":"Finans","item":"https:\/\/www.dimins.com\/no\/losninger\/oekonomi\/"},{"@type":"ListItem","position":4,"name":"BankPort"}]},{"@type":"WebSite","@id":"https:\/\/www.dimins.com\/no\/#website","url":"https:\/\/www.dimins.com\/no\/","name":"DI Norway","description":"Analytics, data management, and performance management solutions","publisher":{"@id":"https:\/\/www.dimins.com\/no\/#organization"},"potentialAction":[{"@type":"SearchAction","target":{"@type":"EntryPoint","urlTemplate":"https:\/\/www.dimins.com\/no\/?s={search_term_string}"},"query-input":{"@type":"PropertyValueSpecification","valueRequired":true,"valueName":"search_term_string"}}],"inLanguage":"nb-NO"},{"@type":"Organization","@id":"https:\/\/www.dimins.com\/no\/#organization","name":"DI Norway","url":"https:\/\/www.dimins.com\/no\/","logo":{"@type":"ImageObject","inLanguage":"nb-NO","@id":"https:\/\/www.dimins.com\/no\/#\/schema\/logo\/image\/","url":"https:\/\/www.dimins.com\/no\/wp-content\/uploads\/sites\/23\/2017\/11\/3-inch-wide-di-logo.png","contentUrl":"https:\/\/www.dimins.com\/no\/wp-content\/uploads\/sites\/23\/2017\/11\/3-inch-wide-di-logo.png","width":216,"height":50,"caption":"DI Norway"},"image":{"@id":"https:\/\/www.dimins.com\/no\/#\/schema\/logo\/image\/"}}]}},"_links":{"self":[{"href":"https:\/\/www.dimins.com\/no\/wp-json\/wp\/v2\/pages\/1088","targetHints":{"allow":["GET"]}}],"collection":[{"href":"https:\/\/www.dimins.com\/no\/wp-json\/wp\/v2\/pages"}],"about":[{"href":"https:\/\/www.dimins.com\/no\/wp-json\/wp\/v2\/types\/page"}],"author":[{"embeddable":true,"href":"https:\/\/www.dimins.com\/no\/wp-json\/wp\/v2\/users\/65"}],"replies":[{"embeddable":true,"href":"https:\/\/www.dimins.com\/no\/wp-json\/wp\/v2\/comments?post=1088"}],"version-history":[{"count":0,"href":"https:\/\/www.dimins.com\/no\/wp-json\/wp\/v2\/pages\/1088\/revisions"}],"up":[{"embeddable":true,"href":"https:\/\/www.dimins.com\/no\/wp-json\/wp\/v2\/pages\/1069"}],"wp:attachment":[{"href":"https:\/\/www.dimins.com\/no\/wp-json\/wp\/v2\/media?parent=1088"}],"curies":[{"name":"wp","href":"https:\/\/api.w.org\/{rel}","templated":true}]}}