{"id":949,"date":"2018-10-18T15:43:32","date_gmt":"2018-10-18T15:43:32","guid":{"rendered":"https:\/\/www.dimins.com\/es\/?page_id=949"},"modified":"2024-08-15T08:43:56","modified_gmt":"2024-08-15T13:43:56","slug":"diver-demo-request","status":"publish","type":"page","link":"https:\/\/www.dimins.com\/es\/diver-demo-request\/","title":{"rendered":"Diver Demo Request"},"content":{"rendered":"<p>[et_pb_section fb_built=&#8221;1&#8243; _builder_version=&#8221;4.16&#8243; custom_margin=&#8221;||-180px|&#8221; global_colors_info=&#8221;{}&#8221;][et_pb_row column_structure=&#8221;1_2,1_2&#8243; make_equal=&#8221;on&#8221; _builder_version=&#8221;4.16&#8243; global_colors_info=&#8221;{}&#8221;][et_pb_column type=&#8221;1_2&#8243; _builder_version=&#8221;4.16&#8243; background_position=&#8221;top_left&#8221; custom_padding=&#8221;|||4px&#8221; global_colors_info=&#8221;{}&#8221; custom_padding__hover=&#8221;|||&#8221;][et_pb_text admin_label=&#8221;Complete el formulario para solicitar una demostraci\u00f3n GRATUITA del software del tablero de Diver Platform.&#8221; _builder_version=&#8221;4.27.0&#8243; text_line_height=&#8221;1.5em&#8221; header_font=&#8221;|300|||||||&#8221; header_text_color=&#8221;#164e8b&#8221; header_font_size=&#8221;20px&#8221; header_line_height=&#8221;1.1em&#8221; background_size=&#8221;initial&#8221; background_position=&#8221;top_left&#8221; background_repeat=&#8221;repeat&#8221; module_alignment=&#8221;left&#8221; hover_enabled=&#8221;0&#8243; global_colors_info=&#8221;{}&#8221; sticky_enabled=&#8221;0&#8243;]<\/p>\n<h1>Complete el formulario para solicitar <span style=\"font-weight: 600;\">una demostraci\u00f3n GRATUITA del software del tablero de Diver Platform.<\/span><\/h1>\n<p>\u00bfEst\u00e1s listo para llevar tu inteligencia de negocios al siguiente nivel? En Dimensional Insight, hemos pasado los \u00faltimos 35 a\u00f1os desarrollando soluciones empresariales potentes para industrias altamente reguladas e impulsadas por el cumplimiento, como la salud, la fabricaci\u00f3n y el consumo de bebidas alcoh\u00f3licas.<\/p>\n<p><strong>Hacemos que el an\u00e1lisis organizativo sea accesible y utilizable para todos. Ver c\u00f3mo.<\/strong><\/p>\n<ul>\n<li>Haremos que la demostraci\u00f3n funcione con su agenda y al mismo tiempo responderemos sus preguntas.<\/li>\n<li>Complete el formulario y le responderemos en cuesti\u00f3n de lunes a viernes, de 8 am a 6 pm EST.<\/li>\n<\/ul>\n<p>[\/et_pb_text][\/et_pb_column][et_pb_column type=&#8221;1_2&#8243; _builder_version=&#8221;4.16&#8243; background_position=&#8221;top_left&#8221; custom_padding=&#8221;|||&#8221; global_colors_info=&#8221;{}&#8221; custom_padding__hover=&#8221;|||&#8221;][et_pb_contact_form captcha=&#8221;off&#8221; email=&#8221;marketing@dimins.com,etlin@dimins.com&#8221; title=&#8221;Solicitar una demostraci\u00f3n GRATUITA del software del tablero de Diver Platform&#8221; custom_message=&#8221;La siguiente persona ha solicitado una demostraci\u00f3n de nuestro software Diver Platform. P\u00f3ngase en contacto con \u00e9l lo antes posible para concertar una cita:||et_pb_line_break_holder||||et_pb_line_break_holder||Nombre: %%Nombre%%||et_pb_line_break_holder||Apellido: %%Apellido%%||et_pb_line_break_holder||Empresa: %%Empresa%%||et_pb_line_break_holder||Correo electr\u00f3nico: %%Correo_electr\u00f3nico%%||et_pb_line_break_holder||Tel\u00e9fono: %%Tel\u00e9fono%%&#8221; success_message=&#8221; Gracias por tu solicitud. Estaremos en contacto con usted en breve.&#8221; submit_button_text=&#8221;Obtener mi demo&#8221; admin_label=&#8221;solicitar una demostraci\u00f3n&#8221; _builder_version=&#8221;4.27.0&#8243; _unique_id=&#8221;379b523f-a89c-458d-83bd-48e18af04940&#8243; form_field_background_color=&#8221;#ffffff&#8221; title_level=&#8221;h6&#8243; title_font=&#8221;|300|||||||&#8221; title_text_align=&#8221;left&#8221; title_text_color=&#8221;#164e8b&#8221; title_font_size=&#8221;20px&#8221; title_line_height=&#8221;1.2em&#8221; form_field_text_align=&#8221;left&#8221; form_field_line_height=&#8221;1em&#8221; custom_button=&#8221;on&#8221; button_text_color=&#8221;#ffffff&#8221; button_bg_color=&#8221;#e65847&#8243; button_border_width=&#8221;1px&#8221; button_border_color=&#8221;#e65847&#8243; button_border_radius=&#8221;10px&#8221; button_use_icon=&#8221;off&#8221; vertical_offset_tablet=&#8221;0&#8243; horizontal_offset_tablet=&#8221;0&#8243; text_orientation=&#8221;left&#8221; hover_enabled=&#8221;0&#8243; z_index_tablet=&#8221;0&#8243; custom_css_main_element=&#8221;padding: 40px;||box-shadow: 0 0 20px rgba(0,0,0,.1);||margin-bottom: -200px;||border-radius: 5px;||background: #ffffff !important;||position: relative !important;||z-index: 1;||&#8221; title_text_shadow_horizontal_length_tablet=&#8221;0px&#8221; title_text_shadow_vertical_length_tablet=&#8221;0px&#8221; title_text_shadow_blur_strength_tablet=&#8221;1px&#8221; captcha_text_shadow_horizontal_length_tablet=&#8221;0px&#8221; captcha_text_shadow_vertical_length_tablet=&#8221;0px&#8221; captcha_text_shadow_blur_strength_tablet=&#8221;1px&#8221; form_field_text_shadow_horizontal_length_tablet=&#8221;0px&#8221; form_field_text_shadow_vertical_length_tablet=&#8221;0px&#8221; form_field_text_shadow_blur_strength_tablet=&#8221;1px&#8221; border_radii=&#8221;on|10px|10px|10px|10px&#8221; border_width_all=&#8221;1px&#8221; border_color_all=&#8221;#e65847&#8243; button_text_shadow_horizontal_length_tablet=&#8221;0px&#8221; button_text_shadow_vertical_length_tablet=&#8221;0px&#8221; button_text_shadow_blur_strength_tablet=&#8221;1px&#8221; box_shadow_horizontal_tablet=&#8221;0px&#8221; box_shadow_vertical_tablet=&#8221;0px&#8221; box_shadow_blur_tablet=&#8221;40px&#8221; box_shadow_spread_tablet=&#8221;0px&#8221; box_shadow_horizontal_button_tablet=&#8221;0px&#8221; box_shadow_vertical_button_tablet=&#8221;0px&#8221; box_shadow_blur_button_tablet=&#8221;40px&#8221; box_shadow_spread_button_tablet=&#8221;0px&#8221; text_shadow_horizontal_length_tablet=&#8221;0px&#8221; text_shadow_vertical_length_tablet=&#8221;0px&#8221; text_shadow_blur_strength_tablet=&#8221;1px&#8221; form_background_color=&#8221;#ffffff&#8221; global_colors_info=&#8221;{}&#8221; sticky_enabled=&#8221;0&#8243;][et_pb_contact_field field_id=&#8221;Nombre&#8221; field_title=&#8221;Nombre&#8221; fullwidth_field=&#8221;on&#8221; _builder_version=&#8221;4.16&#8243; global_colors_info=&#8221;{}&#8221; button_text_size__hover_enabled=&#8221;off&#8221; button_one_text_size__hover_enabled=&#8221;off&#8221; button_two_text_size__hover_enabled=&#8221;off&#8221; button_text_color__hover_enabled=&#8221;off&#8221; button_one_text_color__hover_enabled=&#8221;off&#8221; button_two_text_color__hover_enabled=&#8221;off&#8221; button_border_width__hover_enabled=&#8221;off&#8221; button_one_border_width__hover_enabled=&#8221;off&#8221; button_two_border_width__hover_enabled=&#8221;off&#8221; button_border_color__hover_enabled=&#8221;off&#8221; button_one_border_color__hover_enabled=&#8221;off&#8221; button_two_border_color__hover_enabled=&#8221;off&#8221; button_border_radius__hover_enabled=&#8221;off&#8221; button_one_border_radius__hover_enabled=&#8221;off&#8221; button_two_border_radius__hover_enabled=&#8221;off&#8221; button_letter_spacing__hover_enabled=&#8221;off&#8221; button_one_letter_spacing__hover_enabled=&#8221;off&#8221; button_two_letter_spacing__hover_enabled=&#8221;off&#8221; button_bg_color__hover_enabled=&#8221;off&#8221; button_one_bg_color__hover_enabled=&#8221;off&#8221; button_two_bg_color__hover_enabled=&#8221;off&#8221;][\/et_pb_contact_field][et_pb_contact_field field_id=&#8221;Apellido&#8221; field_title=&#8221;Apellido&#8221; fullwidth_field=&#8221;on&#8221; _builder_version=&#8221;4.16&#8243; global_colors_info=&#8221;{}&#8221; button_text_size__hover_enabled=&#8221;off&#8221; button_one_text_size__hover_enabled=&#8221;off&#8221; button_two_text_size__hover_enabled=&#8221;off&#8221; button_text_color__hover_enabled=&#8221;off&#8221; button_one_text_color__hover_enabled=&#8221;off&#8221; button_two_text_color__hover_enabled=&#8221;off&#8221; button_border_width__hover_enabled=&#8221;off&#8221; button_one_border_width__hover_enabled=&#8221;off&#8221; button_two_border_width__hover_enabled=&#8221;off&#8221; button_border_color__hover_enabled=&#8221;off&#8221; button_one_border_color__hover_enabled=&#8221;off&#8221; button_two_border_color__hover_enabled=&#8221;off&#8221; button_border_radius__hover_enabled=&#8221;off&#8221; button_one_border_radius__hover_enabled=&#8221;off&#8221; button_two_border_radius__hover_enabled=&#8221;off&#8221; button_letter_spacing__hover_enabled=&#8221;off&#8221; button_one_letter_spacing__hover_enabled=&#8221;off&#8221; button_two_letter_spacing__hover_enabled=&#8221;off&#8221; button_bg_color__hover_enabled=&#8221;off&#8221; button_one_bg_color__hover_enabled=&#8221;off&#8221; button_two_bg_color__hover_enabled=&#8221;off&#8221;][\/et_pb_contact_field][et_pb_contact_field field_id=&#8221;Empresa&#8221; field_title=&#8221;Empresa&#8221; fullwidth_field=&#8221;on&#8221; _builder_version=&#8221;4.16&#8243; global_colors_info=&#8221;{}&#8221; button_text_size__hover_enabled=&#8221;off&#8221; button_one_text_size__hover_enabled=&#8221;off&#8221; button_two_text_size__hover_enabled=&#8221;off&#8221; button_text_color__hover_enabled=&#8221;off&#8221; button_one_text_color__hover_enabled=&#8221;off&#8221; button_two_text_color__hover_enabled=&#8221;off&#8221; button_border_width__hover_enabled=&#8221;off&#8221; button_one_border_width__hover_enabled=&#8221;off&#8221; button_two_border_width__hover_enabled=&#8221;off&#8221; button_border_color__hover_enabled=&#8221;off&#8221; button_one_border_color__hover_enabled=&#8221;off&#8221; button_two_border_color__hover_enabled=&#8221;off&#8221; button_border_radius__hover_enabled=&#8221;off&#8221; button_one_border_radius__hover_enabled=&#8221;off&#8221; button_two_border_radius__hover_enabled=&#8221;off&#8221; button_letter_spacing__hover_enabled=&#8221;off&#8221; button_one_letter_spacing__hover_enabled=&#8221;off&#8221; button_two_letter_spacing__hover_enabled=&#8221;off&#8221; button_bg_color__hover_enabled=&#8221;off&#8221; button_one_bg_color__hover_enabled=&#8221;off&#8221; button_two_bg_color__hover_enabled=&#8221;off&#8221;][\/et_pb_contact_field][et_pb_contact_field field_id=&#8221;Correo_electr\u00f3nico&#8221; field_title=&#8221;Correo electr\u00f3nico&#8221; field_type=&#8221;email&#8221; fullwidth_field=&#8221;on&#8221; _builder_version=&#8221;4.16&#8243; global_colors_info=&#8221;{}&#8221; button_text_size__hover_enabled=&#8221;off&#8221; button_one_text_size__hover_enabled=&#8221;off&#8221; button_two_text_size__hover_enabled=&#8221;off&#8221; button_text_color__hover_enabled=&#8221;off&#8221; button_one_text_color__hover_enabled=&#8221;off&#8221; button_two_text_color__hover_enabled=&#8221;off&#8221; button_border_width__hover_enabled=&#8221;off&#8221; button_one_border_width__hover_enabled=&#8221;off&#8221; button_two_border_width__hover_enabled=&#8221;off&#8221; button_border_color__hover_enabled=&#8221;off&#8221; button_one_border_color__hover_enabled=&#8221;off&#8221; button_two_border_color__hover_enabled=&#8221;off&#8221; button_border_radius__hover_enabled=&#8221;off&#8221; button_one_border_radius__hover_enabled=&#8221;off&#8221; button_two_border_radius__hover_enabled=&#8221;off&#8221; button_letter_spacing__hover_enabled=&#8221;off&#8221; button_one_letter_spacing__hover_enabled=&#8221;off&#8221; button_two_letter_spacing__hover_enabled=&#8221;off&#8221; button_bg_color__hover_enabled=&#8221;off&#8221; button_one_bg_color__hover_enabled=&#8221;off&#8221; button_two_bg_color__hover_enabled=&#8221;off&#8221;][\/et_pb_contact_field][et_pb_contact_field field_id=&#8221;Tel\u00e9fono&#8221; field_title=&#8221;Tel\u00e9fono&#8221; max_length=&#8221;15&#8243; allowed_symbols=&#8221;numbers&#8221; _builder_version=&#8221;4.27.0&#8243; hover_enabled=&#8221;0&#8243; global_colors_info=&#8221;{}&#8221; button_text_size__hover_enabled=&#8221;off&#8221; button_one_text_size__hover_enabled=&#8221;off&#8221; button_two_text_size__hover_enabled=&#8221;off&#8221; button_text_color__hover_enabled=&#8221;off&#8221; button_one_text_color__hover_enabled=&#8221;off&#8221; button_two_text_color__hover_enabled=&#8221;off&#8221; button_border_width__hover_enabled=&#8221;off&#8221; button_one_border_width__hover_enabled=&#8221;off&#8221; button_two_border_width__hover_enabled=&#8221;off&#8221; button_border_color__hover_enabled=&#8221;off&#8221; button_one_border_color__hover_enabled=&#8221;off&#8221; button_two_border_color__hover_enabled=&#8221;off&#8221; button_border_radius__hover_enabled=&#8221;off&#8221; button_one_border_radius__hover_enabled=&#8221;off&#8221; button_two_border_radius__hover_enabled=&#8221;off&#8221; button_letter_spacing__hover_enabled=&#8221;off&#8221; button_one_letter_spacing__hover_enabled=&#8221;off&#8221; button_two_letter_spacing__hover_enabled=&#8221;off&#8221; button_bg_color__hover_enabled=&#8221;off&#8221; button_one_bg_color__hover_enabled=&#8221;off&#8221; button_two_bg_color__hover_enabled=&#8221;off&#8221; fullwidth_field=&#8221;on&#8221; sticky_enabled=&#8221;0&#8243;][\/et_pb_contact_field][\/et_pb_contact_form][et_pb_text admin_label=&#8221;Las direcciones de correo electr\u00f3nico y la informaci\u00f3n de contacto nunca se venden ni se alquilan. Su privacidad est\u00e1 asegurada.&#8221; _builder_version=&#8221;4.16&#8243; text_text_color=&#8221;#ffffff&#8221; text_font_size=&#8221;12&#8243; text_line_height=&#8221;1.4em&#8221; background_size=&#8221;initial&#8221; background_position=&#8221;top_left&#8221; background_repeat=&#8221;repeat&#8221; module_alignment=&#8221;left&#8221; border_style=&#8221;solid&#8221; global_colors_info=&#8221;{}&#8221;]<\/p>\n<p>Las direcciones de correo electr\u00f3nico y la informaci\u00f3n de contacto nunca se venden ni se alquilan. Su privacidad est\u00e1 asegurada.<\/p>\n<p>[\/et_pb_text][\/et_pb_column][\/et_pb_row][\/et_pb_section][et_pb_section fb_built=&#8221;1&#8243; _builder_version=&#8221;4.16&#8243; background_color=&#8221;#164e8b&#8221; background_image=&#8221;https:\/\/www.dimins.com\/es\/wp-content\/uploads\/sites\/34\/2018\/10\/Pattern-tile-repeat-min.png&#8221; background_size=&#8221;contain&#8221; background_position=&#8221;top_left&#8221; background_repeat=&#8221;repeat&#8221; background_blend=&#8221;multiply&#8221; custom_css_main_element=&#8221;position: relative;||z-index: 0;&#8221; global_colors_info=&#8221;{}&#8221;][et_pb_row column_structure=&#8221;1_2,1_2&#8243; custom_padding_last_edited=&#8221;on|phone&#8221; _builder_version=&#8221;4.16&#8243; custom_padding_tablet=&#8221;&#8221; custom_padding_phone=&#8221;||0px|&#8221; global_colors_info=&#8221;{}&#8221;][et_pb_column type=&#8221;1_2&#8243; _builder_version=&#8221;4.16&#8243; custom_padding=&#8221;|||&#8221; custom_padding_tablet=&#8221;|||&#8221; custom_padding_phone=&#8221;30px||0px|&#8221; custom_padding_last_edited=&#8221;on|phone&#8221; global_colors_info=&#8221;{}&#8221; custom_padding__hover=&#8221;|||&#8221;][et_pb_text admin_label=&#8221;Las tecnolog\u00edas dise\u00f1adas espec\u00edficamente para Dimensional Insight aceleran su tiempo de valorizaci\u00f3n.&#8221; _builder_version=&#8221;4.16&#8243; text_line_height=&#8221;1.5em&#8221; ul_text_color=&#8221;#ffffff&#8221; ul_line_height=&#8221;1.7em&#8221; header_text_color=&#8221;#3c97d3&#8243; header_font_size=&#8221;20px&#8221; header_line_height=&#8221;1.3em&#8221; header_3_font=&#8221;|600|||||||&#8221; header_3_text_color=&#8221;#ffffff&#8221; header_3_font_size=&#8221;18px&#8221; module_alignment=&#8221;left&#8221; global_colors_info=&#8221;{}&#8221;]<\/p>\n<h3>Las tecnolog\u00edas dise\u00f1adas espec\u00edficamente para Dimensional Insight aceleran su tiempo de valorizaci\u00f3n.<\/h3>\n<ul>\n<li>Nuestras soluciones de inteligencia de negocios y productos de an\u00e1lisis de datos se basan en la galardonada plataforma Diver.<\/li>\n<li>Las potentes anal\u00edticas, las capacidades del tablero, la seguridad robusta y la integraci\u00f3n de datos de Diver lo hacen tremendamente poderoso y flexible, brind\u00e1ndole anal\u00edticas inteligentes en tiempo real.<\/li>\n<\/ul>\n<p>[\/et_pb_text][\/et_pb_column][et_pb_column type=&#8221;1_2&#8243; _builder_version=&#8221;4.16&#8243; custom_padding=&#8221;|||&#8221; global_colors_info=&#8221;{}&#8221; custom_padding__hover=&#8221;|||&#8221;][\/et_pb_column][\/et_pb_row][\/et_pb_section][et_pb_section fb_built=&#8221;1&#8243; _builder_version=&#8221;4.16&#8243; global_colors_info=&#8221;{}&#8221;][et_pb_row custom_padding_last_edited=&#8221;on|phone&#8221; _builder_version=&#8221;4.16&#8243; custom_padding_tablet=&#8221;&#8221; custom_padding_phone=&#8221;||0px|&#8221; global_colors_info=&#8221;{}&#8221;][et_pb_column type=&#8221;4_4&#8243; _builder_version=&#8221;4.16&#8243; custom_padding=&#8221;|||&#8221; global_colors_info=&#8221;{}&#8221; custom_padding__hover=&#8221;|||&#8221;][et_pb_text admin_label=&#8221;Poderosa solucion&#8221; _builder_version=&#8221;4.16&#8243; text_line_height=&#8221;1.5em&#8221; header_3_font=&#8221;|600|||||||&#8221; header_3_text_color=&#8221;#164e8b&#8221; header_3_font_size=&#8221;20px&#8221; background_size=&#8221;initial&#8221; background_position=&#8221;top_left&#8221; background_repeat=&#8221;repeat&#8221; module_alignment=&#8221;left&#8221; global_colors_info=&#8221;{}&#8221;]<\/p>\n<h3>Poderosa solucion<\/h3>\n<p>Proporcione a su personal las herramientas que necesitan para centrarse en el negocio en cuesti\u00f3n en lugar de pasar horas tratando de capturar, organizar y analizar datos. Ya sea que su industria sea atenci\u00f3n m\u00e9dica, fabricaci\u00f3n de cadenas de suministro o bebidas alcoh\u00f3licas, Dimensional Insight tiene una soluci\u00f3n poderosa para usted.<\/p>\n<p>La capacidad de interpretar los datos de la organizaci\u00f3n y el poder para tomar decisiones oportunas basadas en datos son fundamentales para su \u00e9xito. La calidad de su toma de decisiones depende de la calidad de sus datos. Ponga nuestra experiencia a trabajar para usted. Tome el siguiente paso y solicite una demostraci\u00f3n de software de panel hoy.<\/p>\n<p>[\/et_pb_text][\/et_pb_column][\/et_pb_row][\/et_pb_section]<\/p>\n","protected":false},"excerpt":{"rendered":"<p>Complete el formulario para solicitar una demostraci\u00f3n GRATUITA del software del tablero de Diver Platform. \u00bfEst\u00e1s listo para llevar tu inteligencia de negocios al siguiente nivel? En Dimensional Insight, hemos pasado los \u00faltimos 35 a\u00f1os desarrollando soluciones empresariales potentes para industrias altamente reguladas e impulsadas por el cumplimiento, como la salud, la fabricaci\u00f3n y el [&hellip;]<\/p>\n","protected":false},"author":2,"featured_media":0,"parent":0,"menu_order":0,"comment_status":"closed","ping_status":"closed","template":"","meta":{"_et_pb_use_builder":"on","_et_pb_old_content":"","_et_gb_content_width":"","footnotes":""},"class_list":["post-949","page","type-page","status-publish","hentry"],"yoast_head":"<!-- This site is optimized with the Yoast SEO Premium plugin v27.4 (Yoast SEO v27.4) - https:\/\/yoast.com\/product\/yoast-seo-premium-wordpress\/ -->\n<title>Diver Demo Request - Versi\u00f3n Espa\u00f1ola de DI<\/title>\n<meta name=\"robots\" content=\"index, follow, max-snippet:-1, max-image-preview:large, max-video-preview:-1\" \/>\n<link rel=\"canonical\" href=\"https:\/\/www.dimins.com\/es\/diver-demo-request\/\" \/>\n<meta property=\"og:locale\" content=\"en_US\" \/>\n<meta property=\"og:type\" content=\"article\" \/>\n<meta property=\"og:title\" content=\"Diver Demo Request\" \/>\n<meta property=\"og:description\" content=\"Complete el formulario para solicitar una demostraci\u00f3n GRATUITA del software del tablero de Diver Platform. \u00bfEst\u00e1s listo para llevar tu inteligencia de negocios al siguiente nivel? En Dimensional Insight, hemos pasado los \u00faltimos 35 a\u00f1os desarrollando soluciones empresariales potentes para industrias altamente reguladas e impulsadas por el cumplimiento, como la salud, la fabricaci\u00f3n y el [&hellip;]\" \/>\n<meta property=\"og:url\" content=\"https:\/\/www.dimins.com\/es\/diver-demo-request\/\" \/>\n<meta property=\"og:site_name\" content=\"Versi\u00f3n Espa\u00f1ola de DI\" \/>\n<meta property=\"article:modified_time\" content=\"2024-08-15T13:43:56+00:00\" \/>\n<meta name=\"twitter:card\" content=\"summary_large_image\" \/>\n<meta name=\"twitter:label1\" content=\"Est. reading time\" \/>\n\t<meta name=\"twitter:data1\" content=\"10 minutes\" \/>\n<script type=\"application\/ld+json\" class=\"yoast-schema-graph\">{\"@context\":\"https:\\\/\\\/schema.org\",\"@graph\":[{\"@type\":\"WebPage\",\"@id\":\"https:\\\/\\\/www.dimins.com\\\/es\\\/diver-demo-request\\\/\",\"url\":\"https:\\\/\\\/www.dimins.com\\\/es\\\/diver-demo-request\\\/\",\"name\":\"Diver Demo Request - Versi\u00f3n Espa\u00f1ola de DI\",\"isPartOf\":{\"@id\":\"https:\\\/\\\/www.dimins.com\\\/es\\\/#website\"},\"datePublished\":\"2018-10-18T15:43:32+00:00\",\"dateModified\":\"2024-08-15T13:43:56+00:00\",\"breadcrumb\":{\"@id\":\"https:\\\/\\\/www.dimins.com\\\/es\\\/diver-demo-request\\\/#breadcrumb\"},\"inLanguage\":\"en-US\",\"potentialAction\":[{\"@type\":\"ReadAction\",\"target\":[\"https:\\\/\\\/www.dimins.com\\\/es\\\/diver-demo-request\\\/\"]}]},{\"@type\":\"BreadcrumbList\",\"@id\":\"https:\\\/\\\/www.dimins.com\\\/es\\\/diver-demo-request\\\/#breadcrumb\",\"itemListElement\":[{\"@type\":\"ListItem\",\"position\":1,\"name\":\"Home\",\"item\":\"https:\\\/\\\/www.dimins.com\\\/es\\\/\"},{\"@type\":\"ListItem\",\"position\":2,\"name\":\"Diver Demo Request\"}]},{\"@type\":\"WebSite\",\"@id\":\"https:\\\/\\\/www.dimins.com\\\/es\\\/#website\",\"url\":\"https:\\\/\\\/www.dimins.com\\\/es\\\/\",\"name\":\"Versi\u00f3n Espa\u00f1ola de DI\",\"description\":\"Herramientas de gesti\u00f3n de datos, gobernanza y anal\u00edtica basadas en Diver Platform\",\"potentialAction\":[{\"@type\":\"SearchAction\",\"target\":{\"@type\":\"EntryPoint\",\"urlTemplate\":\"https:\\\/\\\/www.dimins.com\\\/es\\\/?s={search_term_string}\"},\"query-input\":{\"@type\":\"PropertyValueSpecification\",\"valueRequired\":true,\"valueName\":\"search_term_string\"}}],\"inLanguage\":\"en-US\"}]}<\/script>\n<!-- \/ Yoast SEO Premium plugin. -->","yoast_head_json":{"title":"Diver Demo Request - Versi\u00f3n Espa\u00f1ola de DI","robots":{"index":"index","follow":"follow","max-snippet":"max-snippet:-1","max-image-preview":"max-image-preview:large","max-video-preview":"max-video-preview:-1"},"canonical":"https:\/\/www.dimins.com\/es\/diver-demo-request\/","og_locale":"en_US","og_type":"article","og_title":"Diver Demo Request","og_description":"Complete el formulario para solicitar una demostraci\u00f3n GRATUITA del software del tablero de Diver Platform. \u00bfEst\u00e1s listo para llevar tu inteligencia de negocios al siguiente nivel? En Dimensional Insight, hemos pasado los \u00faltimos 35 a\u00f1os desarrollando soluciones empresariales potentes para industrias altamente reguladas e impulsadas por el cumplimiento, como la salud, la fabricaci\u00f3n y el [&hellip;]","og_url":"https:\/\/www.dimins.com\/es\/diver-demo-request\/","og_site_name":"Versi\u00f3n Espa\u00f1ola de DI","article_modified_time":"2024-08-15T13:43:56+00:00","twitter_card":"summary_large_image","twitter_misc":{"Est. reading time":"10 minutes"},"schema":{"@context":"https:\/\/schema.org","@graph":[{"@type":"WebPage","@id":"https:\/\/www.dimins.com\/es\/diver-demo-request\/","url":"https:\/\/www.dimins.com\/es\/diver-demo-request\/","name":"Diver Demo Request - Versi\u00f3n Espa\u00f1ola de DI","isPartOf":{"@id":"https:\/\/www.dimins.com\/es\/#website"},"datePublished":"2018-10-18T15:43:32+00:00","dateModified":"2024-08-15T13:43:56+00:00","breadcrumb":{"@id":"https:\/\/www.dimins.com\/es\/diver-demo-request\/#breadcrumb"},"inLanguage":"en-US","potentialAction":[{"@type":"ReadAction","target":["https:\/\/www.dimins.com\/es\/diver-demo-request\/"]}]},{"@type":"BreadcrumbList","@id":"https:\/\/www.dimins.com\/es\/diver-demo-request\/#breadcrumb","itemListElement":[{"@type":"ListItem","position":1,"name":"Home","item":"https:\/\/www.dimins.com\/es\/"},{"@type":"ListItem","position":2,"name":"Diver Demo Request"}]},{"@type":"WebSite","@id":"https:\/\/www.dimins.com\/es\/#website","url":"https:\/\/www.dimins.com\/es\/","name":"Versi\u00f3n Espa\u00f1ola de DI","description":"Herramientas de gesti\u00f3n de datos, gobernanza y anal\u00edtica basadas en Diver Platform","potentialAction":[{"@type":"SearchAction","target":{"@type":"EntryPoint","urlTemplate":"https:\/\/www.dimins.com\/es\/?s={search_term_string}"},"query-input":{"@type":"PropertyValueSpecification","valueRequired":true,"valueName":"search_term_string"}}],"inLanguage":"en-US"}]}},"_links":{"self":[{"href":"https:\/\/www.dimins.com\/es\/wp-json\/wp\/v2\/pages\/949","targetHints":{"allow":["GET"]}}],"collection":[{"href":"https:\/\/www.dimins.com\/es\/wp-json\/wp\/v2\/pages"}],"about":[{"href":"https:\/\/www.dimins.com\/es\/wp-json\/wp\/v2\/types\/page"}],"author":[{"embeddable":true,"href":"https:\/\/www.dimins.com\/es\/wp-json\/wp\/v2\/users\/2"}],"replies":[{"embeddable":true,"href":"https:\/\/www.dimins.com\/es\/wp-json\/wp\/v2\/comments?post=949"}],"version-history":[{"count":0,"href":"https:\/\/www.dimins.com\/es\/wp-json\/wp\/v2\/pages\/949\/revisions"}],"wp:attachment":[{"href":"https:\/\/www.dimins.com\/es\/wp-json\/wp\/v2\/media?parent=949"}],"curies":[{"name":"wp","href":"https:\/\/api.w.org\/{rel}","templated":true}]}}