{"id":549,"date":"2018-07-24T18:48:32","date_gmt":"2018-07-24T18:48:32","guid":{"rendered":"https:\/\/www.dimins.com\/es\/?page_id=549"},"modified":"2018-07-24T18:48:32","modified_gmt":"2018-07-24T18:48:32","slug":"soporte-dimensional-insight","status":"publish","type":"page","link":"https:\/\/www.dimins.com\/es\/soporte-dimensional-insight\/","title":{"rendered":"Soporte Dimensional Insight"},"content":{"rendered":"<p>[et_pb_section bb_built=&#8221;1&#8243; _builder_version=&#8221;3.0.87&#8243; background_image=&#8221;https:\/\/www.dimins.com\/es\/wp-content\/uploads\/sites\/34\/2018\/07\/Pattern-tile-repeat-min.png&#8221; background_size=&#8221;contain&#8221; background_position=&#8221;top_left&#8221; background_repeat=&#8221;repeat&#8221; next_background_color=&#8221;#164e8b&#8221;][et_pb_row custom_padding=&#8221;3%|||&#8221; make_equal=&#8221;on&#8221; background_position_1=&#8221;top_left&#8221; background_position_2=&#8221;top_left&#8221; background_position_3=&#8221;top_left&#8221; background_repeat_1=&#8221;no-repeat&#8221; background_repeat_2=&#8221;no-repeat&#8221; background_repeat_3=&#8221;no-repeat&#8221; _builder_version=&#8221;3.0.87&#8243;][et_pb_column type=&#8221;1_4&#8243;][\/et_pb_column][et_pb_column type=&#8221;1_2&#8243;][et_pb_text admin_label=&#8221;Soporte Dimensional Insight&#8221; _builder_version=&#8221;3.7&#8243; header_font=&#8221;|on|||&#8221; header_font_size=&#8221;40px&#8221; header_text_color=&#8221;#164e8b&#8221; header_line_height=&#8221;1.5em&#8221; text_orientation=&#8221;center&#8221; module_alignment=&#8221;center&#8221; border_style=&#8221;solid&#8221;]<\/p>\n<h1 style=\"text-align: center;\">Soporte Dimensional Insight<\/h1>\n<p>[\/et_pb_text][\/et_pb_column][et_pb_column type=&#8221;1_4&#8243;][\/et_pb_column][\/et_pb_row][\/et_pb_section][et_pb_section bb_built=&#8221;1&#8243; fullwidth=&#8221;off&#8221; specialty=&#8221;off&#8221; _builder_version=&#8221;3.0.87&#8243; background_color=&#8221;#164e8b&#8221; prev_background_color=&#8221;#ffffff&#8221; next_background_color=&#8221;#ffffff&#8221;][et_pb_row][et_pb_column type=&#8221;4_4&#8243;][et_pb_text admin_label=&#8221;Hours&#8221; background_layout=&#8221;dark&#8221; use_border_color=&#8221;off&#8221; border_color=&#8221;#ffffff&#8221; border_style=&#8221;solid&#8221; module_alignment=&#8221;left&#8221; border_color_all=&#8221;off&#8221; background_position=&#8221;top_left&#8221; background_repeat=&#8221;repeat&#8221; background_size=&#8221;initial&#8221; _builder_version=&#8221;3.7&#8243; text_orientation=&#8221;center&#8221; text_font_size=&#8221;17px&#8221;]<\/p>\n<p><strong>Horario:<\/strong> 7:00 a.m. a 5:00 p.m. CST | <strong>Tel:<\/strong> 920-436-8299 | <strong>Correo electr\u00f3nico:<\/strong> <a href=\"mailto:support@dimins.com\">support@dimins.com<\/a><\/p>\n<p>[\/et_pb_text][\/et_pb_column][\/et_pb_row][\/et_pb_section][et_pb_section bb_built=&#8221;1&#8243; admin_label=&#8221;section&#8221; prev_background_color=&#8221;#164e8b&#8221;][et_pb_row admin_label=&#8221;row&#8221; background_position=&#8221;top_left&#8221; background_repeat=&#8221;repeat&#8221; background_size=&#8221;initial&#8221;][et_pb_column type=&#8221;1_2&#8243;][et_pb_text use_border_color=&#8221;off&#8221; border_color=&#8221;#ffffff&#8221; border_style=&#8221;solid&#8221; module_alignment=&#8221;left&#8221; border_color_all=&#8221;off&#8221; background_position=&#8221;top_left&#8221; background_repeat=&#8221;repeat&#8221; background_size=&#8221;initial&#8221; _builder_version=&#8221;3.7&#8243;]<\/p>\n<p>El soporte de Dimensional Insight ofrece el m\u00e1s alto rendimiento y la configuraci\u00f3n y el mantenimiento m\u00e1s sencillos de cualquier herramienta de inteligencia de negocios actualmente disponible. Cuando surgen preguntas y problemas, el experimentado y experimentado personal de Dimensional Insight Support est\u00e1 listo para ayudarlo.<\/p>\n<p>Dimensional Insight proporciona actualizaciones, reparaciones y mejoras a medida que nuevas funciones se vuelven disponibles bajo el acuerdo anual de soporte y mantenimiento disponible para nuestros clientes.<\/p>\n<ul>\n<li>Si usted es un cliente en los Estados Unidos y no tiene credenciales para iniciar sesi\u00f3n en el Sitio del cliente, puede adquirir credenciales contactando a la asistencia t\u00e9cnica por tel\u00e9fono o correo electr\u00f3nico.<\/li>\n<li>Si es un cliente fuera de los Estados Unidos, comun\u00edquese con su distribuidor si tiene alguna pregunta o inquietud.<\/li>\n<\/ul>\n<p>Los lanzamientos puntuales ocurren aproximadamente cada 4 meses con versiones completas cada 12 meses. La plataforma Diver protege las inversiones de los clientes en su entorno de hardware existente al garantizar la compatibilidad con la mayor\u00eda de las principales plataformas y sistemas operativos.<\/p>\n<p>[\/et_pb_text][\/et_pb_column][et_pb_column type=&#8221;1_2&#8243;][et_pb_text _builder_version=&#8221;3.7&#8243;]<\/p>\n<p>Los clientes actuales encontrar\u00e1n manuales de referencia de productos disponibles en DI Download, que es parte del sitio del cliente.<\/p>\n<p>Los clientes pueden iniciar sesi\u00f3n en ese sitio haciendo clic en el enlace Iniciar sesi\u00f3n en la esquina superior derecha de la barra de navegaci\u00f3n superior de este sitio web.<\/p>\n<p>El enlace Iniciar sesi\u00f3n lleva a los usuarios a una p\u00e1gina con dos opciones de inicio de sesi\u00f3n:<\/p>\n<ul>\n<li>Uno para clientes<\/li>\n<li>Uno para distribuidores y socios<\/li>\n<li>Una vez que los clientes inicien sesi\u00f3n en el sitio del cliente, deben hacer clic en Descargar DI.<\/li>\n<\/ul>\n<p>Esta p\u00e1gina muestra enlaces para descargas de software de componentes de productos y manuales:<\/p>\n<ol>\n<li>Los enlaces manuales de la versi\u00f3n 6.4 se encuentran debajo de la columna &#8220;Manual&#8221;.<\/li>\n<li>La documentaci\u00f3n de la versi\u00f3n 7.0 se incluye con el software como un sistema de ayuda en l\u00ednea.<\/li>\n<\/ol>\n<p>[\/et_pb_text][\/et_pb_column][\/et_pb_row][\/et_pb_section]<\/p>\n","protected":false},"excerpt":{"rendered":"<p>Soporte Dimensional Insight <div class=\"et_pb_row et_pb_row_0 et_pb_row_empty\">\n\t\t\t\t\n\t\t\t\t\n\t\t\t\t\n\t\t\t\t\n\t\t\t\t\n\t\t\t<\/div> Horario: 7:00 a.m. a 5:00 p.m. CST | Tel: 920-436-8299 | Correo electr\u00f3nico: support@dimins.com El soporte de Dimensional Insight ofrece el m\u00e1s alto rendimiento y la configuraci\u00f3n y el mantenimiento m\u00e1s sencillos de cualquier herramienta de inteligencia de negocios actualmente disponible. Cuando surgen preguntas y problemas, el experimentado y experimentado personal [&hellip;]<\/p>\n","protected":false},"author":2,"featured_media":0,"parent":0,"menu_order":0,"comment_status":"closed","ping_status":"closed","template":"","meta":{"_et_pb_use_builder":"on","_et_pb_old_content":"","_et_gb_content_width":"","footnotes":""},"class_list":["post-549","page","type-page","status-publish","hentry"],"yoast_head":"<!-- This site is optimized with the Yoast SEO Premium plugin v27.4 (Yoast SEO v27.4) - https:\/\/yoast.com\/product\/yoast-seo-premium-wordpress\/ -->\n<title>Soporte Dimensional Insight - Versi\u00f3n Espa\u00f1ola de DI<\/title>\n<meta name=\"robots\" content=\"index, follow, max-snippet:-1, max-image-preview:large, max-video-preview:-1\" \/>\n<link rel=\"canonical\" href=\"https:\/\/www.dimins.com\/es\/soporte-dimensional-insight\/\" \/>\n<meta property=\"og:locale\" content=\"en_US\" \/>\n<meta property=\"og:type\" content=\"article\" \/>\n<meta property=\"og:title\" content=\"Soporte Dimensional Insight\" \/>\n<meta property=\"og:description\" content=\"Soporte Dimensional Insight Horario: 7:00 a.m. a 5:00 p.m. CST | Tel: 920-436-8299 | Correo electr\u00f3nico: support@dimins.com El soporte de Dimensional Insight ofrece el m\u00e1s alto rendimiento y la configuraci\u00f3n y el mantenimiento m\u00e1s sencillos de cualquier herramienta de inteligencia de negocios actualmente disponible. Cuando surgen preguntas y problemas, el experimentado y experimentado personal [&hellip;]\" \/>\n<meta property=\"og:url\" content=\"https:\/\/www.dimins.com\/es\/soporte-dimensional-insight\/\" \/>\n<meta property=\"og:site_name\" content=\"Versi\u00f3n Espa\u00f1ola de DI\" \/>\n<meta name=\"twitter:card\" content=\"summary_large_image\" \/>\n<meta name=\"twitter:label1\" content=\"Est. reading time\" \/>\n\t<meta name=\"twitter:data1\" content=\"3 minutes\" \/>\n<script type=\"application\/ld+json\" class=\"yoast-schema-graph\">{\"@context\":\"https:\\\/\\\/schema.org\",\"@graph\":[{\"@type\":\"WebPage\",\"@id\":\"https:\\\/\\\/www.dimins.com\\\/es\\\/soporte-dimensional-insight\\\/\",\"url\":\"https:\\\/\\\/www.dimins.com\\\/es\\\/soporte-dimensional-insight\\\/\",\"name\":\"Soporte Dimensional Insight - Versi\u00f3n Espa\u00f1ola de DI\",\"isPartOf\":{\"@id\":\"https:\\\/\\\/www.dimins.com\\\/es\\\/#website\"},\"datePublished\":\"2018-07-24T18:48:32+00:00\",\"breadcrumb\":{\"@id\":\"https:\\\/\\\/www.dimins.com\\\/es\\\/soporte-dimensional-insight\\\/#breadcrumb\"},\"inLanguage\":\"en-US\",\"potentialAction\":[{\"@type\":\"ReadAction\",\"target\":[\"https:\\\/\\\/www.dimins.com\\\/es\\\/soporte-dimensional-insight\\\/\"]}]},{\"@type\":\"BreadcrumbList\",\"@id\":\"https:\\\/\\\/www.dimins.com\\\/es\\\/soporte-dimensional-insight\\\/#breadcrumb\",\"itemListElement\":[{\"@type\":\"ListItem\",\"position\":1,\"name\":\"Home\",\"item\":\"https:\\\/\\\/www.dimins.com\\\/es\\\/\"},{\"@type\":\"ListItem\",\"position\":2,\"name\":\"Soporte Dimensional Insight\"}]},{\"@type\":\"WebSite\",\"@id\":\"https:\\\/\\\/www.dimins.com\\\/es\\\/#website\",\"url\":\"https:\\\/\\\/www.dimins.com\\\/es\\\/\",\"name\":\"Versi\u00f3n Espa\u00f1ola de DI\",\"description\":\"Herramientas de gesti\u00f3n de datos, gobernanza y anal\u00edtica basadas en Diver Platform\",\"potentialAction\":[{\"@type\":\"SearchAction\",\"target\":{\"@type\":\"EntryPoint\",\"urlTemplate\":\"https:\\\/\\\/www.dimins.com\\\/es\\\/?s={search_term_string}\"},\"query-input\":{\"@type\":\"PropertyValueSpecification\",\"valueRequired\":true,\"valueName\":\"search_term_string\"}}],\"inLanguage\":\"en-US\"}]}<\/script>\n<!-- \/ Yoast SEO Premium plugin. -->","yoast_head_json":{"title":"Soporte Dimensional Insight - Versi\u00f3n Espa\u00f1ola de DI","robots":{"index":"index","follow":"follow","max-snippet":"max-snippet:-1","max-image-preview":"max-image-preview:large","max-video-preview":"max-video-preview:-1"},"canonical":"https:\/\/www.dimins.com\/es\/soporte-dimensional-insight\/","og_locale":"en_US","og_type":"article","og_title":"Soporte Dimensional Insight","og_description":"Soporte Dimensional Insight Horario: 7:00 a.m. a 5:00 p.m. CST | Tel: 920-436-8299 | Correo electr\u00f3nico: support@dimins.com El soporte de Dimensional Insight ofrece el m\u00e1s alto rendimiento y la configuraci\u00f3n y el mantenimiento m\u00e1s sencillos de cualquier herramienta de inteligencia de negocios actualmente disponible. Cuando surgen preguntas y problemas, el experimentado y experimentado personal [&hellip;]","og_url":"https:\/\/www.dimins.com\/es\/soporte-dimensional-insight\/","og_site_name":"Versi\u00f3n Espa\u00f1ola de DI","twitter_card":"summary_large_image","twitter_misc":{"Est. reading time":"3 minutes"},"schema":{"@context":"https:\/\/schema.org","@graph":[{"@type":"WebPage","@id":"https:\/\/www.dimins.com\/es\/soporte-dimensional-insight\/","url":"https:\/\/www.dimins.com\/es\/soporte-dimensional-insight\/","name":"Soporte Dimensional Insight - Versi\u00f3n Espa\u00f1ola de DI","isPartOf":{"@id":"https:\/\/www.dimins.com\/es\/#website"},"datePublished":"2018-07-24T18:48:32+00:00","breadcrumb":{"@id":"https:\/\/www.dimins.com\/es\/soporte-dimensional-insight\/#breadcrumb"},"inLanguage":"en-US","potentialAction":[{"@type":"ReadAction","target":["https:\/\/www.dimins.com\/es\/soporte-dimensional-insight\/"]}]},{"@type":"BreadcrumbList","@id":"https:\/\/www.dimins.com\/es\/soporte-dimensional-insight\/#breadcrumb","itemListElement":[{"@type":"ListItem","position":1,"name":"Home","item":"https:\/\/www.dimins.com\/es\/"},{"@type":"ListItem","position":2,"name":"Soporte Dimensional Insight"}]},{"@type":"WebSite","@id":"https:\/\/www.dimins.com\/es\/#website","url":"https:\/\/www.dimins.com\/es\/","name":"Versi\u00f3n Espa\u00f1ola de DI","description":"Herramientas de gesti\u00f3n de datos, gobernanza y anal\u00edtica basadas en Diver Platform","potentialAction":[{"@type":"SearchAction","target":{"@type":"EntryPoint","urlTemplate":"https:\/\/www.dimins.com\/es\/?s={search_term_string}"},"query-input":{"@type":"PropertyValueSpecification","valueRequired":true,"valueName":"search_term_string"}}],"inLanguage":"en-US"}]}},"_links":{"self":[{"href":"https:\/\/www.dimins.com\/es\/wp-json\/wp\/v2\/pages\/549","targetHints":{"allow":["GET"]}}],"collection":[{"href":"https:\/\/www.dimins.com\/es\/wp-json\/wp\/v2\/pages"}],"about":[{"href":"https:\/\/www.dimins.com\/es\/wp-json\/wp\/v2\/types\/page"}],"author":[{"embeddable":true,"href":"https:\/\/www.dimins.com\/es\/wp-json\/wp\/v2\/users\/2"}],"replies":[{"embeddable":true,"href":"https:\/\/www.dimins.com\/es\/wp-json\/wp\/v2\/comments?post=549"}],"version-history":[{"count":0,"href":"https:\/\/www.dimins.com\/es\/wp-json\/wp\/v2\/pages\/549\/revisions"}],"wp:attachment":[{"href":"https:\/\/www.dimins.com\/es\/wp-json\/wp\/v2\/media?parent=549"}],"curies":[{"name":"wp","href":"https:\/\/api.w.org\/{rel}","templated":true}]}}