{"id":2872,"date":"2024-07-26T15:55:39","date_gmt":"2024-07-26T20:55:39","guid":{"rendered":"https:\/\/www.dimins.com\/es\/?page_id=2872"},"modified":"2024-07-26T15:56:26","modified_gmt":"2024-07-26T20:56:26","slug":"survey-advisor","status":"publish","type":"page","link":"https:\/\/www.dimins.com\/es\/fabricacion\/survey-advisor\/","title":{"rendered":"Survey Advisor"},"content":{"rendered":"<p>[et_pb_section fb_built=&#8221;1&#8243; custom_padding_last_edited=&#8221;on|tablet&#8221; _builder_version=&#8221;4.16&#8243; background_color_gradient_direction=&#8221;90deg&#8221; background_image=&#8221;https:\/\/www.dimins.com\/es\/wp-content\/uploads\/sites\/34\/2024\/07\/survey-advisor-top.jpg&#8221; background_position=&#8221;top_center&#8221; custom_padding=&#8221;117px||69px||false|false&#8221; custom_padding_tablet=&#8221;&#8221; custom_padding_phone=&#8221;25px||25px|&#8221; z_index_tablet=&#8221;500&#8243; box_shadow_horizontal_tablet=&#8221;0px&#8221; box_shadow_vertical_tablet=&#8221;0px&#8221; box_shadow_blur_tablet=&#8221;40px&#8221; box_shadow_spread_tablet=&#8221;0px&#8221; global_colors_info=&#8221;{}&#8221; theme_builder_area=&#8221;post_content&#8221;][et_pb_row column_structure=&#8221;1_2,1_2&#8243; use_custom_gutter=&#8221;on&#8221; gutter_width=&#8221;1&#8243; make_equal=&#8221;on&#8221; _builder_version=&#8221;4.16&#8243; module_alignment=&#8221;center&#8221; global_colors_info=&#8221;{}&#8221; theme_builder_area=&#8221;post_content&#8221;][et_pb_column type=&#8221;1_2&#8243; _builder_version=&#8221;4.16&#8243; background_size=&#8221;contain&#8221; custom_padding=&#8221;|||&#8221; global_colors_info=&#8221;{}&#8221; custom_padding__hover=&#8221;|||&#8221; theme_builder_area=&#8221;post_content&#8221;][et_pb_text admin_label=&#8221;Inventory Advisor&#8221; _builder_version=&#8221;4.16&#8243; text_font_size=&#8221;16px&#8221; header_font_size=&#8221;40px&#8221; header_2_font=&#8221;||||||||&#8221; background_size=&#8221;initial&#8221; background_position=&#8221;top_left&#8221; background_repeat=&#8221;repeat&#8221; background_layout=&#8221;dark&#8221; module_alignment=&#8221;center&#8221; custom_padding=&#8221;||20px|&#8221; header_font_size_tablet=&#8221;&#8221; header_font_size_phone=&#8221;24px&#8221; header_font_size_last_edited=&#8221;on|phone&#8221; text_text_shadow_style=&#8221;preset2&#8243; text_text_shadow_color=&#8221;rgba(0,0,0,0.5)&#8221; header_text_shadow_style=&#8221;preset1&#8243; header_text_shadow_color=&#8221;rgba(0,0,0,0.5)&#8221; global_colors_info=&#8221;{}&#8221; theme_builder_area=&#8221;post_content&#8221;]<\/p>\n<h1 style=\"padding-bottom: 20px;text-align: left\">Survey Advisor\u2122<\/h1>\n<p>A must-have mobile application to increase productivity and success.<\/p>\n<p>[\/et_pb_text][et_pb_button button_url=&#8221;https:\/\/www.dimins.com\/es\/wp-content\/uploads\/sites\/34\/2024\/07\/manufacturing-ds-survey-advisor-072624.pdf&#8221; url_new_window=&#8221;on&#8221; button_text=&#8221;Survey Advisor pdf&#8221; _builder_version=&#8221;4.26.1&#8243; _module_preset=&#8221;default&#8221; custom_button=&#8221;on&#8221; button_text_color=&#8221;#FFFFFF&#8221; button_bg_color=&#8221;#E02B20&#8243; button_border_color=&#8221;#FFFFFF&#8221; button_icon=&#8221;&#xf1c1;||fa||900&#8243; button_icon_placement=&#8221;left&#8221; button_on_hover=&#8221;off&#8221; hover_enabled=&#8221;0&#8243; locked=&#8221;off&#8221; global_colors_info=&#8221;{}&#8221; theme_builder_area=&#8221;post_content&#8221; sticky_enabled=&#8221;0&#8243;][\/et_pb_button][\/et_pb_column][et_pb_column type=&#8221;1_2&#8243; _builder_version=&#8221;4.16&#8243; custom_padding=&#8221;|||&#8221; global_colors_info=&#8221;{}&#8221; custom_padding__hover=&#8221;|||&#8221; theme_builder_area=&#8221;post_content&#8221;][\/et_pb_column][\/et_pb_row][\/et_pb_section][et_pb_section fb_built=&#8221;1&#8243; _builder_version=&#8221;4.26.1&#8243; hover_enabled=&#8221;0&#8243; global_colors_info=&#8221;{}&#8221; theme_builder_area=&#8221;post_content&#8221; custom_padding=&#8221;50px||||false|false&#8221; sticky_enabled=&#8221;0&#8243;][et_pb_row _builder_version=&#8221;4.16&#8243; custom_padding=&#8221;0px||0px||true|false&#8221; global_colors_info=&#8221;{}&#8221; theme_builder_area=&#8221;post_content&#8221;][et_pb_column type=&#8221;4_4&#8243; _builder_version=&#8221;4.16&#8243; custom_padding=&#8221;0px||0px||true|false&#8221; global_colors_info=&#8221;{}&#8221; theme_builder_area=&#8221;post_content&#8221;][et_pb_text _builder_version=&#8221;4.26.1&#8243; header_2_text_align=&#8221;center&#8221; header_2_text_color=&#8221;#000000&#8243; custom_padding=&#8221;0px||0px||true|false&#8221; hover_enabled=&#8221;0&#8243; global_colors_info=&#8221;{}&#8221; theme_builder_area=&#8221;post_content&#8221; header_2_font=&#8221;|600|||||||&#8221; sticky_enabled=&#8221;0&#8243; header_2_line_height=&#8221;1.2em&#8221;]<\/p>\n<h2>Mobile survey application with embedded analytics and reporting capabilities perfect for internal and external surveys.<\/h2>\n<p>[\/et_pb_text][\/et_pb_column][\/et_pb_row][\/et_pb_section][et_pb_section fb_built=&#8221;1&#8243; _builder_version=&#8221;4.26.1&#8243; hover_enabled=&#8221;0&#8243; global_colors_info=&#8221;{}&#8221; theme_builder_area=&#8221;post_content&#8221; sticky_enabled=&#8221;0&#8243;][et_pb_row _builder_version=&#8221;4.16&#8243; global_colors_info=&#8221;{}&#8221; theme_builder_area=&#8221;post_content&#8221;][et_pb_column type=&#8221;4_4&#8243; _builder_version=&#8221;4.16&#8243; custom_padding=&#8221;0px||0px||true|false&#8221; global_colors_info=&#8221;{}&#8221; theme_builder_area=&#8221;post_content&#8221;][et_pb_gallery gallery_ids=&#8221;2877,2878&#8243; fullwidth=&#8221;on&#8221; _builder_version=&#8221;4.16&#8243; max_width=&#8221;65%&#8221; module_alignment=&#8221;center&#8221; z_index_tablet=&#8221;500&#8243; title_text_shadow_horizontal_length_tablet=&#8221;0px&#8221; title_text_shadow_vertical_length_tablet=&#8221;0px&#8221; title_text_shadow_blur_strength_tablet=&#8221;1px&#8221; caption_text_shadow_horizontal_length_tablet=&#8221;0px&#8221; caption_text_shadow_vertical_length_tablet=&#8221;0px&#8221; caption_text_shadow_blur_strength_tablet=&#8221;1px&#8221; pagination_text_shadow_horizontal_length_tablet=&#8221;0px&#8221; pagination_text_shadow_vertical_length_tablet=&#8221;0px&#8221; pagination_text_shadow_blur_strength_tablet=&#8221;1px&#8221; box_shadow_horizontal_tablet=&#8221;0px&#8221; box_shadow_vertical_tablet=&#8221;0px&#8221; box_shadow_blur_tablet=&#8221;40px&#8221; box_shadow_spread_tablet=&#8221;0px&#8221; box_shadow_horizontal_image_tablet=&#8221;0px&#8221; box_shadow_vertical_image_tablet=&#8221;0px&#8221; box_shadow_blur_image_tablet=&#8221;40px&#8221; box_shadow_spread_image_tablet=&#8221;0px&#8221; text_shadow_horizontal_length_tablet=&#8221;0px&#8221; text_shadow_vertical_length_tablet=&#8221;0px&#8221; text_shadow_blur_strength_tablet=&#8221;1px&#8221; global_colors_info=&#8221;{}&#8221; theme_builder_area=&#8221;post_content&#8221;][\/et_pb_gallery][\/et_pb_column][\/et_pb_row][\/et_pb_section][et_pb_section fb_built=&#8221;1&#8243; _builder_version=&#8221;4.26.1&#8243; custom_padding=&#8221;50px||||false|false&#8221; global_colors_info=&#8221;{%22gcid-09d27053-62cf-4fa5-ab09-4884c87f2c98%22:%91%22background_color%22%93}&#8221; theme_builder_area=&#8221;post_content&#8221; sticky_enabled=&#8221;0&#8243; background_color=&#8221;gcid-09d27053-62cf-4fa5-ab09-4884c87f2c98&#8243; hover_enabled=&#8221;0&#8243;][et_pb_row _builder_version=&#8221;4.16&#8243; custom_padding=&#8221;0px||0px||true|false&#8221; global_colors_info=&#8221;{}&#8221; theme_builder_area=&#8221;post_content&#8221;][et_pb_column type=&#8221;4_4&#8243; _builder_version=&#8221;4.16&#8243; custom_padding=&#8221;0px||0px||true|false&#8221; global_colors_info=&#8221;{}&#8221; theme_builder_area=&#8221;post_content&#8221;][et_pb_text _builder_version=&#8221;4.16&#8243; header_2_text_align=&#8221;center&#8221; header_2_text_color=&#8221;#000000&#8243; global_colors_info=&#8221;{}&#8221; theme_builder_area=&#8221;post_content&#8221; custom_padding=&#8221;0px||0px||true|false&#8221; header_2_font=&#8221;|600|||||||&#8221; header_2_line_height=&#8221;1.2em&#8221;]<\/p>\n<h2>Survey Advisor Features:<\/h2>\n<p>[\/et_pb_text][\/et_pb_column][\/et_pb_row][\/et_pb_section][et_pb_section fb_built=&#8221;1&#8243; _builder_version=&#8221;4.26.1&#8243; custom_padding=&#8221;31px|||||&#8221; hover_enabled=&#8221;0&#8243; global_colors_info=&#8221;{%22gcid-09d27053-62cf-4fa5-ab09-4884c87f2c98%22:%91%22background_color%22%93}&#8221; theme_builder_area=&#8221;post_content&#8221; background_color=&#8221;gcid-09d27053-62cf-4fa5-ab09-4884c87f2c98&#8243; sticky_enabled=&#8221;0&#8243;][et_pb_row column_structure=&#8221;1_2,1_2&#8243; _builder_version=&#8221;4.16&#8243; global_colors_info=&#8221;{}&#8221; theme_builder_area=&#8221;post_content&#8221;][et_pb_column type=&#8221;1_2&#8243; _builder_version=&#8221;4.16&#8243; global_colors_info=&#8221;{}&#8221; theme_builder_area=&#8221;post_content&#8221;][et_pb_text _builder_version=&#8221;4.16&#8243; custom_margin=&#8221;||-8px|||&#8221; custom_padding=&#8221;1em|1em|1em|1em|true|true&#8221; hover_enabled=&#8221;0&#8243; global_colors_info=&#8221;{}&#8221; theme_builder_area=&#8221;post_content&#8221; sticky_enabled=&#8221;0&#8243;]<\/p>\n<ul>\n<li>Create a variation of survey types<\/li>\n<li>Assign surveys to employees, reps, and customers<\/li>\n<li>Automatically broadcast surveys out to your employees,<\/li>\n<li>reps and customers<\/li>\n<li>Reps or field staff can use an iPad or iPhone<\/li>\n<li>Centralized management of surveys<\/li>\n<li>Pictures can be taken on location, geotagged, date and<\/li>\n<li>time-stamped<\/li>\n<li>Pictures can be accessed and downloaded and reported<\/li>\n<li>to business partners.<\/li>\n<li>Surveys can be standard or recurring<\/li>\n<p>[\/et_pb_text][\/et_pb_column][et_pb_column type=&#8221;1_2&#8243; _builder_version=&#8221;4.16&#8243; global_colors_info=&#8221;{}&#8221; theme_builder_area=&#8221;post_content&#8221;][et_pb_text _builder_version=&#8221;4.16&#8243; custom_padding=&#8221;1em|1em|1em|1em|true|true&#8221; global_colors_info=&#8221;{}&#8221; theme_builder_area=&#8221;post_content&#8221;]<\/p>\n<p><u>Question types:<\/u><\/p>\n<ul>\n<li>Multiple Choice<\/li>\n<li>Date<\/li>\n<li>True\/False, Yes\/No<\/li>\n<li>Numeric (Decimal or Integer)<\/li>\n<li>Free Format Text<\/li>\n<li>Geocode<\/li>\n<li>Multiple Responses<\/li>\n<li>Picture<\/li>\n<\/ul>\n<ul>\n<li>Questions can be populated based on respondents<br \/>answers<\/li>\n<li>Workflows can be created based on the response<\/li>\n<li>Produce survey analytics and recap reports with\n<p> actionable tasks<\/li>\n<\/ul>\n<p>[\/et_pb_text][\/et_pb_column][\/et_pb_row][\/et_pb_section][et_pb_section fb_built=&#8221;1&#8243; _builder_version=&#8221;4.26.1&#8243; hover_enabled=&#8221;0&#8243; global_colors_info=&#8221;{}&#8221; theme_builder_area=&#8221;post_content&#8221; custom_padding=&#8221;50px||||false|false&#8221; sticky_enabled=&#8221;0&#8243;][et_pb_row column_structure=&#8221;1_2,1_2&#8243; use_custom_gutter=&#8221;on&#8221; gutter_width=&#8221;2&#8243; module_class=&#8221;reverse-columns-mobile&#8221; _builder_version=&#8221;4.16&#8243; custom_css_main_element=&#8221;display: flex;||flex-wrap: wrap;||align-items: center;||justify-content: center;||&#8221; global_colors_info=&#8221;{}&#8221; theme_builder_area=&#8221;post_content&#8221;][et_pb_column type=&#8221;1_2&#8243; _builder_version=&#8221;4.16&#8243; global_colors_info=&#8221;{}&#8221; theme_builder_area=&#8221;post_content&#8221;][et_pb_text _builder_version=&#8221;4.26.1&#8243; header_2_text_align=&#8221;left&#8221; header_2_text_color=&#8221;#000000&#8243; global_colors_info=&#8221;{}&#8221; theme_builder_area=&#8221;post_content&#8221; custom_padding=&#8221;0px||0px||true|false&#8221; header_2_font=&#8221;|600|||||||&#8221; header_2_line_height=&#8221;1.2em&#8221; hover_enabled=&#8221;0&#8243; sticky_enabled=&#8221;0&#8243;]<\/p>\n<h2>Survey Advisor Benefits:<\/h2>\n<p>[\/et_pb_text][et_pb_text _builder_version=&#8221;4.16&#8243; header_2_font=&#8221;|600|||||||&#8221; global_colors_info=&#8221;{}&#8221; theme_builder_area=&#8221;post_content&#8221;]<\/p>\n<ul>\n<li>Easy to create, edit and deploy<\/li>\n<li>Gain immediate responses<\/li>\n<li>Perform detailed analysis and reporting from<\/li>\n<li>Survey Advisor<\/li>\n<li>Low learning curve for creators and users<\/li>\n<li>Off-line and on-line access<\/li>\n<li>On-the-fly updates with syncing<\/li>\n<li>Mobile app to collect the data<\/li>\n<li>Centralized management of surveys<\/li>\n<li>Real-time results<\/li>\n<li>Works with other Dimensional apps like Distributor<\/li>\n<li>Advisor and Supplier Advisor<\/li>\n<\/ul>\n<p>[\/et_pb_text][\/et_pb_column][et_pb_column type=&#8221;1_2&#8243; _builder_version=&#8221;4.16&#8243; global_colors_info=&#8221;{}&#8221; theme_builder_area=&#8221;post_content&#8221;][et_pb_image src=&#8221;https:\/\/www.dimins.com\/es\/wp-content\/uploads\/sites\/34\/2024\/07\/phone-survey-display-2-1.png&#8221; show_in_lightbox=&#8221;on&#8221; align=&#8221;center&#8221; _builder_version=&#8221;4.16&#8243; max_width=&#8221;57%&#8221; z_index_tablet=&#8221;500&#8243; box_shadow_horizontal_tablet=&#8221;0px&#8221; box_shadow_vertical_tablet=&#8221;0px&#8221; box_shadow_blur_tablet=&#8221;40px&#8221; box_shadow_spread_tablet=&#8221;0px&#8221; global_colors_info=&#8221;{}&#8221; theme_builder_area=&#8221;post_content&#8221;][\/et_pb_image][et_pb_text _builder_version=&#8221;4.16&#8243; text_font=&#8221;||on||||||&#8221; text_orientation=&#8221;center&#8221; text_text_align=&#8221;center&#8221; global_colors_info=&#8221;{}&#8221; theme_builder_area=&#8221;post_content&#8221;]<\/p>\n<p>Survey Advisor iPhone display<\/p>\n<p>[\/et_pb_text][\/et_pb_column][\/et_pb_row][\/et_pb_section]<\/p>\n","protected":false},"excerpt":{"rendered":"<p>Survey Advisor\u2122 A must-have mobile application to increase productivity and success. Mobile survey application with embedded analytics and reporting capabilities perfect for internal and external surveys.Survey Advisor Features: Create a variation of survey types Assign surveys to employees, reps, and customers Automatically broadcast surveys out to your employees, reps and customers Reps or field staff [&hellip;]<\/p>\n","protected":false},"author":65,"featured_media":0,"parent":71,"menu_order":0,"comment_status":"closed","ping_status":"closed","template":"","meta":{"_et_pb_use_builder":"on","_et_pb_old_content":"","_et_gb_content_width":"","footnotes":""},"class_list":["post-2872","page","type-page","status-publish","hentry"],"yoast_head":"<!-- This site is optimized with the Yoast SEO Premium plugin v27.0 (Yoast SEO v27.2) - https:\/\/yoast.com\/product\/yoast-seo-premium-wordpress\/ -->\n<title>Survey Advisor - Versi\u00f3n Espa\u00f1ola de DI<\/title>\n<meta name=\"robots\" content=\"index, follow, max-snippet:-1, max-image-preview:large, max-video-preview:-1\" \/>\n<link rel=\"canonical\" href=\"https:\/\/www.dimins.com\/es\/fabricacion\/survey-advisor\/\" \/>\n<meta property=\"og:locale\" content=\"en_US\" \/>\n<meta property=\"og:type\" content=\"article\" \/>\n<meta property=\"og:title\" content=\"Survey Advisor\" \/>\n<meta property=\"og:description\" content=\"Survey Advisor\u2122 A must-have mobile application to increase productivity and success. Mobile survey application with embedded analytics and reporting capabilities perfect for internal and external surveys.Survey Advisor Features: Create a variation of survey types Assign surveys to employees, reps, and customers Automatically broadcast surveys out to your employees, reps and customers Reps or field staff [&hellip;]\" \/>\n<meta property=\"og:url\" content=\"https:\/\/www.dimins.com\/es\/fabricacion\/survey-advisor\/\" \/>\n<meta property=\"og:site_name\" content=\"Versi\u00f3n Espa\u00f1ola de DI\" \/>\n<meta property=\"article:modified_time\" content=\"2024-07-26T20:56:26+00:00\" \/>\n<meta name=\"twitter:card\" content=\"summary_large_image\" \/>\n<script type=\"application\/ld+json\" class=\"yoast-schema-graph\">{\"@context\":\"https:\/\/schema.org\",\"@graph\":[{\"@type\":\"WebPage\",\"@id\":\"https:\/\/www.dimins.com\/es\/fabricacion\/survey-advisor\/\",\"url\":\"https:\/\/www.dimins.com\/es\/fabricacion\/survey-advisor\/\",\"name\":\"Survey Advisor - Versi\u00f3n Espa\u00f1ola de DI\",\"isPartOf\":{\"@id\":\"https:\/\/www.dimins.com\/es\/#website\"},\"datePublished\":\"2024-07-26T20:55:39+00:00\",\"dateModified\":\"2024-07-26T20:56:26+00:00\",\"breadcrumb\":{\"@id\":\"https:\/\/www.dimins.com\/es\/fabricacion\/survey-advisor\/#breadcrumb\"},\"inLanguage\":\"en-US\",\"potentialAction\":[{\"@type\":\"ReadAction\",\"target\":[\"https:\/\/www.dimins.com\/es\/fabricacion\/survey-advisor\/\"]}]},{\"@type\":\"BreadcrumbList\",\"@id\":\"https:\/\/www.dimins.com\/es\/fabricacion\/survey-advisor\/#breadcrumb\",\"itemListElement\":[{\"@type\":\"ListItem\",\"position\":1,\"name\":\"Home\",\"item\":\"https:\/\/www.dimins.com\/es\/\"},{\"@type\":\"ListItem\",\"position\":2,\"name\":\"Fabricaci\u00f3n\",\"item\":\"https:\/\/www.dimins.com\/es\/fabricacion\/\"},{\"@type\":\"ListItem\",\"position\":3,\"name\":\"Survey Advisor\"}]},{\"@type\":\"WebSite\",\"@id\":\"https:\/\/www.dimins.com\/es\/#website\",\"url\":\"https:\/\/www.dimins.com\/es\/\",\"name\":\"Versi\u00f3n Espa\u00f1ola de DI\",\"description\":\"Herramientas de gesti\u00f3n de datos, gobernanza y anal\u00edtica basadas en Diver Platform\",\"potentialAction\":[{\"@type\":\"SearchAction\",\"target\":{\"@type\":\"EntryPoint\",\"urlTemplate\":\"https:\/\/www.dimins.com\/es\/?s={search_term_string}\"},\"query-input\":{\"@type\":\"PropertyValueSpecification\",\"valueRequired\":true,\"valueName\":\"search_term_string\"}}],\"inLanguage\":\"en-US\"}]}<\/script>\n<!-- \/ Yoast SEO Premium plugin. -->","yoast_head_json":{"title":"Survey Advisor - Versi\u00f3n Espa\u00f1ola de DI","robots":{"index":"index","follow":"follow","max-snippet":"max-snippet:-1","max-image-preview":"max-image-preview:large","max-video-preview":"max-video-preview:-1"},"canonical":"https:\/\/www.dimins.com\/es\/fabricacion\/survey-advisor\/","og_locale":"en_US","og_type":"article","og_title":"Survey Advisor","og_description":"Survey Advisor\u2122 A must-have mobile application to increase productivity and success. Mobile survey application with embedded analytics and reporting capabilities perfect for internal and external surveys.Survey Advisor Features: Create a variation of survey types Assign surveys to employees, reps, and customers Automatically broadcast surveys out to your employees, reps and customers Reps or field staff [&hellip;]","og_url":"https:\/\/www.dimins.com\/es\/fabricacion\/survey-advisor\/","og_site_name":"Versi\u00f3n Espa\u00f1ola de DI","article_modified_time":"2024-07-26T20:56:26+00:00","twitter_card":"summary_large_image","schema":{"@context":"https:\/\/schema.org","@graph":[{"@type":"WebPage","@id":"https:\/\/www.dimins.com\/es\/fabricacion\/survey-advisor\/","url":"https:\/\/www.dimins.com\/es\/fabricacion\/survey-advisor\/","name":"Survey Advisor - Versi\u00f3n Espa\u00f1ola de DI","isPartOf":{"@id":"https:\/\/www.dimins.com\/es\/#website"},"datePublished":"2024-07-26T20:55:39+00:00","dateModified":"2024-07-26T20:56:26+00:00","breadcrumb":{"@id":"https:\/\/www.dimins.com\/es\/fabricacion\/survey-advisor\/#breadcrumb"},"inLanguage":"en-US","potentialAction":[{"@type":"ReadAction","target":["https:\/\/www.dimins.com\/es\/fabricacion\/survey-advisor\/"]}]},{"@type":"BreadcrumbList","@id":"https:\/\/www.dimins.com\/es\/fabricacion\/survey-advisor\/#breadcrumb","itemListElement":[{"@type":"ListItem","position":1,"name":"Home","item":"https:\/\/www.dimins.com\/es\/"},{"@type":"ListItem","position":2,"name":"Fabricaci\u00f3n","item":"https:\/\/www.dimins.com\/es\/fabricacion\/"},{"@type":"ListItem","position":3,"name":"Survey Advisor"}]},{"@type":"WebSite","@id":"https:\/\/www.dimins.com\/es\/#website","url":"https:\/\/www.dimins.com\/es\/","name":"Versi\u00f3n Espa\u00f1ola de DI","description":"Herramientas de gesti\u00f3n de datos, gobernanza y anal\u00edtica basadas en Diver Platform","potentialAction":[{"@type":"SearchAction","target":{"@type":"EntryPoint","urlTemplate":"https:\/\/www.dimins.com\/es\/?s={search_term_string}"},"query-input":{"@type":"PropertyValueSpecification","valueRequired":true,"valueName":"search_term_string"}}],"inLanguage":"en-US"}]}},"_links":{"self":[{"href":"https:\/\/www.dimins.com\/es\/wp-json\/wp\/v2\/pages\/2872","targetHints":{"allow":["GET"]}}],"collection":[{"href":"https:\/\/www.dimins.com\/es\/wp-json\/wp\/v2\/pages"}],"about":[{"href":"https:\/\/www.dimins.com\/es\/wp-json\/wp\/v2\/types\/page"}],"author":[{"embeddable":true,"href":"https:\/\/www.dimins.com\/es\/wp-json\/wp\/v2\/users\/65"}],"replies":[{"embeddable":true,"href":"https:\/\/www.dimins.com\/es\/wp-json\/wp\/v2\/comments?post=2872"}],"version-history":[{"count":0,"href":"https:\/\/www.dimins.com\/es\/wp-json\/wp\/v2\/pages\/2872\/revisions"}],"up":[{"embeddable":true,"href":"https:\/\/www.dimins.com\/es\/wp-json\/wp\/v2\/pages\/71"}],"wp:attachment":[{"href":"https:\/\/www.dimins.com\/es\/wp-json\/wp\/v2\/media?parent=2872"}],"curies":[{"name":"wp","href":"https:\/\/api.w.org\/{rel}","templated":true}]}}