{"id":2812,"date":"2024-07-26T14:00:09","date_gmt":"2024-07-26T19:00:09","guid":{"rendered":"https:\/\/www.dimins.com\/es\/?page_id=2812"},"modified":"2024-07-26T14:18:16","modified_gmt":"2024-07-26T19:18:16","slug":"inventory-advisor","status":"publish","type":"page","link":"https:\/\/www.dimins.com\/es\/fabricacion\/inventory-advisor\/","title":{"rendered":"Inventory Advisor"},"content":{"rendered":"<p>[et_pb_section fb_built=&#8221;1&#8243; custom_padding_last_edited=&#8221;off|desktop&#8221; _builder_version=&#8221;4.26.1&#8243; background_color_gradient_direction=&#8221;90deg&#8221; background_image=&#8221;https:\/\/www.dimins.com\/es\/wp-content\/uploads\/sites\/34\/2024\/07\/inventory-advisor-1-1.jpg&#8221; background_position=&#8221;top_center&#8221; custom_padding=&#8221;4vw||4vw||true|false&#8221; custom_padding_phone=&#8221;25px||25px|&#8221; z_index_tablet=&#8221;500&#8243; box_shadow_horizontal_tablet=&#8221;0px&#8221; box_shadow_vertical_tablet=&#8221;0px&#8221; box_shadow_blur_tablet=&#8221;40px&#8221; box_shadow_spread_tablet=&#8221;0px&#8221; global_colors_info=&#8221;{}&#8221;][et_pb_row column_structure=&#8221;1_2,1_2&#8243; use_custom_gutter=&#8221;on&#8221; gutter_width=&#8221;1&#8243; make_equal=&#8221;on&#8221; _builder_version=&#8221;4.16&#8243; module_alignment=&#8221;center&#8221; global_colors_info=&#8221;{}&#8221;][et_pb_column type=&#8221;1_2&#8243; _builder_version=&#8221;4.16&#8243; background_size=&#8221;contain&#8221; custom_padding=&#8221;|||&#8221; global_colors_info=&#8221;{}&#8221; custom_padding__hover=&#8221;|||&#8221;][et_pb_text admin_label=&#8221;Inventory Advisor&#8221; _builder_version=&#8221;4.16&#8243; text_font_size=&#8221;16px&#8221; header_font_size=&#8221;40px&#8221; header_2_font=&#8221;||||||||&#8221; background_size=&#8221;initial&#8221; background_position=&#8221;top_left&#8221; background_repeat=&#8221;repeat&#8221; background_layout=&#8221;dark&#8221; module_alignment=&#8221;center&#8221; custom_padding=&#8221;||20px|&#8221; header_font_size_tablet=&#8221;&#8221; header_font_size_phone=&#8221;24px&#8221; header_font_size_last_edited=&#8221;on|phone&#8221; text_text_shadow_style=&#8221;preset2&#8243; text_text_shadow_color=&#8221;rgba(0,0,0,0.5)&#8221; header_text_shadow_style=&#8221;preset1&#8243; header_text_shadow_color=&#8221;rgba(0,0,0,0.5)&#8221; global_colors_info=&#8221;{}&#8221;]<\/p>\n<h1 style=\"padding-bottom: 20px;text-align: left\">Inventory Advisor\u2122<\/h1>\n<p>As one of the primary ingredients to any distribution company, inventory is important to understand, track, and manage. Without an accurate grasp of what inventory is costing the company and returning in revenue, the company is at risk of failing. To overcome this challenge, Dimensional Insight has created Inventory Advisor.<\/p>\n<p>[\/et_pb_text][et_pb_button button_url=&#8221;https:\/\/www.dimins.com\/es\/wp-content\/uploads\/sites\/34\/2024\/07\/manufacturing-ds-inventory-advisor-072624.pdf&#8221; url_new_window=&#8221;on&#8221; button_text=&#8221;Inventory Advisor pdf&#8221; _builder_version=&#8221;4.26.1&#8243; _module_preset=&#8221;default&#8221; custom_button=&#8221;on&#8221; button_text_color=&#8221;#FFFFFF&#8221; button_bg_color=&#8221;#E02B20&#8243; button_border_color=&#8221;#FFFFFF&#8221; button_icon=&#8221;&#xf1c1;||fa||900&#8243; button_icon_placement=&#8221;left&#8221; button_on_hover=&#8221;off&#8221; hover_enabled=&#8221;0&#8243; global_colors_info=&#8221;{}&#8221; sticky_enabled=&#8221;0&#8243;][\/et_pb_button][et_pb_button button_url=&#8221;https:\/\/www.dimins.com\/blog\/2018\/11\/20\/inventory-key-sales-related-metrics\/&#8221; url_new_window=&#8221;on&#8221; button_text=&#8221;Read blog post &#8221; _builder_version=&#8221;4.26.1&#8243; _module_preset=&#8221;default&#8221; custom_button=&#8221;on&#8221; button_text_color=&#8221;#FFFFFF&#8221; button_bg_color=&#8221;rgba(255,255,255,0.16)&#8221; button_border_color=&#8221;#FFFFFF&#8221; button_icon=&#8221;&#xf56b;||fa||900&#8243; button_icon_placement=&#8221;left&#8221; button_on_hover=&#8221;off&#8221; custom_margin=&#8221;1em||||false|false&#8221; custom_padding=&#8221;|2.85em||2.85em|false|true&#8221; global_colors_info=&#8221;{}&#8221;][\/et_pb_button][\/et_pb_column][et_pb_column type=&#8221;1_2&#8243; _builder_version=&#8221;4.16&#8243; custom_padding=&#8221;|||&#8221; global_colors_info=&#8221;{}&#8221; custom_padding__hover=&#8221;|||&#8221;][\/et_pb_column][\/et_pb_row][\/et_pb_section][et_pb_section fb_built=&#8221;1&#8243; specialty=&#8221;on&#8221; custom_padding_last_edited=&#8221;on|phone&#8221; _builder_version=&#8221;4.16&#8243; custom_padding_tablet=&#8221;||0px|&#8221; custom_padding_phone=&#8221;&#8221; custom_css_main_element=&#8221;display: flex;||flex-wrap: wrap;||align-items: center;&#8221; global_colors_info=&#8221;{}&#8221;][et_pb_column type=&#8221;1_2&#8243; _builder_version=&#8221;4.16&#8243; custom_padding=&#8221;|||&#8221; global_colors_info=&#8221;{}&#8221; custom_padding__hover=&#8221;|||&#8221;][et_pb_image src=&#8221;https:\/\/www.dimins.com\/es\/wp-content\/uploads\/sites\/34\/2024\/07\/1-inventory-advisor-screen-shot-1.png&#8221; show_in_lightbox=&#8221;on&#8221; align_tablet=&#8221;center&#8221; align_phone=&#8221;&#8221; align_last_edited=&#8221;on|desktop&#8221; _builder_version=&#8221;4.16&#8243; z_index_tablet=&#8221;500&#8243; box_shadow_horizontal_tablet=&#8221;0px&#8221; box_shadow_vertical_tablet=&#8221;0px&#8221; box_shadow_blur_tablet=&#8221;40px&#8221; box_shadow_spread_tablet=&#8221;0px&#8221; global_colors_info=&#8221;{}&#8221;][\/et_pb_image][\/et_pb_column][et_pb_column type=&#8221;1_2&#8243; specialty_columns=&#8221;2&#8243; _builder_version=&#8221;4.16&#8243; custom_padding=&#8221;|||&#8221; global_colors_info=&#8221;{}&#8221; custom_padding__hover=&#8221;|||&#8221;][et_pb_row_inner column_structure=&#8221;undefined&#8221; admin_label=&#8221;Row&#8221; _builder_version=&#8221;4.16&#8243; global_colors_info=&#8221;{}&#8221;][et_pb_column_inner type=&#8221;undefined&#8221; saved_specialty_column_type=&#8221;1_2&#8243; _builder_version=&#8221;4.16&#8243; custom_padding=&#8221;|||&#8221; global_colors_info=&#8221;{}&#8221; custom_padding__hover=&#8221;|||&#8221;][et_pb_text admin_label=&#8221;Inventory Dashboard&#8221; _builder_version=&#8221;4.26.1&#8243; text_font=&#8221;||||||||&#8221; header_font=&#8221;||||||||&#8221; header_2_font=&#8221;|600|||||||&#8221; text_font_size_tablet=&#8221;&#8221; text_font_size_phone=&#8221;&#8221; text_font_size_last_edited=&#8221;on|tablet&#8221; global_colors_info=&#8221;{}&#8221;]<\/p>\n<h2>Inventory Dashboard<\/h2>\n<p><strong>Inventory Carrying Costs<\/strong> are displayed as a percentage along with <strong>Current Inventory<\/strong> and include the detailed make-up of the carrying cost: lost opportunity, facility storage, service, and risk costs like shrinkage, spoilage, etc.<\/p>\n<p><strong>Shrinkage<\/strong> and <strong>Shrinkage Percentages<\/strong> are displayed as a straight number and percentage, with a graph showing value over time.<\/p>\n<p><strong>Average Cost Per Unit<\/strong> is displayed as a straight number with a graph showing value over time.<\/p>\n<p>[\/et_pb_text][\/et_pb_column_inner][\/et_pb_row_inner][\/et_pb_column][\/et_pb_section][et_pb_section fb_built=&#8221;1&#8243; specialty=&#8221;on&#8221; custom_padding_last_edited=&#8221;on|phone&#8221; _builder_version=&#8221;4.16&#8243; custom_padding_tablet=&#8221;||0px|&#8221; custom_padding_phone=&#8221;&#8221; custom_css_main_element=&#8221;display: flex;||flex-wrap: wrap;||align-items: center;&#8221; global_colors_info=&#8221;{}&#8221;][et_pb_column type=&#8221;1_2&#8243; _builder_version=&#8221;4.16&#8243; custom_padding=&#8221;|||&#8221; global_colors_info=&#8221;{}&#8221; custom_padding__hover=&#8221;|||&#8221;][et_pb_text admin_label=&#8221;Inventory &#038; Sales Dashboard&#8221; _builder_version=&#8221;4.16&#8243; text_font=&#8221;||||||||&#8221; header_font=&#8221;|600|||||||&#8221; header_2_font=&#8221;|600|||||||&#8221; text_font_size_tablet=&#8221;&#8221; text_font_size_phone=&#8221;&#8221; text_font_size_last_edited=&#8221;on|tablet&#8221; global_colors_info=&#8221;{}&#8221;]<\/p>\n<h2>Inventory &amp; Sales Dashboard<\/h2>\n<p><strong>Gross Margin Return on Investment<\/strong> is an inventory profitability evaluation ratio that anlyzes the company\u2019s ability to turn inventory into cash above the cost of the inventory.<\/p>\n<p><strong>Rate of Return<\/strong> shows the percentage of orders that are returned and need to be restocked. This can be configured to track why the orders were returned if the customer tracks the reasons.<\/p>\n<p><strong>Sell Through Rate<\/strong> is a comparison of the amount of inventory against what is actually sold.<\/p>\n<p><strong>Lost Sales<\/strong> shows how much money the company is losing when a product is out-of-stock.<\/p>\n<p>[\/et_pb_text][\/et_pb_column][et_pb_column type=&#8221;1_2&#8243; specialty_columns=&#8221;2&#8243; _builder_version=&#8221;4.16&#8243; custom_padding=&#8221;|||&#8221; global_colors_info=&#8221;{}&#8221; custom_padding__hover=&#8221;|||&#8221;][et_pb_row_inner column_structure=&#8221;undefined&#8221; admin_label=&#8221;Row&#8221; _builder_version=&#8221;4.16&#8243; global_colors_info=&#8221;{}&#8221;][et_pb_column_inner type=&#8221;undefined&#8221; saved_specialty_column_type=&#8221;1_2&#8243; _builder_version=&#8221;4.16&#8243; custom_padding=&#8221;|||&#8221; global_colors_info=&#8221;{}&#8221; custom_padding__hover=&#8221;|||&#8221;][et_pb_image src=&#8221;https:\/\/www.dimins.com\/es\/wp-content\/uploads\/sites\/34\/2024\/07\/2-inventory-and-sales-dashboard-min-1.jpg&#8221; show_in_lightbox=&#8221;on&#8221; align_tablet=&#8221;center&#8221; align_phone=&#8221;&#8221; align_last_edited=&#8221;on|desktop&#8221; _builder_version=&#8221;4.16&#8243; z_index_tablet=&#8221;500&#8243; box_shadow_horizontal_tablet=&#8221;0px&#8221; box_shadow_vertical_tablet=&#8221;0px&#8221; box_shadow_blur_tablet=&#8221;40px&#8221; box_shadow_spread_tablet=&#8221;0px&#8221; global_colors_info=&#8221;{}&#8221;][\/et_pb_image][\/et_pb_column_inner][\/et_pb_row_inner][\/et_pb_column][\/et_pb_section][et_pb_section fb_built=&#8221;1&#8243; specialty=&#8221;on&#8221; custom_padding_last_edited=&#8221;on|phone&#8221; _builder_version=&#8221;4.16&#8243; custom_padding_tablet=&#8221;||0px|&#8221; custom_padding_phone=&#8221;&#8221; custom_css_main_element=&#8221;display: flex;||flex-wrap: wrap;||align-items: center;&#8221; global_colors_info=&#8221;{}&#8221;][et_pb_column type=&#8221;1_2&#8243; _builder_version=&#8221;4.16&#8243; custom_padding=&#8221;|||&#8221; global_colors_info=&#8221;{}&#8221; custom_padding__hover=&#8221;|||&#8221;][et_pb_image src=&#8221;https:\/\/www.dimins.com\/es\/wp-content\/uploads\/sites\/34\/2024\/07\/3-inventory-and-people-dashboard-min-1.png&#8221; show_in_lightbox=&#8221;on&#8221; align_tablet=&#8221;center&#8221; align_phone=&#8221;&#8221; align_last_edited=&#8221;on|desktop&#8221; _builder_version=&#8221;4.16&#8243; z_index_tablet=&#8221;500&#8243; box_shadow_horizontal_tablet=&#8221;0px&#8221; box_shadow_vertical_tablet=&#8221;0px&#8221; box_shadow_blur_tablet=&#8221;40px&#8221; box_shadow_spread_tablet=&#8221;0px&#8221; global_colors_info=&#8221;{}&#8221;][\/et_pb_image][\/et_pb_column][et_pb_column type=&#8221;1_2&#8243; specialty_columns=&#8221;2&#8243; _builder_version=&#8221;4.16&#8243; custom_padding=&#8221;|||&#8221; global_colors_info=&#8221;{}&#8221; custom_padding__hover=&#8221;|||&#8221;][et_pb_row_inner column_structure=&#8221;undefined&#8221; admin_label=&#8221;Row&#8221; _builder_version=&#8221;4.16&#8243; global_colors_info=&#8221;{}&#8221;][et_pb_column_inner type=&#8221;undefined&#8221; saved_specialty_column_type=&#8221;1_2&#8243; _builder_version=&#8221;4.16&#8243; custom_padding=&#8221;|||&#8221; global_colors_info=&#8221;{}&#8221; custom_padding__hover=&#8221;|||&#8221;][et_pb_text admin_label=&#8221;Inventory &#038; People Dashboard&#8221; _builder_version=&#8221;4.16&#8243; text_font=&#8221;||||||||&#8221; header_font=&#8221;||||||||&#8221; header_2_font=&#8221;|600|||||||&#8221; text_font_size_tablet=&#8221;&#8221; text_font_size_phone=&#8221;&#8221; text_font_size_last_edited=&#8221;on|tablet&#8221; global_colors_info=&#8221;{}&#8221;]<\/p>\n<h2>Inventory &amp; People Dashboard<\/h2>\n<p><strong>Average Units Picked<\/strong> is used to show how the company performed pulling and shipping products.<\/p>\n<p><strong>Average Units Put Away<\/strong> shows how the company performed receiving and placing product in the warehouse.<\/p>\n<p>[\/et_pb_text][\/et_pb_column_inner][\/et_pb_row_inner][\/et_pb_column][\/et_pb_section]<\/p>\n","protected":false},"excerpt":{"rendered":"<p>Inventory Advisor\u2122 As one of the primary ingredients to any distribution company, inventory is important to understand, track, and manage. Without an accurate grasp of what inventory is costing the company and returning in revenue, the company is at risk of failing. To overcome this challenge, Dimensional Insight has created Inventory Advisor. Inventory Dashboard Inventory [&hellip;]<\/p>\n","protected":false},"author":65,"featured_media":0,"parent":71,"menu_order":0,"comment_status":"closed","ping_status":"closed","template":"","meta":{"_et_pb_use_builder":"on","_et_pb_old_content":"","_et_gb_content_width":"","footnotes":""},"class_list":["post-2812","page","type-page","status-publish","hentry"],"yoast_head":"<!-- This site is optimized with the Yoast SEO Premium plugin v27.4 (Yoast SEO v27.4) - https:\/\/yoast.com\/product\/yoast-seo-premium-wordpress\/ -->\n<title>Inventory Advisor - Versi\u00f3n Espa\u00f1ola de DI<\/title>\n<meta name=\"robots\" content=\"index, follow, max-snippet:-1, max-image-preview:large, max-video-preview:-1\" \/>\n<link rel=\"canonical\" href=\"https:\/\/www.dimins.com\/es\/fabricacion\/inventory-advisor\/\" \/>\n<meta property=\"og:locale\" content=\"en_US\" \/>\n<meta property=\"og:type\" content=\"article\" \/>\n<meta property=\"og:title\" content=\"Inventory Advisor\" \/>\n<meta property=\"og:description\" content=\"Inventory Advisor\u2122 As one of the primary ingredients to any distribution company, inventory is important to understand, track, and manage. Without an accurate grasp of what inventory is costing the company and returning in revenue, the company is at risk of failing. To overcome this challenge, Dimensional Insight has created Inventory Advisor. Inventory Dashboard Inventory [&hellip;]\" \/>\n<meta property=\"og:url\" content=\"https:\/\/www.dimins.com\/es\/fabricacion\/inventory-advisor\/\" \/>\n<meta property=\"og:site_name\" content=\"Versi\u00f3n Espa\u00f1ola de DI\" \/>\n<meta property=\"article:modified_time\" content=\"2024-07-26T19:18:16+00:00\" \/>\n<meta name=\"twitter:card\" content=\"summary_large_image\" \/>\n<script type=\"application\/ld+json\" class=\"yoast-schema-graph\">{\"@context\":\"https:\\\/\\\/schema.org\",\"@graph\":[{\"@type\":\"WebPage\",\"@id\":\"https:\\\/\\\/www.dimins.com\\\/es\\\/fabricacion\\\/inventory-advisor\\\/\",\"url\":\"https:\\\/\\\/www.dimins.com\\\/es\\\/fabricacion\\\/inventory-advisor\\\/\",\"name\":\"Inventory Advisor - Versi\u00f3n Espa\u00f1ola de DI\",\"isPartOf\":{\"@id\":\"https:\\\/\\\/www.dimins.com\\\/es\\\/#website\"},\"datePublished\":\"2024-07-26T19:00:09+00:00\",\"dateModified\":\"2024-07-26T19:18:16+00:00\",\"breadcrumb\":{\"@id\":\"https:\\\/\\\/www.dimins.com\\\/es\\\/fabricacion\\\/inventory-advisor\\\/#breadcrumb\"},\"inLanguage\":\"en-US\",\"potentialAction\":[{\"@type\":\"ReadAction\",\"target\":[\"https:\\\/\\\/www.dimins.com\\\/es\\\/fabricacion\\\/inventory-advisor\\\/\"]}]},{\"@type\":\"BreadcrumbList\",\"@id\":\"https:\\\/\\\/www.dimins.com\\\/es\\\/fabricacion\\\/inventory-advisor\\\/#breadcrumb\",\"itemListElement\":[{\"@type\":\"ListItem\",\"position\":1,\"name\":\"Home\",\"item\":\"https:\\\/\\\/www.dimins.com\\\/es\\\/\"},{\"@type\":\"ListItem\",\"position\":2,\"name\":\"Fabricaci\u00f3n\",\"item\":\"https:\\\/\\\/www.dimins.com\\\/es\\\/fabricacion\\\/\"},{\"@type\":\"ListItem\",\"position\":3,\"name\":\"Inventory Advisor\"}]},{\"@type\":\"WebSite\",\"@id\":\"https:\\\/\\\/www.dimins.com\\\/es\\\/#website\",\"url\":\"https:\\\/\\\/www.dimins.com\\\/es\\\/\",\"name\":\"Versi\u00f3n Espa\u00f1ola de DI\",\"description\":\"Herramientas de gesti\u00f3n de datos, gobernanza y anal\u00edtica basadas en Diver Platform\",\"potentialAction\":[{\"@type\":\"SearchAction\",\"target\":{\"@type\":\"EntryPoint\",\"urlTemplate\":\"https:\\\/\\\/www.dimins.com\\\/es\\\/?s={search_term_string}\"},\"query-input\":{\"@type\":\"PropertyValueSpecification\",\"valueRequired\":true,\"valueName\":\"search_term_string\"}}],\"inLanguage\":\"en-US\"}]}<\/script>\n<!-- \/ Yoast SEO Premium plugin. -->","yoast_head_json":{"title":"Inventory Advisor - Versi\u00f3n Espa\u00f1ola de DI","robots":{"index":"index","follow":"follow","max-snippet":"max-snippet:-1","max-image-preview":"max-image-preview:large","max-video-preview":"max-video-preview:-1"},"canonical":"https:\/\/www.dimins.com\/es\/fabricacion\/inventory-advisor\/","og_locale":"en_US","og_type":"article","og_title":"Inventory Advisor","og_description":"Inventory Advisor\u2122 As one of the primary ingredients to any distribution company, inventory is important to understand, track, and manage. Without an accurate grasp of what inventory is costing the company and returning in revenue, the company is at risk of failing. To overcome this challenge, Dimensional Insight has created Inventory Advisor. Inventory Dashboard Inventory [&hellip;]","og_url":"https:\/\/www.dimins.com\/es\/fabricacion\/inventory-advisor\/","og_site_name":"Versi\u00f3n Espa\u00f1ola de DI","article_modified_time":"2024-07-26T19:18:16+00:00","twitter_card":"summary_large_image","schema":{"@context":"https:\/\/schema.org","@graph":[{"@type":"WebPage","@id":"https:\/\/www.dimins.com\/es\/fabricacion\/inventory-advisor\/","url":"https:\/\/www.dimins.com\/es\/fabricacion\/inventory-advisor\/","name":"Inventory Advisor - Versi\u00f3n Espa\u00f1ola de DI","isPartOf":{"@id":"https:\/\/www.dimins.com\/es\/#website"},"datePublished":"2024-07-26T19:00:09+00:00","dateModified":"2024-07-26T19:18:16+00:00","breadcrumb":{"@id":"https:\/\/www.dimins.com\/es\/fabricacion\/inventory-advisor\/#breadcrumb"},"inLanguage":"en-US","potentialAction":[{"@type":"ReadAction","target":["https:\/\/www.dimins.com\/es\/fabricacion\/inventory-advisor\/"]}]},{"@type":"BreadcrumbList","@id":"https:\/\/www.dimins.com\/es\/fabricacion\/inventory-advisor\/#breadcrumb","itemListElement":[{"@type":"ListItem","position":1,"name":"Home","item":"https:\/\/www.dimins.com\/es\/"},{"@type":"ListItem","position":2,"name":"Fabricaci\u00f3n","item":"https:\/\/www.dimins.com\/es\/fabricacion\/"},{"@type":"ListItem","position":3,"name":"Inventory Advisor"}]},{"@type":"WebSite","@id":"https:\/\/www.dimins.com\/es\/#website","url":"https:\/\/www.dimins.com\/es\/","name":"Versi\u00f3n Espa\u00f1ola de DI","description":"Herramientas de gesti\u00f3n de datos, gobernanza y anal\u00edtica basadas en Diver Platform","potentialAction":[{"@type":"SearchAction","target":{"@type":"EntryPoint","urlTemplate":"https:\/\/www.dimins.com\/es\/?s={search_term_string}"},"query-input":{"@type":"PropertyValueSpecification","valueRequired":true,"valueName":"search_term_string"}}],"inLanguage":"en-US"}]}},"_links":{"self":[{"href":"https:\/\/www.dimins.com\/es\/wp-json\/wp\/v2\/pages\/2812","targetHints":{"allow":["GET"]}}],"collection":[{"href":"https:\/\/www.dimins.com\/es\/wp-json\/wp\/v2\/pages"}],"about":[{"href":"https:\/\/www.dimins.com\/es\/wp-json\/wp\/v2\/types\/page"}],"author":[{"embeddable":true,"href":"https:\/\/www.dimins.com\/es\/wp-json\/wp\/v2\/users\/65"}],"replies":[{"embeddable":true,"href":"https:\/\/www.dimins.com\/es\/wp-json\/wp\/v2\/comments?post=2812"}],"version-history":[{"count":0,"href":"https:\/\/www.dimins.com\/es\/wp-json\/wp\/v2\/pages\/2812\/revisions"}],"up":[{"embeddable":true,"href":"https:\/\/www.dimins.com\/es\/wp-json\/wp\/v2\/pages\/71"}],"wp:attachment":[{"href":"https:\/\/www.dimins.com\/es\/wp-json\/wp\/v2\/media?parent=2812"}],"curies":[{"name":"wp","href":"https:\/\/api.w.org\/{rel}","templated":true}]}}