{"id":1482,"date":"2019-02-27T20:02:51","date_gmt":"2019-02-27T20:02:51","guid":{"rendered":"https:\/\/www.dimins.com\/es\/?page_id=1482"},"modified":"2019-02-27T20:44:43","modified_gmt":"2019-02-27T20:44:43","slug":"klas","status":"publish","type":"page","link":"https:\/\/www.dimins.com\/es\/klas\/","title":{"rendered":"KLAS"},"content":{"rendered":"<p>[et_pb_section bb_built=&#8221;1&#8243; next_background_color=&#8221;#ffffff&#8221; _builder_version=&#8221;3.19.11&#8243; background_image=&#8221;https:\/\/www.dimins.com\/es\/wp-content\/uploads\/sites\/34\/2019\/02\/klas19-report-cover-min.jpeg&#8221; background_color=&#8221;rgba(0,0,0,0.67)&#8221; background_blend=&#8221;overlay&#8221;][et_pb_row _builder_version=&#8221;3.11.1&#8243; custom_css_main_element=&#8221;height: 300px;||display: flex;||justify-content: center;||align-items: center;&#8221;][et_pb_column type=&#8221;4_4&#8243;][et_pb_text admin_label=&#8221;Dimensional Insight gana KLAS otra vez&#8221; _builder_version=&#8221;3.19.14&#8243; header_text_align=&#8221;center&#8221; header_text_color=&#8221;#ffffff&#8221; header_line_height=&#8221;1.5em&#8221; header_font_size_tablet=&#8221;25px&#8221; header_font_size_phone=&#8221;24px&#8221; header_font_size_last_edited=&#8221;on|phone&#8221; header_line_height_last_edited=&#8221;on|tablet&#8221; header_font=&#8221;|700|||||||&#8221;]<\/p>\n<h1>Dimensional Insight gana KLAS otra vez<\/h1>\n<p>[\/et_pb_text][et_pb_button admin_label=&#8221;Obtener el informe&#8221; _builder_version=&#8221;3.19.14&#8243; button_text=&#8221;Obtener el informe&#8221; button_alignment=&#8221;center&#8221; background_layout=&#8221;dark&#8221; custom_button=&#8221;on&#8221; button_text_color=&#8221;#ffffff&#8221; button_bg_color=&#8221;#e65847&#8243; button_border_width=&#8221;1&#8243; button_border_color=&#8221;#e65847&#8243; button_border_radius=&#8221;2&#8243; button_icon=&#8221;%%134%%&#8221; button_on_hover=&#8221;off&#8221; button_url=&#8221;https:\/\/www.dimins.com\/wp-content\/uploads\/2019\/02\/Dimensional-Insight-wins-Best-in-KLAS-19-021219.pdf&#8221; url_new_window=&#8221;on&#8221; button_text_size__hover_enabled=&#8221;off&#8221; button_text_size__hover=&#8221;null&#8221; button_one_text_size__hover_enabled=&#8221;off&#8221; button_one_text_size__hover=&#8221;null&#8221; button_two_text_size__hover_enabled=&#8221;off&#8221; button_two_text_size__hover=&#8221;null&#8221; button_text_color__hover_enabled=&#8221;on&#8221; button_text_color__hover=&#8221;#e65847&#8243; button_one_text_color__hover_enabled=&#8221;off&#8221; button_one_text_color__hover=&#8221;null&#8221; button_two_text_color__hover_enabled=&#8221;off&#8221; button_two_text_color__hover=&#8221;null&#8221; button_border_width__hover_enabled=&#8221;off&#8221; button_border_width__hover=&#8221;null&#8221; button_one_border_width__hover_enabled=&#8221;off&#8221; button_one_border_width__hover=&#8221;null&#8221; button_two_border_width__hover_enabled=&#8221;off&#8221; button_two_border_width__hover=&#8221;null&#8221; button_border_color__hover_enabled=&#8221;on&#8221; button_border_color__hover=&#8221;#e65847&#8243; button_one_border_color__hover_enabled=&#8221;off&#8221; button_one_border_color__hover=&#8221;null&#8221; button_two_border_color__hover_enabled=&#8221;off&#8221; button_two_border_color__hover=&#8221;null&#8221; button_border_radius__hover_enabled=&#8221;on&#8221; button_border_radius__hover=&#8221;2&#8243; button_one_border_radius__hover_enabled=&#8221;off&#8221; button_one_border_radius__hover=&#8221;null&#8221; button_two_border_radius__hover_enabled=&#8221;off&#8221; button_two_border_radius__hover=&#8221;null&#8221; button_letter_spacing__hover_enabled=&#8221;off&#8221; button_letter_spacing__hover=&#8221;null&#8221; button_one_letter_spacing__hover_enabled=&#8221;off&#8221; button_one_letter_spacing__hover=&#8221;null&#8221; button_two_letter_spacing__hover_enabled=&#8221;off&#8221; button_two_letter_spacing__hover=&#8221;null&#8221; button_bg_color__hover_enabled=&#8221;on&#8221; button_bg_color__hover=&#8221;#ffffff&#8221; button_one_bg_color__hover_enabled=&#8221;off&#8221; button_one_bg_color__hover=&#8221;null&#8221; button_two_bg_color__hover_enabled=&#8221;off&#8221; button_two_bg_color__hover=&#8221;null&#8221; \/][\/et_pb_column][\/et_pb_row][\/et_pb_section][et_pb_section bb_built=&#8221;1&#8243; specialty=&#8221;off&#8221; prev_background_color=&#8221;rgba(0,0,0,0.67)&#8221; _builder_version=&#8221;3.11.1&#8243; next_background_color=&#8221;#000000&#8243; custom_padding=&#8221;50px||50px|&#8221; custom_padding_phone=&#8221;25px||0px|&#8221; custom_padding_last_edited=&#8221;on|phone&#8221; custom_padding_tablet=&#8221;50px||0px|&#8221;][et_pb_row _builder_version=&#8221;3.19.11&#8243; custom_css_main_element=&#8221;display: flex;||flex-wrap:wrap;||justify-content: center;||align-items: center;&#8221; module_class=&#8221;reverse-columns-mobile&#8221; padding_2_tablet=&#8221;||25px|&#8221; padding_2_last_edited=&#8221;on|phone&#8221;][et_pb_column type=&#8221;1_2&#8243;][et_pb_text admin_label=&#8221;Dimensional Insight gana %22Best in KLAS%22 otra vez&#8221; _builder_version=&#8221;3.19.14&#8243; header_2_text_color=&#8221;#164e8b&#8221; header_2_line_height=&#8221;1.5em&#8221; text_font=&#8221;|300|||||||&#8221;]<\/p>\n<h2>Dimensional Insight gana &#8220;Best in KLAS&#8221; otra vez<\/h2>\n<p>Cada a\u00f1o, KLAS Research entrevista a los usuarios de software de asistencia sanitaria para publicar el informe Best in KLAS: Software and Services. En el informe de 2019, Dimensional Insight est\u00e1 clasificado como el proveedor n\u00famero 1 en inteligencia y an\u00e1lisis de negocios de atenci\u00f3n m\u00e9dica de un campo de siete proveedores de grandes marcas.<\/p>\n<p>Dimensional Insight alcanz\u00f3 una puntuaci\u00f3n de 91.7, que es 3.9% m\u00e1s alta que su puntuaci\u00f3n de 2018. Este es el sexto a\u00f1o que Dimensional Insight ha ganado el premio Best in KLAS. (2010, 2011, 2012, 2014, 2015\/2016 y ahora 2019.) El producto recibi\u00f3 calificaciones \u201cA\u201d en todos los \u00e1mbitos en cultura, lealtad, operaciones, producto, relaci\u00f3n y valor.<\/p>\n<p>[\/et_pb_text][\/et_pb_column][et_pb_column type=&#8221;1_2&#8243;][et_pb_image _builder_version=&#8221;3.19.11&#8243; src=&#8221;https:\/\/www.dimins.com\/es\/wp-content\/uploads\/sites\/34\/2019\/02\/KLAS-19-grades.png&#8221; show_in_lightbox=&#8221;on&#8221; module_alignment=&#8221;center&#8221; align=&#8221;center&#8221; \/][\/et_pb_column][\/et_pb_row][\/et_pb_section][et_pb_section bb_built=&#8221;1&#8243; specialty=&#8221;off&#8221; prev_background_color=&#8221;#000000&#8243; next_background_color=&#8221;#000000&#8243; _builder_version=&#8221;3.11.1&#8243; custom_padding=&#8221;0px||0px|&#8221;][et_pb_row][et_pb_column type=&#8221;4_4&#8243;][et_pb_divider _builder_version=&#8221;3.11.1&#8243; color=&#8221;#a6a6a6&#8243; divider_position=&#8221;center&#8221; \/][\/et_pb_column][\/et_pb_row][\/et_pb_section][et_pb_section bb_built=&#8221;1&#8243; specialty=&#8221;off&#8221; prev_background_color=&#8221;#000000&#8243; _builder_version=&#8221;3.11.1&#8243; custom_margin_last_edited=&#8221;on|phone&#8221; custom_padding=&#8221;50px||50px|&#8221; custom_padding_phone=&#8221;0px||25px|&#8221; custom_padding_last_edited=&#8221;on|phone&#8221;][et_pb_row _builder_version=&#8221;3.19.11&#8243; custom_css_main_element=&#8221;display: flex;||flex-wrap:wrap;||justify-content: center;||align-items: center;&#8221;][et_pb_column type=&#8221;1_2&#8243;][et_pb_image _builder_version=&#8221;3.19.11&#8243; src=&#8221;https:\/\/www.dimins.com\/es\/wp-content\/uploads\/sites\/34\/2019\/02\/Healthcare-BI-2018-DI-Image.jpg&#8221; show_in_lightbox=&#8221;on&#8221; max_width=&#8221;70%&#8221; module_alignment=&#8221;center&#8221; \/][\/et_pb_column][et_pb_column type=&#8221;1_2&#8243;][et_pb_text admin_label=&#8221;KLAS validated Dimensional Insight customer &#8221; _builder_version=&#8221;3.19.14&#8243; header_2_text_color=&#8221;#164e8b&#8221; header_2_line_height=&#8221;1.5em&#8221; text_font=&#8221;|300|||||||&#8221;]<\/p>\n<h2>\u00bfQu\u00e9 hace que Dimensional Insight sea mejor en KLAS?<\/h2>\n<p>Sencillamente, brindamos a nuestros clientes la tecnolog\u00eda y el apoyo que necesitan para lograr sus objetivos, y les ayudamos a mejorar los resultados. Al final del d\u00eda, ese es el objetivo final en la atenci\u00f3n m\u00e9dica.<\/p>\n<p>Esta tabla, tomada del informe KLAS Healthcare Business Intelligence 2018, muestra c\u00f3mo Dimensional Insight se compara con otros proveedores en cuanto a si el producto genera resultados tangibles y satisface las necesidades del cliente.<\/p>\n<p>Los \u00e9xitos de los clientes incluyen:<\/p>\n<ul>\n<li>EvergreenHealth: 58% de reducci\u00f3n en los d\u00edas de tratamiento antimicrobiano y 46% de mejora en los ex\u00e1menes colorrectales.<\/li>\n<li>Munson Healthcare: reducci\u00f3n del 24% en los reingresos de reci\u00e9n nacidos, mejora del 10% al 41% en las tasas de NTSV (ces\u00e1rea) entre los hospitales del sistema y un aumento del 14% en la satisfacci\u00f3n del paciente.<\/li>\n<li>Western Maryland Health System: $ 2.5 millones de ingresos positivos en pagos basados \u200b\u200ben el valor y 78% de reducci\u00f3n en los costos de medicamentos con paracetamol.<\/li>\n<li>Conozca c\u00f3mo la mejor plataforma de an\u00e1lisis y inteligencia de negocios de KLAS puede impactar su organizaci\u00f3n y mejorar la atenci\u00f3n y los resultados del paciente.<\/li>\n<\/ul>\n<p>Visite www.dimins.com hoy para obtener m\u00e1s informaci\u00f3n o programar una demostraci\u00f3n del producto.<\/p>\n<p>[\/et_pb_text][\/et_pb_column][\/et_pb_row][\/et_pb_section]<\/p>\n","protected":false},"excerpt":{"rendered":"<p>Dimensional Insight gana KLAS otra vez Dimensional Insight gana &#8220;Best in KLAS&#8221; otra vezCada a\u00f1o, KLAS Research entrevista a los usuarios de software de asistencia sanitaria para publicar el informe Best in KLAS: Software and Services. En el informe de 2019, Dimensional Insight est\u00e1 clasificado como el proveedor n\u00famero 1 en inteligencia y an\u00e1lisis de [&hellip;]<\/p>\n","protected":false},"author":2,"featured_media":0,"parent":0,"menu_order":0,"comment_status":"closed","ping_status":"closed","template":"","meta":{"_et_pb_use_builder":"on","_et_pb_old_content":"","_et_gb_content_width":"","footnotes":""},"class_list":["post-1482","page","type-page","status-publish","hentry"],"yoast_head":"<!-- This site is optimized with the Yoast SEO Premium plugin v27.3 (Yoast SEO v27.3) - https:\/\/yoast.com\/product\/yoast-seo-premium-wordpress\/ -->\n<title>KLAS - Versi\u00f3n Espa\u00f1ola de DI<\/title>\n<meta name=\"robots\" content=\"index, follow, max-snippet:-1, max-image-preview:large, max-video-preview:-1\" \/>\n<link rel=\"canonical\" href=\"https:\/\/www.dimins.com\/es\/klas\/\" \/>\n<meta property=\"og:locale\" content=\"en_US\" \/>\n<meta property=\"og:type\" content=\"article\" \/>\n<meta property=\"og:title\" content=\"KLAS\" \/>\n<meta property=\"og:description\" content=\"Dimensional Insight gana KLAS otra vez Dimensional Insight gana &quot;Best in KLAS&quot; otra vezCada a\u00f1o, KLAS Research entrevista a los usuarios de software de asistencia sanitaria para publicar el informe Best in KLAS: Software and Services. En el informe de 2019, Dimensional Insight est\u00e1 clasificado como el proveedor n\u00famero 1 en inteligencia y an\u00e1lisis de [&hellip;]\" \/>\n<meta property=\"og:url\" content=\"https:\/\/www.dimins.com\/es\/klas\/\" \/>\n<meta property=\"og:site_name\" content=\"Versi\u00f3n Espa\u00f1ola de DI\" \/>\n<meta property=\"article:modified_time\" content=\"2019-02-27T20:44:43+00:00\" \/>\n<meta name=\"twitter:card\" content=\"summary_large_image\" \/>\n<meta name=\"twitter:label1\" content=\"Est. reading time\" \/>\n\t<meta name=\"twitter:data1\" content=\"5 minutes\" \/>\n<script type=\"application\/ld+json\" class=\"yoast-schema-graph\">{\"@context\":\"https:\\\/\\\/schema.org\",\"@graph\":[{\"@type\":\"WebPage\",\"@id\":\"https:\\\/\\\/www.dimins.com\\\/es\\\/klas\\\/\",\"url\":\"https:\\\/\\\/www.dimins.com\\\/es\\\/klas\\\/\",\"name\":\"KLAS - Versi\u00f3n Espa\u00f1ola de DI\",\"isPartOf\":{\"@id\":\"https:\\\/\\\/www.dimins.com\\\/es\\\/#website\"},\"datePublished\":\"2019-02-27T20:02:51+00:00\",\"dateModified\":\"2019-02-27T20:44:43+00:00\",\"breadcrumb\":{\"@id\":\"https:\\\/\\\/www.dimins.com\\\/es\\\/klas\\\/#breadcrumb\"},\"inLanguage\":\"en-US\",\"potentialAction\":[{\"@type\":\"ReadAction\",\"target\":[\"https:\\\/\\\/www.dimins.com\\\/es\\\/klas\\\/\"]}]},{\"@type\":\"BreadcrumbList\",\"@id\":\"https:\\\/\\\/www.dimins.com\\\/es\\\/klas\\\/#breadcrumb\",\"itemListElement\":[{\"@type\":\"ListItem\",\"position\":1,\"name\":\"Home\",\"item\":\"https:\\\/\\\/www.dimins.com\\\/es\\\/\"},{\"@type\":\"ListItem\",\"position\":2,\"name\":\"KLAS\"}]},{\"@type\":\"WebSite\",\"@id\":\"https:\\\/\\\/www.dimins.com\\\/es\\\/#website\",\"url\":\"https:\\\/\\\/www.dimins.com\\\/es\\\/\",\"name\":\"Versi\u00f3n Espa\u00f1ola de DI\",\"description\":\"Herramientas de gesti\u00f3n de datos, gobernanza y anal\u00edtica basadas en Diver Platform\",\"potentialAction\":[{\"@type\":\"SearchAction\",\"target\":{\"@type\":\"EntryPoint\",\"urlTemplate\":\"https:\\\/\\\/www.dimins.com\\\/es\\\/?s={search_term_string}\"},\"query-input\":{\"@type\":\"PropertyValueSpecification\",\"valueRequired\":true,\"valueName\":\"search_term_string\"}}],\"inLanguage\":\"en-US\"}]}<\/script>\n<!-- \/ Yoast SEO Premium plugin. -->","yoast_head_json":{"title":"KLAS - Versi\u00f3n Espa\u00f1ola de DI","robots":{"index":"index","follow":"follow","max-snippet":"max-snippet:-1","max-image-preview":"max-image-preview:large","max-video-preview":"max-video-preview:-1"},"canonical":"https:\/\/www.dimins.com\/es\/klas\/","og_locale":"en_US","og_type":"article","og_title":"KLAS","og_description":"Dimensional Insight gana KLAS otra vez Dimensional Insight gana \"Best in KLAS\" otra vezCada a\u00f1o, KLAS Research entrevista a los usuarios de software de asistencia sanitaria para publicar el informe Best in KLAS: Software and Services. En el informe de 2019, Dimensional Insight est\u00e1 clasificado como el proveedor n\u00famero 1 en inteligencia y an\u00e1lisis de [&hellip;]","og_url":"https:\/\/www.dimins.com\/es\/klas\/","og_site_name":"Versi\u00f3n Espa\u00f1ola de DI","article_modified_time":"2019-02-27T20:44:43+00:00","twitter_card":"summary_large_image","twitter_misc":{"Est. reading time":"5 minutes"},"schema":{"@context":"https:\/\/schema.org","@graph":[{"@type":"WebPage","@id":"https:\/\/www.dimins.com\/es\/klas\/","url":"https:\/\/www.dimins.com\/es\/klas\/","name":"KLAS - Versi\u00f3n Espa\u00f1ola de DI","isPartOf":{"@id":"https:\/\/www.dimins.com\/es\/#website"},"datePublished":"2019-02-27T20:02:51+00:00","dateModified":"2019-02-27T20:44:43+00:00","breadcrumb":{"@id":"https:\/\/www.dimins.com\/es\/klas\/#breadcrumb"},"inLanguage":"en-US","potentialAction":[{"@type":"ReadAction","target":["https:\/\/www.dimins.com\/es\/klas\/"]}]},{"@type":"BreadcrumbList","@id":"https:\/\/www.dimins.com\/es\/klas\/#breadcrumb","itemListElement":[{"@type":"ListItem","position":1,"name":"Home","item":"https:\/\/www.dimins.com\/es\/"},{"@type":"ListItem","position":2,"name":"KLAS"}]},{"@type":"WebSite","@id":"https:\/\/www.dimins.com\/es\/#website","url":"https:\/\/www.dimins.com\/es\/","name":"Versi\u00f3n Espa\u00f1ola de DI","description":"Herramientas de gesti\u00f3n de datos, gobernanza y anal\u00edtica basadas en Diver Platform","potentialAction":[{"@type":"SearchAction","target":{"@type":"EntryPoint","urlTemplate":"https:\/\/www.dimins.com\/es\/?s={search_term_string}"},"query-input":{"@type":"PropertyValueSpecification","valueRequired":true,"valueName":"search_term_string"}}],"inLanguage":"en-US"}]}},"_links":{"self":[{"href":"https:\/\/www.dimins.com\/es\/wp-json\/wp\/v2\/pages\/1482","targetHints":{"allow":["GET"]}}],"collection":[{"href":"https:\/\/www.dimins.com\/es\/wp-json\/wp\/v2\/pages"}],"about":[{"href":"https:\/\/www.dimins.com\/es\/wp-json\/wp\/v2\/types\/page"}],"author":[{"embeddable":true,"href":"https:\/\/www.dimins.com\/es\/wp-json\/wp\/v2\/users\/2"}],"replies":[{"embeddable":true,"href":"https:\/\/www.dimins.com\/es\/wp-json\/wp\/v2\/comments?post=1482"}],"version-history":[{"count":0,"href":"https:\/\/www.dimins.com\/es\/wp-json\/wp\/v2\/pages\/1482\/revisions"}],"wp:attachment":[{"href":"https:\/\/www.dimins.com\/es\/wp-json\/wp\/v2\/media?parent=1482"}],"curies":[{"name":"wp","href":"https:\/\/api.w.org\/{rel}","templated":true}]}}