{"id":6348,"date":"2018-11-28T20:07:00","date_gmt":"2018-11-28T18:07:00","guid":{"rendered":"https:\/\/www.dimins.com\/de\/?page_id=6348"},"modified":"2018-11-28T20:07:00","modified_gmt":"2018-11-28T18:07:00","slug":"awards","status":"publish","type":"page","link":"https:\/\/www.dimins.com\/de\/awards\/","title":{"rendered":"Awards"},"content":{"rendered":"<p>[et_pb_section bb_built=&#8221;1&#8243; specialty=&#8221;off&#8221; next_background_color=&#8221;rgba(61,151,211,0.11)&#8221; _builder_version=&#8221;3.11.1&#8243; top_divider_style=&#8221;slant&#8221; top_divider_color=&#8221;rgba(61,151,211,0.11)&#8221; bottom_divider_color=&#8221;rgba(61,151,211,0.11)&#8221; top_divider_flip=&#8221;horizontal&#8221; custom_padding=&#8221;30px||30px|&#8221; custom_padding_phone=&#8221;25px||0px|&#8221; custom_padding_last_edited=&#8221;on|phone&#8221;][et_pb_row][et_pb_column type=&#8221;4_4&#8243;][et_pb_text admin_label=&#8221;Auszeichnungen und Danksagungen&#8221; _builder_version=&#8221;3.17.3&#8243; header_text_align=&#8221;center&#8221; header_text_color=&#8221;#164e8b&#8221; header_font=&#8221;|600|||||||&#8221; header_font_size=&#8221;46px&#8221;]<\/p>\n<h1 style=\"text-align: center;\">Auszeichnungen und Danksagungen<\/h1>\n<p>[\/et_pb_text][\/et_pb_column][\/et_pb_row][\/et_pb_section][et_pb_section bb_built=&#8221;1&#8243; specialty=&#8221;off&#8221; prev_background_color=&#8221;#ffffff&#8221; _builder_version=&#8221;3.17.3&#8243; background_color=&#8221;rgba(61,151,211,0.11)&#8221; custom_padding=&#8221;50px||50px|&#8221; custom_padding_phone=&#8221;25px||25px|&#8221; custom_padding_last_edited=&#8221;on|phone&#8221;][et_pb_row _builder_version=&#8221;3.17.3&#8243; background_color_1=&#8221;#ffffff&#8221; background_color_2=&#8221;#ffffff&#8221; background_color_3=&#8221;#ffffff&#8221; module_alignment=&#8221;center&#8221; use_custom_gutter=&#8221;on&#8221; gutter_width=&#8221;2&#8243; make_equal=&#8221;on&#8221; custom_css_main_1=&#8221;box-shadow: 0px 12px 18px -6px rgba(61,151,211,0.11);||border: 1px solid rgba(61,151,211,0.11);||border-radius: 10px;&#8221; custom_css_main_2=&#8221;box-shadow: 0px 12px 18px -6px rgba(61,151,211,0.11);||border: 1px solid rgba(61,151,211,0.11);||border-radius: 10px;&#8221; custom_css_main_3=&#8221;box-shadow: 0px 12px 18px -6px rgba(61,151,211,0.11);||border: 1px solid rgba(61,151,211,0.11);||border-radius: 10px;&#8221; module_class=&#8221;flex-row-wrapper&#8221;][et_pb_column type=&#8221;1_3&#8243;][et_pb_blurb admin_label=&#8221;Anerkannt als Branchenf\u00fchrer in der BI-Marktstudie von Crowds&#8221; _builder_version=&#8221;3.17.3&#8243; title=&#8221;Anerkannt als Branchenf\u00fchrer in der BI-Marktstudie von Crowds&#8221; image=&#8221;https:\/\/www.dimins.com\/de\/wp-content\/uploads\/sites\/10\/2018\/11\/dresner-advisory-services-logo.png&#8221; header_text_align=&#8221;left&#8221; custom_padding=&#8221;2em|2em|2em|2em&#8221; custom_padding_phone=&#8221;1em|1em|1em|1em&#8221; custom_padding_last_edited=&#8221;on|phone&#8221; animation=&#8221;off&#8221; header_font=&#8221;|600|||||||&#8221; header_text_color=&#8221;#164e8b&#8221; header_line_height=&#8221;1.5em&#8221; body_font=&#8221;|300|||||||&#8221; image_max_width=&#8221;60%&#8221; image_max_width_phone=&#8221;71%&#8221; image_max_width_last_edited=&#8221;on|phone&#8221;]<\/p>\n<p>Dimensional Insight erh\u00e4lt in dieser unabh\u00e4ngigen BI-Benutzerumfrage Spitzenpl\u00e4tze.<\/p>\n<p>Laden Sie die 2018 Dresner Advisory Services-Marktstudie \u201eWeisheit der Massen\u201c herunter \u2192<\/p>\n<p>Laden Sie die Dresner Advisory Services-Marktstudie 2013 &#8211; 2017 herunter \u2192<\/p>\n<p>[\/et_pb_blurb][\/et_pb_column][et_pb_column type=&#8221;1_3&#8243;][et_pb_blurb admin_label=&#8221;Nur 5 Mal Best in KLAS f\u00fcr BI \/ Analytics&#8221; _builder_version=&#8221;3.17.3&#8243; title=&#8221;Nur 5 Mal Best in KLAS f\u00fcr BI \/ Analytics&#8221; image=&#8221;https:\/\/www.dimins.com\/de\/wp-content\/uploads\/sites\/10\/2018\/11\/klas-logo-blue-tagline.png&#8221; header_text_align=&#8221;left&#8221; custom_padding=&#8221;2em|2em|2em|2em&#8221; custom_padding_phone=&#8221;1em|1em|1em|1em&#8221; custom_padding_last_edited=&#8221;on|phone&#8221; animation=&#8221;off&#8221; header_font=&#8221;|600|||||||&#8221; header_text_color=&#8221;#164e8b&#8221; header_line_height=&#8221;1.5em&#8221; body_font=&#8221;|300|||||||&#8221; image_max_width=&#8221;80%&#8221; image_max_width_phone=&#8221;100%&#8221; image_max_width_last_edited=&#8221;on|phone&#8221; custom_css_blurb_image=&#8221;padding-bottom: 15px;||padding-top: 20px;&#8221;]<\/p>\n<p>Diese Zusammenfassung zeigt die Besonderheiten von Dimensional Insight, die in KLAS Researchs j\u00e4hrlichem Bericht \u201eBest in KLAS: Software und Dienstleistungen\u201c von Best in KLAS f\u00fcr Business Intelligence \/ Analytics ausgezeichnet wurden.<\/p>\n<p>Lesen Sie jetzt die KLAS-Zusammenfassung \u2192<\/p>\n<p>[\/et_pb_blurb][\/et_pb_column][et_pb_column type=&#8221;1_3&#8243;][et_pb_blurb admin_label=&#8221;BARC-Studie&#8221; _builder_version=&#8221;3.17.3&#8243; title=&#8221;BARC-Studie&#8221; image=&#8221;https:\/\/www.dimins.com\/de\/wp-content\/uploads\/sites\/10\/2018\/11\/barc-logo.png&#8221; header_text_align=&#8221;left&#8221; custom_padding=&#8221;2em|2em|2em|2em&#8221; custom_padding_phone=&#8221;1em|1em|1em|1em&#8221; custom_padding_last_edited=&#8221;on|phone&#8221; animation=&#8221;off&#8221; header_font=&#8221;|600|||||||&#8221; header_text_color=&#8221;#164e8b&#8221; header_line_height=&#8221;1.5em&#8221; body_font=&#8221;|300|||||||&#8221; image_max_width=&#8221;80%&#8221; image_max_width_phone=&#8221;100%&#8221; image_max_width_last_edited=&#8221;on|phone&#8221; custom_css_blurb_image=&#8221;padding-bottom: 15px;||padding-top: 20px;&#8221;]<\/p>\n<p>Erfahren Sie in BARC BI Survey 16, der weltweit gr\u00f6\u00dften und umfassendsten unabh\u00e4ngigen Umfrage unter Business Intelligence-Endbenutzern, wie sich die BI-Anbieter zusammenfinden.<\/p>\n<p>Erfahren Sie mehr \u00fcber die BARC BI-Umfrage \u2192<\/p>\n<p>[\/et_pb_blurb][\/et_pb_column][\/et_pb_row][\/et_pb_section]<\/p>\n","protected":false},"excerpt":{"rendered":"<p><div class=\"et_pb_row et_pb_row_0 et_pb_row_empty\">\n\t\t\t\t\n\t\t\t\t\n\t\t\t\t\n\t\t\t\t\n\t\t\t\t\n\t\t\t<\/div> Auszeichnungen und Danksagungen Dimensional Insight erh\u00e4lt in dieser unabh\u00e4ngigen BI-Benutzerumfrage Spitzenpl\u00e4tze.Laden Sie die 2018 Dresner Advisory Services-Marktstudie \u201eWeisheit der Massen\u201c herunter \u2192Laden Sie die Dresner Advisory Services-Marktstudie 2013 &#8211; 2017 herunter \u2192 Diese Zusammenfassung zeigt die Besonderheiten von Dimensional Insight, die in KLAS Researchs j\u00e4hrlichem Bericht \u201eBest in KLAS: Software und Dienstleistungen\u201c von Best [&hellip;]<\/p>\n","protected":false},"author":2,"featured_media":0,"parent":0,"menu_order":0,"comment_status":"closed","ping_status":"closed","template":"","meta":{"_et_pb_use_builder":"on","_et_pb_old_content":"","_et_gb_content_width":"","footnotes":""},"class_list":["post-6348","page","type-page","status-publish","hentry"],"yoast_head":"<!-- This site is optimized with the Yoast SEO Premium plugin v27.0 (Yoast SEO v27.2) - https:\/\/yoast.com\/product\/yoast-seo-premium-wordpress\/ -->\n<title>Awards - Dimensional Insight Deutschland<\/title>\n<meta name=\"robots\" content=\"index, follow, max-snippet:-1, max-image-preview:large, max-video-preview:-1\" \/>\n<link rel=\"canonical\" href=\"https:\/\/www.dimins.com\/de\/awards\/\" \/>\n<meta property=\"og:locale\" content=\"en_US\" \/>\n<meta property=\"og:type\" content=\"article\" \/>\n<meta property=\"og:title\" content=\"Awards\" \/>\n<meta property=\"og:description\" content=\"Auszeichnungen und Danksagungen Dimensional Insight erh\u00e4lt in dieser unabh\u00e4ngigen BI-Benutzerumfrage Spitzenpl\u00e4tze.Laden Sie die 2018 Dresner Advisory Services-Marktstudie \u201eWeisheit der Massen\u201c herunter \u2192Laden Sie die Dresner Advisory Services-Marktstudie 2013 - 2017 herunter \u2192 Diese Zusammenfassung zeigt die Besonderheiten von Dimensional Insight, die in KLAS Researchs j\u00e4hrlichem Bericht \u201eBest in KLAS: Software und Dienstleistungen\u201c von Best [&hellip;]\" \/>\n<meta property=\"og:url\" content=\"https:\/\/www.dimins.com\/de\/awards\/\" \/>\n<meta property=\"og:site_name\" content=\"Dimensional Insight Deutschland\" \/>\n<meta name=\"twitter:card\" content=\"summary_large_image\" \/>\n<meta name=\"twitter:label1\" content=\"Est. reading time\" \/>\n\t<meta name=\"twitter:data1\" content=\"3 minutes\" \/>\n<script type=\"application\/ld+json\" class=\"yoast-schema-graph\">{\"@context\":\"https:\/\/schema.org\",\"@graph\":[{\"@type\":\"WebPage\",\"@id\":\"https:\/\/www.dimins.com\/de\/awards\/\",\"url\":\"https:\/\/www.dimins.com\/de\/awards\/\",\"name\":\"Awards - Dimensional Insight Deutschland\",\"isPartOf\":{\"@id\":\"https:\/\/www.dimins.com\/de\/#website\"},\"datePublished\":\"2018-11-28T18:07:00+00:00\",\"breadcrumb\":{\"@id\":\"https:\/\/www.dimins.com\/de\/awards\/#breadcrumb\"},\"inLanguage\":\"en-US\",\"potentialAction\":[{\"@type\":\"ReadAction\",\"target\":[\"https:\/\/www.dimins.com\/de\/awards\/\"]}]},{\"@type\":\"BreadcrumbList\",\"@id\":\"https:\/\/www.dimins.com\/de\/awards\/#breadcrumb\",\"itemListElement\":[{\"@type\":\"ListItem\",\"position\":1,\"name\":\"Home\",\"item\":\"https:\/\/www.dimins.com\/de\/\"},{\"@type\":\"ListItem\",\"position\":2,\"name\":\"Awards\"}]},{\"@type\":\"WebSite\",\"@id\":\"https:\/\/www.dimins.com\/de\/#website\",\"url\":\"https:\/\/www.dimins.com\/de\/\",\"name\":\"Dimensional Insight Deutschland\",\"description\":\"Business Intelligence L\u00f6sungen\",\"potentialAction\":[{\"@type\":\"SearchAction\",\"target\":{\"@type\":\"EntryPoint\",\"urlTemplate\":\"https:\/\/www.dimins.com\/de\/?s={search_term_string}\"},\"query-input\":{\"@type\":\"PropertyValueSpecification\",\"valueRequired\":true,\"valueName\":\"search_term_string\"}}],\"inLanguage\":\"en-US\"}]}<\/script>\n<!-- \/ Yoast SEO Premium plugin. -->","yoast_head_json":{"title":"Awards - Dimensional Insight Deutschland","robots":{"index":"index","follow":"follow","max-snippet":"max-snippet:-1","max-image-preview":"max-image-preview:large","max-video-preview":"max-video-preview:-1"},"canonical":"https:\/\/www.dimins.com\/de\/awards\/","og_locale":"en_US","og_type":"article","og_title":"Awards","og_description":"Auszeichnungen und Danksagungen Dimensional Insight erh\u00e4lt in dieser unabh\u00e4ngigen BI-Benutzerumfrage Spitzenpl\u00e4tze.Laden Sie die 2018 Dresner Advisory Services-Marktstudie \u201eWeisheit der Massen\u201c herunter \u2192Laden Sie die Dresner Advisory Services-Marktstudie 2013 - 2017 herunter \u2192 Diese Zusammenfassung zeigt die Besonderheiten von Dimensional Insight, die in KLAS Researchs j\u00e4hrlichem Bericht \u201eBest in KLAS: Software und Dienstleistungen\u201c von Best [&hellip;]","og_url":"https:\/\/www.dimins.com\/de\/awards\/","og_site_name":"Dimensional Insight Deutschland","twitter_card":"summary_large_image","twitter_misc":{"Est. reading time":"3 minutes"},"schema":{"@context":"https:\/\/schema.org","@graph":[{"@type":"WebPage","@id":"https:\/\/www.dimins.com\/de\/awards\/","url":"https:\/\/www.dimins.com\/de\/awards\/","name":"Awards - Dimensional Insight Deutschland","isPartOf":{"@id":"https:\/\/www.dimins.com\/de\/#website"},"datePublished":"2018-11-28T18:07:00+00:00","breadcrumb":{"@id":"https:\/\/www.dimins.com\/de\/awards\/#breadcrumb"},"inLanguage":"en-US","potentialAction":[{"@type":"ReadAction","target":["https:\/\/www.dimins.com\/de\/awards\/"]}]},{"@type":"BreadcrumbList","@id":"https:\/\/www.dimins.com\/de\/awards\/#breadcrumb","itemListElement":[{"@type":"ListItem","position":1,"name":"Home","item":"https:\/\/www.dimins.com\/de\/"},{"@type":"ListItem","position":2,"name":"Awards"}]},{"@type":"WebSite","@id":"https:\/\/www.dimins.com\/de\/#website","url":"https:\/\/www.dimins.com\/de\/","name":"Dimensional Insight Deutschland","description":"Business Intelligence L\u00f6sungen","potentialAction":[{"@type":"SearchAction","target":{"@type":"EntryPoint","urlTemplate":"https:\/\/www.dimins.com\/de\/?s={search_term_string}"},"query-input":{"@type":"PropertyValueSpecification","valueRequired":true,"valueName":"search_term_string"}}],"inLanguage":"en-US"}]}},"_links":{"self":[{"href":"https:\/\/www.dimins.com\/de\/wp-json\/wp\/v2\/pages\/6348","targetHints":{"allow":["GET"]}}],"collection":[{"href":"https:\/\/www.dimins.com\/de\/wp-json\/wp\/v2\/pages"}],"about":[{"href":"https:\/\/www.dimins.com\/de\/wp-json\/wp\/v2\/types\/page"}],"author":[{"embeddable":true,"href":"https:\/\/www.dimins.com\/de\/wp-json\/wp\/v2\/users\/2"}],"replies":[{"embeddable":true,"href":"https:\/\/www.dimins.com\/de\/wp-json\/wp\/v2\/comments?post=6348"}],"version-history":[{"count":0,"href":"https:\/\/www.dimins.com\/de\/wp-json\/wp\/v2\/pages\/6348\/revisions"}],"wp:attachment":[{"href":"https:\/\/www.dimins.com\/de\/wp-json\/wp\/v2\/media?parent=6348"}],"curies":[{"name":"wp","href":"https:\/\/api.w.org\/{rel}","templated":true}]}}