{"id":6027,"date":"2017-08-28T09:07:04","date_gmt":"2017-08-28T07:07:04","guid":{"rendered":"https:\/\/www.dimins.com\/de\/?page_id=6027"},"modified":"2018-05-01T16:10:55","modified_gmt":"2018-05-01T14:10:55","slug":"logistik","status":"publish","type":"page","link":"https:\/\/www.dimins.com\/de\/logistik\/","title":{"rendered":"Logistik"},"content":{"rendered":"<p>[et_pb_section bb_built=&#8221;1&#8243; admin_label=&#8221;section&#8221; fullwidth=&#8221;on&#8221; specialty=&#8221;off&#8221; background_image=&#8221;https:\/\/www.dimins.com\/de\/wp-content\/uploads\/sites\/10\/2017\/08\/banner_log-1.jpg&#8221; background_color=&#8221;#ffffff&#8221; parallax_method=&#8221;off&#8221; padding_mobile=&#8221;off&#8221; _builder_version=&#8221;3.0.69&#8243; custom_padding_tablet=&#8221;50px|0|50px|0&#8243; custom_padding_last_edited=&#8221;on|desktop&#8221; next_background_color=&#8221;#000000&#8243;][et_pb_fullwidth_header admin_label=&#8221;perfekte Steuerung der Logistik mit der D.I. Diver Plattform&#8221; title=&#8221;perfekte Steuerung der Logistik mit Diver Plattform&#8221; background_layout=&#8221;dark&#8221; text_orientation=&#8221;left&#8221; header_fullscreen=&#8221;off&#8221; header_scroll_down=&#8221;off&#8221; content_orientation=&#8221;center&#8221; image_orientation=&#8221;center&#8221; custom_button_one=&#8221;off&#8221; button_one_letter_spacing=&#8221;0&#8243; button_one_icon_placement=&#8221;right&#8221; button_one_letter_spacing_hover=&#8221;0&#8243; custom_button_two=&#8221;off&#8221; button_two_letter_spacing=&#8221;0&#8243; button_two_icon_placement=&#8221;right&#8221; button_two_letter_spacing_hover=&#8221;0&#8243; _builder_version=&#8221;3.0.69&#8243; \/][\/et_pb_section][et_pb_section bb_built=&#8221;1&#8243; admin_label=&#8221;section&#8221; fullwidth=&#8221;off&#8221; specialty=&#8221;off&#8221; transparent_background=&#8221;off&#8221; allow_player_pause=&#8221;off&#8221; inner_shadow=&#8221;off&#8221; parallax=&#8221;off&#8221; parallax_method=&#8221;off&#8221; custom_padding=&#8221;|||&#8221; padding_mobile=&#8221;off&#8221; make_fullwidth=&#8221;off&#8221; use_custom_width=&#8221;off&#8221; width_unit=&#8221;on&#8221; make_equal=&#8221;off&#8221; use_custom_gutter=&#8221;off&#8221; custom_padding_tablet=&#8221;50px|0|50px|0&#8243; custom_padding_last_edited=&#8221;on|desktop&#8221; prev_background_color=&#8221;#ffffff&#8221; next_background_color=&#8221;#ffffff&#8221;][et_pb_row admin_label=&#8221;row&#8221; make_fullwidth=&#8221;off&#8221; use_custom_width=&#8221;off&#8221; width_unit=&#8221;on&#8221; use_custom_gutter=&#8221;off&#8221; custom_padding=&#8221;|&#8221; padding_mobile=&#8221;off&#8221; allow_player_pause=&#8221;off&#8221; parallax=&#8221;off&#8221; parallax_method=&#8221;off&#8221; make_equal=&#8221;off&#8221; column_padding_mobile=&#8221;on&#8221; background_position=&#8221;top_left&#8221; background_repeat=&#8221;repeat&#8221; background_size=&#8221;initial&#8221;][et_pb_column type=&#8221;2_3&#8243;][et_pb_text background_layout=&#8221;light&#8221; text_orientation=&#8221;left&#8221; border_style=&#8221;solid&#8221; background_position=&#8221;top_left&#8221; background_repeat=&#8221;repeat&#8221; background_size=&#8221;initial&#8221; _builder_version=&#8221;3.0.69&#8243;]<\/p>\n<h2><span style=\"color: #3e7cd2;line-height: 150%\">Diver Plattform f\u00fcr die Logistik<\/span><\/h2>\n<p>Zuverl\u00e4ssige Logistik ist die Basis des Erfolgs eines Unternehmens. Die Diver Plattform erm\u00f6glicht es, die logistischen Abl\u00e4ufe zu perfektionieren. Alle relevanten Informationen werden jederzeit im Dashboard aktualisiert dargestellt.<\/p>\n<p>Alle wichtigen Informationen wie<\/p>\n<ul>\n<li>Versandstatus \u2013 wann wird die Bestellung versandt<\/li>\n<li>Sendungsverfolgung \u2013 wo befindet sich die Sendung und wann wird sie zugestellt<\/li>\n<li>Kostenkontrolle \u2013 welche Kosten k\u00f6nnen den Sendungen jeweils zugerechnet werden<\/li>\n<\/ul>\n<p>und alle weiteren notwendigen Daten k\u00f6nnen \u00fcber das jeweils verf\u00fcgbare Device abgerufen werden, \u00fcber PC, Tablet und Smartphone.<\/p>\n<p>Die Daten werden aus den urspr\u00fcnglichen Dateien extrahiert. Dabei spielt es keine Rolle, welches Systems eingesetzt wird. Die Diver Plattform kann auf Daten aus allen bekannten ERP Systemen wie SAP, Navision, abas, Epicor, u.a. zugreifen und auch auf Daten aus kundenspezifisch entwickelten Warenwirtschafts-Systemen. Dabei bleiben diese Grundsysteme unver\u00e4ndert.<\/p>\n<p>Die Business Intelligence L\u00f6sung Diver Plattform kann als Cloud-L\u00f6sung und als \u201eOn Premise\u201c-L\u00f6sung implementiert werden. Damit stehen den Anwendern alle Optionen einer Business Intelligence Plattform offen.<\/p>\n<p>[\/et_pb_text][\/et_pb_column][et_pb_column type=&#8221;1_3&#8243;][\/et_pb_column][\/et_pb_row][et_pb_row admin_label=&#8221;row&#8221; make_fullwidth=&#8221;off&#8221; use_custom_width=&#8221;off&#8221; width_unit=&#8221;on&#8221; use_custom_gutter=&#8221;off&#8221; custom_padding=&#8221;|&#8221; padding_mobile=&#8221;off&#8221; allow_player_pause=&#8221;off&#8221; parallax=&#8221;off&#8221; parallax_method=&#8221;off&#8221; make_equal=&#8221;off&#8221; column_padding_mobile=&#8221;on&#8221; background_position=&#8221;top_left&#8221; background_repeat=&#8221;repeat&#8221; background_size=&#8221;initial&#8221;][et_pb_column type=&#8221;1_2&#8243;][et_pb_image src=&#8221;https:\/\/www.dimins.com\/de\/wp-content\/uploads\/sites\/10\/2017\/08\/Logistics.jpg&#8221; show_in_lightbox=&#8221;off&#8221; url_new_window=&#8221;off&#8221; animation=&#8221;off&#8221; sticky=&#8221;off&#8221; align=&#8221;left&#8221; force_fullwidth=&#8221;off&#8221; always_center_on_mobile=&#8221;on&#8221; use_border_color=&#8221;on&#8221; border_color=&#8221;#f9f9f9&#8243; border_style=&#8221;solid&#8221; border_width=&#8221;12px&#8221; use_overlay=&#8221;off&#8221; _builder_version=&#8221;3.0.69&#8243; animation_style=&#8221;none&#8221; animation_duration=&#8221;1000ms&#8221; animation_intensity_slide=&#8221;50%&#8221; show_bottom_space=&#8221;on&#8221; border_color_all=&#8221;#f9f9f9&#8243; border_width_all=&#8221;12px&#8221; border_style_all=&#8221;solid&#8221; \/][\/et_pb_column][et_pb_column type=&#8221;1_2&#8243;][et_pb_text background_layout=&#8221;light&#8221; text_orientation=&#8221;left&#8221; border_style=&#8221;solid&#8221; background_position=&#8221;top_left&#8221; background_repeat=&#8221;repeat&#8221; background_size=&#8221;initial&#8221; _builder_version=&#8221;3.0.69&#8243;]<\/p>\n<h2><span style=\"color: #3e7cd2;line-height: 150%\">Dashboards f\u00fcr verschiedene Anwender<\/span><\/h2>\n<p>Die visuellen Dashboards der Diver Logistik L\u00f6sung sind an den Bedarf der jeweiligen Anwender angepasst. Sie stellen alle logistischen Informationen dar. Diese Informationen werden bedarfsgerecht aggregiert, wie z.B. Kostenentwicklung, oder detailliert angezeigt, z.B. Informationen pro Kunden.<\/p>\n<p>Dimensional Insight hilft Unternehmen und den verantwortlichen Mitarbeitern das Unternehmen erfolgreich zu steuern. Sie erhalten jederzeit Zugang zu wichtigen und aktuellsten Informationen.<\/p>\n<p>Vorteile der Diver Plattform:<\/p>\n<ul>\n<li>Einfache Integration von Daten aus verschiedenen Systemen wie SAP\u2122, abas\u2122, Navision\u2122, Excel Tabellen und anderer Quellen aller bekannten Datenformaten.<\/li>\n<li>Einfacher Zugriff auf Dashboards \u00fcber Webbrowser.<\/li>\n<li>Dashboards werden bedarfsgem\u00e4\u00df aktualisiert<\/li>\n<li>Anpassbare Dashboards f\u00fcr benutzergerechte Informationsversorgung.<\/li>\n<li>Weiterf\u00fchrende Links zu Detail-Informationen f\u00fcr Logistik Mitarbeiter.<\/li>\n<\/ul>\n<p>&nbsp;<\/p>\n<p>[\/et_pb_text][et_pb_text _builder_version=&#8221;3.0.106&#8243; background_layout=&#8221;light&#8221;]<\/p>\n<h2>Mehr erfahren?<\/h2>\n<p>F\u00fcr mehrere Infos oder eine Beratung, nehmen sie Kontakt mit uns \u00fcber den folgenden link.<br \/>\n<a href=\"\/de\/ueber-uns\/kontakt\/\">Kontakt herstellen<\/a><\/p>\n<p>[\/et_pb_text][\/et_pb_column][\/et_pb_row][\/et_pb_section][et_pb_section bb_built=&#8221;1&#8243; admin_label=&#8221;section&#8221; fullwidth=&#8221;off&#8221; specialty=&#8221;off&#8221; background_image=&#8221;https:\/\/www.dimins.com\/de\/wp-content\/uploads\/sites\/10\/2017\/08\/banner_log2.jpg&#8221; background_color=&#8221;#ffffff&#8221; parallax_method=&#8221;off&#8221; padding_mobile=&#8221;off&#8221; _builder_version=&#8221;3.0.69&#8243; custom_padding_tablet=&#8221;50px|0|50px|0&#8243; custom_padding_last_edited=&#8221;on|desktop&#8221; prev_background_color=&#8221;#000000&#8243;][et_pb_row admin_label=&#8221;row&#8221; background_position=&#8221;top_left&#8221; background_repeat=&#8221;repeat&#8221; background_size=&#8221;initial&#8221; _builder_version=&#8221;3.0.69&#8243;][et_pb_column type=&#8221;1_2&#8243;][et_pb_text background_layout=&#8221;dark&#8221; text_orientation=&#8221;left&#8221; use_border_color=&#8221;on&#8221; border_style=&#8221;solid&#8221; custom_margin=&#8221;10px|10px|10px|10px&#8221; custom_padding=&#8221;20px|20px|20px|20px&#8221; background_position=&#8221;top_left&#8221; background_repeat=&#8221;repeat&#8221; background_size=&#8221;initial&#8221; _builder_version=&#8221;3.0.69&#8243; border_color_all=&#8221;#ffffff&#8221; border_width_all=&#8221;0px&#8221; border_style_all=&#8221;solid&#8221;]<\/p>\n<h4 style=\"text-align: center\">Logistikssysteme sind meist auf sehr komplexen Datenbanken aufgebaut. Dimensional Insight hilft Fachpersonal, einen tieferen Einblick in die komplexe Masse an Logistikdaten zu gewinnen. Dieses Verst\u00e4ndnis, das aus den erzeugten Informationen resultiert, f\u00fchrt zur weiteren Verbesserung der Kundenversorgung, der Optimierung von Prozessen und der Senkung von Kosten.<\/h4>\n<p>[\/et_pb_text][\/et_pb_column][et_pb_column type=&#8221;1_2&#8243;][\/et_pb_column][\/et_pb_row][\/et_pb_section]<\/p>\n","protected":false},"excerpt":{"rendered":"<p>Diver Plattform f\u00fcr die Logistik Zuverl\u00e4ssige Logistik ist die Basis des Erfolgs eines Unternehmens. Die Diver Plattform erm\u00f6glicht es, die logistischen Abl\u00e4ufe zu perfektionieren. Alle relevanten Informationen werden jederzeit im Dashboard aktualisiert dargestellt. Alle wichtigen Informationen wie Versandstatus \u2013 wann wird die Bestellung versandt Sendungsverfolgung \u2013 wo befindet sich die Sendung und wann wird sie [&hellip;]<\/p>\n","protected":false},"author":59,"featured_media":0,"parent":0,"menu_order":0,"comment_status":"closed","ping_status":"closed","template":"","meta":{"_et_pb_use_builder":"on","_et_pb_old_content":"","_et_gb_content_width":"","footnotes":""},"class_list":["post-6027","page","type-page","status-publish","hentry"],"yoast_head":"<!-- This site is optimized with the Yoast SEO Premium plugin v27.4 (Yoast SEO v27.4) - https:\/\/yoast.com\/product\/yoast-seo-premium-wordpress\/ -->\n<title>Logistik - Dimensional Insight Deutschland<\/title>\n<meta name=\"robots\" content=\"index, follow, max-snippet:-1, max-image-preview:large, max-video-preview:-1\" \/>\n<link rel=\"canonical\" href=\"https:\/\/www.dimins.com\/de\/logistik\/\" \/>\n<meta property=\"og:locale\" content=\"en_US\" \/>\n<meta property=\"og:type\" content=\"article\" \/>\n<meta property=\"og:title\" content=\"Logistik\" \/>\n<meta property=\"og:description\" content=\"Diver Plattform f\u00fcr die Logistik Zuverl\u00e4ssige Logistik ist die Basis des Erfolgs eines Unternehmens. Die Diver Plattform erm\u00f6glicht es, die logistischen Abl\u00e4ufe zu perfektionieren. Alle relevanten Informationen werden jederzeit im Dashboard aktualisiert dargestellt. Alle wichtigen Informationen wie Versandstatus \u2013 wann wird die Bestellung versandt Sendungsverfolgung \u2013 wo befindet sich die Sendung und wann wird sie [&hellip;]\" \/>\n<meta property=\"og:url\" content=\"https:\/\/www.dimins.com\/de\/logistik\/\" \/>\n<meta property=\"og:site_name\" content=\"Dimensional Insight Deutschland\" \/>\n<meta property=\"article:modified_time\" content=\"2018-05-01T14:10:55+00:00\" \/>\n<meta name=\"twitter:card\" content=\"summary_large_image\" \/>\n<meta name=\"twitter:label1\" content=\"Est. reading time\" \/>\n\t<meta name=\"twitter:data1\" content=\"5 minutes\" \/>\n<script type=\"application\/ld+json\" class=\"yoast-schema-graph\">{\"@context\":\"https:\\\/\\\/schema.org\",\"@graph\":[{\"@type\":\"WebPage\",\"@id\":\"https:\\\/\\\/www.dimins.com\\\/de\\\/logistik\\\/\",\"url\":\"https:\\\/\\\/www.dimins.com\\\/de\\\/logistik\\\/\",\"name\":\"Logistik - Dimensional Insight Deutschland\",\"isPartOf\":{\"@id\":\"https:\\\/\\\/www.dimins.com\\\/de\\\/#website\"},\"datePublished\":\"2017-08-28T07:07:04+00:00\",\"dateModified\":\"2018-05-01T14:10:55+00:00\",\"breadcrumb\":{\"@id\":\"https:\\\/\\\/www.dimins.com\\\/de\\\/logistik\\\/#breadcrumb\"},\"inLanguage\":\"en-US\",\"potentialAction\":[{\"@type\":\"ReadAction\",\"target\":[\"https:\\\/\\\/www.dimins.com\\\/de\\\/logistik\\\/\"]}]},{\"@type\":\"BreadcrumbList\",\"@id\":\"https:\\\/\\\/www.dimins.com\\\/de\\\/logistik\\\/#breadcrumb\",\"itemListElement\":[{\"@type\":\"ListItem\",\"position\":1,\"name\":\"Home\",\"item\":\"https:\\\/\\\/www.dimins.com\\\/de\\\/\"},{\"@type\":\"ListItem\",\"position\":2,\"name\":\"Logistik\"}]},{\"@type\":\"WebSite\",\"@id\":\"https:\\\/\\\/www.dimins.com\\\/de\\\/#website\",\"url\":\"https:\\\/\\\/www.dimins.com\\\/de\\\/\",\"name\":\"Dimensional Insight Deutschland\",\"description\":\"Business Intelligence L\u00f6sungen\",\"potentialAction\":[{\"@type\":\"SearchAction\",\"target\":{\"@type\":\"EntryPoint\",\"urlTemplate\":\"https:\\\/\\\/www.dimins.com\\\/de\\\/?s={search_term_string}\"},\"query-input\":{\"@type\":\"PropertyValueSpecification\",\"valueRequired\":true,\"valueName\":\"search_term_string\"}}],\"inLanguage\":\"en-US\"}]}<\/script>\n<!-- \/ Yoast SEO Premium plugin. -->","yoast_head_json":{"title":"Logistik - Dimensional Insight Deutschland","robots":{"index":"index","follow":"follow","max-snippet":"max-snippet:-1","max-image-preview":"max-image-preview:large","max-video-preview":"max-video-preview:-1"},"canonical":"https:\/\/www.dimins.com\/de\/logistik\/","og_locale":"en_US","og_type":"article","og_title":"Logistik","og_description":"Diver Plattform f\u00fcr die Logistik Zuverl\u00e4ssige Logistik ist die Basis des Erfolgs eines Unternehmens. Die Diver Plattform erm\u00f6glicht es, die logistischen Abl\u00e4ufe zu perfektionieren. Alle relevanten Informationen werden jederzeit im Dashboard aktualisiert dargestellt. Alle wichtigen Informationen wie Versandstatus \u2013 wann wird die Bestellung versandt Sendungsverfolgung \u2013 wo befindet sich die Sendung und wann wird sie [&hellip;]","og_url":"https:\/\/www.dimins.com\/de\/logistik\/","og_site_name":"Dimensional Insight Deutschland","article_modified_time":"2018-05-01T14:10:55+00:00","twitter_card":"summary_large_image","twitter_misc":{"Est. reading time":"5 minutes"},"schema":{"@context":"https:\/\/schema.org","@graph":[{"@type":"WebPage","@id":"https:\/\/www.dimins.com\/de\/logistik\/","url":"https:\/\/www.dimins.com\/de\/logistik\/","name":"Logistik - Dimensional Insight Deutschland","isPartOf":{"@id":"https:\/\/www.dimins.com\/de\/#website"},"datePublished":"2017-08-28T07:07:04+00:00","dateModified":"2018-05-01T14:10:55+00:00","breadcrumb":{"@id":"https:\/\/www.dimins.com\/de\/logistik\/#breadcrumb"},"inLanguage":"en-US","potentialAction":[{"@type":"ReadAction","target":["https:\/\/www.dimins.com\/de\/logistik\/"]}]},{"@type":"BreadcrumbList","@id":"https:\/\/www.dimins.com\/de\/logistik\/#breadcrumb","itemListElement":[{"@type":"ListItem","position":1,"name":"Home","item":"https:\/\/www.dimins.com\/de\/"},{"@type":"ListItem","position":2,"name":"Logistik"}]},{"@type":"WebSite","@id":"https:\/\/www.dimins.com\/de\/#website","url":"https:\/\/www.dimins.com\/de\/","name":"Dimensional Insight Deutschland","description":"Business Intelligence L\u00f6sungen","potentialAction":[{"@type":"SearchAction","target":{"@type":"EntryPoint","urlTemplate":"https:\/\/www.dimins.com\/de\/?s={search_term_string}"},"query-input":{"@type":"PropertyValueSpecification","valueRequired":true,"valueName":"search_term_string"}}],"inLanguage":"en-US"}]}},"_links":{"self":[{"href":"https:\/\/www.dimins.com\/de\/wp-json\/wp\/v2\/pages\/6027","targetHints":{"allow":["GET"]}}],"collection":[{"href":"https:\/\/www.dimins.com\/de\/wp-json\/wp\/v2\/pages"}],"about":[{"href":"https:\/\/www.dimins.com\/de\/wp-json\/wp\/v2\/types\/page"}],"author":[{"embeddable":true,"href":"https:\/\/www.dimins.com\/de\/wp-json\/wp\/v2\/users\/59"}],"replies":[{"embeddable":true,"href":"https:\/\/www.dimins.com\/de\/wp-json\/wp\/v2\/comments?post=6027"}],"version-history":[{"count":0,"href":"https:\/\/www.dimins.com\/de\/wp-json\/wp\/v2\/pages\/6027\/revisions"}],"wp:attachment":[{"href":"https:\/\/www.dimins.com\/de\/wp-json\/wp\/v2\/media?parent=6027"}],"curies":[{"name":"wp","href":"https:\/\/api.w.org\/{rel}","templated":true}]}}