{"id":5955,"date":"2017-01-18T14:24:33","date_gmt":"2017-01-18T12:24:33","guid":{"rendered":"https:\/\/www-wordpress.dev.interreport.com\/de\/?page_id=5955"},"modified":"2018-05-01T16:08:24","modified_gmt":"2018-05-01T14:08:24","slug":"lab-advisor","status":"publish","type":"page","link":"https:\/\/www.dimins.com\/de\/lab-advisor\/","title":{"rendered":"Lab Advisor"},"content":{"rendered":"<p>[et_pb_section bb_built=&#8221;1&#8243; admin_label=&#8221;section&#8221; fullwidth=&#8221;on&#8221; specialty=&#8221;off&#8221; background_image=&#8221;https:\/\/www.dimins.com\/de\/wp-content\/uploads\/sites\/10\/2017\/01\/Dollarphotoclub_49706657.jpg&#8221; transparent_background=&#8221;off&#8221; background_color=&#8221;#ffffff&#8221; inner_shadow=&#8221;off&#8221; parallax=&#8221;off&#8221; parallax_method=&#8221;off&#8221; allow_player_pause=&#8221;off&#8221; padding_mobile=&#8221;off&#8221; make_fullwidth=&#8221;off&#8221; use_custom_width=&#8221;off&#8221; width_unit=&#8221;on&#8221; make_equal=&#8221;off&#8221; use_custom_gutter=&#8221;off&#8221; custom_padding_tablet=&#8221;50px|0|50px|0&#8243; custom_padding_last_edited=&#8221;on|desktop&#8221; next_background_color=&#8221;#000000&#8243;][et_pb_fullwidth_header admin_label=&#8221;Lab Advisor Tool: Die BI Komplettl\u00f6sung f\u00fcr das Labor &#8221; title=&#8221;Lab Advisor Tool&#8221; background_layout=&#8221;light&#8221; text_orientation=&#8221;left&#8221; header_fullscreen=&#8221;off&#8221; header_scroll_down=&#8221;off&#8221; parallax=&#8221;off&#8221; parallax_method=&#8221;off&#8221; content_orientation=&#8221;center&#8221; image_orientation=&#8221;center&#8221; custom_button_one=&#8221;off&#8221; button_one_letter_spacing=&#8221;0&#8243; button_one_use_icon=&#8221;default&#8221; button_one_icon_placement=&#8221;right&#8221; button_one_on_hover=&#8221;on&#8221; button_one_letter_spacing_hover=&#8221;0&#8243; custom_button_two=&#8221;off&#8221; button_two_letter_spacing=&#8221;0&#8243; button_two_use_icon=&#8221;default&#8221; button_two_icon_placement=&#8221;right&#8221; button_two_on_hover=&#8221;on&#8221; button_two_letter_spacing_hover=&#8221;0&#8243; \/][\/et_pb_section][et_pb_section bb_built=&#8221;1&#8243; admin_label=&#8221;section&#8221; fullwidth=&#8221;off&#8221; specialty=&#8221;off&#8221; transparent_background=&#8221;off&#8221; allow_player_pause=&#8221;off&#8221; inner_shadow=&#8221;off&#8221; parallax=&#8221;off&#8221; parallax_method=&#8221;off&#8221; custom_padding=&#8221;|||&#8221; padding_mobile=&#8221;off&#8221; make_fullwidth=&#8221;off&#8221; use_custom_width=&#8221;off&#8221; width_unit=&#8221;on&#8221; make_equal=&#8221;off&#8221; use_custom_gutter=&#8221;off&#8221; custom_padding_tablet=&#8221;50px|0|50px|0&#8243; custom_padding_last_edited=&#8221;on|desktop&#8221; prev_background_color=&#8221;#ffffff&#8221; next_background_color=&#8221;#ffffff&#8221;][et_pb_row admin_label=&#8221;row&#8221; make_fullwidth=&#8221;off&#8221; use_custom_width=&#8221;off&#8221; width_unit=&#8221;on&#8221; use_custom_gutter=&#8221;off&#8221; custom_padding=&#8221;|&#8221; padding_mobile=&#8221;off&#8221; allow_player_pause=&#8221;off&#8221; parallax=&#8221;off&#8221; parallax_method=&#8221;off&#8221; make_equal=&#8221;off&#8221; column_padding_mobile=&#8221;on&#8221; background_position=&#8221;top_left&#8221; background_repeat=&#8221;repeat&#8221; background_size=&#8221;initial&#8221;][et_pb_column type=&#8221;2_3&#8243;][et_pb_text background_layout=&#8221;light&#8221; text_orientation=&#8221;left&#8221; use_border_color=&#8221;off&#8221; border_color=&#8221;#ffffff&#8221; border_style=&#8221;solid&#8221; background_position=&#8221;top_left&#8221; background_repeat=&#8221;repeat&#8221; background_size=&#8221;initial&#8221;]<\/p>\n<h2><span style=\"color: #3e7cd2;line-height: 150%\">Lab Advisor Tool: Die BI Komplettl\u00f6sung f\u00fcr das Labor<\/span><\/h2>\n<p>In ein \u00abLaboratory Information Systems\u00bb (LIS) werden Daten aus einer gro\u00dfen Anzahl von Tabellen importiert und diese Daten k\u00f6nnen mit anderen relevanten Daten aus externen Datenquellen kombiniert werden. Datenimport und Informationsgewinnung sind oftmals hoch komplex. Dimensional Insight verf\u00fcgt \u00fcber viel Knowhow in diesem Bereich und hat mit dem Lab Advisor eine L\u00f6sung entwickelt, die der Komplexit\u00e4t der Aufgabenstellung gerecht wird. Das Lab Advisor Tool basiert auf der leistungsstarken Diver Solution\u2122 vereinfacht das Arbeiten mit Daten aus LIS \u2013 Systemen. Es bietet eine sehr flexible Umgebung um Labor- und Patientendaten zu integrieren.<\/p>\n<p>[\/et_pb_text][\/et_pb_column][et_pb_column type=&#8221;1_3&#8243;][\/et_pb_column][\/et_pb_row][et_pb_row admin_label=&#8221;row&#8221; make_fullwidth=&#8221;off&#8221; use_custom_width=&#8221;off&#8221; width_unit=&#8221;on&#8221; use_custom_gutter=&#8221;off&#8221; custom_padding=&#8221;|&#8221; padding_mobile=&#8221;off&#8221; allow_player_pause=&#8221;off&#8221; parallax=&#8221;off&#8221; parallax_method=&#8221;off&#8221; make_equal=&#8221;off&#8221; column_padding_mobile=&#8221;on&#8221; background_position=&#8221;top_left&#8221; background_repeat=&#8221;repeat&#8221; background_size=&#8221;initial&#8221;][et_pb_column type=&#8221;1_2&#8243;][et_pb_image src=&#8221;https:\/\/www.dimins.com\/de\/wp-content\/uploads\/sites\/10\/2017\/01\/side_2_lab-min.png&#8221; show_in_lightbox=&#8221;off&#8221; url_new_window=&#8221;off&#8221; animation=&#8221;off&#8221; sticky=&#8221;off&#8221; align=&#8221;left&#8221; force_fullwidth=&#8221;off&#8221; always_center_on_mobile=&#8221;on&#8221; use_border_color=&#8221;on&#8221; border_color=&#8221;#f9f9f9&#8243; border_style=&#8221;solid&#8221; border_width=&#8221;12px&#8221; use_overlay=&#8221;off&#8221; _builder_version=&#8221;3.0.69&#8243; animation_style=&#8221;none&#8221; animation_duration=&#8221;1000ms&#8221; animation_intensity_slide=&#8221;50%&#8221; show_bottom_space=&#8221;on&#8221; border_color_all=&#8221;#f9f9f9&#8243; border_width_all=&#8221;12px&#8221; border_style_all=&#8221;solid&#8221; \/][\/et_pb_column][et_pb_column type=&#8221;1_2&#8243;][et_pb_text background_layout=&#8221;light&#8221; text_orientation=&#8221;left&#8221; border_style=&#8221;solid&#8221; background_position=&#8221;top_left&#8221; background_repeat=&#8221;repeat&#8221; background_size=&#8221;initial&#8221; _builder_version=&#8221;3.0.69&#8243;]<\/p>\n<h2><span style=\"color: #3e7cd2;line-height: 150%\">Dashboards f\u00fcr verschiedene Anwender<\/span><\/h2>\n<p>Die visuellen Dashboards der Diver L\u00f6sung stellen Informationen f\u00fcr Labormanager dar, wie z.B. Testzahlen, Trends, Kosten und vieles mehr. Dashboards sind an den Bedarf der jeweiligen Anwender angepasst. Das medizinische Personal kann z.B. Dashboards verwenden, die up-to-date Informationen einer Krankenhausabteilung pr\u00e4sentieren. Informationen k\u00f6nnen bedarfsgerecht aggregiert oder detailliert angezeigt werden, z.B. k\u00f6nnen Informationen pro einzelnem Patienten dargestellt werden.<\/p>\n<p>Dimensional Insight hilft dem Laborleiter (Mikrobiologie und KCL) und dem Betreuer mit der Messung und der \u00dcberwachung, Laboratorien erhalten jederzeit Zugang zu wichtigen aktuellsten Informationen.<\/p>\n<p>Wichtige Vorteile des Lab Advisor Tools sind:<\/p>\n<ul>\n<li>Einfache Integration von Daten aus Labor-systemen wie GLIMS\u2122, Molis\u2122 und Labosys\u2122 mit externen Daten aus Krankenh\u00e4usern und von anderen Partnern.<\/li>\n<li>Einfacher Zugriff auf Dashboards \u00fcber den Webbrowser.<\/li>\n<li>Die Daten werden bedarfsgem\u00e4\u00df aktualisiert \u2013 typischerweise t\u00e4glich<\/li>\n<li>Anpassbare Dashboards f\u00fcr benutzergerechte Informationsversorgung.<\/li>\n<li>Operative Dashboards f\u00fcr Laborleiter.<\/li>\n<li>Auf Krankenhaus-Einheit bezogene Informationen zu Trends.<\/li>\n<li>Patienten-Level-Berichte f\u00fcr eine detaillierte Untersuchung.<\/li>\n<\/ul>\n<p>[\/et_pb_text][et_pb_text _builder_version=&#8221;3.0.106&#8243; background_layout=&#8221;light&#8221;]<\/p>\n<h2>Mehr erfahren?<\/h2>\n<p>F\u00fcr mehrere Infos oder eine Beratung, nehmen sie Kontakt mit uns \u00fcber den folgenden link.<br \/> <a href=\"\/de\/ueber-uns\/kontakt\/\">Kontakt herstellen<\/a><\/p>\n<p>[\/et_pb_text][\/et_pb_column][\/et_pb_row][\/et_pb_section][et_pb_section bb_built=&#8221;1&#8243; admin_label=&#8221;section&#8221; fullwidth=&#8221;off&#8221; specialty=&#8221;off&#8221; background_image=&#8221;https:\/\/www.dimins.com\/de\/wp-content\/uploads\/sites\/10\/2017\/01\/bottom_2_lab.png&#8221; transparent_background=&#8221;off&#8221; background_color=&#8221;#ffffff&#8221; inner_shadow=&#8221;off&#8221; parallax=&#8221;off&#8221; parallax_method=&#8221;off&#8221; allow_player_pause=&#8221;off&#8221; padding_mobile=&#8221;off&#8221; make_fullwidth=&#8221;off&#8221; use_custom_width=&#8221;off&#8221; width_unit=&#8221;on&#8221; make_equal=&#8221;off&#8221; use_custom_gutter=&#8221;off&#8221; custom_padding_tablet=&#8221;50px|0|50px|0&#8243; custom_padding_last_edited=&#8221;on|desktop&#8221; prev_background_color=&#8221;#000000&#8243;][et_pb_row admin_label=&#8221;row&#8221; background_position=&#8221;top_left&#8221; background_repeat=&#8221;repeat&#8221; background_size=&#8221;initial&#8221;][et_pb_column type=&#8221;1_2&#8243;][et_pb_text background_layout=&#8221;dark&#8221; text_orientation=&#8221;left&#8221; use_border_color=&#8221;on&#8221; border_color=&#8221;#ffffff&#8221; border_style=&#8221;solid&#8221; custom_margin=&#8221;10px|10px|10px|10px&#8221; custom_padding=&#8221;20px|20px|20px|20px&#8221; background_position=&#8221;top_left&#8221; background_repeat=&#8221;repeat&#8221; background_size=&#8221;initial&#8221; border_color_all=&#8221;#ffffff&#8221; border_width_all=&#8221;0px&#8221; border_style_all=&#8221;solid&#8221;]<\/p>\n<h4>Laborinformationssysteme sind meist auf sehr komplexen Datenbanken aufgebaut. Dimensional Insight hilft medizinischen Laboren und medizinischem Fachpersonal ein tieferen Einblick in die komplexe Masse an Labordaten zu gewinnen. Dieses Verst\u00e4ndnis, das aus den erzeugten Informationen resultiert, f\u00fchrt zur weiteren Verbesserung der Patientenversorgung, der Optimierung von Prozessen und der Senkung von Kosten.<\/h4>\n<p>[\/et_pb_text][\/et_pb_column][et_pb_column type=&#8221;1_2&#8243;][\/et_pb_column][\/et_pb_row][\/et_pb_section]<\/p>\n","protected":false},"excerpt":{"rendered":"<p>Lab Advisor Tool: Die BI Komplettl\u00f6sung f\u00fcr das LaborIn ein \u00abLaboratory Information Systems\u00bb (LIS) werden Daten aus einer gro\u00dfen Anzahl von Tabellen importiert und diese Daten k\u00f6nnen mit anderen relevanten Daten aus externen Datenquellen kombiniert werden. Datenimport und Informationsgewinnung sind oftmals hoch komplex. Dimensional Insight verf\u00fcgt \u00fcber viel Knowhow in diesem Bereich und hat mit [&hellip;]<\/p>\n","protected":false},"author":59,"featured_media":0,"parent":0,"menu_order":0,"comment_status":"closed","ping_status":"closed","template":"","meta":{"_et_pb_use_builder":"on","_et_pb_old_content":"","_et_gb_content_width":"","footnotes":""},"class_list":["post-5955","page","type-page","status-publish","hentry"],"yoast_head":"<!-- This site is optimized with the Yoast SEO Premium plugin v27.3 (Yoast SEO v27.3) - https:\/\/yoast.com\/product\/yoast-seo-premium-wordpress\/ -->\n<title>Lab Advisor - Dimensional Insight Deutschland<\/title>\n<meta name=\"robots\" content=\"index, follow, max-snippet:-1, max-image-preview:large, max-video-preview:-1\" \/>\n<link rel=\"canonical\" href=\"https:\/\/www.dimins.com\/de\/lab-advisor\/\" \/>\n<meta property=\"og:locale\" content=\"en_US\" \/>\n<meta property=\"og:type\" content=\"article\" \/>\n<meta property=\"og:title\" content=\"Lab Advisor\" \/>\n<meta property=\"og:description\" content=\"Lab Advisor Tool: Die BI Komplettl\u00f6sung f\u00fcr das LaborIn ein \u00abLaboratory Information Systems\u00bb (LIS) werden Daten aus einer gro\u00dfen Anzahl von Tabellen importiert und diese Daten k\u00f6nnen mit anderen relevanten Daten aus externen Datenquellen kombiniert werden. Datenimport und Informationsgewinnung sind oftmals hoch komplex. Dimensional Insight verf\u00fcgt \u00fcber viel Knowhow in diesem Bereich und hat mit [&hellip;]\" \/>\n<meta property=\"og:url\" content=\"https:\/\/www.dimins.com\/de\/lab-advisor\/\" \/>\n<meta property=\"og:site_name\" content=\"Dimensional Insight Deutschland\" \/>\n<meta property=\"article:modified_time\" content=\"2018-05-01T14:08:24+00:00\" \/>\n<meta name=\"twitter:card\" content=\"summary_large_image\" \/>\n<meta name=\"twitter:label1\" content=\"Est. reading time\" \/>\n\t<meta name=\"twitter:data1\" content=\"5 minutes\" \/>\n<script type=\"application\/ld+json\" class=\"yoast-schema-graph\">{\"@context\":\"https:\\\/\\\/schema.org\",\"@graph\":[{\"@type\":\"WebPage\",\"@id\":\"https:\\\/\\\/www.dimins.com\\\/de\\\/lab-advisor\\\/\",\"url\":\"https:\\\/\\\/www.dimins.com\\\/de\\\/lab-advisor\\\/\",\"name\":\"Lab Advisor - Dimensional Insight Deutschland\",\"isPartOf\":{\"@id\":\"https:\\\/\\\/www.dimins.com\\\/de\\\/#website\"},\"datePublished\":\"2017-01-18T12:24:33+00:00\",\"dateModified\":\"2018-05-01T14:08:24+00:00\",\"breadcrumb\":{\"@id\":\"https:\\\/\\\/www.dimins.com\\\/de\\\/lab-advisor\\\/#breadcrumb\"},\"inLanguage\":\"en-US\",\"potentialAction\":[{\"@type\":\"ReadAction\",\"target\":[\"https:\\\/\\\/www.dimins.com\\\/de\\\/lab-advisor\\\/\"]}]},{\"@type\":\"BreadcrumbList\",\"@id\":\"https:\\\/\\\/www.dimins.com\\\/de\\\/lab-advisor\\\/#breadcrumb\",\"itemListElement\":[{\"@type\":\"ListItem\",\"position\":1,\"name\":\"Home\",\"item\":\"https:\\\/\\\/www.dimins.com\\\/de\\\/\"},{\"@type\":\"ListItem\",\"position\":2,\"name\":\"Lab Advisor\"}]},{\"@type\":\"WebSite\",\"@id\":\"https:\\\/\\\/www.dimins.com\\\/de\\\/#website\",\"url\":\"https:\\\/\\\/www.dimins.com\\\/de\\\/\",\"name\":\"Dimensional Insight Deutschland\",\"description\":\"Business Intelligence L\u00f6sungen\",\"potentialAction\":[{\"@type\":\"SearchAction\",\"target\":{\"@type\":\"EntryPoint\",\"urlTemplate\":\"https:\\\/\\\/www.dimins.com\\\/de\\\/?s={search_term_string}\"},\"query-input\":{\"@type\":\"PropertyValueSpecification\",\"valueRequired\":true,\"valueName\":\"search_term_string\"}}],\"inLanguage\":\"en-US\"}]}<\/script>\n<!-- \/ Yoast SEO Premium plugin. -->","yoast_head_json":{"title":"Lab Advisor - Dimensional Insight Deutschland","robots":{"index":"index","follow":"follow","max-snippet":"max-snippet:-1","max-image-preview":"max-image-preview:large","max-video-preview":"max-video-preview:-1"},"canonical":"https:\/\/www.dimins.com\/de\/lab-advisor\/","og_locale":"en_US","og_type":"article","og_title":"Lab Advisor","og_description":"Lab Advisor Tool: Die BI Komplettl\u00f6sung f\u00fcr das LaborIn ein \u00abLaboratory Information Systems\u00bb (LIS) werden Daten aus einer gro\u00dfen Anzahl von Tabellen importiert und diese Daten k\u00f6nnen mit anderen relevanten Daten aus externen Datenquellen kombiniert werden. Datenimport und Informationsgewinnung sind oftmals hoch komplex. Dimensional Insight verf\u00fcgt \u00fcber viel Knowhow in diesem Bereich und hat mit [&hellip;]","og_url":"https:\/\/www.dimins.com\/de\/lab-advisor\/","og_site_name":"Dimensional Insight Deutschland","article_modified_time":"2018-05-01T14:08:24+00:00","twitter_card":"summary_large_image","twitter_misc":{"Est. reading time":"5 minutes"},"schema":{"@context":"https:\/\/schema.org","@graph":[{"@type":"WebPage","@id":"https:\/\/www.dimins.com\/de\/lab-advisor\/","url":"https:\/\/www.dimins.com\/de\/lab-advisor\/","name":"Lab Advisor - Dimensional Insight Deutschland","isPartOf":{"@id":"https:\/\/www.dimins.com\/de\/#website"},"datePublished":"2017-01-18T12:24:33+00:00","dateModified":"2018-05-01T14:08:24+00:00","breadcrumb":{"@id":"https:\/\/www.dimins.com\/de\/lab-advisor\/#breadcrumb"},"inLanguage":"en-US","potentialAction":[{"@type":"ReadAction","target":["https:\/\/www.dimins.com\/de\/lab-advisor\/"]}]},{"@type":"BreadcrumbList","@id":"https:\/\/www.dimins.com\/de\/lab-advisor\/#breadcrumb","itemListElement":[{"@type":"ListItem","position":1,"name":"Home","item":"https:\/\/www.dimins.com\/de\/"},{"@type":"ListItem","position":2,"name":"Lab Advisor"}]},{"@type":"WebSite","@id":"https:\/\/www.dimins.com\/de\/#website","url":"https:\/\/www.dimins.com\/de\/","name":"Dimensional Insight Deutschland","description":"Business Intelligence L\u00f6sungen","potentialAction":[{"@type":"SearchAction","target":{"@type":"EntryPoint","urlTemplate":"https:\/\/www.dimins.com\/de\/?s={search_term_string}"},"query-input":{"@type":"PropertyValueSpecification","valueRequired":true,"valueName":"search_term_string"}}],"inLanguage":"en-US"}]}},"_links":{"self":[{"href":"https:\/\/www.dimins.com\/de\/wp-json\/wp\/v2\/pages\/5955","targetHints":{"allow":["GET"]}}],"collection":[{"href":"https:\/\/www.dimins.com\/de\/wp-json\/wp\/v2\/pages"}],"about":[{"href":"https:\/\/www.dimins.com\/de\/wp-json\/wp\/v2\/types\/page"}],"author":[{"embeddable":true,"href":"https:\/\/www.dimins.com\/de\/wp-json\/wp\/v2\/users\/59"}],"replies":[{"embeddable":true,"href":"https:\/\/www.dimins.com\/de\/wp-json\/wp\/v2\/comments?post=5955"}],"version-history":[{"count":0,"href":"https:\/\/www.dimins.com\/de\/wp-json\/wp\/v2\/pages\/5955\/revisions"}],"wp:attachment":[{"href":"https:\/\/www.dimins.com\/de\/wp-json\/wp\/v2\/media?parent=5955"}],"curies":[{"name":"wp","href":"https:\/\/api.w.org\/{rel}","templated":true}]}}