{"id":129,"date":"2014-11-21T12:24:43","date_gmt":"2014-11-21T12:24:43","guid":{"rendered":"http:\/\/ve-dbraas.nl.www.dimins.com\/nl\/?page_id=129"},"modified":"2016-12-13T14:04:01","modified_gmt":"2016-12-13T12:04:01","slug":"downloads","status":"publish","type":"page","link":"https:\/\/www.dimins.com\/de\/ueber-uns\/downloads\/","title":{"rendered":"Downloads"},"content":{"rendered":"<p>[et_pb_section admin_label=&#8221;section&#8221; fullwidth=&#8221;on&#8221; specialty=&#8221;off&#8221; background_image=&#8221;http:\/\/web.www.dimins.com\/wp-content\/uploads\/2014\/09\/resource-library-banner.jpg&#8221; transparent_background=&#8221;off&#8221; background_color=&#8221;#ffffff&#8221; inner_shadow=&#8221;off&#8221; parallax=&#8221;off&#8221; parallax_method=&#8221;off&#8221;][et_pb_fullwidth_header admin_label=&#8221;Fullwidth Header&#8221; title=&#8221;Downloads&#8221; background_layout=&#8221;dark&#8221; text_orientation=&#8221;left&#8221; header_fullscreen=&#8221;off&#8221; header_scroll_down=&#8221;off&#8221; parallax=&#8221;off&#8221; parallax_method=&#8221;off&#8221; content_orientation=&#8221;center&#8221; image_orientation=&#8221;center&#8221; custom_button_one=&#8221;off&#8221; button_one_letter_spacing=&#8221;0&#8243; button_one_use_icon=&#8221;default&#8221; button_one_icon_placement=&#8221;right&#8221; button_one_on_hover=&#8221;on&#8221; button_one_letter_spacing_hover=&#8221;0&#8243; custom_button_two=&#8221;off&#8221; button_two_letter_spacing=&#8221;0&#8243; button_two_use_icon=&#8221;default&#8221; button_two_icon_placement=&#8221;right&#8221; button_two_on_hover=&#8221;on&#8221; button_two_letter_spacing_hover=&#8221;0&#8243;]<\/p>\n<p>[\/et_pb_fullwidth_header][\/et_pb_section][et_pb_section admin_label=&#8221;section&#8221; fullwidth=&#8221;off&#8221; specialty=&#8221;off&#8221;][et_pb_row admin_label=&#8221;row&#8221;][et_pb_column type=&#8221;3_4&#8243;][et_pb_text admin_label=&#8221;Text&#8221; background_layout=&#8221;light&#8221; text_orientation=&#8221;left&#8221; use_border_color=&#8221;off&#8221; border_color=&#8221;#ffffff&#8221; border_style=&#8221;solid&#8221;]<\/p>\n<h2>Brochures<\/h2>\n<h4>Die&nbsp;Diver Solution<\/h4>\n<p>Die vollst\u00e4ndige, integrierte Business Intelligence-L\u00f6sung.<\/p>\n<p><a href=\"https:\/\/www.dimins.com\/de\/wp-content\/uploads\/sites\/10\/2016\/04\/DI_Brochure_-_DE.pdf\" target=\"_blank\">Download Diver Solution Information<\/a><\/p>\n<p>[\/et_pb_text][\/et_pb_column][et_pb_column type=&#8221;1_4&#8243;][et_pb_image admin_label=&#8221;Image&#8221; src=&#8221;https:\/\/www.dimins.com\/de\/wp-content\/uploads\/sites\/2\/2014\/11\/downloads_diver_brochure.png&#8221; show_in_lightbox=&#8221;off&#8221; url_new_window=&#8221;on&#8221; animation=&#8221;left&#8221; sticky=&#8221;off&#8221; url=&#8221;https:\/\/www.dimins.com\/de\/wp-content\/uploads\/sites\/10\/2016\/04\/DI_Brochure_-_DE.pdf&#8221; align=&#8221;left&#8221; force_fullwidth=&#8221;off&#8221; always_center_on_mobile=&#8221;on&#8221; use_border_color=&#8221;off&#8221; border_color=&#8221;#ffffff&#8221; border_style=&#8221;solid&#8221; use_overlay=&#8221;off&#8221;]<\/p>\n<p>[\/et_pb_image][\/et_pb_column][\/et_pb_row][et_pb_row admin_label=&#8221;row&#8221;][et_pb_column type=&#8221;3_4&#8243;][et_pb_text admin_label=&#8221;Text&#8221; background_layout=&#8221;light&#8221; text_orientation=&#8221;left&#8221; use_border_color=&#8221;off&#8221; border_color=&#8221;#ffffff&#8221; border_style=&#8221;solid&#8221;]<\/p>\n<h2>DiveTab N\u00e4chste Generation des&nbsp;Information Delivery<\/h2>\n<p>Mobilen Anwendern mit steht mit DiveTab eine App zur Verf\u00fcgung, die f\u00fcr die mobilen Devices, wie Windows Laptop, Windows Tablet und iOS iPad, optimiert ist.<\/p>\n<p style=\"text-align: justify\"><a href=\"https:\/\/www.dimins.com\/de\/wp-content\/uploads\/sites\/10\/2016\/04\/divetab-flyer-final-7.16.14.pdf\" target=\"_blank\">Download DiveTab Information (Englisch)<\/a><\/p>\n<p>[\/et_pb_text][\/et_pb_column][et_pb_column type=&#8221;1_4&#8243;][et_pb_image admin_label=&#8221;Image&#8221; src=&#8221;https:\/\/www.dimins.com\/de\/wp-content\/uploads\/sites\/2\/2014\/11\/downloads_data_sheet.png&#8221; show_in_lightbox=&#8221;off&#8221; url_new_window=&#8221;on&#8221; animation=&#8221;left&#8221; sticky=&#8221;off&#8221; url=&#8221;https:\/\/www.dimins.com\/de\/wp-content\/uploads\/sites\/10\/2016\/04\/divetab-flyer-final-7.16.14.pdf&#8221; align=&#8221;left&#8221; force_fullwidth=&#8221;off&#8221; always_center_on_mobile=&#8221;on&#8221; use_border_color=&#8221;off&#8221; border_color=&#8221;#ffffff&#8221; border_style=&#8221;solid&#8221; use_overlay=&#8221;off&#8221;]<\/p>\n<p>[\/et_pb_image][\/et_pb_column][\/et_pb_row][et_pb_row admin_label=&#8221;row&#8221;][et_pb_column type=&#8221;3_4&#8243;][et_pb_text admin_label=&#8221;Text&#8221; background_layout=&#8221;light&#8221; text_orientation=&#8221;left&#8221; use_border_color=&#8221;off&#8221; border_color=&#8221;#ffffff&#8221; border_style=&#8221;solid&#8221;]<\/p>\n<h2>Ergebnisse der Analysten<\/h2>\n<h4>Dimensional Insight zum f\u00fcnften Mal #1 im KLAS Report<\/h4>\n<p>Das f\u00fcnfte Jahr in Folge ist Dimensional Insight auf dem ersten Platz im \u201eBest in KLAS: Software und Services\u201c Report in der Kategorie \u201e<em>Best in KLAS in Business Intelligence \/ Analytics<\/em>\u201c.<\/p>\n<p><a href=\"https:\/\/www.dimins.com\/de\/wp-content\/uploads\/sites\/10\/2015\/02\/klas-bi-performance-highlights.pdf\" target=\"_blank\">Download KLAS PDF (Englisch)<\/a><\/p>\n<p>[\/et_pb_text][\/et_pb_column][et_pb_column type=&#8221;1_4&#8243;][et_pb_image admin_label=&#8221;Image&#8221; src=&#8221;https:\/\/www.dimins.com\/de\/wp-content\/uploads\/sites\/2\/2014\/11\/downloads_best_in_klas.png&#8221; show_in_lightbox=&#8221;off&#8221; url_new_window=&#8221;on&#8221; animation=&#8221;left&#8221; sticky=&#8221;off&#8221; url=&#8221;\/nl\/wp-content\/uploads\/sites\/2\/2014\/11\/klas-bi-performance-highlights.pdf&#8221; align=&#8221;left&#8221; force_fullwidth=&#8221;off&#8221; always_center_on_mobile=&#8221;on&#8221; use_border_color=&#8221;off&#8221; border_color=&#8221;#ffffff&#8221; border_style=&#8221;solid&#8221;]<\/p>\n<p>[\/et_pb_image][\/et_pb_column][\/et_pb_row][et_pb_row admin_label=&#8221;row&#8221;][et_pb_column type=&#8221;3_4&#8243;][et_pb_text admin_label=&#8221;Text&#8221; background_layout=&#8221;light&#8221; text_orientation=&#8221;left&#8221; use_border_color=&#8221;off&#8221; border_color=&#8221;#ffffff&#8221; border_style=&#8221;solid&#8221;]<\/p>\n<h4>BARC Study 2014<\/h4>\n<p>Dimensional Insight ist die # 1 im BARC BI Survey 2014, der weltweit gr\u00f6\u00dften unabh\u00e4ngigen Untersuchung des Business-Intelligence-Marktes.<\/p>\n<p><a href=\"https:\/\/www.dimins.com\/de\/wp-content\/uploads\/sites\/2\/2014\/11\/barc-report-2013.2-23.pdf\" target=\"_blank\">Download BARC PDF (Englisch)<\/a><\/p>\n<p>[\/et_pb_text][\/et_pb_column][et_pb_column type=&#8221;1_4&#8243;][et_pb_image admin_label=&#8221;Image&#8221; src=&#8221;https:\/\/www.dimins.com\/de\/wp-content\/uploads\/sites\/2\/2014\/11\/downloads_barc.png&#8221; show_in_lightbox=&#8221;off&#8221; url_new_window=&#8221;on&#8221; animation=&#8221;left&#8221; sticky=&#8221;off&#8221; url=&#8221;\/nl\/wp-content\/uploads\/sites\/2\/2014\/11\/barc-report-2013.2-23.pdf&#8221;]<\/p>\n<p>[\/et_pb_image][\/et_pb_column][\/et_pb_row][et_pb_row admin_label=&#8221;row&#8221;][et_pb_column type=&#8221;3_4&#8243;][et_pb_text admin_label=&#8221;Text&#8221; background_layout=&#8221;light&#8221; text_orientation=&#8221;left&#8221; use_border_color=&#8221;off&#8221; border_color=&#8221;#ffffff&#8221; border_style=&#8221;solid&#8221;]<\/p>\n<h4>The Wisdom of the Crowds BI Market Study<\/h4>\n<p>Howard Dresner, ein anerkannter BI Markt Experte, untersucht einmal pro Jahr, welche Erfahrungen Benutzer mit Ihren BI-L\u00f6sungen sammeln.<\/p>\n<p><a href=\"https:\/\/www.dimins.com\/de\/wp-content\/uploads\/sites\/10\/2015\/02\/Dresner-Advisory-Services-Wisdom-Of-Crowds-Business-Intelligence-Market-Study-2014.pdf\" target=\"_blank\">Download The Wisdom of the Crowds BI Market Study (Englisch)<\/a><\/p>\n<p>[\/et_pb_text][\/et_pb_column][et_pb_column type=&#8221;1_4&#8243;][et_pb_image admin_label=&#8221;Image&#8221; src=&#8221;https:\/\/www.dimins.com\/de\/wp-content\/uploads\/sites\/2\/2014\/11\/downloads_wisdom.png&#8221; show_in_lightbox=&#8221;off&#8221; url_new_window=&#8221;on&#8221; animation=&#8221;left&#8221; sticky=&#8221;off&#8221; url=&#8221;\/nl\/wp-content\/uploads\/sites\/10\/2015\/02\/Dresner-Advisory-Services-Wisdom-Of-Crowds-Business-Intelligence-Market-Study-2014.pdf&#8221; use_overlay=&#8221;off&#8221; align=&#8221;left&#8221; force_fullwidth=&#8221;off&#8221; always_center_on_mobile=&#8221;on&#8221; use_border_color=&#8221;off&#8221; border_color=&#8221;#ffffff&#8221; border_style=&#8221;solid&#8221;]<\/p>\n<p>[\/et_pb_image][\/et_pb_column][\/et_pb_row][\/et_pb_section][et_pb_section admin_label=&#8221;section&#8221; fullwidth=&#8221;off&#8221; specialty=&#8221;off&#8221; transparent_background=&#8221;off&#8221; background_color=&#8221;#dbdbdb&#8221; inner_shadow=&#8221;off&#8221; parallax=&#8221;off&#8221; parallax_method=&#8221;off&#8221;][et_pb_row admin_label=&#8221;row&#8221;][et_pb_column type=&#8221;1_3&#8243;][et_pb_text admin_label=&#8221;Text&#8221; background_layout=&#8221;light&#8221; text_orientation=&#8221;left&#8221; use_border_color=&#8221;off&#8221; border_color=&#8221;#ffffff&#8221; border_style=&#8221;solid&#8221;]<\/p>\n<h2>Mehr Informationen&nbsp;\u00fcber unsere Produkte?<\/h2>\n<p>Erfahren Sie mehr zu:<\/p>\n<ul>\n<li class=\"\"><a href=\"\/de\/technologie\/diver-solution\/\">Diver Solution<\/a><\/li>\n<li class=\"\"><a href=\"\/de\/technologie\/divetab\/\">Mobilit\u00e4t<\/a><\/li>\n<\/ul>\n<p>[\/et_pb_text][\/et_pb_column][et_pb_column type=&#8221;1_3&#8243;][\/et_pb_column][et_pb_column type=&#8221;1_3&#8243;][et_pb_text admin_label=&#8221;Text&#8221; background_layout=&#8221;light&#8221; text_orientation=&#8221;left&#8221; use_border_color=&#8221;off&#8221; border_color=&#8221;#ffffff&#8221; border_style=&#8221;solid&#8221;]<\/p>\n<h2>Kontakt zu&nbsp;uns<\/h2>\n<p>F\u00fcr mehr Informationen oder eine Beratung, nehmen sie Kontakt mit&nbsp;uns auf \u00fcber&nbsp;den folgenden link.<br \/>\n<a href=\"\/de\/ueber-uns\/kontakt\/\">Kontakt herstellen<\/a><\/p>\n<p>[\/et_pb_text][\/et_pb_column][\/et_pb_row][\/et_pb_section]<\/p>\n","protected":false},"excerpt":{"rendered":"<p>Brochures Die&nbsp;Diver Solution Die vollst\u00e4ndige, integrierte Business Intelligence-L\u00f6sung. Download Diver Solution Information DiveTab N\u00e4chste Generation des&nbsp;Information Delivery Mobilen Anwendern mit steht mit DiveTab eine App zur Verf\u00fcgung, die f\u00fcr die mobilen Devices, wie Windows Laptop, Windows Tablet und iOS iPad, optimiert ist. Download DiveTab Information (Englisch) Ergebnisse der Analysten Dimensional Insight zum f\u00fcnften Mal #1 [&hellip;]<\/p>\n","protected":false},"author":13,"featured_media":0,"parent":2228,"menu_order":0,"comment_status":"open","ping_status":"open","template":"","meta":{"_et_pb_use_builder":"on","_et_pb_old_content":"","_et_gb_content_width":"","footnotes":""},"class_list":["post-129","page","type-page","status-publish","hentry"],"yoast_head":"<!-- This site is optimized with the Yoast SEO Premium plugin v27.4 (Yoast SEO v27.4) - https:\/\/yoast.com\/product\/yoast-seo-premium-wordpress\/ -->\n<title>Downloads - Dimensional Insight Deutschland<\/title>\n<meta name=\"robots\" content=\"index, follow, max-snippet:-1, max-image-preview:large, max-video-preview:-1\" \/>\n<link rel=\"canonical\" href=\"https:\/\/www.dimins.com\/de\/ueber-uns\/downloads\/\" \/>\n<meta property=\"og:locale\" content=\"en_US\" \/>\n<meta property=\"og:type\" content=\"article\" \/>\n<meta property=\"og:title\" content=\"Downloads\" \/>\n<meta property=\"og:description\" content=\"Brochures Die&nbsp;Diver Solution Die vollst\u00e4ndige, integrierte Business Intelligence-L\u00f6sung. Download Diver Solution Information DiveTab N\u00e4chste Generation des&nbsp;Information Delivery Mobilen Anwendern mit steht mit DiveTab eine App zur Verf\u00fcgung, die f\u00fcr die mobilen Devices, wie Windows Laptop, Windows Tablet und iOS iPad, optimiert ist. Download DiveTab Information (Englisch) Ergebnisse der Analysten Dimensional Insight zum f\u00fcnften Mal #1 [&hellip;]\" \/>\n<meta property=\"og:url\" content=\"https:\/\/www.dimins.com\/de\/ueber-uns\/downloads\/\" \/>\n<meta property=\"og:site_name\" content=\"Dimensional Insight Deutschland\" \/>\n<meta property=\"article:modified_time\" content=\"2016-12-13T12:04:01+00:00\" \/>\n<meta name=\"twitter:card\" content=\"summary_large_image\" \/>\n<meta name=\"twitter:label1\" content=\"Est. reading time\" \/>\n\t<meta name=\"twitter:data1\" content=\"5 minutes\" \/>\n<script type=\"application\/ld+json\" class=\"yoast-schema-graph\">{\"@context\":\"https:\\\/\\\/schema.org\",\"@graph\":[{\"@type\":\"WebPage\",\"@id\":\"https:\\\/\\\/www.dimins.com\\\/de\\\/ueber-uns\\\/downloads\\\/\",\"url\":\"https:\\\/\\\/www.dimins.com\\\/de\\\/ueber-uns\\\/downloads\\\/\",\"name\":\"Downloads - Dimensional Insight Deutschland\",\"isPartOf\":{\"@id\":\"https:\\\/\\\/www.dimins.com\\\/de\\\/#website\"},\"datePublished\":\"2014-11-21T12:24:43+00:00\",\"dateModified\":\"2016-12-13T12:04:01+00:00\",\"breadcrumb\":{\"@id\":\"https:\\\/\\\/www.dimins.com\\\/de\\\/ueber-uns\\\/downloads\\\/#breadcrumb\"},\"inLanguage\":\"en-US\",\"potentialAction\":[{\"@type\":\"ReadAction\",\"target\":[\"https:\\\/\\\/www.dimins.com\\\/de\\\/ueber-uns\\\/downloads\\\/\"]}]},{\"@type\":\"BreadcrumbList\",\"@id\":\"https:\\\/\\\/www.dimins.com\\\/de\\\/ueber-uns\\\/downloads\\\/#breadcrumb\",\"itemListElement\":[{\"@type\":\"ListItem\",\"position\":1,\"name\":\"Home\",\"item\":\"https:\\\/\\\/www.dimins.com\\\/de\\\/\"},{\"@type\":\"ListItem\",\"position\":2,\"name\":\"\u00dcber uns\",\"item\":\"https:\\\/\\\/www.dimins.com\\\/de\\\/ueber-uns\\\/\"},{\"@type\":\"ListItem\",\"position\":3,\"name\":\"Downloads\"}]},{\"@type\":\"WebSite\",\"@id\":\"https:\\\/\\\/www.dimins.com\\\/de\\\/#website\",\"url\":\"https:\\\/\\\/www.dimins.com\\\/de\\\/\",\"name\":\"Dimensional Insight Deutschland\",\"description\":\"Business Intelligence L\u00f6sungen\",\"potentialAction\":[{\"@type\":\"SearchAction\",\"target\":{\"@type\":\"EntryPoint\",\"urlTemplate\":\"https:\\\/\\\/www.dimins.com\\\/de\\\/?s={search_term_string}\"},\"query-input\":{\"@type\":\"PropertyValueSpecification\",\"valueRequired\":true,\"valueName\":\"search_term_string\"}}],\"inLanguage\":\"en-US\"}]}<\/script>\n<!-- \/ Yoast SEO Premium plugin. -->","yoast_head_json":{"title":"Downloads - Dimensional Insight Deutschland","robots":{"index":"index","follow":"follow","max-snippet":"max-snippet:-1","max-image-preview":"max-image-preview:large","max-video-preview":"max-video-preview:-1"},"canonical":"https:\/\/www.dimins.com\/de\/ueber-uns\/downloads\/","og_locale":"en_US","og_type":"article","og_title":"Downloads","og_description":"Brochures Die&nbsp;Diver Solution Die vollst\u00e4ndige, integrierte Business Intelligence-L\u00f6sung. Download Diver Solution Information DiveTab N\u00e4chste Generation des&nbsp;Information Delivery Mobilen Anwendern mit steht mit DiveTab eine App zur Verf\u00fcgung, die f\u00fcr die mobilen Devices, wie Windows Laptop, Windows Tablet und iOS iPad, optimiert ist. Download DiveTab Information (Englisch) Ergebnisse der Analysten Dimensional Insight zum f\u00fcnften Mal #1 [&hellip;]","og_url":"https:\/\/www.dimins.com\/de\/ueber-uns\/downloads\/","og_site_name":"Dimensional Insight Deutschland","article_modified_time":"2016-12-13T12:04:01+00:00","twitter_card":"summary_large_image","twitter_misc":{"Est. reading time":"5 minutes"},"schema":{"@context":"https:\/\/schema.org","@graph":[{"@type":"WebPage","@id":"https:\/\/www.dimins.com\/de\/ueber-uns\/downloads\/","url":"https:\/\/www.dimins.com\/de\/ueber-uns\/downloads\/","name":"Downloads - Dimensional Insight Deutschland","isPartOf":{"@id":"https:\/\/www.dimins.com\/de\/#website"},"datePublished":"2014-11-21T12:24:43+00:00","dateModified":"2016-12-13T12:04:01+00:00","breadcrumb":{"@id":"https:\/\/www.dimins.com\/de\/ueber-uns\/downloads\/#breadcrumb"},"inLanguage":"en-US","potentialAction":[{"@type":"ReadAction","target":["https:\/\/www.dimins.com\/de\/ueber-uns\/downloads\/"]}]},{"@type":"BreadcrumbList","@id":"https:\/\/www.dimins.com\/de\/ueber-uns\/downloads\/#breadcrumb","itemListElement":[{"@type":"ListItem","position":1,"name":"Home","item":"https:\/\/www.dimins.com\/de\/"},{"@type":"ListItem","position":2,"name":"\u00dcber uns","item":"https:\/\/www.dimins.com\/de\/ueber-uns\/"},{"@type":"ListItem","position":3,"name":"Downloads"}]},{"@type":"WebSite","@id":"https:\/\/www.dimins.com\/de\/#website","url":"https:\/\/www.dimins.com\/de\/","name":"Dimensional Insight Deutschland","description":"Business Intelligence L\u00f6sungen","potentialAction":[{"@type":"SearchAction","target":{"@type":"EntryPoint","urlTemplate":"https:\/\/www.dimins.com\/de\/?s={search_term_string}"},"query-input":{"@type":"PropertyValueSpecification","valueRequired":true,"valueName":"search_term_string"}}],"inLanguage":"en-US"}]}},"_links":{"self":[{"href":"https:\/\/www.dimins.com\/de\/wp-json\/wp\/v2\/pages\/129","targetHints":{"allow":["GET"]}}],"collection":[{"href":"https:\/\/www.dimins.com\/de\/wp-json\/wp\/v2\/pages"}],"about":[{"href":"https:\/\/www.dimins.com\/de\/wp-json\/wp\/v2\/types\/page"}],"author":[{"embeddable":true,"href":"https:\/\/www.dimins.com\/de\/wp-json\/wp\/v2\/users\/13"}],"replies":[{"embeddable":true,"href":"https:\/\/www.dimins.com\/de\/wp-json\/wp\/v2\/comments?post=129"}],"version-history":[{"count":0,"href":"https:\/\/www.dimins.com\/de\/wp-json\/wp\/v2\/pages\/129\/revisions"}],"up":[{"embeddable":true,"href":"https:\/\/www.dimins.com\/de\/wp-json\/wp\/v2\/pages\/2228"}],"wp:attachment":[{"href":"https:\/\/www.dimins.com\/de\/wp-json\/wp\/v2\/media?parent=129"}],"curies":[{"name":"wp","href":"https:\/\/api.w.org\/{rel}","templated":true}]}}