{"id":125,"date":"2014-11-21T12:23:25","date_gmt":"2014-11-21T12:23:25","guid":{"rendered":"http:\/\/ve-dbraas.nl.www.dimins.com\/nl\/?page_id=125"},"modified":"2018-11-28T22:39:54","modified_gmt":"2018-11-28T20:39:54","slug":"ueber-dimensional-insight","status":"publish","type":"page","link":"https:\/\/www.dimins.com\/de\/ueber-uns\/ueber-dimensional-insight\/","title":{"rendered":"Over Dimensional Insight"},"content":{"rendered":"<p>[et_pb_section bb_built=&#8221;1&#8243; admin_label=&#8221;section&#8221; fullwidth=&#8221;off&#8221; specialty=&#8221;off&#8221; next_background_color=&#8221;#dbdbdb&#8221;][et_pb_row admin_label=&#8221;row&#8221; background_position=&#8221;top_left&#8221; background_repeat=&#8221;repeat&#8221; background_size=&#8221;initial&#8221;][et_pb_column type=&#8221;4_4&#8243;][et_pb_text background_layout=&#8221;light&#8221; text_orientation=&#8221;left&#8221; use_border_color=&#8221;off&#8221; border_color=&#8221;#ffffff&#8221; border_style=&#8221;solid&#8221; background_position=&#8221;top_left&#8221; background_repeat=&#8221;repeat&#8221; background_size=&#8221;initial&#8221;]<\/p>\n<h1>\u00dcber Dimensional Insight Deutschland GmbH<\/h1>\n<p>[\/et_pb_text][\/et_pb_column][\/et_pb_row][et_pb_row admin_label=&#8221;row&#8221; background_position=&#8221;top_left&#8221; background_repeat=&#8221;repeat&#8221; background_size=&#8221;initial&#8221;][et_pb_column type=&#8221;1_2&#8243;][et_pb_text background_layout=&#8221;light&#8221; text_orientation=&#8221;left&#8221; use_border_color=&#8221;off&#8221; border_color=&#8221;#ffffff&#8221; border_style=&#8221;solid&#8221; background_position=&#8221;top_left&#8221; background_repeat=&#8221;repeat&#8221; background_size=&#8221;initial&#8221;]<\/p>\n<p style=\"text-align: justify\">Dimensional Insight (DI), 1989 gegr\u00fcndet, ist eine Privatunternehmen, deren Aktienkapital noch immer vollst\u00e4ndig von den beiden Gr\u00fcndungsgesellschaftern gehalten wird. Von Anfang an hat sich die Gesellschaft auf die Entwicklung und Vermarktung von Business Intelligence L\u00f6sungen spezialisiert und h\u00e4lt mehrere Patente.<\/p>\n<p style=\"text-align: justify\">Dimensional Insight hat im Jahr 2000 begonnen, die Diver Solution in Deutschland zu verkaufen und in diesem Jahr den ersten Vertriebspartner akquiriert. Seit 2013, Jahr der Gr\u00fcndung Dimensional Insight Deutschland Organisation ist die wichtigste Aufgabe des Unternehmen die direkte Betreuung der bestehenden und neuen Anwender.<\/p>\n<p>[\/et_pb_text][\/et_pb_column][et_pb_column type=&#8221;1_2&#8243;][et_pb_image src=&#8221;https:\/\/www.dimins.com\/de\/wp-content\/uploads\/sites\/10\/2018\/11\/Kleve.jpg&#8221; use_border_color=&#8221;off&#8221; animation_style=&#8221;slide&#8221; animation_duration=&#8221;500ms&#8221; animation_intensity_slide=&#8221;10%&#8221; animation_direction=&#8221;left&#8221; _builder_version=&#8221;3.17.3&#8243; \/][\/et_pb_column][\/et_pb_row][et_pb_row admin_label=&#8221;row&#8221; make_fullwidth=&#8221;off&#8221; use_custom_width=&#8221;off&#8221; width_unit=&#8221;on&#8221; use_custom_gutter=&#8221;off&#8221; padding_mobile=&#8221;off&#8221; allow_player_pause=&#8221;off&#8221; parallax=&#8221;off&#8221; parallax_method=&#8221;off&#8221; make_equal=&#8221;off&#8221; column_padding_mobile=&#8221;on&#8221; background_position=&#8221;top_left&#8221; background_repeat=&#8221;repeat&#8221; background_size=&#8221;initial&#8221;][et_pb_column type=&#8221;4_4&#8243;][et_pb_text background_layout=&#8221;light&#8221; text_orientation=&#8221;left&#8221; use_border_color=&#8221;off&#8221; border_color=&#8221;#ffffff&#8221; border_style=&#8221;solid&#8221; background_position=&#8221;top_left&#8221; background_repeat=&#8221;repeat&#8221; background_size=&#8221;initial&#8221;]<\/p>\n<p>\nDimensional Insight hat das Ziel, eine langfristige Beziehung mit Kunden und Partnern aufzubauen und zu unterst\u00fctzen.<br \/>Unsere Kunden k\u00f6nnen jederzeit auf die Expertise unserer Consulting Experten zugreifen. Wir unterst\u00fctzen unsere Kunden bei der Entwicklung spezifischer L\u00f6sungen, deren Implementierung und bieten ihnen ein vollst\u00e4ndiges Hosting an.<br \/>Durch unser Schulungsangebot f\u00fcr interne Mitarbeiter unserer Kunden stellen wir sicher, dass notwendiges Knowhow f\u00fcr einen reibungslosen Betrieb der Diver Solution vor Ort vorhanden ist.<br \/>Dar\u00fcber hinaus hat Dimensional Insight ein Netzwerk von Distributoren und Partnern, so dass Kunden die bestm\u00f6glichen L\u00f6sungen f\u00fcr ihre spezifischen Situationen zur Verf\u00fcgung gestellt werden k\u00f6nnen.<\/p>\n<p>[\/et_pb_text][et_pb_map address=&#8221;47533 Kleve, Germany&#8221; zoom_level=&#8221;5&#8243; address_lat=&#8221;51.78672599999999&#8243; address_lng=&#8221;6.12954000000002&#8243; mouse_wheel=&#8221;off&#8221; _builder_version=&#8221;3.17.3&#8243;][et_pb_map_pin title=&#8221;Dimensional Insight Deutschland GmbH&#8221; pin_address=&#8221;Briener Str. 25, 47533 Kleve, Germany&#8221; pin_address_lat=&#8221;51.7955349&#8243; pin_address_lng=&#8221;6.145973400000003&#8243; _builder_version=&#8221;3.17.3&#8243; zoom_level=&#8221;18&#8243; hover_transition_duration=&#8221;300ms&#8221; hover_transition_delay=&#8221;0ms&#8221; hover_transition_speed_curve=&#8221;ease&#8221; \/][et_pb_map_pin title=&#8221;Dimensional Insight Netherlands (EMEA HQ)&#8221; pin_address=&#8221;Breestraat 59, 2311 CJ Leiden, Niederlande&#8221; pin_address_lat=&#8221;52.15939969999999&#8243; pin_address_lng=&#8221;4.48842680000007&#8243; _builder_version=&#8221;3.17.3&#8243; \/][\/et_pb_map][\/et_pb_column][\/et_pb_row][\/et_pb_section][et_pb_section bb_built=&#8221;1&#8243; admin_label=&#8221;section&#8221; fullwidth=&#8221;off&#8221; specialty=&#8221;off&#8221; transparent_background=&#8221;off&#8221; background_color=&#8221;#dbdbdb&#8221; inner_shadow=&#8221;off&#8221; parallax=&#8221;off&#8221; parallax_method=&#8221;off&#8221; prev_background_color=&#8221;#ffffff&#8221;][et_pb_row admin_label=&#8221;row&#8221; background_position=&#8221;top_left&#8221; background_repeat=&#8221;repeat&#8221; background_size=&#8221;initial&#8221;][et_pb_column type=&#8221;1_3&#8243;][et_pb_text background_layout=&#8221;light&#8221; use_border_color=&#8221;off&#8221; background_position=&#8221;top_left&#8221; background_repeat=&#8221;repeat&#8221; background_size=&#8221;initial&#8221; _builder_version=&#8221;3.0.106&#8243;]<\/p>\n<h2>Kontakt mit uns<\/h2>\n<p>F\u00fcr mehrere Infos oder eine Beratung, nehmen sie Kontakt mit uns \u00fcber den folgenden link.<br \/><a href=\"\/de\/ueber-uns\/kontakt\/\">Kontakt herstellen<\/a><\/p>\n<p>[\/et_pb_text][\/et_pb_column][et_pb_column type=&#8221;1_3&#8243;][\/et_pb_column][et_pb_column type=&#8221;1_3&#8243;][et_pb_text background_layout=&#8221;light&#8221; use_border_color=&#8221;off&#8221; background_position=&#8221;top_left&#8221; background_repeat=&#8221;repeat&#8221; background_size=&#8221;initial&#8221; _builder_version=&#8221;3.0.106&#8243;]<\/p>\n<h2>Downloads<\/h2>\n<p>Interesse in Brochure und etwas mehr Dokumentation?<br \/><a href=\"\/de\/ueber-uns\/downloads\/\">Download Area<\/a><\/p>\n<p>[\/et_pb_text][\/et_pb_column][\/et_pb_row][\/et_pb_section]<\/p>\n","protected":false},"excerpt":{"rendered":"<p>\u00dcber Dimensional Insight Deutschland GmbH Dimensional Insight (DI), 1989 gegr\u00fcndet, ist eine Privatunternehmen, deren Aktienkapital noch immer vollst\u00e4ndig von den beiden Gr\u00fcndungsgesellschaftern gehalten wird. Von Anfang an hat sich die Gesellschaft auf die Entwicklung und Vermarktung von Business Intelligence L\u00f6sungen spezialisiert und h\u00e4lt mehrere Patente. Dimensional Insight hat im Jahr 2000 begonnen, die Diver Solution [&hellip;]<\/p>\n","protected":false},"author":13,"featured_media":0,"parent":2228,"menu_order":0,"comment_status":"open","ping_status":"open","template":"","meta":{"_et_pb_use_builder":"on","_et_pb_old_content":"<p>test<\/p>","_et_gb_content_width":"","footnotes":""},"class_list":["post-125","page","type-page","status-publish","hentry"],"yoast_head":"<!-- This site is optimized with the Yoast SEO Premium plugin v27.4 (Yoast SEO v27.4) - https:\/\/yoast.com\/product\/yoast-seo-premium-wordpress\/ -->\n<title>Over Dimensional Insight - Dimensional Insight Deutschland<\/title>\n<meta name=\"robots\" content=\"index, follow, max-snippet:-1, max-image-preview:large, max-video-preview:-1\" \/>\n<link rel=\"canonical\" href=\"https:\/\/www.dimins.com\/de\/ueber-uns\/ueber-dimensional-insight\/\" \/>\n<meta property=\"og:locale\" content=\"en_US\" \/>\n<meta property=\"og:type\" content=\"article\" \/>\n<meta property=\"og:title\" content=\"Over Dimensional Insight\" \/>\n<meta property=\"og:description\" content=\"\u00dcber Dimensional Insight Deutschland GmbH Dimensional Insight (DI), 1989 gegr\u00fcndet, ist eine Privatunternehmen, deren Aktienkapital noch immer vollst\u00e4ndig von den beiden Gr\u00fcndungsgesellschaftern gehalten wird. Von Anfang an hat sich die Gesellschaft auf die Entwicklung und Vermarktung von Business Intelligence L\u00f6sungen spezialisiert und h\u00e4lt mehrere Patente. Dimensional Insight hat im Jahr 2000 begonnen, die Diver Solution [&hellip;]\" \/>\n<meta property=\"og:url\" content=\"https:\/\/www.dimins.com\/de\/ueber-uns\/ueber-dimensional-insight\/\" \/>\n<meta property=\"og:site_name\" content=\"Dimensional Insight Deutschland\" \/>\n<meta property=\"article:modified_time\" content=\"2018-11-28T20:39:54+00:00\" \/>\n<meta name=\"twitter:card\" content=\"summary_large_image\" \/>\n<meta name=\"twitter:label1\" content=\"Est. reading time\" \/>\n\t<meta name=\"twitter:data1\" content=\"4 minutes\" \/>\n<script type=\"application\/ld+json\" class=\"yoast-schema-graph\">{\"@context\":\"https:\\\/\\\/schema.org\",\"@graph\":[{\"@type\":\"WebPage\",\"@id\":\"https:\\\/\\\/www.dimins.com\\\/de\\\/ueber-uns\\\/ueber-dimensional-insight\\\/\",\"url\":\"https:\\\/\\\/www.dimins.com\\\/de\\\/ueber-uns\\\/ueber-dimensional-insight\\\/\",\"name\":\"Over Dimensional Insight - Dimensional Insight Deutschland\",\"isPartOf\":{\"@id\":\"https:\\\/\\\/www.dimins.com\\\/de\\\/#website\"},\"datePublished\":\"2014-11-21T12:23:25+00:00\",\"dateModified\":\"2018-11-28T20:39:54+00:00\",\"breadcrumb\":{\"@id\":\"https:\\\/\\\/www.dimins.com\\\/de\\\/ueber-uns\\\/ueber-dimensional-insight\\\/#breadcrumb\"},\"inLanguage\":\"en-US\",\"potentialAction\":[{\"@type\":\"ReadAction\",\"target\":[\"https:\\\/\\\/www.dimins.com\\\/de\\\/ueber-uns\\\/ueber-dimensional-insight\\\/\"]}]},{\"@type\":\"BreadcrumbList\",\"@id\":\"https:\\\/\\\/www.dimins.com\\\/de\\\/ueber-uns\\\/ueber-dimensional-insight\\\/#breadcrumb\",\"itemListElement\":[{\"@type\":\"ListItem\",\"position\":1,\"name\":\"Home\",\"item\":\"https:\\\/\\\/www.dimins.com\\\/de\\\/\"},{\"@type\":\"ListItem\",\"position\":2,\"name\":\"\u00dcber uns\",\"item\":\"https:\\\/\\\/www.dimins.com\\\/de\\\/ueber-uns\\\/\"},{\"@type\":\"ListItem\",\"position\":3,\"name\":\"Over Dimensional Insight\"}]},{\"@type\":\"WebSite\",\"@id\":\"https:\\\/\\\/www.dimins.com\\\/de\\\/#website\",\"url\":\"https:\\\/\\\/www.dimins.com\\\/de\\\/\",\"name\":\"Dimensional Insight Deutschland\",\"description\":\"Business Intelligence L\u00f6sungen\",\"potentialAction\":[{\"@type\":\"SearchAction\",\"target\":{\"@type\":\"EntryPoint\",\"urlTemplate\":\"https:\\\/\\\/www.dimins.com\\\/de\\\/?s={search_term_string}\"},\"query-input\":{\"@type\":\"PropertyValueSpecification\",\"valueRequired\":true,\"valueName\":\"search_term_string\"}}],\"inLanguage\":\"en-US\"}]}<\/script>\n<!-- \/ Yoast SEO Premium plugin. -->","yoast_head_json":{"title":"Over Dimensional Insight - Dimensional Insight Deutschland","robots":{"index":"index","follow":"follow","max-snippet":"max-snippet:-1","max-image-preview":"max-image-preview:large","max-video-preview":"max-video-preview:-1"},"canonical":"https:\/\/www.dimins.com\/de\/ueber-uns\/ueber-dimensional-insight\/","og_locale":"en_US","og_type":"article","og_title":"Over Dimensional Insight","og_description":"\u00dcber Dimensional Insight Deutschland GmbH Dimensional Insight (DI), 1989 gegr\u00fcndet, ist eine Privatunternehmen, deren Aktienkapital noch immer vollst\u00e4ndig von den beiden Gr\u00fcndungsgesellschaftern gehalten wird. Von Anfang an hat sich die Gesellschaft auf die Entwicklung und Vermarktung von Business Intelligence L\u00f6sungen spezialisiert und h\u00e4lt mehrere Patente. Dimensional Insight hat im Jahr 2000 begonnen, die Diver Solution [&hellip;]","og_url":"https:\/\/www.dimins.com\/de\/ueber-uns\/ueber-dimensional-insight\/","og_site_name":"Dimensional Insight Deutschland","article_modified_time":"2018-11-28T20:39:54+00:00","twitter_card":"summary_large_image","twitter_misc":{"Est. reading time":"4 minutes"},"schema":{"@context":"https:\/\/schema.org","@graph":[{"@type":"WebPage","@id":"https:\/\/www.dimins.com\/de\/ueber-uns\/ueber-dimensional-insight\/","url":"https:\/\/www.dimins.com\/de\/ueber-uns\/ueber-dimensional-insight\/","name":"Over Dimensional Insight - Dimensional Insight Deutschland","isPartOf":{"@id":"https:\/\/www.dimins.com\/de\/#website"},"datePublished":"2014-11-21T12:23:25+00:00","dateModified":"2018-11-28T20:39:54+00:00","breadcrumb":{"@id":"https:\/\/www.dimins.com\/de\/ueber-uns\/ueber-dimensional-insight\/#breadcrumb"},"inLanguage":"en-US","potentialAction":[{"@type":"ReadAction","target":["https:\/\/www.dimins.com\/de\/ueber-uns\/ueber-dimensional-insight\/"]}]},{"@type":"BreadcrumbList","@id":"https:\/\/www.dimins.com\/de\/ueber-uns\/ueber-dimensional-insight\/#breadcrumb","itemListElement":[{"@type":"ListItem","position":1,"name":"Home","item":"https:\/\/www.dimins.com\/de\/"},{"@type":"ListItem","position":2,"name":"\u00dcber uns","item":"https:\/\/www.dimins.com\/de\/ueber-uns\/"},{"@type":"ListItem","position":3,"name":"Over Dimensional Insight"}]},{"@type":"WebSite","@id":"https:\/\/www.dimins.com\/de\/#website","url":"https:\/\/www.dimins.com\/de\/","name":"Dimensional Insight Deutschland","description":"Business Intelligence L\u00f6sungen","potentialAction":[{"@type":"SearchAction","target":{"@type":"EntryPoint","urlTemplate":"https:\/\/www.dimins.com\/de\/?s={search_term_string}"},"query-input":{"@type":"PropertyValueSpecification","valueRequired":true,"valueName":"search_term_string"}}],"inLanguage":"en-US"}]}},"_links":{"self":[{"href":"https:\/\/www.dimins.com\/de\/wp-json\/wp\/v2\/pages\/125","targetHints":{"allow":["GET"]}}],"collection":[{"href":"https:\/\/www.dimins.com\/de\/wp-json\/wp\/v2\/pages"}],"about":[{"href":"https:\/\/www.dimins.com\/de\/wp-json\/wp\/v2\/types\/page"}],"author":[{"embeddable":true,"href":"https:\/\/www.dimins.com\/de\/wp-json\/wp\/v2\/users\/13"}],"replies":[{"embeddable":true,"href":"https:\/\/www.dimins.com\/de\/wp-json\/wp\/v2\/comments?post=125"}],"version-history":[{"count":0,"href":"https:\/\/www.dimins.com\/de\/wp-json\/wp\/v2\/pages\/125\/revisions"}],"up":[{"embeddable":true,"href":"https:\/\/www.dimins.com\/de\/wp-json\/wp\/v2\/pages\/2228"}],"wp:attachment":[{"href":"https:\/\/www.dimins.com\/de\/wp-json\/wp\/v2\/media?parent=125"}],"curies":[{"name":"wp","href":"https:\/\/api.w.org\/{rel}","templated":true}]}}