{"id":116,"date":"2014-11-21T12:20:18","date_gmt":"2014-11-21T12:20:18","guid":{"rendered":"http:\/\/ve-dbraas.nl.www.dimins.com\/nl\/?page_id=116"},"modified":"2018-11-28T22:30:42","modified_gmt":"2018-11-28T20:30:42","slug":"hilfe","status":"publish","type":"page","link":"https:\/\/www.dimins.com\/de\/training-schulung\/hilfe\/","title":{"rendered":"Support Desk"},"content":{"rendered":"<p>[et_pb_section bb_built=&#8221;1&#8243; specialty=&#8221;off&#8221; next_background_color=&#8221;#000000&#8243; _builder_version=&#8221;3.17.3&#8243; top_divider_style=&#8221;slant&#8221; top_divider_color=&#8221;rgba(61,151,211,0.11)&#8221; bottom_divider_color=&#8221;rgba(61,151,211,0.11)&#8221; top_divider_flip=&#8221;horizontal&#8221; custom_padding=&#8221;30px||30px|&#8221; custom_padding_phone=&#8221;25px||0px|&#8221; custom_padding_last_edited=&#8221;on|phone&#8221;][et_pb_row][et_pb_column type=&#8221;4_4&#8243;][et_pb_text admin_label=&#8221;Unterst\u00fctzung&#8221; _builder_version=&#8221;3.17.3&#8243; header_text_align=&#8221;center&#8221; header_text_color=&#8221;#164e8b&#8221; header_font=&#8221;|600|||||||&#8221; header_font_size=&#8221;46px&#8221;]<\/p>\n<h1 style=\"text-align: center;\">Unterst\u00fctzung<\/h1>\n<p>[\/et_pb_text][\/et_pb_column][\/et_pb_row][\/et_pb_section][et_pb_section bb_built=&#8221;1&#8243; admin_label=&#8221;section&#8221; fullwidth=&#8221;off&#8221; specialty=&#8221;off&#8221; prev_background_color=&#8221;#000000&#8243;][et_pb_row][et_pb_column type=&#8221;1_2&#8243;][et_pb_text admin_label=&#8221;Die Unterst\u00fctzung f\u00fcr Dimensional Insight  &#8230;&#8221; background_position=&#8221;top_left&#8221; background_repeat=&#8221;repeat&#8221; background_size=&#8221;initial&#8221; _builder_version=&#8221;3.17.3&#8243; module_alignment=&#8221;left&#8221;]<\/p>\n<p>Die Unterst\u00fctzung f\u00fcr Dimensional Insight bietet die h\u00f6chste Leistung und die einfachste Einrichtung und Wartung aller derzeit verkauften Business Intelligence-Tools. Bei Fragen und Problemen steht Ihnen das sachkundige und erfahrene Dimensional Insight Support-Team zur Verf\u00fcgung.<\/p>\n<p>Dimensional Insight bietet Aktualisierungen, Korrekturen und Verbesserungen, sobald neue Features im Rahmen des j\u00e4hrlichen Support- und Wartungsvertrags verf\u00fcgbar sind, der unseren Kunden zur Verf\u00fcgung steht.<\/p>\n<p>[\/et_pb_text][\/et_pb_column][et_pb_column type=&#8221;1_2&#8243;][et_pb_text admin_label=&#8221;Kunden von Dimensional Insight Deutschland GmbH &#8221; background_position=&#8221;top_left&#8221; background_repeat=&#8221;repeat&#8221; background_size=&#8221;initial&#8221; _builder_version=&#8221;3.17.3&#8243; module_alignment=&#8221;left&#8221; header_3_font_size=&#8221;18px&#8221;]<\/p>\n<p>Kunden von Dimensional Insight Deutschland k\u00f6nnen sich bei Fragen an der Europ\u00e4ische Unterst\u00fctzungzentrum wenden.<\/p>\n<p>Punktversionen treten etwa alle 4 Monate auf, Vollversionen alle 12 Monate. Die Diver-Plattform sch\u00fctzt Kundeninvestitionen in ihre vorhandene Hardwareumgebung, indem sie die Kompatibilit\u00e4t mit den meisten wichtigen Plattformen und Betriebssystemen gew\u00e4hrleistet.<\/p>\n<p>[\/et_pb_text][\/et_pb_column][\/et_pb_row][\/et_pb_section]<\/p>\n","protected":false},"excerpt":{"rendered":"<p><div class=\"et_pb_row et_pb_row_0 et_pb_row_empty\">\n\t\t\t\t\n\t\t\t\t\n\t\t\t\t\n\t\t\t\t\n\t\t\t\t\n\t\t\t<\/div> Unterst\u00fctzung <div class=\"et_pb_row et_pb_row_1 et_pb_row_empty\">\n\t\t\t\t\n\t\t\t\t\n\t\t\t\t\n\t\t\t\t\n\t\t\t\t\n\t\t\t<\/div> Die Unterst\u00fctzung f\u00fcr Dimensional Insight bietet die h\u00f6chste Leistung und die einfachste Einrichtung und Wartung aller derzeit verkauften Business Intelligence-Tools. Bei Fragen und Problemen steht Ihnen das sachkundige und erfahrene Dimensional Insight Support-Team zur Verf\u00fcgung. Dimensional Insight bietet Aktualisierungen, Korrekturen und Verbesserungen, sobald neue Features im Rahmen des j\u00e4hrlichen Support- und Wartungsvertrags [&hellip;]<\/p>\n","protected":false},"author":2,"featured_media":0,"parent":112,"menu_order":0,"comment_status":"open","ping_status":"open","template":"","meta":{"_et_pb_use_builder":"on","_et_pb_old_content":"","_et_gb_content_width":"","footnotes":""},"class_list":["post-116","page","type-page","status-publish","hentry"],"yoast_head":"<!-- This site is optimized with the Yoast SEO Premium plugin v27.0 (Yoast SEO v27.2) - https:\/\/yoast.com\/product\/yoast-seo-premium-wordpress\/ -->\n<title>Support Desk - Dimensional Insight Deutschland<\/title>\n<meta name=\"robots\" content=\"index, follow, max-snippet:-1, max-image-preview:large, max-video-preview:-1\" \/>\n<link rel=\"canonical\" href=\"https:\/\/www.dimins.com\/de\/training-schulung\/hilfe\/\" \/>\n<meta property=\"og:locale\" content=\"en_US\" \/>\n<meta property=\"og:type\" content=\"article\" \/>\n<meta property=\"og:title\" content=\"Support Desk\" \/>\n<meta property=\"og:description\" content=\"Unterst\u00fctzung Die Unterst\u00fctzung f\u00fcr Dimensional Insight bietet die h\u00f6chste Leistung und die einfachste Einrichtung und Wartung aller derzeit verkauften Business Intelligence-Tools. Bei Fragen und Problemen steht Ihnen das sachkundige und erfahrene Dimensional Insight Support-Team zur Verf\u00fcgung. Dimensional Insight bietet Aktualisierungen, Korrekturen und Verbesserungen, sobald neue Features im Rahmen des j\u00e4hrlichen Support- und Wartungsvertrags [&hellip;]\" \/>\n<meta property=\"og:url\" content=\"https:\/\/www.dimins.com\/de\/training-schulung\/hilfe\/\" \/>\n<meta property=\"og:site_name\" content=\"Dimensional Insight Deutschland\" \/>\n<meta property=\"article:modified_time\" content=\"2018-11-28T20:30:42+00:00\" \/>\n<meta name=\"twitter:card\" content=\"summary_large_image\" \/>\n<meta name=\"twitter:label1\" content=\"Est. reading time\" \/>\n\t<meta name=\"twitter:data1\" content=\"2 minutes\" \/>\n<script type=\"application\/ld+json\" class=\"yoast-schema-graph\">{\"@context\":\"https:\/\/schema.org\",\"@graph\":[{\"@type\":\"WebPage\",\"@id\":\"https:\/\/www.dimins.com\/de\/training-schulung\/hilfe\/\",\"url\":\"https:\/\/www.dimins.com\/de\/training-schulung\/hilfe\/\",\"name\":\"Support Desk - Dimensional Insight Deutschland\",\"isPartOf\":{\"@id\":\"https:\/\/www.dimins.com\/de\/#website\"},\"datePublished\":\"2014-11-21T12:20:18+00:00\",\"dateModified\":\"2018-11-28T20:30:42+00:00\",\"breadcrumb\":{\"@id\":\"https:\/\/www.dimins.com\/de\/training-schulung\/hilfe\/#breadcrumb\"},\"inLanguage\":\"en-US\",\"potentialAction\":[{\"@type\":\"ReadAction\",\"target\":[\"https:\/\/www.dimins.com\/de\/training-schulung\/hilfe\/\"]}]},{\"@type\":\"BreadcrumbList\",\"@id\":\"https:\/\/www.dimins.com\/de\/training-schulung\/hilfe\/#breadcrumb\",\"itemListElement\":[{\"@type\":\"ListItem\",\"position\":1,\"name\":\"Home\",\"item\":\"https:\/\/www.dimins.com\/de\/\"},{\"@type\":\"ListItem\",\"position\":2,\"name\":\"Training en Support\",\"item\":\"https:\/\/www.dimins.com\/de\/training-schulung\/\"},{\"@type\":\"ListItem\",\"position\":3,\"name\":\"Support Desk\"}]},{\"@type\":\"WebSite\",\"@id\":\"https:\/\/www.dimins.com\/de\/#website\",\"url\":\"https:\/\/www.dimins.com\/de\/\",\"name\":\"Dimensional Insight Deutschland\",\"description\":\"Business Intelligence L\u00f6sungen\",\"potentialAction\":[{\"@type\":\"SearchAction\",\"target\":{\"@type\":\"EntryPoint\",\"urlTemplate\":\"https:\/\/www.dimins.com\/de\/?s={search_term_string}\"},\"query-input\":{\"@type\":\"PropertyValueSpecification\",\"valueRequired\":true,\"valueName\":\"search_term_string\"}}],\"inLanguage\":\"en-US\"}]}<\/script>\n<!-- \/ Yoast SEO Premium plugin. -->","yoast_head_json":{"title":"Support Desk - Dimensional Insight Deutschland","robots":{"index":"index","follow":"follow","max-snippet":"max-snippet:-1","max-image-preview":"max-image-preview:large","max-video-preview":"max-video-preview:-1"},"canonical":"https:\/\/www.dimins.com\/de\/training-schulung\/hilfe\/","og_locale":"en_US","og_type":"article","og_title":"Support Desk","og_description":"Unterst\u00fctzung Die Unterst\u00fctzung f\u00fcr Dimensional Insight bietet die h\u00f6chste Leistung und die einfachste Einrichtung und Wartung aller derzeit verkauften Business Intelligence-Tools. Bei Fragen und Problemen steht Ihnen das sachkundige und erfahrene Dimensional Insight Support-Team zur Verf\u00fcgung. Dimensional Insight bietet Aktualisierungen, Korrekturen und Verbesserungen, sobald neue Features im Rahmen des j\u00e4hrlichen Support- und Wartungsvertrags [&hellip;]","og_url":"https:\/\/www.dimins.com\/de\/training-schulung\/hilfe\/","og_site_name":"Dimensional Insight Deutschland","article_modified_time":"2018-11-28T20:30:42+00:00","twitter_card":"summary_large_image","twitter_misc":{"Est. reading time":"2 minutes"},"schema":{"@context":"https:\/\/schema.org","@graph":[{"@type":"WebPage","@id":"https:\/\/www.dimins.com\/de\/training-schulung\/hilfe\/","url":"https:\/\/www.dimins.com\/de\/training-schulung\/hilfe\/","name":"Support Desk - Dimensional Insight Deutschland","isPartOf":{"@id":"https:\/\/www.dimins.com\/de\/#website"},"datePublished":"2014-11-21T12:20:18+00:00","dateModified":"2018-11-28T20:30:42+00:00","breadcrumb":{"@id":"https:\/\/www.dimins.com\/de\/training-schulung\/hilfe\/#breadcrumb"},"inLanguage":"en-US","potentialAction":[{"@type":"ReadAction","target":["https:\/\/www.dimins.com\/de\/training-schulung\/hilfe\/"]}]},{"@type":"BreadcrumbList","@id":"https:\/\/www.dimins.com\/de\/training-schulung\/hilfe\/#breadcrumb","itemListElement":[{"@type":"ListItem","position":1,"name":"Home","item":"https:\/\/www.dimins.com\/de\/"},{"@type":"ListItem","position":2,"name":"Training en Support","item":"https:\/\/www.dimins.com\/de\/training-schulung\/"},{"@type":"ListItem","position":3,"name":"Support Desk"}]},{"@type":"WebSite","@id":"https:\/\/www.dimins.com\/de\/#website","url":"https:\/\/www.dimins.com\/de\/","name":"Dimensional Insight Deutschland","description":"Business Intelligence L\u00f6sungen","potentialAction":[{"@type":"SearchAction","target":{"@type":"EntryPoint","urlTemplate":"https:\/\/www.dimins.com\/de\/?s={search_term_string}"},"query-input":{"@type":"PropertyValueSpecification","valueRequired":true,"valueName":"search_term_string"}}],"inLanguage":"en-US"}]}},"_links":{"self":[{"href":"https:\/\/www.dimins.com\/de\/wp-json\/wp\/v2\/pages\/116","targetHints":{"allow":["GET"]}}],"collection":[{"href":"https:\/\/www.dimins.com\/de\/wp-json\/wp\/v2\/pages"}],"about":[{"href":"https:\/\/www.dimins.com\/de\/wp-json\/wp\/v2\/types\/page"}],"author":[{"embeddable":true,"href":"https:\/\/www.dimins.com\/de\/wp-json\/wp\/v2\/users\/2"}],"replies":[{"embeddable":true,"href":"https:\/\/www.dimins.com\/de\/wp-json\/wp\/v2\/comments?post=116"}],"version-history":[{"count":0,"href":"https:\/\/www.dimins.com\/de\/wp-json\/wp\/v2\/pages\/116\/revisions"}],"up":[{"embeddable":true,"href":"https:\/\/www.dimins.com\/de\/wp-json\/wp\/v2\/pages\/112"}],"wp:attachment":[{"href":"https:\/\/www.dimins.com\/de\/wp-json\/wp\/v2\/media?parent=116"}],"curies":[{"name":"wp","href":"https:\/\/api.w.org\/{rel}","templated":true}]}}