{"id":114,"date":"2014-11-21T12:19:55","date_gmt":"2014-11-21T12:19:55","guid":{"rendered":"http:\/\/ve-dbraas.nl.www.dimins.com\/nl\/?page_id=114"},"modified":"2018-11-28T22:34:05","modified_gmt":"2018-11-28T20:34:05","slug":"training","status":"publish","type":"page","link":"https:\/\/www.dimins.com\/de\/training-schulung\/training\/","title":{"rendered":"Ausbildung"},"content":{"rendered":"<p>[et_pb_section bb_built=&#8221;1&#8243; specialty=&#8221;off&#8221; next_background_color=&#8221;#000000&#8243; _builder_version=&#8221;3.17.3&#8243; top_divider_style=&#8221;slant&#8221; top_divider_color=&#8221;rgba(61,151,211,0.11)&#8221; bottom_divider_color=&#8221;rgba(61,151,211,0.11)&#8221; top_divider_flip=&#8221;horizontal&#8221; custom_padding=&#8221;30px||30px|&#8221; custom_padding_phone=&#8221;25px||0px|&#8221; custom_padding_last_edited=&#8221;on|phone&#8221;][et_pb_row][et_pb_column type=&#8221;4_4&#8243;][et_pb_text admin_label=&#8221;Ausbildung&#8221; _builder_version=&#8221;3.17.3&#8243; header_text_align=&#8221;center&#8221; header_text_color=&#8221;#164e8b&#8221; header_font=&#8221;|600|||||||&#8221; header_font_size=&#8221;46px&#8221;]<\/p>\n<h1 style=\"text-align: center;\">Ausbildung<\/h1>\n<p>[\/et_pb_text][\/et_pb_column][\/et_pb_row][\/et_pb_section][et_pb_section bb_built=&#8221;1&#8243; admin_label=&#8221;section&#8221; fullwidth=&#8221;off&#8221; specialty=&#8221;off&#8221; prev_background_color=&#8221;#000000&#8243; next_background_color=&#8221;rgba(61,151,211,0.11)&#8221;][et_pb_row][et_pb_column type=&#8221;1_2&#8243;][et_pb_text background_position=&#8221;top_left&#8221; background_repeat=&#8221;repeat&#8221; background_size=&#8221;initial&#8221; _builder_version=&#8221;3.17.3&#8243; module_alignment=&#8221;left&#8221;]<\/p>\n<p>Bieten Sie Ihren Mitarbeitern die erforderliche Schulung, um die Dimensional Insight-Produkte optimal zu nutzen. Unsere Produktschulung soll Entwicklern, Analysten und Informationskunden helfen, ihre Dimensional Insight-Produkte besser zu verstehen und von ihnen zu profitieren. Die Kurse werden entweder in unserem Corporate Education Center, bei Kunden vor Ort oder online angeboten.<\/p>\n<p>Schulungen sind f\u00fcr alle Benutzer wichtig, auch auf grundlegender Ebene. Es ist wichtig, dass Benutzer wissen, wie sie mit ihrer Software interagieren, navigieren, Updates erhalten und bei Bedarf auf Hilfe zugreifen k\u00f6nnen.<\/p>\n<p>[\/et_pb_text][\/et_pb_column][et_pb_column type=&#8221;1_2&#8243;][et_pb_text admin_label=&#8221;Dimensional Insight bietet folgende Schulungsprogramme an:&#8221; background_position=&#8221;top_left&#8221; background_repeat=&#8221;repeat&#8221; background_size=&#8221;initial&#8221; _builder_version=&#8221;3.17.3&#8243; module_alignment=&#8221;left&#8221; header_3_font_size=&#8221;18px&#8221;]<\/p>\n<h3>Dimensional Insight bietet folgende Schulungsprogramme an:<\/h3>\n<ul>\n<li>Measure Factory<\/li>\n<li>Workbench<\/li>\n<li>ProDiver<\/li>\n<li>DivePort<\/li>\n<\/ul>\n<p>[\/et_pb_text][\/et_pb_column][\/et_pb_row][\/et_pb_section][et_pb_section bb_built=&#8221;1&#8243; admin_label=&#8221;section&#8221; specialty=&#8221;off&#8221; parallax_method=&#8221;off&#8221; _builder_version=&#8221;3.17.3&#8243; prev_background_color=&#8221;#ffffff&#8221; background_color=&#8221;rgba(61,151,211,0.11)&#8221;][et_pb_row][et_pb_column type=&#8221;4_4&#8243;][et_pb_text admin_label=&#8221;Schulung vor Ort&#8221; use_border_color=&#8221;off&#8221; background_position=&#8221;top_left&#8221; background_repeat=&#8221;repeat&#8221; background_size=&#8221;initial&#8221; _builder_version=&#8221;3.17.3&#8243; module_alignment=&#8221;left&#8221; border_color_all=&#8221;off&#8221;]<\/p>\n<h2 style=\"line-height: 150%; color: #164e8b;\">Schulung vor Ort<\/h2>\n<p style=\"line-height: 150%;\">Unabh\u00e4ngig davon, ob Sie Schulungen f\u00fcr Entwickler, F\u00fchrungskr\u00e4fte oder Vertriebsmitarbeiter ben\u00f6tigen, Dimensional Insight kann einen Schulungsberater &#8211; einen Experten f\u00fcr Diver-Software und Business-Analyse &#8211; an Ihren Standort bringen. Den Sch\u00fclern werden Standardunterrichtsmaterialien und -\u00fcbungen zur Verf\u00fcgung gestellt, die Produktfunktionalit\u00e4t wird jedoch speziell f\u00fcr die Implementierung des Kunden dargestellt. Es wird empfohlen, dass die Schulung vor Ort 12 bis 15 Teilnehmer nicht \u00fcberschreitet.<\/p>\n<p>[\/et_pb_text][\/et_pb_column][\/et_pb_row][\/et_pb_section]<\/p>\n","protected":false},"excerpt":{"rendered":"<p><div class=\"et_pb_row et_pb_row_0 et_pb_row_empty\">\n\t\t\t\t\n\t\t\t\t\n\t\t\t\t\n\t\t\t\t\n\t\t\t\t\n\t\t\t<\/div> Ausbildung <div class=\"et_pb_row et_pb_row_1 et_pb_row_empty\">\n\t\t\t\t\n\t\t\t\t\n\t\t\t\t\n\t\t\t\t\n\t\t\t\t\n\t\t\t<\/div> Bieten Sie Ihren Mitarbeitern die erforderliche Schulung, um die Dimensional Insight-Produkte optimal zu nutzen. Unsere Produktschulung soll Entwicklern, Analysten und Informationskunden helfen, ihre Dimensional Insight-Produkte besser zu verstehen und von ihnen zu profitieren. Die Kurse werden entweder in unserem Corporate Education Center, bei Kunden vor Ort oder online angeboten. Schulungen sind f\u00fcr [&hellip;]<\/p>\n","protected":false},"author":59,"featured_media":0,"parent":112,"menu_order":0,"comment_status":"open","ping_status":"open","template":"","meta":{"_et_pb_use_builder":"on","_et_pb_old_content":"","_et_gb_content_width":"","footnotes":""},"class_list":["post-114","page","type-page","status-publish","hentry"],"yoast_head":"<!-- This site is optimized with the Yoast SEO Premium plugin v27.0 (Yoast SEO v27.2) - https:\/\/yoast.com\/product\/yoast-seo-premium-wordpress\/ -->\n<title>Ausbildung - Dimensional Insight Deutschland<\/title>\n<meta name=\"robots\" content=\"index, follow, max-snippet:-1, max-image-preview:large, max-video-preview:-1\" \/>\n<link rel=\"canonical\" href=\"https:\/\/www.dimins.com\/de\/training-schulung\/training\/\" \/>\n<meta property=\"og:locale\" content=\"en_US\" \/>\n<meta property=\"og:type\" content=\"article\" \/>\n<meta property=\"og:title\" content=\"Ausbildung\" \/>\n<meta property=\"og:description\" content=\"Ausbildung Bieten Sie Ihren Mitarbeitern die erforderliche Schulung, um die Dimensional Insight-Produkte optimal zu nutzen. Unsere Produktschulung soll Entwicklern, Analysten und Informationskunden helfen, ihre Dimensional Insight-Produkte besser zu verstehen und von ihnen zu profitieren. Die Kurse werden entweder in unserem Corporate Education Center, bei Kunden vor Ort oder online angeboten. Schulungen sind f\u00fcr [&hellip;]\" \/>\n<meta property=\"og:url\" content=\"https:\/\/www.dimins.com\/de\/training-schulung\/training\/\" \/>\n<meta property=\"og:site_name\" content=\"Dimensional Insight Deutschland\" \/>\n<meta property=\"article:modified_time\" content=\"2018-11-28T20:34:05+00:00\" \/>\n<meta name=\"twitter:card\" content=\"summary_large_image\" \/>\n<meta name=\"twitter:label1\" content=\"Est. reading time\" \/>\n\t<meta name=\"twitter:data1\" content=\"2 minutes\" \/>\n<script type=\"application\/ld+json\" class=\"yoast-schema-graph\">{\"@context\":\"https:\/\/schema.org\",\"@graph\":[{\"@type\":\"WebPage\",\"@id\":\"https:\/\/www.dimins.com\/de\/training-schulung\/training\/\",\"url\":\"https:\/\/www.dimins.com\/de\/training-schulung\/training\/\",\"name\":\"Ausbildung - Dimensional Insight Deutschland\",\"isPartOf\":{\"@id\":\"https:\/\/www.dimins.com\/de\/#website\"},\"datePublished\":\"2014-11-21T12:19:55+00:00\",\"dateModified\":\"2018-11-28T20:34:05+00:00\",\"breadcrumb\":{\"@id\":\"https:\/\/www.dimins.com\/de\/training-schulung\/training\/#breadcrumb\"},\"inLanguage\":\"en-US\",\"potentialAction\":[{\"@type\":\"ReadAction\",\"target\":[\"https:\/\/www.dimins.com\/de\/training-schulung\/training\/\"]}]},{\"@type\":\"BreadcrumbList\",\"@id\":\"https:\/\/www.dimins.com\/de\/training-schulung\/training\/#breadcrumb\",\"itemListElement\":[{\"@type\":\"ListItem\",\"position\":1,\"name\":\"Home\",\"item\":\"https:\/\/www.dimins.com\/de\/\"},{\"@type\":\"ListItem\",\"position\":2,\"name\":\"Training en Support\",\"item\":\"https:\/\/www.dimins.com\/de\/training-schulung\/\"},{\"@type\":\"ListItem\",\"position\":3,\"name\":\"Ausbildung\"}]},{\"@type\":\"WebSite\",\"@id\":\"https:\/\/www.dimins.com\/de\/#website\",\"url\":\"https:\/\/www.dimins.com\/de\/\",\"name\":\"Dimensional Insight Deutschland\",\"description\":\"Business Intelligence L\u00f6sungen\",\"potentialAction\":[{\"@type\":\"SearchAction\",\"target\":{\"@type\":\"EntryPoint\",\"urlTemplate\":\"https:\/\/www.dimins.com\/de\/?s={search_term_string}\"},\"query-input\":{\"@type\":\"PropertyValueSpecification\",\"valueRequired\":true,\"valueName\":\"search_term_string\"}}],\"inLanguage\":\"en-US\"}]}<\/script>\n<!-- \/ Yoast SEO Premium plugin. -->","yoast_head_json":{"title":"Ausbildung - Dimensional Insight Deutschland","robots":{"index":"index","follow":"follow","max-snippet":"max-snippet:-1","max-image-preview":"max-image-preview:large","max-video-preview":"max-video-preview:-1"},"canonical":"https:\/\/www.dimins.com\/de\/training-schulung\/training\/","og_locale":"en_US","og_type":"article","og_title":"Ausbildung","og_description":"Ausbildung Bieten Sie Ihren Mitarbeitern die erforderliche Schulung, um die Dimensional Insight-Produkte optimal zu nutzen. Unsere Produktschulung soll Entwicklern, Analysten und Informationskunden helfen, ihre Dimensional Insight-Produkte besser zu verstehen und von ihnen zu profitieren. Die Kurse werden entweder in unserem Corporate Education Center, bei Kunden vor Ort oder online angeboten. Schulungen sind f\u00fcr [&hellip;]","og_url":"https:\/\/www.dimins.com\/de\/training-schulung\/training\/","og_site_name":"Dimensional Insight Deutschland","article_modified_time":"2018-11-28T20:34:05+00:00","twitter_card":"summary_large_image","twitter_misc":{"Est. reading time":"2 minutes"},"schema":{"@context":"https:\/\/schema.org","@graph":[{"@type":"WebPage","@id":"https:\/\/www.dimins.com\/de\/training-schulung\/training\/","url":"https:\/\/www.dimins.com\/de\/training-schulung\/training\/","name":"Ausbildung - Dimensional Insight Deutschland","isPartOf":{"@id":"https:\/\/www.dimins.com\/de\/#website"},"datePublished":"2014-11-21T12:19:55+00:00","dateModified":"2018-11-28T20:34:05+00:00","breadcrumb":{"@id":"https:\/\/www.dimins.com\/de\/training-schulung\/training\/#breadcrumb"},"inLanguage":"en-US","potentialAction":[{"@type":"ReadAction","target":["https:\/\/www.dimins.com\/de\/training-schulung\/training\/"]}]},{"@type":"BreadcrumbList","@id":"https:\/\/www.dimins.com\/de\/training-schulung\/training\/#breadcrumb","itemListElement":[{"@type":"ListItem","position":1,"name":"Home","item":"https:\/\/www.dimins.com\/de\/"},{"@type":"ListItem","position":2,"name":"Training en Support","item":"https:\/\/www.dimins.com\/de\/training-schulung\/"},{"@type":"ListItem","position":3,"name":"Ausbildung"}]},{"@type":"WebSite","@id":"https:\/\/www.dimins.com\/de\/#website","url":"https:\/\/www.dimins.com\/de\/","name":"Dimensional Insight Deutschland","description":"Business Intelligence L\u00f6sungen","potentialAction":[{"@type":"SearchAction","target":{"@type":"EntryPoint","urlTemplate":"https:\/\/www.dimins.com\/de\/?s={search_term_string}"},"query-input":{"@type":"PropertyValueSpecification","valueRequired":true,"valueName":"search_term_string"}}],"inLanguage":"en-US"}]}},"_links":{"self":[{"href":"https:\/\/www.dimins.com\/de\/wp-json\/wp\/v2\/pages\/114","targetHints":{"allow":["GET"]}}],"collection":[{"href":"https:\/\/www.dimins.com\/de\/wp-json\/wp\/v2\/pages"}],"about":[{"href":"https:\/\/www.dimins.com\/de\/wp-json\/wp\/v2\/types\/page"}],"author":[{"embeddable":true,"href":"https:\/\/www.dimins.com\/de\/wp-json\/wp\/v2\/users\/59"}],"replies":[{"embeddable":true,"href":"https:\/\/www.dimins.com\/de\/wp-json\/wp\/v2\/comments?post=114"}],"version-history":[{"count":0,"href":"https:\/\/www.dimins.com\/de\/wp-json\/wp\/v2\/pages\/114\/revisions"}],"up":[{"embeddable":true,"href":"https:\/\/www.dimins.com\/de\/wp-json\/wp\/v2\/pages\/112"}],"wp:attachment":[{"href":"https:\/\/www.dimins.com\/de\/wp-json\/wp\/v2\/media?parent=114"}],"curies":[{"name":"wp","href":"https:\/\/api.w.org\/{rel}","templated":true}]}}