{"id":105,"date":"2014-11-21T12:17:29","date_gmt":"2014-11-21T12:17:29","guid":{"rendered":"http:\/\/ve-dbraas.nl.www.dimins.com\/nl\/?page_id=105"},"modified":"2018-11-29T23:14:59","modified_gmt":"2018-11-29T21:14:59","slug":"divetab","status":"publish","type":"page","link":"https:\/\/www.dimins.com\/de\/divetab\/","title":{"rendered":"DiveTab"},"content":{"rendered":"<p>[et_pb_section bb_built=&#8221;1&#8243; specialty=&#8221;off&#8221; next_background_color=&#8221;#ffffff&#8221; _builder_version=&#8221;3.11.1&#8243; background_image=&#8221;https:\/\/www.dimins.com\/de\/wp-content\/uploads\/sites\/10\/2018\/11\/DISTRIBUTOR-ADVISOR-iPad-in-Hand-Mockup-min-1.jpg&#8221; custom_css_main_element=&#8221;display: flex;||align-items: center;||flex-wrap: wrap;&#8221; background_color_gradient_start=&#8221;rgba(0,0,0,0)&#8221; background_color_gradient_end=&#8221;rgba(0,0,0,0.71)&#8221; background_color_gradient_direction=&#8221;90deg&#8221; background_color_gradient_start_position=&#8221;39%&#8221; background_color_gradient_overlays_image=&#8221;on&#8221; custom_padding=&#8221;50px||50px|&#8221; custom_padding_phone=&#8221;25px||25px|&#8221; custom_padding_last_edited=&#8221;on|tablet&#8221; background_color=&#8221;rgba(0,0,0,0.71)&#8221; background_blend=&#8221;overlay&#8221;][et_pb_row _builder_version=&#8221;3.11.1&#8243; background_size_1=&#8221;contain&#8221; background_repeat_1=&#8221;no-repeat&#8221; module_alignment=&#8221;center&#8221; use_custom_gutter=&#8221;on&#8221; gutter_width=&#8221;1&#8243; make_equal=&#8221;on&#8221;][et_pb_column type=&#8221;4_4&#8243;][et_pb_text admin_label=&#8221;Mobile Analytics mit DiveTab&#8221; background_layout=&#8221;dark&#8221; _builder_version=&#8221;3.17.3&#8243; background_size=&#8221;initial&#8221; background_position=&#8221;top_left&#8221; background_repeat=&#8221;repeat&#8221; text_orientation=&#8221;center&#8221; module_alignment=&#8221;center&#8221; header_font_size_phone=&#8221;24px&#8221; header_font_size_last_edited=&#8221;on|phone&#8221; header_font_size=&#8221;40px&#8221; custom_padding=&#8221;||20px|&#8221; text_text_shadow_style=&#8221;preset2&#8243; header_text_shadow_style=&#8221;preset1&#8243; text_font_size=&#8221;16px&#8221; text_text_shadow_color=&#8221;rgba(0,0,0,0.5)&#8221; header_text_shadow_color=&#8221;rgba(0,0,0,0.5)&#8221;]<\/p>\n<h1 style=\"text-align: center; padding-bottom: 20px;\">Mobile Analytics mit DiveTab<sup style=\"font-size: 12px;\">\u00ae<\/sup><\/h1>\n<p>DiveTab ist eine zentrale Quelle f\u00fcr die Verwaltung und Pr\u00e4sentation von Datenanalysen im B\u00fcro oder unterwegs. Herk\u00f6mmliche Desktop-Software eignet sich hervorragend, wenn Sie von einem Desktop- oder Laptop-Computer aus sehen m\u00f6chten, was in Ihrem Unternehmen vorgeht. Der Wissensarbeiter von heute braucht jedoch eine mobile L\u00f6sung. DiveTab ist auf Ihrem iPad\u00ae, Windows-basierten Tablet oder PC verf\u00fcgbar und bietet eine leistungsstarke Suite an Informationsbereitstellungs- und Verwaltungsfunktionen. Jeder Analytics-Inhalt oder -Format &#8211; er steht in einer einzigen Benutzeroberfl\u00e4che zur Verf\u00fcgung, die entweder verbunden oder nicht mit dem Internet verbunden ist.<\/p>\n<p>[\/et_pb_text][et_pb_button admin_label=&#8221;Read the Case Study Button&#8221; button_url=&#8221;https:\/\/www.dimins.com\/divetabsite\/wp-content\/uploads\/sites\/15\/2018\/02\/Mutual-Distributing-case-study-021318-min.pdf&#8221; button_text=&#8221;Read the Case Study&#8221; button_alignment=&#8221;center&#8221; background_layout=&#8221;dark&#8221; _builder_version=&#8221;3.17.3&#8243; custom_button=&#8221;on&#8221; button_border_radius=&#8221;2&#8243; button_bg_color=&#8221;#e65847&#8243; button_border_width=&#8221;0&#8243; button_on_hover=&#8221;off&#8221; button_border_color=&#8221;#e65847&#8243; custom_margin=&#8221;||20px|&#8221; url_new_window=&#8221;on&#8221; module_class=&#8221;dl-hover-grow&#8221; button_text_size__hover_enabled=&#8221;off&#8221; button_text_size__hover=&#8221;null&#8221; button_one_text_size__hover_enabled=&#8221;off&#8221; button_one_text_size__hover=&#8221;null&#8221; button_two_text_size__hover_enabled=&#8221;off&#8221; button_two_text_size__hover=&#8221;null&#8221; button_text_color__hover_enabled=&#8221;on&#8221; button_text_color__hover=&#8221;#e65847&#8243; button_one_text_color__hover_enabled=&#8221;off&#8221; button_one_text_color__hover=&#8221;null&#8221; button_two_text_color__hover_enabled=&#8221;off&#8221; button_two_text_color__hover=&#8221;null&#8221; button_border_width__hover_enabled=&#8221;off&#8221; button_border_width__hover=&#8221;null&#8221; button_one_border_width__hover_enabled=&#8221;off&#8221; button_one_border_width__hover=&#8221;null&#8221; button_two_border_width__hover_enabled=&#8221;off&#8221; button_two_border_width__hover=&#8221;null&#8221; button_border_color__hover_enabled=&#8221;on&#8221; button_border_color__hover=&#8221;#e65847&#8243; button_one_border_color__hover_enabled=&#8221;off&#8221; button_one_border_color__hover=&#8221;null&#8221; button_two_border_color__hover_enabled=&#8221;off&#8221; button_two_border_color__hover=&#8221;null&#8221; button_border_radius__hover_enabled=&#8221;on&#8221; button_border_radius__hover=&#8221;2&#8243; button_one_border_radius__hover_enabled=&#8221;off&#8221; button_one_border_radius__hover=&#8221;null&#8221; button_two_border_radius__hover_enabled=&#8221;off&#8221; button_two_border_radius__hover=&#8221;null&#8221; button_letter_spacing__hover_enabled=&#8221;off&#8221; button_letter_spacing__hover=&#8221;null&#8221; button_one_letter_spacing__hover_enabled=&#8221;off&#8221; button_one_letter_spacing__hover=&#8221;null&#8221; button_two_letter_spacing__hover_enabled=&#8221;off&#8221; button_two_letter_spacing__hover=&#8221;null&#8221; button_bg_color__hover_enabled=&#8221;on&#8221; button_bg_color__hover=&#8221;rgba(255,255,255,0.84)&#8221; button_one_bg_color__hover_enabled=&#8221;off&#8221; button_one_bg_color__hover=&#8221;null&#8221; button_two_bg_color__hover_enabled=&#8221;off&#8221; button_two_bg_color__hover=&#8221;null&#8221; disabled=&#8221;on&#8221; disabled_on=&#8221;on|on|on&#8221; \/][et_pb_text admin_label=&#8221;Appstore badge&#8221; background_layout=&#8221;dark&#8221; _builder_version=&#8221;3.11.1&#8243; background_size=&#8221;initial&#8221; background_position=&#8221;top_left&#8221; background_repeat=&#8221;repeat&#8221; text_orientation=&#8221;center&#8221; module_alignment=&#8221;center&#8221; header_font_size_phone=&#8221;24px&#8221; header_font_size_last_edited=&#8221;on|phone&#8221; header_font_size=&#8221;40px&#8221; custom_padding=&#8221;||20px|&#8221;]<\/p>\n<p>\n<a href=\"https:\/\/itunes.apple.com\/us\/app\/divetab\/id542053236?mt=8\" target=\"_blank\" rel=\"noopener\"><img loading=\"lazy\" decoding=\"async\" class=\"aligncenter wp-image-173 size-full\" src=\"https:\/\/www.dimins.com\/de\/wp-content\/uploads\/sites\/10\/2018\/11\/Download_on_the_App_Store_Badge_US-UK_blk_092917.png\" alt=\"Download DiveTab App\" width=\"120\" height=\"40\" \/><\/a><\/p>\n<p>[\/et_pb_text][\/et_pb_column][\/et_pb_row][\/et_pb_section][et_pb_section bb_built=&#8221;1&#8243; _builder_version=&#8221;3.11.1&#8243; custom_padding=&#8221;11px|0px|19px|0px&#8221; prev_background_color=&#8221;rgba(0,0,0,0.71)&#8221; next_background_color=&#8221;#000000&#8243;][et_pb_row _builder_version=&#8221;3.11.1&#8243; background_size=&#8221;initial&#8221; background_position=&#8221;top_left&#8221; background_repeat=&#8221;repeat&#8221; make_equal=&#8221;on&#8221; module_class=&#8221;dl-column-up&#8221; custom_css_main_1=&#8221;box-shadow: 1px 15px 35px -10px rgba(61,151,211,0.11); ||||&#8221; custom_css_main_2=&#8221;box-shadow: 1px 15px 35px -10px rgba(61,151,211,0.11); ||||&#8221; custom_css_main_3=&#8221;box-shadow: 1px 15px 35px -10px rgba(61,151,211,0.11); &#8221; custom_css_main_4=&#8221;box-shadow: 1px 15px 35px -10px rgba(61,151,211,0.11); ||||&#8221;][et_pb_column type=&#8221;1_4&#8243;][et_pb_blurb admin_label=&#8221;Unternehmensl\u00f6sungen&#8221; _builder_version=&#8221;3.17.3&#8243; title=&#8221;Unternehmensl\u00f6sungen&#8221; use_icon=&#8221;on&#8221; font_icon=&#8221;%%158%%&#8221; header_text_align=&#8221;center&#8221; header_text_color=&#8221;#164e8b&#8221; body_text_align=&#8221;left&#8221; icon_color=&#8221;#b6c7d2&#8243; custom_padding=&#8221;30px|15px|15px|15px&#8221; animation=&#8221;off&#8221; use_icon_font_size=&#8221;on&#8221; icon_font_size=&#8221;50px&#8221; header_font=&#8221;|700|||||||&#8221; text_orientation=&#8221;center&#8221; body_font=&#8221;|300|||||||&#8221; body_line_height=&#8221;1.5em&#8221;]<\/p>\n<ul>\n<li>Zentralisierter Datenzugriff<\/li>\n<li>Benutzerspezifische Sicherheit<\/li>\n<li>Informationen sind immer auf dem neuesten Stand<\/li>\n<\/ul>\n<p>[\/et_pb_blurb][\/et_pb_column][et_pb_column type=&#8221;1_4&#8243;][et_pb_blurb admin_label=&#8221;Interaktive Datenvisualisierung&#8221; _builder_version=&#8221;3.17.3&#8243; title=&#8221;Interaktive Datenvisualisierung&#8221; use_icon=&#8221;on&#8221; font_icon=&#8221;%%147%%&#8221; header_text_align=&#8221;center&#8221; header_text_color=&#8221;#164e8b&#8221; body_text_align=&#8221;left&#8221; icon_color=&#8221;#b6c7d2&#8243; custom_padding=&#8221;30px|15px|15px|15px&#8221; animation=&#8221;off&#8221; use_icon_font_size=&#8221;on&#8221; icon_font_size=&#8221;50px&#8221; header_font=&#8221;|700|||||||&#8221; body_font=&#8221;|300|||||||&#8221; body_line_height=&#8221;1.5em&#8221;]<\/p>\n<ul>\n<li>Automatisierte Graphen<\/li>\n<li>BI-Dashboards bieten anpassbare Anzeigen<\/li>\n<li>Dynamische Dateninteraktion<\/li>\n<\/ul>\n<p>[\/et_pb_blurb][\/et_pb_column][et_pb_column type=&#8221;1_4&#8243;][et_pb_blurb admin_label=&#8221;Dateizugriff und -speicherung&#8221; _builder_version=&#8221;3.17.3&#8243; title=&#8221;Dateizugriff und -speicherung&#8221; use_icon=&#8221;on&#8221; font_icon=&#8221;%%77%%&#8221; header_text_align=&#8221;center&#8221; header_text_color=&#8221;#164e8b&#8221; body_text_align=&#8221;left&#8221; icon_color=&#8221;#b6c7d2&#8243; custom_padding=&#8221;30px|15px|15px|15px&#8221; animation=&#8221;off&#8221; use_icon_font_size=&#8221;on&#8221; icon_font_size=&#8221;50px&#8221; header_font=&#8221;|700|||||||&#8221; body_font=&#8221;|300|||||||&#8221; body_line_height=&#8221;1.5em&#8221;]<\/p>\n<ul>\n<li>Zugriff auf lokale und entfernte Daten<\/li>\n<li>Keine Format- oder Mengenbeschr\u00e4nkungen<\/li>\n<li>Anpassbare Organisation und Layout<\/li>\n<\/ul>\n<p>[\/et_pb_blurb][\/et_pb_column][et_pb_column type=&#8221;1_4&#8243;][et_pb_blurb admin_label=&#8221;Branchen&#8221; _builder_version=&#8221;3.17.3&#8243; title=&#8221;Branchen&#8221; use_icon=&#8221;on&#8221; font_icon=&#8221;%%144%%&#8221; header_text_align=&#8221;center&#8221; header_text_color=&#8221;#164e8b&#8221; body_text_align=&#8221;left&#8221; icon_color=&#8221;#b6c7d2&#8243; custom_padding=&#8221;30px|15px|15px|15px&#8221; animation=&#8221;off&#8221; use_icon_font_size=&#8221;on&#8221; icon_font_size=&#8221;50px&#8221; header_font=&#8221;|700|||||||&#8221; body_font=&#8221;|300|||||||&#8221; body_line_height=&#8221;1.5em&#8221;]<\/p>\n<ul>\n<li>Lab Advisor<\/li>\n<li>Logistik<\/li>\n<li>Finanzen<\/li>\n<li>T-REP<\/li>\n<\/ul>\n<p>[\/et_pb_blurb][\/et_pb_column][\/et_pb_row][\/et_pb_section][et_pb_section bb_built=&#8221;1&#8243; custom_padding_last_edited=&#8221;on|phone&#8221; _builder_version=&#8221;3.11.1&#8243; custom_padding_tablet=&#8221;0px|0px|0px|0px&#8221; transparent_background=&#8221;off&#8221; custom_padding=&#8221;24px|0px|24px|0px&#8221; prev_background_color=&#8221;#000000&#8243; next_background_color=&#8221;#000000&#8243;][et_pb_row _builder_version=&#8221;3.11.1&#8243; background_size=&#8221;initial&#8221; background_position=&#8221;top_left&#8221; background_repeat=&#8221;repeat&#8221; module_class=&#8221;reverse-columns-mobile&#8221; padding_2_tablet=&#8221;||35px|&#8221; padding_2_last_edited=&#8221;on|phone&#8221; custom_css_main_element=&#8221;display: flex;||flex-wrap: wrap;||align-items: center;&#8221;][et_pb_column type=&#8221;1_2&#8243;][et_pb_text admin_label=&#8221;Vielseitigkeit&#8221; _builder_version=&#8221;3.17.3&#8243; background_size=&#8221;initial&#8221; background_position=&#8221;top_left&#8221; background_repeat=&#8221;repeat&#8221; module_alignment=&#8221;left&#8221; use_border_color=&#8221;off&#8221; text_font_size_phone=&#8221;15px&#8221; text_font_size_last_edited=&#8221;on|desktop&#8221; header_font_size_phone=&#8221;24px&#8221; header_font_size_last_edited=&#8221;on|phone&#8221; text_font=&#8221;|300|||||||&#8221; text_line_height=&#8221;1.5em&#8221; header_2_text_color=&#8221;#1dbcbd&#8221; header_4_text_color=&#8221;#164e8b&#8221; header_4_font_size=&#8221;23px&#8221; header_4_line_height=&#8221;1.5em&#8221;]<\/p>\n<h4>Vielseitigkeit<\/h4>\n<p>Bleiben Sie auf dem Laufenden, indem Sie jederzeit von Ihrem Desktop oder iPad aus auf strukturierte und unstrukturierte Daten zugreifen. Die Multi-Screen-Delivery-Plattform von DiveTab\u00ae bietet eine einheitliche Benutzererfahrung auf allen Ger\u00e4ten. DiveTab\u00ae bringt Reporting Dashboard Software auf ein neues Niveau.<\/p>\n<ul>\n<li>Greifen Sie auf Dokumente, Pr\u00e4sentationen, Marketingmaterialien, Video- und Audiodateien zu<\/li>\n<li>Erhalten Sie zeitnahe Einblicke aus gro\u00dfen Datenmengen<\/li>\n<li>Machen Sie Informationen offline und online<\/li>\n<li>Das Echtzeit-Dashboard von DiveTab stellt sicher, dass die Informationen immer auf dem neuesten Stand sind<\/li>\n<li>F\u00fchren Sie mit dem interaktiven Dashboard von DiveTab mehrstufige Berichte und Drilldown-Berichte durch<\/li>\n<\/ul>\n<p>[\/et_pb_text][\/et_pb_column][et_pb_column type=&#8221;1_2&#8243;][et_pb_image admin_label=&#8221;PC, laptop and tablet computers&#8221; _builder_version=&#8221;3.17.3&#8243; src=&#8221;https:\/\/www.dimins.com\/de\/wp-content\/uploads\/sites\/10\/2018\/11\/desktop-monitor-laptop-and-tablet-computer.jpg&#8221; \/][\/et_pb_column][\/et_pb_row][\/et_pb_section][et_pb_section bb_built=&#8221;1&#8243; specialty=&#8221;off&#8221; prev_background_color=&#8221;#000000&#8243; _builder_version=&#8221;3.11.1&#8243; custom_padding=&#8221;||50px|&#8221; custom_padding_tablet=&#8221;0px||30px|&#8221; custom_padding_phone=&#8221;||25px|&#8221; custom_padding_last_edited=&#8221;on|phone&#8221;][et_pb_row _builder_version=&#8221;3.11.1&#8243; background_color_1=&#8221;#ffffff&#8221; background_color_2=&#8221;#ffffff&#8221; background_color_3=&#8221;#ffffff&#8221; module_alignment=&#8221;center&#8221; use_custom_gutter=&#8221;on&#8221; gutter_width=&#8221;2&#8243; make_equal=&#8221;on&#8221; custom_css_main_1=&#8221;box-shadow: 0px 12px 18px -6px rgba(61,151,211,0.11);||border: 1px solid rgba(61,151,211,0.11);||border-radius: 10px;&#8221; custom_css_main_2=&#8221;box-shadow: 0px 12px 18px -6px rgba(61,151,211,0.11);||border: 1px solid rgba(61,151,211,0.11);||border-radius: 10px;&#8221; custom_css_main_3=&#8221;box-shadow: 0px 12px 18px -6px rgba(61,151,211,0.11);||border: 1px solid rgba(61,151,211,0.11);||border-radius: 10px;&#8221;][et_pb_column type=&#8221;1_3&#8243;][et_pb_blurb admin_label=&#8221;Big Data mit beispiellosen Geschwindigkeiten&#8221; _builder_version=&#8221;3.17.3&#8243; title=&#8221;Big Data mit beispiellosen Geschwindigkeiten&#8221; font_icon=&#8221;%%40%%&#8221; header_text_align=&#8221;center&#8221; header_text_color=&#8221;#164e8b&#8221; body_text_align=&#8221;center&#8221; icon_color=&#8221;rgba(29,188,189,0.47)&#8221; custom_padding=&#8221;30px|15px|15px|15px&#8221; animation=&#8221;off&#8221; use_icon_font_size=&#8221;on&#8221; icon_font_size=&#8221;70px&#8221; header_font=&#8221;|700|||||||&#8221; text_orientation=&#8221;center&#8221; body_font=&#8221;|300|||||||&#8221;]<\/p>\n<p>Dank unserer robusten Daten-Engine werden Informationen mit beispielloser Geschwindigkeit sicher bereitgestellt. Es gibt keine Wartezeiten und Sie m\u00fcssen sich nicht bei mehreren Ger\u00e4ten anmelden. DiveTab\u00ae verwendet die neueste Technologie, um schnellen Zugriff und un\u00fcbertroffene Verarbeitungsleistung zu bieten. Das One-Touch-Design der Benutzeroberfl\u00e4che von DiveTab, das interaktive Dashboard und die robuste Datenverwaltungstechnologie erm\u00f6glichen es Unternehmen, schnell Einblick in \u201eBig Data\u201c zu erhalten. Reporting Dashboard-Software war noch nie so leistungsf\u00e4hig.<\/p>\n<p>[\/et_pb_blurb][\/et_pb_column][et_pb_column type=&#8221;1_3&#8243;][et_pb_blurb admin_label=&#8221;BI, das mit Ihnen Schritt h\u00e4lt&#8221; _builder_version=&#8221;3.17.3&#8243; title=&#8221;BI, das mit Ihnen Schritt h\u00e4lt&#8221; font_icon=&#8221;%%127%%&#8221; header_text_align=&#8221;center&#8221; header_text_color=&#8221;#164e8b&#8221; body_text_align=&#8221;center&#8221; icon_color=&#8221;rgba(29,188,189,0.47)&#8221; custom_padding=&#8221;30px|15px|15px|15px&#8221; animation=&#8221;off&#8221; use_icon_font_size=&#8221;on&#8221; icon_font_size=&#8221;70px&#8221; header_font=&#8221;|700|||||||&#8221; text_orientation=&#8221;center&#8221; body_font=&#8221;|300|||||||&#8221;]<\/p>\n<p>Durch die M\u00f6glichkeit, in Echtzeit auf Mobile BI zuzugreifen, k\u00f6nnen Ihre mobilen Mitarbeiter sofort auf Daten reagieren und so die Produktivit\u00e4t steigern. DiveTab\u00ae gew\u00e4hrleistet einen nahtlosen \u00dcbergang von einem Ger\u00e4t zum anderen, sodass sich die Benutzer auf das Gesch\u00e4ft konzentrieren k\u00f6nnen.<\/p>\n<p>[\/et_pb_blurb][\/et_pb_column][et_pb_column type=&#8221;1_3&#8243;][et_pb_blurb admin_label=&#8221;Organisationsintelligenz: Immer und \u00fcberall&#8221; _builder_version=&#8221;3.17.3&#8243; title=&#8221;Organisationsintelligenz: Immer und \u00fcberall&#8221; font_icon=&#8221;%%72%%&#8221; header_text_align=&#8221;center&#8221; header_text_color=&#8221;#164e8b&#8221; body_text_align=&#8221;center&#8221; icon_color=&#8221;rgba(29,188,189,0.47)&#8221; custom_padding=&#8221;30px|15px|15px|15px&#8221; animation=&#8221;off&#8221; use_icon_font_size=&#8221;on&#8221; icon_font_size=&#8221;70px&#8221; header_font=&#8221;|700|||||||&#8221; text_orientation=&#8221;center&#8221; url_new_window=&#8221;on&#8221; body_font=&#8221;|300|||||||&#8221;]<\/p>\n<p>Die Informationsmanagement- und Bereitstellungsplattform von DiveTab\u00ae bietet Unternehmen die notwendigen Werkzeuge, um informationsreiche Anwendungen in ihrem gesamten Unternehmen zu entwickeln und bereitzustellen. Mit DiveTab\u00ae k\u00f6nnen mobile Mitarbeiter jederzeit und \u00fcberall auf strukturierte und unstrukturierte Daten zugreifen. Echtzeit-BI-Dashboards, Pr\u00e4sentationsinhalte, Marketingmaterialien, Audio und Video sind auf einem Ger\u00e4t verf\u00fcgbar.<\/p>\n<p>[\/et_pb_blurb][\/et_pb_column][\/et_pb_row][\/et_pb_section]<\/p>\n","protected":false},"excerpt":{"rendered":"<p>Mobile Analytics mit DiveTab\u00aeDiveTab ist eine zentrale Quelle f\u00fcr die Verwaltung und Pr\u00e4sentation von Datenanalysen im B\u00fcro oder unterwegs. Herk\u00f6mmliche Desktop-Software eignet sich hervorragend, wenn Sie von einem Desktop- oder Laptop-Computer aus sehen m\u00f6chten, was in Ihrem Unternehmen vorgeht. Der Wissensarbeiter von heute braucht jedoch eine mobile L\u00f6sung. DiveTab ist auf Ihrem iPad\u00ae, Windows-basierten Tablet [&hellip;]<\/p>\n","protected":false},"author":13,"featured_media":0,"parent":0,"menu_order":0,"comment_status":"open","ping_status":"open","template":"","meta":{"_et_pb_use_builder":"on","_et_pb_old_content":"","_et_gb_content_width":"","footnotes":""},"class_list":["post-105","page","type-page","status-publish","hentry"],"yoast_head":"<!-- This site is optimized with the Yoast SEO Premium plugin v27.4 (Yoast SEO v27.4) - https:\/\/yoast.com\/product\/yoast-seo-premium-wordpress\/ -->\n<title>DiveTab - Dimensional Insight Deutschland<\/title>\n<meta name=\"robots\" content=\"index, follow, max-snippet:-1, max-image-preview:large, max-video-preview:-1\" \/>\n<link rel=\"canonical\" href=\"https:\/\/www.dimins.com\/de\/divetab\/\" \/>\n<meta property=\"og:locale\" content=\"en_US\" \/>\n<meta property=\"og:type\" content=\"article\" \/>\n<meta property=\"og:title\" content=\"DiveTab\" \/>\n<meta property=\"og:description\" content=\"Mobile Analytics mit DiveTab\u00aeDiveTab ist eine zentrale Quelle f\u00fcr die Verwaltung und Pr\u00e4sentation von Datenanalysen im B\u00fcro oder unterwegs. Herk\u00f6mmliche Desktop-Software eignet sich hervorragend, wenn Sie von einem Desktop- oder Laptop-Computer aus sehen m\u00f6chten, was in Ihrem Unternehmen vorgeht. Der Wissensarbeiter von heute braucht jedoch eine mobile L\u00f6sung. DiveTab ist auf Ihrem iPad\u00ae, Windows-basierten Tablet [&hellip;]\" \/>\n<meta property=\"og:url\" content=\"https:\/\/www.dimins.com\/de\/divetab\/\" \/>\n<meta property=\"og:site_name\" content=\"Dimensional Insight Deutschland\" \/>\n<meta property=\"article:modified_time\" content=\"2018-11-29T21:14:59+00:00\" \/>\n<meta property=\"og:image\" content=\"https:\/\/www.dimins.com\/de\/wp-content\/uploads\/sites\/10\/2018\/11\/Download_on_the_App_Store_Badge_US-UK_blk_092917.png\" \/>\n<meta name=\"twitter:card\" content=\"summary_large_image\" \/>\n<meta name=\"twitter:label1\" content=\"Est. reading time\" \/>\n\t<meta name=\"twitter:data1\" content=\"9 minutes\" \/>\n<script type=\"application\/ld+json\" class=\"yoast-schema-graph\">{\"@context\":\"https:\\\/\\\/schema.org\",\"@graph\":[{\"@type\":\"WebPage\",\"@id\":\"https:\\\/\\\/www.dimins.com\\\/de\\\/divetab\\\/\",\"url\":\"https:\\\/\\\/www.dimins.com\\\/de\\\/divetab\\\/\",\"name\":\"DiveTab - Dimensional Insight Deutschland\",\"isPartOf\":{\"@id\":\"https:\\\/\\\/www.dimins.com\\\/de\\\/#website\"},\"primaryImageOfPage\":{\"@id\":\"https:\\\/\\\/www.dimins.com\\\/de\\\/divetab\\\/#primaryimage\"},\"image\":{\"@id\":\"https:\\\/\\\/www.dimins.com\\\/de\\\/divetab\\\/#primaryimage\"},\"thumbnailUrl\":\"https:\\\/\\\/www.dimins.com\\\/de\\\/wp-content\\\/uploads\\\/sites\\\/10\\\/2018\\\/11\\\/Download_on_the_App_Store_Badge_US-UK_blk_092917.png\",\"datePublished\":\"2014-11-21T12:17:29+00:00\",\"dateModified\":\"2018-11-29T21:14:59+00:00\",\"breadcrumb\":{\"@id\":\"https:\\\/\\\/www.dimins.com\\\/de\\\/divetab\\\/#breadcrumb\"},\"inLanguage\":\"en-US\",\"potentialAction\":[{\"@type\":\"ReadAction\",\"target\":[\"https:\\\/\\\/www.dimins.com\\\/de\\\/divetab\\\/\"]}]},{\"@type\":\"ImageObject\",\"inLanguage\":\"en-US\",\"@id\":\"https:\\\/\\\/www.dimins.com\\\/de\\\/divetab\\\/#primaryimage\",\"url\":\"https:\\\/\\\/www.dimins.com\\\/de\\\/wp-content\\\/uploads\\\/sites\\\/10\\\/2018\\\/11\\\/Download_on_the_App_Store_Badge_US-UK_blk_092917.png\",\"contentUrl\":\"https:\\\/\\\/www.dimins.com\\\/de\\\/wp-content\\\/uploads\\\/sites\\\/10\\\/2018\\\/11\\\/Download_on_the_App_Store_Badge_US-UK_blk_092917.png\",\"width\":240,\"height\":80},{\"@type\":\"BreadcrumbList\",\"@id\":\"https:\\\/\\\/www.dimins.com\\\/de\\\/divetab\\\/#breadcrumb\",\"itemListElement\":[{\"@type\":\"ListItem\",\"position\":1,\"name\":\"Home\",\"item\":\"https:\\\/\\\/www.dimins.com\\\/de\\\/\"},{\"@type\":\"ListItem\",\"position\":2,\"name\":\"DiveTab\"}]},{\"@type\":\"WebSite\",\"@id\":\"https:\\\/\\\/www.dimins.com\\\/de\\\/#website\",\"url\":\"https:\\\/\\\/www.dimins.com\\\/de\\\/\",\"name\":\"Dimensional Insight Deutschland\",\"description\":\"Business Intelligence L\u00f6sungen\",\"potentialAction\":[{\"@type\":\"SearchAction\",\"target\":{\"@type\":\"EntryPoint\",\"urlTemplate\":\"https:\\\/\\\/www.dimins.com\\\/de\\\/?s={search_term_string}\"},\"query-input\":{\"@type\":\"PropertyValueSpecification\",\"valueRequired\":true,\"valueName\":\"search_term_string\"}}],\"inLanguage\":\"en-US\"}]}<\/script>\n<!-- \/ Yoast SEO Premium plugin. -->","yoast_head_json":{"title":"DiveTab - Dimensional Insight Deutschland","robots":{"index":"index","follow":"follow","max-snippet":"max-snippet:-1","max-image-preview":"max-image-preview:large","max-video-preview":"max-video-preview:-1"},"canonical":"https:\/\/www.dimins.com\/de\/divetab\/","og_locale":"en_US","og_type":"article","og_title":"DiveTab","og_description":"Mobile Analytics mit DiveTab\u00aeDiveTab ist eine zentrale Quelle f\u00fcr die Verwaltung und Pr\u00e4sentation von Datenanalysen im B\u00fcro oder unterwegs. Herk\u00f6mmliche Desktop-Software eignet sich hervorragend, wenn Sie von einem Desktop- oder Laptop-Computer aus sehen m\u00f6chten, was in Ihrem Unternehmen vorgeht. Der Wissensarbeiter von heute braucht jedoch eine mobile L\u00f6sung. DiveTab ist auf Ihrem iPad\u00ae, Windows-basierten Tablet [&hellip;]","og_url":"https:\/\/www.dimins.com\/de\/divetab\/","og_site_name":"Dimensional Insight Deutschland","article_modified_time":"2018-11-29T21:14:59+00:00","og_image":[{"url":"https:\/\/www.dimins.com\/de\/wp-content\/uploads\/sites\/10\/2018\/11\/Download_on_the_App_Store_Badge_US-UK_blk_092917.png","type":"","width":"","height":""}],"twitter_card":"summary_large_image","twitter_misc":{"Est. reading time":"9 minutes"},"schema":{"@context":"https:\/\/schema.org","@graph":[{"@type":"WebPage","@id":"https:\/\/www.dimins.com\/de\/divetab\/","url":"https:\/\/www.dimins.com\/de\/divetab\/","name":"DiveTab - Dimensional Insight Deutschland","isPartOf":{"@id":"https:\/\/www.dimins.com\/de\/#website"},"primaryImageOfPage":{"@id":"https:\/\/www.dimins.com\/de\/divetab\/#primaryimage"},"image":{"@id":"https:\/\/www.dimins.com\/de\/divetab\/#primaryimage"},"thumbnailUrl":"https:\/\/www.dimins.com\/de\/wp-content\/uploads\/sites\/10\/2018\/11\/Download_on_the_App_Store_Badge_US-UK_blk_092917.png","datePublished":"2014-11-21T12:17:29+00:00","dateModified":"2018-11-29T21:14:59+00:00","breadcrumb":{"@id":"https:\/\/www.dimins.com\/de\/divetab\/#breadcrumb"},"inLanguage":"en-US","potentialAction":[{"@type":"ReadAction","target":["https:\/\/www.dimins.com\/de\/divetab\/"]}]},{"@type":"ImageObject","inLanguage":"en-US","@id":"https:\/\/www.dimins.com\/de\/divetab\/#primaryimage","url":"https:\/\/www.dimins.com\/de\/wp-content\/uploads\/sites\/10\/2018\/11\/Download_on_the_App_Store_Badge_US-UK_blk_092917.png","contentUrl":"https:\/\/www.dimins.com\/de\/wp-content\/uploads\/sites\/10\/2018\/11\/Download_on_the_App_Store_Badge_US-UK_blk_092917.png","width":240,"height":80},{"@type":"BreadcrumbList","@id":"https:\/\/www.dimins.com\/de\/divetab\/#breadcrumb","itemListElement":[{"@type":"ListItem","position":1,"name":"Home","item":"https:\/\/www.dimins.com\/de\/"},{"@type":"ListItem","position":2,"name":"DiveTab"}]},{"@type":"WebSite","@id":"https:\/\/www.dimins.com\/de\/#website","url":"https:\/\/www.dimins.com\/de\/","name":"Dimensional Insight Deutschland","description":"Business Intelligence L\u00f6sungen","potentialAction":[{"@type":"SearchAction","target":{"@type":"EntryPoint","urlTemplate":"https:\/\/www.dimins.com\/de\/?s={search_term_string}"},"query-input":{"@type":"PropertyValueSpecification","valueRequired":true,"valueName":"search_term_string"}}],"inLanguage":"en-US"}]}},"_links":{"self":[{"href":"https:\/\/www.dimins.com\/de\/wp-json\/wp\/v2\/pages\/105","targetHints":{"allow":["GET"]}}],"collection":[{"href":"https:\/\/www.dimins.com\/de\/wp-json\/wp\/v2\/pages"}],"about":[{"href":"https:\/\/www.dimins.com\/de\/wp-json\/wp\/v2\/types\/page"}],"author":[{"embeddable":true,"href":"https:\/\/www.dimins.com\/de\/wp-json\/wp\/v2\/users\/13"}],"replies":[{"embeddable":true,"href":"https:\/\/www.dimins.com\/de\/wp-json\/wp\/v2\/comments?post=105"}],"version-history":[{"count":0,"href":"https:\/\/www.dimins.com\/de\/wp-json\/wp\/v2\/pages\/105\/revisions"}],"wp:attachment":[{"href":"https:\/\/www.dimins.com\/de\/wp-json\/wp\/v2\/media?parent=105"}],"curies":[{"name":"wp","href":"https:\/\/api.w.org\/{rel}","templated":true}]}}