{"id":103,"date":"2014-11-21T12:17:10","date_gmt":"2014-11-21T12:17:10","guid":{"rendered":"http:\/\/ve-dbraas.nl.www.dimins.com\/nl\/?page_id=103"},"modified":"2018-04-20T20:43:38","modified_gmt":"2018-04-20T18:43:38","slug":"diver-solution","status":"publish","type":"page","link":"https:\/\/www.dimins.com\/de\/diver-solution\/","title":{"rendered":"Diver Solution"},"content":{"rendered":"<p>[et_pb_section bb_built=&#8221;1&#8243; admin_label=&#8221;section&#8221; fullwidth=&#8221;on&#8221; specialty=&#8221;off&#8221; background_image=&#8221;https:\/\/www.dimins.com\/de\/wp-content\/uploads\/sites\/2\/2014\/11\/diver-banner.jpg&#8221; transparent_background=&#8221;off&#8221; background_color=&#8221;#ffffff&#8221; inner_shadow=&#8221;off&#8221; parallax=&#8221;off&#8221; parallax_method=&#8221;off&#8221; next_background_color=&#8221;#000000&#8243;][et_pb_fullwidth_header admin_label=&#8221;Diver Fullwidth Header&#8221; title=&#8221;Die Diver Solution&#8221; background_layout=&#8221;dark&#8221; text_orientation=&#8221;left&#8221; header_fullscreen=&#8221;off&#8221; header_scroll_down=&#8221;off&#8221; parallax=&#8221;off&#8221; parallax_method=&#8221;off&#8221; content_orientation=&#8221;center&#8221; image_orientation=&#8221;center&#8221; custom_button_one=&#8221;off&#8221; button_one_letter_spacing=&#8221;0&#8243; button_one_use_icon=&#8221;default&#8221; button_one_icon_placement=&#8221;right&#8221; button_one_on_hover=&#8221;on&#8221; button_one_letter_spacing_hover=&#8221;0&#8243; custom_button_two=&#8221;off&#8221; button_two_letter_spacing=&#8221;0&#8243; button_two_use_icon=&#8221;default&#8221; button_two_icon_placement=&#8221;right&#8221; button_two_on_hover=&#8221;on&#8221; button_two_letter_spacing_hover=&#8221;0&#8243; \/][\/et_pb_section][et_pb_section bb_built=&#8221;1&#8243; admin_label=&#8221;section&#8221; fullwidth=&#8221;off&#8221; specialty=&#8221;off&#8221; prev_background_color=&#8221;#000000&#8243; next_background_color=&#8221;#dbdbdb&#8221;][et_pb_row admin_label=&#8221;row&#8221; background_position=&#8221;top_left&#8221; background_repeat=&#8221;repeat&#8221; background_size=&#8221;initial&#8221;][et_pb_column type=&#8221;1_4&#8243;][et_pb_text background_layout=&#8221;light&#8221; text_orientation=&#8221;left&#8221; use_border_color=&#8221;off&#8221; border_color=&#8221;#ffffff&#8221; border_style=&#8221;solid&#8221; background_position=&#8221;top_left&#8221; background_repeat=&#8221;repeat&#8221; background_size=&#8221;initial&#8221; \/][\/et_pb_column][et_pb_column type=&#8221;1_2&#8243;][et_pb_image admin_label=&#8221;Image&#8221; src=&#8221;https:\/\/www.dimins.com\/de\/wp-content\/uploads\/sites\/2\/2014\/11\/Technologie_Diver1.png&#8221; show_in_lightbox=&#8221;off&#8221; url_new_window=&#8221;off&#8221; animation=&#8221;left&#8221; sticky=&#8221;off&#8221; align=&#8221;left&#8221; force_fullwidth=&#8221;off&#8221; always_center_on_mobile=&#8221;on&#8221; use_border_color=&#8221;off&#8221; border_color=&#8221;#ffffff&#8221; border_style=&#8221;solid&#8221; animation_style=&#8221;slide&#8221; animation_duration=&#8221;500ms&#8221; animation_intensity_slide=&#8221;10%&#8221; animation_direction=&#8221;left&#8221; show_bottom_space=&#8221;on&#8221; \/][\/et_pb_column][et_pb_column type=&#8221;1_4&#8243;][et_pb_text background_layout=&#8221;light&#8221; text_orientation=&#8221;left&#8221; use_border_color=&#8221;off&#8221; border_color=&#8221;#ffffff&#8221; border_style=&#8221;solid&#8221; background_position=&#8221;top_left&#8221; background_repeat=&#8221;repeat&#8221; background_size=&#8221;initial&#8221; \/][\/et_pb_column][\/et_pb_row][et_pb_row admin_label=&#8221;row&#8221; background_position=&#8221;top_left&#8221; background_repeat=&#8221;repeat&#8221; background_size=&#8221;initial&#8221;][et_pb_column type=&#8221;4_4&#8243;][et_pb_tabs admin_label=&#8221;Tabs&#8221; use_border_color=&#8221;off&#8221; border_color=&#8221;#ffffff&#8221; border_style=&#8221;solid&#8221; background_position=&#8221;top_left&#8221; background_repeat=&#8221;repeat&#8221; background_size=&#8221;initial&#8221;][et_pb_tab title=&#8221;Daten importieren: Collection&#8221; tab_font_select=&#8221;default&#8221; body_font_select=&#8221;default&#8221; tab_font=&#8221;||||&#8221; tab_line_height=&#8221;2em&#8221; tab_line_height_tablet=&#8221;2em&#8221; tab_line_height_phone=&#8221;2em&#8221; body_font=&#8221;||||&#8221; body_line_height=&#8221;2em&#8221; body_line_height_tablet=&#8221;2em&#8221; body_line_height_phone=&#8221;2em&#8221;]<\/p>\n<p>Zu &#8220;Collection&#8221; und teilweise auch &#8220;Assembly&#8221; z\u00e4hlen die Diver ETL Komponenten Intergrator, Builder und Spectre. Mit dem Integrator werden die notwendigen Skripte erstellt, mit denen definiert wird, welche Daten aus welchen Datenquellen und Dateien importiert werden, wie sie miteienander verbunden werden und wie sie m\u00f6glicherweise mit Funktionen des Integrator ver\u00e4ndert werden sollte. ETL kann Daten aus verschiedensten Datenquellen importieren:<\/p>\n<ul>\n<li>aus Datenbanken von Applikationen wie ERP, CRM, CMS, etc.<\/li>\n<li>aus ODBC Datenquellen<\/li>\n<li>Excel Tabellen<\/li>\n<li>den meisten \u201enon-Standard\u201c Datenquellen<\/li>\n<\/ul>\n<p>&nbsp;<\/p>\n<p>[\/et_pb_tab][et_pb_tab title=&#8221;Daten verarbeiten: Assembly&#8221; tab_font_select=&#8221;default&#8221; body_font_select=&#8221;default&#8221; tab_font=&#8221;||||&#8221; tab_line_height=&#8221;2em&#8221; tab_line_height_tablet=&#8221;2em&#8221; tab_line_height_phone=&#8221;2em&#8221; body_font=&#8221;||||&#8221; body_line_height=&#8221;2em&#8221; body_line_height_tablet=&#8221;2em&#8221; body_line_height_phone=&#8221;2em&#8221;]<\/p>\n<p>Der Integrator z\u00e4hlt zu den leistungsf\u00e4higsten ETL Tools, die auf dem Markt verf\u00fcgbar sind. Es ist zugleich einfach zu bedienen, so dass auch unerfahrene Anwender damit arbeiten k\u00f6nnen. Import von Daten erfolgt in hoher Geschwindigkeit, die von fast keinem Vergleichsprodukt erreicht wird. Integrator kann:<\/p>\n<ul>\n<li>Daten aus allen bekannten Datenquellen importieren<\/li>\n<li>Daten mit extremer Geschwindigkeit zusammen f\u00fchren, sortieren und indexieren<\/li>\n<\/ul>\n<p>[\/et_pb_tab][et_pb_tab title=&#8221;Daten pr\u00e4sentieren: Delivery&#8221; tab_font_select=&#8221;default&#8221; body_font_select=&#8221;default&#8221; tab_font=&#8221;||||&#8221; tab_line_height=&#8221;2em&#8221; tab_line_height_tablet=&#8221;2em&#8221; tab_line_height_phone=&#8221;2em&#8221; body_font=&#8221;||||&#8221; body_line_height=&#8221;2em&#8221; body_line_height_tablet=&#8221;2em&#8221; body_line_height_phone=&#8221;2em&#8221;]<\/p>\n<p>Die Diver Solution verf\u00fcgt \u00fcber eine reichhaltige Palette an Funktionen, um importierte Daten in wertvolle Informationen zu verwandeln. Diese Informationen k\u00f6nnen dargestellt werden:<\/p>\n<ul>\n<li>in Dashboards<\/li>\n<li>als ScorecardsGrafik<\/li>\n<li>als Grafiken<\/li>\n<li>in Reports<\/li>\n<li>als KPI, Key Performance Indicators<\/li>\n<\/ul>\n<p>Die Darstellung der Informationen kann leicht und flexibel auf den Bedarf der Benutzer angepasst werden. Eine umfangreiche Rechteverwaltung sorgt daf\u00fcr, dass Benutzer nicht ohne Berechtigung auf Informationen zugreifen k\u00f6nnen.<\/p>\n<p>[\/et_pb_tab][\/et_pb_tabs][\/et_pb_column][\/et_pb_row][\/et_pb_section][et_pb_section bb_built=&#8221;1&#8243; admin_label=&#8221;section&#8221; fullwidth=&#8221;off&#8221; specialty=&#8221;off&#8221; transparent_background=&#8221;off&#8221; background_color=&#8221;#dbdbdb&#8221; inner_shadow=&#8221;off&#8221; parallax=&#8221;off&#8221; parallax_method=&#8221;off&#8221; prev_background_color=&#8221;#ffffff&#8221;][et_pb_row admin_label=&#8221;row&#8221; background_position=&#8221;top_left&#8221; background_repeat=&#8221;repeat&#8221; background_size=&#8221;initial&#8221;][et_pb_column type=&#8221;1_3&#8243;][et_pb_text background_layout=&#8221;light&#8221; use_border_color=&#8221;off&#8221; background_position=&#8221;top_left&#8221; background_repeat=&#8221;repeat&#8221; background_size=&#8221;initial&#8221; _builder_version=&#8221;3.0.106&#8243;]<\/p>\n<h2>Downloads<\/h2>\n<p>Interesse in Brochure und etwas mehr Dokumentation?<br \/>\n<a href=\"https:\/\/www.dimins.com\/de\/ueber-uns\/downloads\/\">Download Area<\/a><\/p>\n<h2><\/h2>\n<p>[\/et_pb_text][\/et_pb_column][et_pb_column type=&#8221;1_3&#8243;][et_pb_text background_layout=&#8221;light&#8221; text_orientation=&#8221;left&#8221; use_border_color=&#8221;off&#8221; border_color=&#8221;#ffffff&#8221; border_style=&#8221;solid&#8221; background_position=&#8221;top_left&#8221; background_repeat=&#8221;repeat&#8221; background_size=&#8221;initial&#8221;]<\/p>\n<h2>Kontakt mit uns<\/h2>\n<p>F\u00fcr mehrere Infos oder eine Beratung, nehmen sie Kontakt mit uns \u00fcber den folgenden link.<br \/>\n<a href=\"\/de\/ueber-uns\/kontakt\/\">Kontakt herstellen<\/a><\/p>\n<p>[\/et_pb_text][\/et_pb_column][et_pb_column type=&#8221;1_3&#8243;][\/et_pb_column][\/et_pb_row][\/et_pb_section]<\/p>\n","protected":false},"excerpt":{"rendered":"<p>Zu &#8220;Collection&#8221; und teilweise auch &#8220;Assembly&#8221; z\u00e4hlen die Diver ETL Komponenten Intergrator, Builder und Spectre. Mit dem Integrator werden die notwendigen Skripte erstellt, mit denen definiert wird, welche Daten aus welchen Datenquellen und Dateien importiert werden, wie sie miteienander verbunden werden und wie sie m\u00f6glicherweise mit Funktionen des Integrator ver\u00e4ndert werden sollte. ETL kann Daten [&hellip;]<\/p>\n","protected":false},"author":13,"featured_media":0,"parent":0,"menu_order":0,"comment_status":"open","ping_status":"open","template":"","meta":{"_et_pb_use_builder":"on","_et_pb_old_content":"","_et_gb_content_width":"","footnotes":""},"class_list":["post-103","page","type-page","status-publish","hentry"],"yoast_head":"<!-- This site is optimized with the Yoast SEO Premium plugin v27.4 (Yoast SEO v27.4) - https:\/\/yoast.com\/product\/yoast-seo-premium-wordpress\/ -->\n<title>Diver Solution - Dimensional Insight Deutschland<\/title>\n<meta name=\"robots\" content=\"index, follow, max-snippet:-1, max-image-preview:large, max-video-preview:-1\" \/>\n<link rel=\"canonical\" href=\"https:\/\/www.dimins.com\/de\/diver-solution\/\" \/>\n<meta property=\"og:locale\" content=\"en_US\" \/>\n<meta property=\"og:type\" content=\"article\" \/>\n<meta property=\"og:title\" content=\"Diver Solution\" \/>\n<meta property=\"og:description\" content=\"Zu &quot;Collection&quot; und teilweise auch &quot;Assembly&quot; z\u00e4hlen die Diver ETL Komponenten Intergrator, Builder und Spectre. Mit dem Integrator werden die notwendigen Skripte erstellt, mit denen definiert wird, welche Daten aus welchen Datenquellen und Dateien importiert werden, wie sie miteienander verbunden werden und wie sie m\u00f6glicherweise mit Funktionen des Integrator ver\u00e4ndert werden sollte. ETL kann Daten [&hellip;]\" \/>\n<meta property=\"og:url\" content=\"https:\/\/www.dimins.com\/de\/diver-solution\/\" \/>\n<meta property=\"og:site_name\" content=\"Dimensional Insight Deutschland\" \/>\n<meta property=\"article:modified_time\" content=\"2018-04-20T18:43:38+00:00\" \/>\n<meta name=\"twitter:card\" content=\"summary_large_image\" \/>\n<meta name=\"twitter:label1\" content=\"Est. reading time\" \/>\n\t<meta name=\"twitter:data1\" content=\"5 minutes\" \/>\n<script type=\"application\/ld+json\" class=\"yoast-schema-graph\">{\"@context\":\"https:\\\/\\\/schema.org\",\"@graph\":[{\"@type\":\"WebPage\",\"@id\":\"https:\\\/\\\/www.dimins.com\\\/de\\\/diver-solution\\\/\",\"url\":\"https:\\\/\\\/www.dimins.com\\\/de\\\/diver-solution\\\/\",\"name\":\"Diver Solution - Dimensional Insight Deutschland\",\"isPartOf\":{\"@id\":\"https:\\\/\\\/www.dimins.com\\\/de\\\/#website\"},\"datePublished\":\"2014-11-21T12:17:10+00:00\",\"dateModified\":\"2018-04-20T18:43:38+00:00\",\"breadcrumb\":{\"@id\":\"https:\\\/\\\/www.dimins.com\\\/de\\\/diver-solution\\\/#breadcrumb\"},\"inLanguage\":\"en-US\",\"potentialAction\":[{\"@type\":\"ReadAction\",\"target\":[\"https:\\\/\\\/www.dimins.com\\\/de\\\/diver-solution\\\/\"]}]},{\"@type\":\"BreadcrumbList\",\"@id\":\"https:\\\/\\\/www.dimins.com\\\/de\\\/diver-solution\\\/#breadcrumb\",\"itemListElement\":[{\"@type\":\"ListItem\",\"position\":1,\"name\":\"Home\",\"item\":\"https:\\\/\\\/www.dimins.com\\\/de\\\/\"},{\"@type\":\"ListItem\",\"position\":2,\"name\":\"Diver Solution\"}]},{\"@type\":\"WebSite\",\"@id\":\"https:\\\/\\\/www.dimins.com\\\/de\\\/#website\",\"url\":\"https:\\\/\\\/www.dimins.com\\\/de\\\/\",\"name\":\"Dimensional Insight Deutschland\",\"description\":\"Business Intelligence L\u00f6sungen\",\"potentialAction\":[{\"@type\":\"SearchAction\",\"target\":{\"@type\":\"EntryPoint\",\"urlTemplate\":\"https:\\\/\\\/www.dimins.com\\\/de\\\/?s={search_term_string}\"},\"query-input\":{\"@type\":\"PropertyValueSpecification\",\"valueRequired\":true,\"valueName\":\"search_term_string\"}}],\"inLanguage\":\"en-US\"}]}<\/script>\n<!-- \/ Yoast SEO Premium plugin. -->","yoast_head_json":{"title":"Diver Solution - Dimensional Insight Deutschland","robots":{"index":"index","follow":"follow","max-snippet":"max-snippet:-1","max-image-preview":"max-image-preview:large","max-video-preview":"max-video-preview:-1"},"canonical":"https:\/\/www.dimins.com\/de\/diver-solution\/","og_locale":"en_US","og_type":"article","og_title":"Diver Solution","og_description":"Zu \"Collection\" und teilweise auch \"Assembly\" z\u00e4hlen die Diver ETL Komponenten Intergrator, Builder und Spectre. Mit dem Integrator werden die notwendigen Skripte erstellt, mit denen definiert wird, welche Daten aus welchen Datenquellen und Dateien importiert werden, wie sie miteienander verbunden werden und wie sie m\u00f6glicherweise mit Funktionen des Integrator ver\u00e4ndert werden sollte. ETL kann Daten [&hellip;]","og_url":"https:\/\/www.dimins.com\/de\/diver-solution\/","og_site_name":"Dimensional Insight Deutschland","article_modified_time":"2018-04-20T18:43:38+00:00","twitter_card":"summary_large_image","twitter_misc":{"Est. reading time":"5 minutes"},"schema":{"@context":"https:\/\/schema.org","@graph":[{"@type":"WebPage","@id":"https:\/\/www.dimins.com\/de\/diver-solution\/","url":"https:\/\/www.dimins.com\/de\/diver-solution\/","name":"Diver Solution - Dimensional Insight Deutschland","isPartOf":{"@id":"https:\/\/www.dimins.com\/de\/#website"},"datePublished":"2014-11-21T12:17:10+00:00","dateModified":"2018-04-20T18:43:38+00:00","breadcrumb":{"@id":"https:\/\/www.dimins.com\/de\/diver-solution\/#breadcrumb"},"inLanguage":"en-US","potentialAction":[{"@type":"ReadAction","target":["https:\/\/www.dimins.com\/de\/diver-solution\/"]}]},{"@type":"BreadcrumbList","@id":"https:\/\/www.dimins.com\/de\/diver-solution\/#breadcrumb","itemListElement":[{"@type":"ListItem","position":1,"name":"Home","item":"https:\/\/www.dimins.com\/de\/"},{"@type":"ListItem","position":2,"name":"Diver Solution"}]},{"@type":"WebSite","@id":"https:\/\/www.dimins.com\/de\/#website","url":"https:\/\/www.dimins.com\/de\/","name":"Dimensional Insight Deutschland","description":"Business Intelligence L\u00f6sungen","potentialAction":[{"@type":"SearchAction","target":{"@type":"EntryPoint","urlTemplate":"https:\/\/www.dimins.com\/de\/?s={search_term_string}"},"query-input":{"@type":"PropertyValueSpecification","valueRequired":true,"valueName":"search_term_string"}}],"inLanguage":"en-US"}]}},"_links":{"self":[{"href":"https:\/\/www.dimins.com\/de\/wp-json\/wp\/v2\/pages\/103","targetHints":{"allow":["GET"]}}],"collection":[{"href":"https:\/\/www.dimins.com\/de\/wp-json\/wp\/v2\/pages"}],"about":[{"href":"https:\/\/www.dimins.com\/de\/wp-json\/wp\/v2\/types\/page"}],"author":[{"embeddable":true,"href":"https:\/\/www.dimins.com\/de\/wp-json\/wp\/v2\/users\/13"}],"replies":[{"embeddable":true,"href":"https:\/\/www.dimins.com\/de\/wp-json\/wp\/v2\/comments?post=103"}],"version-history":[{"count":0,"href":"https:\/\/www.dimins.com\/de\/wp-json\/wp\/v2\/pages\/103\/revisions"}],"wp:attachment":[{"href":"https:\/\/www.dimins.com\/de\/wp-json\/wp\/v2\/media?parent=103"}],"curies":[{"name":"wp","href":"https:\/\/api.w.org\/{rel}","templated":true}]}}